

{"id":19296,"date":"2024-10-27T17:00:06","date_gmt":"2024-10-27T21:00:06","guid":{"rendered":"https:\/\/siawso.org\/?page_id=19296"},"modified":"2026-01-28T13:05:32","modified_gmt":"2026-01-28T18:05:32","slug":"you-are-not-alone","status":"publish","type":"page","link":"https:\/\/siawso.org\/pt\/you-are-not-alone\/","title":{"rendered":"Bem-vindo \u00e0 SIA"},"content":{"rendered":"<h1 class=\"wp-block-heading has-text-align-center\">Voc\u00ea n\u00e3o est\u00e1 sozinho(a)<\/h1>\n\n\n\n<p class=\"wp-block-paragraph\"><br><strong>Bem-vindo(a)<\/strong><br>Seja bem-vindo(a) ao site oficial do Escrit\u00f3rio Mundial de Servi\u00e7o dos Sobreviventes de Incesto An\u00f4nimos. Este espa\u00e7o \u00e9 um recurso para sobreviventes do abuso sexual infantil que est\u00e3o em busca de cura e recupera\u00e7\u00e3o. Como dizemos em nossas reuni\u00f5es, esperamos que voc\u00ea encontre aqui a esperan\u00e7a, a conex\u00e3o e a recupera\u00e7\u00e3o que tivemos o privil\u00e9gio de viver. Queremos que voc\u00ea saiba que a culpa n\u00e3o \u00e9 sua e, o mais importante, que voc\u00ea n\u00e3o est\u00e1 sozinho(a). N\u00f3s conhecemos sua dor. Mas tamb\u00e9m descobrimos algo incr\u00edvel: essa dor n\u00e3o \u00e9 para sempre, e se um de n\u00f3s conseguiu se recuperar, todos n\u00f3s podemos!<br><br><strong>Voc\u00ea n\u00e3o est\u00e1 sozinho(a)<\/strong><br>Descobrimos que a cura do trauma do abuso sexual infantil come\u00e7a ouvindo e conversando com outras pessoas que tiveram desafios semelhantes. Todos n\u00f3s aprendemos e desenvolvemos nossa autoconfian\u00e7a interagindo com os outros e observando como cada um de n\u00f3s responde ao desafio. Quanto mais semelhantes esses indiv\u00edduos e desafios forem conosco e com os que enfrentamos, maior ser\u00e1 a cura. Na SIA, muitos de n\u00f3s descobrimos, pela primeira vez, que n\u00e3o estamos sozinhos em nossas lutas.  Por essas e muitas outras, Sobreviventes de Incesto An\u00f4nimo enfatiza a import\u00e2ncia da comunh\u00e3o na recupera\u00e7\u00e3o. Oferecemos uma variedade de maneiras para voc\u00ea se conectar e se envolver com a comunidade em recupera\u00e7\u00e3o da SIA. N\u00f3s encorajamos voc\u00ea a explorar todos eles e esperamos que voc\u00ea encontre o melhor ajuste para voc\u00ea em sua jornada. Se voc\u00ea deseja compartilhar sua experi\u00eancia com outros sobreviventes em reuni\u00f5es semanais de grupo, conectar-se com um intergrupo regional ou participar de um de nossos retiros ou confer\u00eancias de capacita\u00e7\u00e3o, queremos que voc\u00ea descubra um ambiente seguro, acolhedor e de apoio. Cada um de n\u00f3s, como membros da SIA, se esfor\u00e7a para manter nossa comunh\u00e3o saud\u00e1vel, entendendo os limites da SIA e nossas 12 Tradi\u00e7\u00f5es.<br><br><strong>Sobre o SIA<\/strong><br>O SIA come\u00e7ou em 1982 e \u00e9 um Programa de Recupera\u00e7\u00e3o de 12 Passos, baseado no modelo dos Alco\u00f3licos An\u00f4nimos. N\u00e3o h\u00e1 mensalidades nem taxas. Confidencialidade e anonimato s\u00e3o essenciais para o nosso Programa.\nO SIA \u00e9 um Programa espiritual e de ajuda m\u00fatua, voltado para maiores de 18 anos, guiado por 12 Passos Sugeridos e 12 Tradi\u00e7\u00f5es, al\u00e9m dos nossos Lemas e da Ora\u00e7\u00e3o da Serenidade.\nDefinimos o incesto de maneira ampla como sendo qualquer contato sexual envolvendo um membro da fam\u00edlia ou uma pessoa conhecida por n\u00f3s ou nossas fam\u00edlias, e que causou dano \u00e0 crian\u00e7a. Isso inclui tios, tias, padrastos, madrastas, primos, amigos da fam\u00edlia, professores, treinadores, outras crian\u00e7as, l\u00edderes religiosos ou qualquer pessoa que tenha tra\u00eddo a confian\u00e7a da crian\u00e7a.\nA \u00fanica exig\u00eancia para participar do SIA \u00e9 ter sido v\u00edtima de abuso sexual infantil e querer se recuperar. Nossas reuni\u00f5es s\u00e3o gratuitas. Se voc\u00ea sente que pertence ao nosso ambiente, n\u00f3s acreditamos em voc\u00ea.\nNosso Programa \u00e9 baseado no apoio entre iguais. Todo o material do SIA \u00e9 escrito por outros sobreviventes. A gente compartilha experi\u00eancias, for\u00e7a e esperan\u00e7a seguindo os 12 Passos de cura. N\u00e3o temos terapeutas profissionais nos grupos. O SIA n\u00e3o substitui terapia ou qualquer outro servi\u00e7o profissional que possa ser necess\u00e1rio.<br><br><em>Esperamos que na SIA voc\u00ea encontre apoio em sua jornada de recupera\u00e7\u00e3o de cura do trauma de ser abusado sexualmente por uma pessoa de confian\u00e7a quando voc\u00ea era crian\u00e7a.  A recupera\u00e7\u00e3o \u00e9 dif\u00edcil, mas agora sabemos que n\u00e3o temos culpa e n\u00e3o estamos sozinhos.<\/em><br><br><strong>Alguns benef\u00edcios que encontramos no apoio entre sobreviventes:<\/strong><br>\u25cf\tFazer novas amizades com pessoas seguras, que entendem o que passamos;<br>\u25cf\tAjudar os outros enquanto nos ajudamos;<br>\u25cf\tSentir mais confian\u00e7a em n\u00f3s mesmos;<br>\u25cf\tSentir que temos mais controle sobre nossas vidas;<br>\u25cf\tDiminuir a ansiedade e o medo;<br>\u25cf\tCompartilhar experi\u00eancias com nossos semelhantes;<br>\u25cf\tSentir que n\u00e3o estamos mais sozinhos;<br>\u25cf\tAprender novas formas de lidar com a vida e melhorar nosso bem-estar;<br>\u25cf\tReceber apoio e esperan\u00e7a de pessoas que passaram pelo mesmo.<br><br><strong>Nossa Miss\u00e3o<\/strong><br>Ajudamos aqueles que sobreviveram ao abuso sexual infantil (e que n\u00e3o abusam de nenhuma crian\u00e7a) e que querem transformar-se em sobreviventes fortes e resilientes. <br><br><strong>Prop\u00f3sitos do SIA<\/strong><br>\u25cf\tIncentivar, ajudar e apoiar sobreviventes de abuso sexual infantil e incesto a lidar com as consequ\u00eancias desse trauma;<br>\u25cf\tDifundir informa\u00e7\u00f5es sobre o tema;<br>\u25cf\tRealizar e participar de atividades que ajudem os sobreviventes a enfrentar seus desafios.<br><\/p>","protected":false},"excerpt":{"rendered":"<p>You Are Not Alone WelcomeWe welcome you to the internet presence of the Survivors of Incest Anonymous World Service Office. [&hellip;]<\/p>\n","protected":false},"author":233859920,"featured_media":25123,"parent":0,"menu_order":0,"comment_status":"closed","ping_status":"closed","template":"","meta":{"_crdt_document":"","_uag_custom_page_level_css":"","site-sidebar-layout":"no-sidebar","site-content-layout":null,"ast-site-content-layout":"normal-width-container","site-content-style":"unboxed","site-sidebar-style":"default","ast-global-header-display":"","ast-banner-title-visibility":"","ast-main-header-display":"","ast-hfb-above-header-display":"","ast-hfb-below-header-display":null,"ast-hfb-mobile-header-display":"","site-post-title":"","ast-breadcrumbs-content":null,"ast-featured-img":"","footer-sml-layout":"","ast-disable-related-posts":"","theme-transparent-header-meta":"","adv-header-id-meta":"","stick-header-meta":"","header-above-stick-meta":"","header-main-stick-meta":"","header-below-stick-meta":null,"astra-migrate-meta-layouts":"set","ast-page-background-enabled":"enabled","ast-page-background-meta":{"desktop":{"background-color":"","background-image":"","background-repeat":"repeat","background-position":"center center","background-size":"auto","background-attachment":"scroll","background-type":"color","background-media":"","overlay-type":"","overlay-color":"","overlay-opacity":"","overlay-gradient":""},"tablet":{"background-color":"","background-image":"","background-repeat":"repeat","background-position":"center center","background-size":"auto","background-attachment":"scroll","background-type":"","background-media":"","overlay-type":"","overlay-color":"","overlay-opacity":"","overlay-gradient":""},"mobile":{"background-color":"","background-image":"","background-repeat":"repeat","background-position":"center center","background-size":"auto","background-attachment":"scroll","background-type":"","background-media":"","overlay-type":"","overlay-color":"","overlay-opacity":"","overlay-gradient":""}},"ast-content-background-meta":{"desktop":{"background-color":"var(--ast-global-color-5)","background-image":"","background-repeat":"repeat","background-position":"center center","background-size":"auto","background-attachment":"scroll","background-type":"color","background-media":"","overlay-type":"","overlay-color":"","overlay-opacity":"","overlay-gradient":""},"tablet":{"background-color":"var(--ast-global-color-5)","background-image":"","background-repeat":"repeat","background-position":"center center","background-size":"auto","background-attachment":"scroll","background-type":"color","background-media":"","overlay-type":"","overlay-color":"","overlay-opacity":"","overlay-gradient":""},"mobile":{"background-color":"var(--ast-global-color-5)","background-image":"","background-repeat":"repeat","background-position":"center center","background-size":"auto","background-attachment":"scroll","background-type":"color","background-media":"","overlay-type":"","overlay-color":"","overlay-opacity":"","overlay-gradient":""}},"advanced_seo_description":"","jetpack_seo_html_title":"","jetpack_seo_noindex":false,"footnotes":""},"class_list":["post-19296","page","type-page","status-publish","has-post-thumbnail","hentry"],"uagb_featured_image_src":{"full":["https:\/\/i0.wp.com\/siawso.org\/wp-content\/uploads\/images\/site-images\/sia_tree_banner.jpg?fit=2400%2C780&ssl=1",2400,780,false],"thumbnail":["https:\/\/i0.wp.com\/siawso.org\/wp-content\/uploads\/images\/site-images\/sia_tree_banner.jpg?resize=150%2C150&ssl=1",150,150,true],"medium":["https:\/\/i0.wp.com\/siawso.org\/wp-content\/uploads\/images\/site-images\/sia_tree_banner.jpg?fit=300%2C98&ssl=1",300,98,true],"medium_large":["https:\/\/i0.wp.com\/siawso.org\/wp-content\/uploads\/images\/site-images\/sia_tree_banner.jpg?fit=768%2C250&ssl=1",768,250,true],"large":["https:\/\/i0.wp.com\/siawso.org\/wp-content\/uploads\/images\/site-images\/sia_tree_banner.jpg?fit=1024%2C333&ssl=1",1024,333,true],"1536x1536":["https:\/\/i0.wp.com\/siawso.org\/wp-content\/uploads\/images\/site-images\/sia_tree_banner.jpg?fit=1536%2C499&ssl=1",1536,499,true],"2048x2048":["https:\/\/i0.wp.com\/siawso.org\/wp-content\/uploads\/images\/site-images\/sia_tree_banner.jpg?fit=2048%2C666&ssl=1",2048,666,true],"trp-custom-language-flag":["https:\/\/i0.wp.com\/siawso.org\/wp-content\/uploads\/images\/site-images\/sia_tree_banner.jpg?fit=18%2C6&ssl=1",18,6,true],"newspack-article-block-landscape-large":["https:\/\/i0.wp.com\/siawso.org\/wp-content\/uploads\/images\/site-images\/sia_tree_banner.jpg?resize=1200%2C780&ssl=1",1200,780,true],"newspack-article-block-portrait-large":["https:\/\/i0.wp.com\/siawso.org\/wp-content\/uploads\/images\/site-images\/sia_tree_banner.jpg?resize=900%2C780&ssl=1",900,780,true],"newspack-article-block-square-large":["https:\/\/i0.wp.com\/siawso.org\/wp-content\/uploads\/images\/site-images\/sia_tree_banner.jpg?resize=1200%2C780&ssl=1",1200,780,true],"newspack-article-block-landscape-medium":["https:\/\/i0.wp.com\/siawso.org\/wp-content\/uploads\/images\/site-images\/sia_tree_banner.jpg?resize=800%2C600&ssl=1",800,600,true],"newspack-article-block-portrait-medium":["https:\/\/i0.wp.com\/siawso.org\/wp-content\/uploads\/images\/site-images\/sia_tree_banner.jpg?resize=600%2C780&ssl=1",600,780,true],"newspack-article-block-square-medium":["https:\/\/i0.wp.com\/siawso.org\/wp-content\/uploads\/images\/site-images\/sia_tree_banner.jpg?resize=800%2C780&ssl=1",800,780,true],"newspack-article-block-landscape-intermediate":["https:\/\/i0.wp.com\/siawso.org\/wp-content\/uploads\/images\/site-images\/sia_tree_banner.jpg?resize=600%2C450&ssl=1",600,450,true],"newspack-article-block-portrait-intermediate":["https:\/\/i0.wp.com\/siawso.org\/wp-content\/uploads\/images\/site-images\/sia_tree_banner.jpg?resize=450%2C600&ssl=1",450,600,true],"newspack-article-block-square-intermediate":["https:\/\/i0.wp.com\/siawso.org\/wp-content\/uploads\/images\/site-images\/sia_tree_banner.jpg?resize=600%2C600&ssl=1",600,600,true],"newspack-article-block-landscape-small":["https:\/\/i0.wp.com\/siawso.org\/wp-content\/uploads\/images\/site-images\/sia_tree_banner.jpg?resize=400%2C300&ssl=1",400,300,true],"newspack-article-block-portrait-small":["https:\/\/i0.wp.com\/siawso.org\/wp-content\/uploads\/images\/site-images\/sia_tree_banner.jpg?resize=300%2C400&ssl=1",300,400,true],"newspack-article-block-square-small":["https:\/\/i0.wp.com\/siawso.org\/wp-content\/uploads\/images\/site-images\/sia_tree_banner.jpg?resize=400%2C400&ssl=1",400,400,true],"newspack-article-block-landscape-tiny":["https:\/\/i0.wp.com\/siawso.org\/wp-content\/uploads\/images\/site-images\/sia_tree_banner.jpg?resize=200%2C150&ssl=1",200,150,true],"newspack-article-block-portrait-tiny":["https:\/\/i0.wp.com\/siawso.org\/wp-content\/uploads\/images\/site-images\/sia_tree_banner.jpg?resize=150%2C200&ssl=1",150,200,true],"newspack-article-block-square-tiny":["https:\/\/i0.wp.com\/siawso.org\/wp-content\/uploads\/images\/site-images\/sia_tree_banner.jpg?resize=200%2C200&ssl=1",200,200,true],"newspack-article-block-uncropped":["https:\/\/i0.wp.com\/siawso.org\/wp-content\/uploads\/images\/site-images\/sia_tree_banner.jpg?fit=1200%2C390&ssl=1",1200,390,true],"woocommerce_thumbnail":["https:\/\/i0.wp.com\/siawso.org\/wp-content\/uploads\/images\/site-images\/sia_tree_banner.jpg?resize=1%2C1&ssl=1",1,1,true],"woocommerce_single":["https:\/\/i0.wp.com\/siawso.org\/wp-content\/uploads\/images\/site-images\/sia_tree_banner.jpg?fit=1%2C1&ssl=1",1,1,true],"woocommerce_gallery_thumbnail":["https:\/\/i0.wp.com\/siawso.org\/wp-content\/uploads\/images\/site-images\/sia_tree_banner.jpg?resize=100%2C100&ssl=1",100,100,true]},"uagb_author_info":{"display_name":"melaniessiawsoorg","author_link":"https:\/\/siawso.org\/pt\/author\/melaniessiawsoorg\/"},"uagb_comment_info":0,"uagb_excerpt":"You Are Not Alone WelcomeWe welcome you to the internet presence of the Survivors of Incest Anonymous World Service Office. [&hellip;]","jetpack_sharing_enabled":true,"jetpack_shortlink":"https:\/\/wp.me\/PeJ0hQ-51e","_links":{"self":[{"href":"https:\/\/siawso.org\/pt\/wp-json\/wp\/v2\/pages\/19296","targetHints":{"allow":["GET"]}}],"collection":[{"href":"https:\/\/siawso.org\/pt\/wp-json\/wp\/v2\/pages"}],"about":[{"href":"https:\/\/siawso.org\/pt\/wp-json\/wp\/v2\/types\/page"}],"author":[{"embeddable":true,"href":"https:\/\/siawso.org\/pt\/wp-json\/wp\/v2\/users\/233859920"}],"replies":[{"embeddable":true,"href":"https:\/\/siawso.org\/pt\/wp-json\/wp\/v2\/comments?post=19296"}],"version-history":[{"count":12,"href":"https:\/\/siawso.org\/pt\/wp-json\/wp\/v2\/pages\/19296\/revisions"}],"predecessor-version":[{"id":26389,"href":"https:\/\/siawso.org\/pt\/wp-json\/wp\/v2\/pages\/19296\/revisions\/26389"}],"wp:featuredmedia":[{"embeddable":true,"href":"https:\/\/siawso.org\/pt\/wp-json\/wp\/v2\/media\/25123"}],"wp:attachment":[{"href":"https:\/\/siawso.org\/pt\/wp-json\/wp\/v2\/media?parent=19296"}],"curies":[{"name":"wp","href":"https:\/\/api.w.org\/{rel}","templated":true}]}}