

{"id":1766,"date":"2018-01-03T22:19:18","date_gmt":"2018-01-04T03:19:18","guid":{"rendered":"http:\/\/localhost\/wordpress-siawso\/?page_id=1766"},"modified":"2026-02-20T15:47:56","modified_gmt":"2026-02-20T20:47:56","slug":"terms-conditions","status":"publish","type":"page","link":"https:\/\/siawso.org\/pt\/shop\/terms-conditions\/","title":{"rendered":"Termos e condi\u00e7\u00f5es"},"content":{"rendered":"<h1>SIA\u00a0Terms &amp; Conditions<\/h1>\n<p style=\"margin-bottom: 20px; color: #5c6668; font-size: 16px; font-style: normal; font-weight: 400;\">Em conson\u00e2ncia com as Tradi\u00e7\u00f5es Dez, Onze e Doze, o Escrit\u00f3rio Mundial de Servi\u00e7os dos Sobreviventes de Incesto An\u00f4nimos respeita o anonimato de todos os seus membros. Os Sobreviventes de Incesto An\u00f4nimos n\u00e3o emitem opini\u00e3o sobre assuntos externos, portanto, o nome da organiza\u00e7\u00e3o jamais deve ser envolvido em controv\u00e9rsias p\u00fablicas. Nossa pol\u00edtica de rela\u00e7\u00f5es p\u00fablicas baseia-se na atra\u00e7\u00e3o, e n\u00e3o na promo\u00e7\u00e3o; precisamos sempre manter o anonimato pessoal perante a imprensa, r\u00e1dio, televis\u00e3o, cinema e internet.<\/p>\n<ul style=\"color: #5c6668; font-size: 16px; font-style: normal; font-weight: 400;\">\n<li>O anonimato \u00e9 a base espiritual das nossas Tradi\u00e7\u00f5es, lembrando-nos sempre de colocar os princ\u00edpios acima das personalidades..<\/li>\n<li>O texto n\u00e3o pode ser reproduzido, armazenado, inserido em um sistema de recupera\u00e7\u00e3o ou transmitido de qualquer forma ou por qualquer meio \u2014 seja eletr\u00f4nico, mec\u00e2nico, por fotoc\u00f3pia, grava\u00e7\u00e3o ou outro \u2014 sem a pr\u00e9via autoriza\u00e7\u00e3o expressa por escrito da SIAWSO, Inc.<\/li>\n<li>Os links para fornecedores terceirizados de literatura da SIA s\u00e3o apenas para fins informativos e n\u00e3o representam um endosso de qualquer provedor de m\u00eddia eletr\u00f4nica, leitor ou outros produtos vendidos por provedores de m\u00eddia eletr\u00f4nica.<\/li>\n<li>Ningu\u00e9m pode se apresentar ou apresentar seu grupo como SIA WSO sem autoriza\u00e7\u00e3o pr\u00e9via por escrito da SIAWSO, Inc.<\/li>\n<\/ul>","protected":false},"excerpt":{"rendered":"<p>SIA\u00a0Terms &amp; Conditions In keeping with Traditions Ten, Eleven and Twelve, Survivors of Incest Anonymous World Service Office respects the [&hellip;]<\/p>\n","protected":false},"author":233859920,"featured_media":0,"parent":13943,"menu_order":0,"comment_status":"closed","ping_status":"closed","template":"","meta":{"_crdt_document":"","_uag_custom_page_level_css":"","site-sidebar-layout":"no-sidebar","site-content-layout":"","ast-site-content-layout":"normal-width-container","site-content-style":"unboxed","site-sidebar-style":"default","ast-global-header-display":"","ast-banner-title-visibility":"","ast-main-header-display":"","ast-hfb-above-header-display":"","ast-hfb-below-header-display":"","ast-hfb-mobile-header-display":"","site-post-title":"","ast-breadcrumbs-content":"","ast-featured-img":"","footer-sml-layout":"","ast-disable-related-posts":"","theme-transparent-header-meta":"","adv-header-id-meta":"","stick-header-meta":"","header-above-stick-meta":"","header-main-stick-meta":"","header-below-stick-meta":"","astra-migrate-meta-layouts":"set","ast-page-background-enabled":"default","ast-page-background-meta":{"desktop":{"background-color":"var(--ast-global-color-4)","background-image":"","background-repeat":"repeat","background-position":"center center","background-size":"auto","background-attachment":"scroll","background-type":"","background-media":"","overlay-type":"","overlay-color":"","overlay-opacity":"","overlay-gradient":""},"tablet":{"background-color":"","background-image":"","background-repeat":"repeat","background-position":"center center","background-size":"auto","background-attachment":"scroll","background-type":"","background-media":"","overlay-type":"","overlay-color":"","overlay-opacity":"","overlay-gradient":""},"mobile":{"background-color":"","background-image":"","background-repeat":"repeat","background-position":"center center","background-size":"auto","background-attachment":"scroll","background-type":"","background-media":"","overlay-type":"","overlay-color":"","overlay-opacity":"","overlay-gradient":""}},"ast-content-background-meta":{"desktop":{"background-color":"var(--ast-global-color-5)","background-image":"","background-repeat":"repeat","background-position":"center center","background-size":"auto","background-attachment":"scroll","background-type":"","background-media":"","overlay-type":"","overlay-color":"","overlay-opacity":"","overlay-gradient":""},"tablet":{"background-color":"var(--ast-global-color-5)","background-image":"","background-repeat":"repeat","background-position":"center center","background-size":"auto","background-attachment":"scroll","background-type":"","background-media":"","overlay-type":"","overlay-color":"","overlay-opacity":"","overlay-gradient":""},"mobile":{"background-color":"var(--ast-global-color-5)","background-image":"","background-repeat":"repeat","background-position":"center center","background-size":"auto","background-attachment":"scroll","background-type":"","background-media":"","overlay-type":"","overlay-color":"","overlay-opacity":"","overlay-gradient":""}},"advanced_seo_description":"","jetpack_seo_html_title":"","jetpack_seo_noindex":false,"footnotes":""},"class_list":["post-1766","page","type-page","status-publish","hentry"],"uagb_featured_image_src":{"full":false,"thumbnail":false,"medium":false,"medium_large":false,"large":false,"1536x1536":false,"2048x2048":false,"trp-custom-language-flag":false,"newspack-article-block-landscape-large":false,"newspack-article-block-portrait-large":false,"newspack-article-block-square-large":false,"newspack-article-block-landscape-medium":false,"newspack-article-block-portrait-medium":false,"newspack-article-block-square-medium":false,"newspack-article-block-landscape-intermediate":false,"newspack-article-block-portrait-intermediate":false,"newspack-article-block-square-intermediate":false,"newspack-article-block-landscape-small":false,"newspack-article-block-portrait-small":false,"newspack-article-block-square-small":false,"newspack-article-block-landscape-tiny":false,"newspack-article-block-portrait-tiny":false,"newspack-article-block-square-tiny":false,"newspack-article-block-uncropped":false,"woocommerce_thumbnail":false,"woocommerce_single":false,"woocommerce_gallery_thumbnail":false},"uagb_author_info":{"display_name":"melaniessiawsoorg","author_link":"https:\/\/siawso.org\/pt\/author\/melaniessiawsoorg\/"},"uagb_comment_info":0,"uagb_excerpt":"SIA\u00a0Terms &amp; Conditions In keeping with Traditions Ten, Eleven and Twelve, Survivors of Incest Anonymous World Service Office respects the [&hellip;]","jetpack_sharing_enabled":true,"jetpack_shortlink":"https:\/\/wp.me\/PeJ0hQ-su","_links":{"self":[{"href":"https:\/\/siawso.org\/pt\/wp-json\/wp\/v2\/pages\/1766","targetHints":{"allow":["GET"]}}],"collection":[{"href":"https:\/\/siawso.org\/pt\/wp-json\/wp\/v2\/pages"}],"about":[{"href":"https:\/\/siawso.org\/pt\/wp-json\/wp\/v2\/types\/page"}],"author":[{"embeddable":true,"href":"https:\/\/siawso.org\/pt\/wp-json\/wp\/v2\/users\/233859920"}],"replies":[{"embeddable":true,"href":"https:\/\/siawso.org\/pt\/wp-json\/wp\/v2\/comments?post=1766"}],"version-history":[{"count":7,"href":"https:\/\/siawso.org\/pt\/wp-json\/wp\/v2\/pages\/1766\/revisions"}],"predecessor-version":[{"id":27283,"href":"https:\/\/siawso.org\/pt\/wp-json\/wp\/v2\/pages\/1766\/revisions\/27283"}],"up":[{"embeddable":true,"href":"https:\/\/siawso.org\/pt\/wp-json\/wp\/v2\/pages\/13943"}],"wp:attachment":[{"href":"https:\/\/siawso.org\/pt\/wp-json\/wp\/v2\/media?parent=1766"}],"curies":[{"name":"wp","href":"https:\/\/api.w.org\/{rel}","templated":true}]}}