


{"id":14387,"date":"2023-06-18T19:22:58","date_gmt":"2023-06-18T23:22:58","guid":{"rendered":"https:\/\/siawso.org\/?page_id=14387"},"modified":"2026-02-04T13:46:50","modified_gmt":"2026-02-04T18:46:50","slug":"wsc-annual-gathering","status":"publish","type":"page","link":"https:\/\/siawso.org\/pt\/wsc\/wsc-annual-gathering\/","title":{"rendered":"Encontro Anual da Confer\u00eancia Mundial Servi\u00e7o (WSC)"},"content":{"rendered":"<p class=\"wp-block-paragraph translation-block\">No \u00faltimo fim de semana de cada m\u00eas de Janeiro, a WSC se re\u00fane para o Encontro Anual da\nConfer\u00eancia Mundial Servi\u00e7o (WSC). Os detalhes do evento s\u00e3o postados em nosso site e\nenviados por e-mail para os inscritos na newsletter. Todos os membros do SIA s\u00e3o bem-\nvindos..\u00a0<br><br>\nSe voc\u00ea j\u00e1 faz ou gostaria de fazer parte de um comit\u00ea, est\u00e1 convidado a participar da WSC,\npois sua opini\u00e3o e experi\u00eancia s\u00e3o necess\u00e1rias. Grupos e intergrupos registrados t\u00eam\nrepresenta\u00e7\u00e3o na WSC por meio de seus Representantes de Servi\u00e7o de Grupo (RSGs)..\u00a0<br><br><strong>\nVota\u00e7\u00e3o.\u00a0<\/strong><br><br>\nPropostas podem ser colocadas em vota\u00e7\u00e3o no Encontro Anual da WSC. Qualquer proposta\nque afete a Irmandade como um todo ser\u00e1 enviada individualmente para os grupos para\naprova\u00e7\u00e3o final. Se houver v\u00e1rios participantes de um grupo ou intergrupo, o participante eleito\ncomo RSG pelo grupo ter\u00e1 o voto. RSGs e Membros do Comit\u00ea t\u00eam o direito de votar na WSC.\nParticipantes\n\u25cf Representantes de Servi\u00e7o de Grupo (RSGs)\n\u25cf Membros do Comit\u00ea da WSC\n\u25cf Observadores (n\u00e3o votantes)<\/p>\n\n\n\n<p class=\"wp-block-paragraph\"><\/p>\n\n\n\n<h1 class=\"wp-block-heading\" style=\"font-size:26px\">Previous Conferences<\/h1>\n\n\n\n<div class=\"wp-block-columns is-layout-flex wp-container-core-columns-is-layout-7387b849 wp-block-columns-is-layout-flex\">\n<div class=\"wp-block-column is-layout-flow wp-block-column-is-layout-flow\" style=\"flex-basis:50%\">\n<figure class=\"wp-block-image size-full\"><a href=\"https:\/\/docs.google.com\/document\/d\/1fPuReRNHCB2sOhiI22piljhsUyAoi6BlBKCl40EjnAw\/edit?tab=t.0\" target=\"_blank\" rel=\" noreferrer noopener\"><img data-recalc-dims=\"1\" loading=\"lazy\" decoding=\"async\" width=\"800\" height=\"400\" data-attachment-id=\"26834\" data-permalink=\"https:\/\/siawso.org\/pt\/2026-siawsc-gathering\/\" data-orig-file=\"https:\/\/i0.wp.com\/siawso.org\/wp-content\/uploads\/images\/wsc-committee-images\/2026-siawsc-gathering.png?fit=800%2C400&amp;ssl=1\" data-orig-size=\"800,400\" data-comments-opened=\"1\" data-image-meta=\"{&quot;aperture&quot;:&quot;0&quot;,&quot;credit&quot;:&quot;&quot;,&quot;camera&quot;:&quot;&quot;,&quot;caption&quot;:&quot;&quot;,&quot;created_timestamp&quot;:&quot;0&quot;,&quot;copyright&quot;:&quot;&quot;,&quot;focal_length&quot;:&quot;0&quot;,&quot;iso&quot;:&quot;0&quot;,&quot;shutter_speed&quot;:&quot;0&quot;,&quot;title&quot;:&quot;&quot;,&quot;orientation&quot;:&quot;0&quot;}\" data-image-title=\"2026 siawsc gathering\" data-image-description=\"\" data-image-caption=\"\" data-medium-file=\"https:\/\/i0.wp.com\/siawso.org\/wp-content\/uploads\/images\/wsc-committee-images\/2026-siawsc-gathering.png?fit=300%2C150&amp;ssl=1\" data-large-file=\"https:\/\/i0.wp.com\/siawso.org\/wp-content\/uploads\/images\/wsc-committee-images\/2026-siawsc-gathering.png?fit=800%2C400&amp;ssl=1\" src=\"https:\/\/i0.wp.com\/siawso.org\/wp-content\/uploads\/images\/wsc-committee-images\/2026-siawsc-gathering.png?resize=800%2C400&#038;ssl=1\" alt=\"\" class=\"wp-image-26834\" style=\"object-fit:cover\" srcset=\"https:\/\/i0.wp.com\/siawso.org\/wp-content\/uploads\/images\/wsc-committee-images\/2026-siawsc-gathering.png?w=800&amp;ssl=1 800w, https:\/\/i0.wp.com\/siawso.org\/wp-content\/uploads\/images\/wsc-committee-images\/2026-siawsc-gathering.png?resize=300%2C150&amp;ssl=1 300w, https:\/\/i0.wp.com\/siawso.org\/wp-content\/uploads\/images\/wsc-committee-images\/2026-siawsc-gathering.png?resize=768%2C384&amp;ssl=1 768w, https:\/\/i0.wp.com\/siawso.org\/wp-content\/uploads\/images\/wsc-committee-images\/2026-siawsc-gathering.png?resize=18%2C9&amp;ssl=1 18w, https:\/\/i0.wp.com\/siawso.org\/wp-content\/uploads\/images\/wsc-committee-images\/2026-siawsc-gathering.png?resize=1%2C1&amp;ssl=1 1w\" sizes=\"auto, (max-width: 800px) 100vw, 800px\" \/><\/a><\/figure>\n\n\n\n<div class=\"wp-block-group is-content-justification-center is-nowrap is-layout-flex wp-container-core-group-is-layout-f56f9fcf wp-block-group-is-layout-flex\">\n<h1 class=\"wp-block-heading\"><a href=\"https:\/\/docs.google.com\/document\/d\/1fPuReRNHCB2sOhiI22piljhsUyAoi6BlBKCl40EjnAw\/edit?tab=t.0\" target=\"_blank\" rel=\"noreferrer noopener\">2026 SIAWSC Gathering Schedule and Reference<\/a><\/h1>\n<\/div>\n<\/div>\n<\/div>","protected":false},"excerpt":{"rendered":"<p>The last weekend of each January, the WSC meets for the World Service Conference (WSC) Annual Gathering. Event details are [&hellip;]<\/p>\n","protected":false},"author":233859920,"featured_media":1161,"parent":14053,"menu_order":0,"comment_status":"closed","ping_status":"closed","template":"","meta":{"_crdt_document":"","_uag_custom_page_level_css":"","site-sidebar-layout":"default","site-content-layout":"","ast-site-content-layout":"default","site-content-style":"default","site-sidebar-style":"default","ast-global-header-display":"","ast-banner-title-visibility":"","ast-main-header-display":"","ast-hfb-above-header-display":"","ast-hfb-below-header-display":"","ast-hfb-mobile-header-display":"","site-post-title":"","ast-breadcrumbs-content":"","ast-featured-img":"disabled","footer-sml-layout":"","ast-disable-related-posts":"","theme-transparent-header-meta":"","adv-header-id-meta":"","stick-header-meta":"","header-above-stick-meta":"","header-main-stick-meta":"","header-below-stick-meta":"","astra-migrate-meta-layouts":"set","ast-page-background-enabled":"default","ast-page-background-meta":{"desktop":{"background-color":"var(--ast-global-color-4)","background-image":"","background-repeat":"repeat","background-position":"center center","background-size":"auto","background-attachment":"scroll","background-type":"","background-media":"","overlay-type":"","overlay-color":"","overlay-opacity":"","overlay-gradient":""},"tablet":{"background-color":"","background-image":"","background-repeat":"repeat","background-position":"center center","background-size":"auto","background-attachment":"scroll","background-type":"","background-media":"","overlay-type":"","overlay-color":"","overlay-opacity":"","overlay-gradient":""},"mobile":{"background-color":"","background-image":"","background-repeat":"repeat","background-position":"center center","background-size":"auto","background-attachment":"scroll","background-type":"","background-media":"","overlay-type":"","overlay-color":"","overlay-opacity":"","overlay-gradient":""}},"ast-content-background-meta":{"desktop":{"background-color":"var(--ast-global-color-5)","background-image":"","background-repeat":"repeat","background-position":"center center","background-size":"auto","background-attachment":"scroll","background-type":"","background-media":"","overlay-type":"","overlay-color":"","overlay-opacity":"","overlay-gradient":""},"tablet":{"background-color":"var(--ast-global-color-5)","background-image":"","background-repeat":"repeat","background-position":"center center","background-size":"auto","background-attachment":"scroll","background-type":"","background-media":"","overlay-type":"","overlay-color":"","overlay-opacity":"","overlay-gradient":""},"mobile":{"background-color":"var(--ast-global-color-5)","background-image":"","background-repeat":"repeat","background-position":"center center","background-size":"auto","background-attachment":"scroll","background-type":"","background-media":"","overlay-type":"","overlay-color":"","overlay-opacity":"","overlay-gradient":""}},"advanced_seo_description":"","jetpack_seo_html_title":"","jetpack_seo_noindex":false,"footnotes":""},"class_list":["post-14387","page","type-page","status-publish","has-post-thumbnail","hentry"],"uagb_featured_image_src":{"full":["https:\/\/i0.wp.com\/siawso.org\/wp-content\/uploads\/images\/site-images\/7f7d9-home.jpg?fit=2400%2C1350&ssl=1",2400,1350,false],"thumbnail":["https:\/\/i0.wp.com\/siawso.org\/wp-content\/uploads\/images\/site-images\/7f7d9-home.jpg?resize=150%2C150&ssl=1",150,150,true],"medium":["https:\/\/i0.wp.com\/siawso.org\/wp-content\/uploads\/images\/site-images\/7f7d9-home.jpg?fit=300%2C169&ssl=1",300,169,true],"medium_large":["https:\/\/i0.wp.com\/siawso.org\/wp-content\/uploads\/images\/site-images\/7f7d9-home.jpg?fit=768%2C432&ssl=1",768,432,true],"large":["https:\/\/i0.wp.com\/siawso.org\/wp-content\/uploads\/images\/site-images\/7f7d9-home.jpg?fit=1024%2C576&ssl=1",1024,576,true],"1536x1536":["https:\/\/i0.wp.com\/siawso.org\/wp-content\/uploads\/images\/site-images\/7f7d9-home.jpg?fit=1536%2C864&ssl=1",1536,864,true],"2048x2048":["https:\/\/i0.wp.com\/siawso.org\/wp-content\/uploads\/images\/site-images\/7f7d9-home.jpg?fit=2048%2C1152&ssl=1",2048,1152,true],"trp-custom-language-flag":["https:\/\/i0.wp.com\/siawso.org\/wp-content\/uploads\/images\/site-images\/7f7d9-home.jpg?fit=18%2C10&ssl=1",18,10,true],"newspack-article-block-landscape-large":["https:\/\/i0.wp.com\/siawso.org\/wp-content\/uploads\/images\/site-images\/7f7d9-home.jpg?resize=1200%2C900&ssl=1",1200,900,true],"newspack-article-block-portrait-large":["https:\/\/i0.wp.com\/siawso.org\/wp-content\/uploads\/images\/site-images\/7f7d9-home.jpg?resize=900%2C1200&ssl=1",900,1200,true],"newspack-article-block-square-large":["https:\/\/i0.wp.com\/siawso.org\/wp-content\/uploads\/images\/site-images\/7f7d9-home.jpg?resize=1200%2C1200&ssl=1",1200,1200,true],"newspack-article-block-landscape-medium":["https:\/\/i0.wp.com\/siawso.org\/wp-content\/uploads\/images\/site-images\/7f7d9-home.jpg?resize=800%2C600&ssl=1",800,600,true],"newspack-article-block-portrait-medium":["https:\/\/i0.wp.com\/siawso.org\/wp-content\/uploads\/images\/site-images\/7f7d9-home.jpg?resize=600%2C800&ssl=1",600,800,true],"newspack-article-block-square-medium":["https:\/\/i0.wp.com\/siawso.org\/wp-content\/uploads\/images\/site-images\/7f7d9-home.jpg?resize=800%2C800&ssl=1",800,800,true],"newspack-article-block-landscape-intermediate":["https:\/\/i0.wp.com\/siawso.org\/wp-content\/uploads\/images\/site-images\/7f7d9-home.jpg?resize=600%2C450&ssl=1",600,450,true],"newspack-article-block-portrait-intermediate":["https:\/\/i0.wp.com\/siawso.org\/wp-content\/uploads\/images\/site-images\/7f7d9-home.jpg?resize=450%2C600&ssl=1",450,600,true],"newspack-article-block-square-intermediate":["https:\/\/i0.wp.com\/siawso.org\/wp-content\/uploads\/images\/site-images\/7f7d9-home.jpg?resize=600%2C600&ssl=1",600,600,true],"newspack-article-block-landscape-small":["https:\/\/i0.wp.com\/siawso.org\/wp-content\/uploads\/images\/site-images\/7f7d9-home.jpg?resize=400%2C300&ssl=1",400,300,true],"newspack-article-block-portrait-small":["https:\/\/i0.wp.com\/siawso.org\/wp-content\/uploads\/images\/site-images\/7f7d9-home.jpg?resize=300%2C400&ssl=1",300,400,true],"newspack-article-block-square-small":["https:\/\/i0.wp.com\/siawso.org\/wp-content\/uploads\/images\/site-images\/7f7d9-home.jpg?resize=400%2C400&ssl=1",400,400,true],"newspack-article-block-landscape-tiny":["https:\/\/i0.wp.com\/siawso.org\/wp-content\/uploads\/images\/site-images\/7f7d9-home.jpg?resize=200%2C150&ssl=1",200,150,true],"newspack-article-block-portrait-tiny":["https:\/\/i0.wp.com\/siawso.org\/wp-content\/uploads\/images\/site-images\/7f7d9-home.jpg?resize=150%2C200&ssl=1",150,200,true],"newspack-article-block-square-tiny":["https:\/\/i0.wp.com\/siawso.org\/wp-content\/uploads\/images\/site-images\/7f7d9-home.jpg?resize=200%2C200&ssl=1",200,200,true],"newspack-article-block-uncropped":["https:\/\/i0.wp.com\/siawso.org\/wp-content\/uploads\/images\/site-images\/7f7d9-home.jpg?fit=1200%2C675&ssl=1",1200,675,true],"woocommerce_thumbnail":["https:\/\/i0.wp.com\/siawso.org\/wp-content\/uploads\/images\/site-images\/7f7d9-home.jpg?resize=1%2C1&ssl=1",1,1,true],"woocommerce_single":["https:\/\/i0.wp.com\/siawso.org\/wp-content\/uploads\/images\/site-images\/7f7d9-home.jpg?fit=1%2C1&ssl=1",1,1,true],"woocommerce_gallery_thumbnail":["https:\/\/i0.wp.com\/siawso.org\/wp-content\/uploads\/images\/site-images\/7f7d9-home.jpg?resize=100%2C100&ssl=1",100,100,true]},"uagb_author_info":{"display_name":"melaniessiawsoorg","author_link":"https:\/\/siawso.org\/pt\/author\/melaniessiawsoorg\/"},"uagb_comment_info":0,"uagb_excerpt":"The last weekend of each January, the WSC meets for the World Service Conference (WSC) Annual Gathering. Event details are [&hellip;]","jetpack_sharing_enabled":true,"jetpack_shortlink":"https:\/\/wp.me\/PeJ0hQ-3K3","_links":{"self":[{"href":"https:\/\/siawso.org\/pt\/wp-json\/wp\/v2\/pages\/14387","targetHints":{"allow":["GET"]}}],"collection":[{"href":"https:\/\/siawso.org\/pt\/wp-json\/wp\/v2\/pages"}],"about":[{"href":"https:\/\/siawso.org\/pt\/wp-json\/wp\/v2\/types\/page"}],"author":[{"embeddable":true,"href":"https:\/\/siawso.org\/pt\/wp-json\/wp\/v2\/users\/233859920"}],"replies":[{"embeddable":true,"href":"https:\/\/siawso.org\/pt\/wp-json\/wp\/v2\/comments?post=14387"}],"version-history":[{"count":17,"href":"https:\/\/siawso.org\/pt\/wp-json\/wp\/v2\/pages\/14387\/revisions"}],"predecessor-version":[{"id":26920,"href":"https:\/\/siawso.org\/pt\/wp-json\/wp\/v2\/pages\/14387\/revisions\/26920"}],"up":[{"embeddable":true,"href":"https:\/\/siawso.org\/pt\/wp-json\/wp\/v2\/pages\/14053"}],"wp:featuredmedia":[{"embeddable":true,"href":"https:\/\/siawso.org\/pt\/wp-json\/wp\/v2\/media\/1161"}],"wp:attachment":[{"href":"https:\/\/siawso.org\/pt\/wp-json\/wp\/v2\/media?parent=14387"}],"curies":[{"name":"wp","href":"https:\/\/api.w.org\/{rel}","templated":true}]}}