


{"id":14304,"date":"2023-06-18T16:01:41","date_gmt":"2023-06-18T20:01:41","guid":{"rendered":"https:\/\/siawso.org\/?page_id=14304"},"modified":"2026-02-08T16:09:04","modified_gmt":"2026-02-08T21:09:04","slug":"contribute","status":"publish","type":"page","link":"https:\/\/siawso.org\/pt\/contribute\/","title":{"rendered":"Contribua"},"content":{"rendered":"<p class=\"wp-block-paragraph translation-block\"><strong>\nCada centavo conta!\n<\/strong><br>\nOs Sobreviventes de Incesto An\u00f4nimos s\u00e3o totalmente autossuficientes. Cada doa\u00e7\u00e3o, independentemente do valor, contribui para o funcionamento do Escrit\u00f3rio Mundial de Servi\u00e7o do SIA, ajudando sobreviventes ao redor do mundo. Todas as contribui\u00e7\u00f5es s\u00e3o totalmente dedut\u00edveis de impostos* e ajudam a conectar sobreviventes entre si e com nossa literatura. Agradecemos por apoiar sua irmandade.\n<br><br>\n\n<strong><a href=\"\/shop\/\" target=\"_self\">\nAdquira sua literatura!<\/a>\n<\/strong><br>\nEstamos constantemente atualizando nosso acervo com novas obras. Visite nossa loja com frequ\u00eancia e fique atento aos an\u00fancios em nosso boletim informativo.\n<br><br>\n\n<strong>\n<a href=\"\/shop\/?product_tag_1=contribution\" target=\"_self\">\nContribui\u00e7\u00f5es na loja de literatura do SIA<\/a>\n<\/strong><br>\nVisite nossa loja e realize uma contribui\u00e7\u00e3o avulsa.\n<br><br>\n\n<strong>\n<a href=\"https:\/\/www.paypal.com\/donate\/?hosted_button_id=UQ3WUFMVM3G2L\" target=\"_self\">\nConfigure uma contribui\u00e7\u00e3o recorrente pelo PayPal<\/a>\n<\/strong><br>\nAo optar por uma contribui\u00e7\u00e3o autom\u00e1tica e acess\u00edvel, dedut\u00edvel do imposto*, voc\u00ea apoia os esfor\u00e7os do SIA ao longo do ano. Sua doa\u00e7\u00e3o ser\u00e1 direcionada imediatamente para a \u00e1rea de maior necessidade, facilitando o apoio cont\u00ednuo ao trabalho do SIA.As doa\u00e7\u00f5es mensais fornecem um fluxo de caixa est\u00e1vel e extremamente impactante no apoio ao SIA ao longo de todo o ano. Presentes recorrentes permitem que voc\u00ea distribua sua contribui\u00e7\u00e3o em doa\u00e7\u00f5es mensais menores, garantindo uma base de apoio confi\u00e1vel para o SIA. Escolha o valor mensal que deseja contribuir, complete o formul\u00e1rio e n\u00e3o se esque\u00e7a de marcar a op\u00e7\u00e3o \"Sim, repetir automaticamente esta doa\u00e7\u00e3o todo m\u00eas\".\n<br>\n\u25cf\tConveniente: voc\u00ea escolhe o valor que deseja contribuir, e sua doa\u00e7\u00e3o pode ser cobrada automaticamente no seu cart\u00e3o de cr\u00e9dito ou debitada da sua conta do PayPal na data escolhida. N\u00f3s monitoraremos todas as contribui\u00e7\u00f5es e enviaremos um resumo no final do ano diretamente para seu endere\u00e7o.\n<br>\n\u25cf\tEconomize tempo e esfor\u00e7o: voc\u00ea n\u00e3o precisar\u00e1 mais se preocupar em comprar selos, escrever cheques ou enviar manualmente doa\u00e7\u00f5es para o SIA. Al\u00e9m disso, voc\u00ea pode alterar o valor mensal ou modificar seu m\u00e9todo de pagamento a qualquer momento no PayPal, podendo suspender ou cancelar seu apoio a qualquer momento.\n<br>\n\u25cf\tAdaptado ao seu or\u00e7amento: contribui\u00e7\u00f5es autom\u00e1ticas permitem que voc\u00ea inclua as doa\u00e7\u00f5es em seu or\u00e7amento mensal, trazendo previsibilidade ao seu fluxo financeiro.\n<br>\n\u25cf\tSeu presente vale mais: com custos de gerenciamento reduzidos, mais recursos poder\u00e3o ser dedicados ao nosso trabalho.\n<br><br>\n*Averiguar com a legisla\u00e7\u00e3o vigente do seu pa\u00eds.\n<br><br>\n\n<strong>\nM\u00e9todo tradicional: envie um cheque\n<\/strong><br>\nVoc\u00ea tamb\u00e9m pode enviar sua contribui\u00e7\u00e3o dedut\u00edvel de impostos* para o seguinte endere\u00e7o:\n<br>\nSIAWSO\n<br>\nPO Box 7078\n<br>\nPittsburgh, PA 15212\n<br><br>\n\n<strong>\nContribui\u00e7\u00f5es\n<\/strong><br>\nO SIA considera qualquer doa\u00e7\u00e3o feita em mem\u00f3ria ou apoio a um membro sobrevivente individual, seja de amigos, parentes, locais de trabalho, receitas de publica\u00e7\u00f5es ou outras entidades, como parte do aspecto autossuficiente da S\u00e9tima Tradi\u00e7\u00e3o do SIA. Contribui\u00e7\u00f5es feitas como resultado do envolvimento de um sobrevivente com o SIA s\u00e3o consideradas diretamente relacionadas a esse sobrevivente e, portanto, fazem parte da Tradi\u00e7\u00e3o de autossufici\u00eancia do SIA.\n<br>\nO Conselho de Curadores reitera que todas as contribui\u00e7\u00f5es, incluindo aquelas dos pr\u00f3prios sobreviventes, n\u00e3o devem interferir na miss\u00e3o, programa ou independ\u00eancia do SIA. O Conselho \u00e9 respons\u00e1vel por supervisionar a ades\u00e3o a esta S\u00e9tima Tradi\u00e7\u00e3o e se reserva o direito de recusar qualquer doa\u00e7\u00e3o que n\u00e3o atenda a esse padr\u00e3o.\n<br>\n<br>\n*Averiguar com a legisla\u00e7\u00e3o vigente do seu pa\u00eds.<\/p>","protected":false},"excerpt":{"rendered":"<p>Every Penny CountsSurvivors of Incest Anonymous is fully self-supporting. Every gift, no matter the size,\u00a0 contributes to the functioning of [&hellip;]<\/p>\n","protected":false},"author":233859920,"featured_media":25123,"parent":0,"menu_order":0,"comment_status":"closed","ping_status":"closed","template":"","meta":{"_crdt_document":"","_uag_custom_page_level_css":"","site-sidebar-layout":"no-sidebar","site-content-layout":null,"ast-site-content-layout":"normal-width-container","site-content-style":"unboxed","site-sidebar-style":"default","ast-global-header-display":"","ast-banner-title-visibility":"","ast-main-header-display":"","ast-hfb-above-header-display":"","ast-hfb-below-header-display":null,"ast-hfb-mobile-header-display":"","site-post-title":"","ast-breadcrumbs-content":null,"ast-featured-img":"disabled","footer-sml-layout":"","ast-disable-related-posts":"","theme-transparent-header-meta":"","adv-header-id-meta":"","stick-header-meta":"","header-above-stick-meta":"","header-main-stick-meta":"","header-below-stick-meta":null,"astra-migrate-meta-layouts":"set","ast-page-background-enabled":"default","ast-page-background-meta":{"desktop":{"background-color":"var(--ast-global-color-4)","background-image":"","background-repeat":"repeat","background-position":"center center","background-size":"auto","background-attachment":"scroll","background-type":"","background-media":"","overlay-type":"","overlay-color":"","overlay-opacity":"","overlay-gradient":""},"tablet":{"background-color":"","background-image":"","background-repeat":"repeat","background-position":"center center","background-size":"auto","background-attachment":"scroll","background-type":"","background-media":"","overlay-type":"","overlay-color":"","overlay-opacity":"","overlay-gradient":""},"mobile":{"background-color":"","background-image":"","background-repeat":"repeat","background-position":"center center","background-size":"auto","background-attachment":"scroll","background-type":"","background-media":"","overlay-type":"","overlay-color":"","overlay-opacity":"","overlay-gradient":""}},"ast-content-background-meta":{"desktop":{"background-color":"var(--ast-global-color-5)","background-image":"","background-repeat":"repeat","background-position":"center center","background-size":"auto","background-attachment":"scroll","background-type":"","background-media":"","overlay-type":"","overlay-color":"","overlay-opacity":"","overlay-gradient":""},"tablet":{"background-color":"var(--ast-global-color-5)","background-image":"","background-repeat":"repeat","background-position":"center center","background-size":"auto","background-attachment":"scroll","background-type":"","background-media":"","overlay-type":"","overlay-color":"","overlay-opacity":"","overlay-gradient":""},"mobile":{"background-color":"var(--ast-global-color-5)","background-image":"","background-repeat":"repeat","background-position":"center center","background-size":"auto","background-attachment":"scroll","background-type":"","background-media":"","overlay-type":"","overlay-color":"","overlay-opacity":"","overlay-gradient":""}},"advanced_seo_description":"","jetpack_seo_html_title":"","jetpack_seo_noindex":false,"footnotes":""},"class_list":["post-14304","page","type-page","status-publish","has-post-thumbnail","hentry"],"uagb_featured_image_src":{"full":["https:\/\/i0.wp.com\/siawso.org\/wp-content\/uploads\/images\/site-images\/sia_tree_banner.jpg?fit=2400%2C780&ssl=1",2400,780,false],"thumbnail":["https:\/\/i0.wp.com\/siawso.org\/wp-content\/uploads\/images\/site-images\/sia_tree_banner.jpg?resize=150%2C150&ssl=1",150,150,true],"medium":["https:\/\/i0.wp.com\/siawso.org\/wp-content\/uploads\/images\/site-images\/sia_tree_banner.jpg?fit=300%2C98&ssl=1",300,98,true],"medium_large":["https:\/\/i0.wp.com\/siawso.org\/wp-content\/uploads\/images\/site-images\/sia_tree_banner.jpg?fit=768%2C250&ssl=1",768,250,true],"large":["https:\/\/i0.wp.com\/siawso.org\/wp-content\/uploads\/images\/site-images\/sia_tree_banner.jpg?fit=1024%2C333&ssl=1",1024,333,true],"1536x1536":["https:\/\/i0.wp.com\/siawso.org\/wp-content\/uploads\/images\/site-images\/sia_tree_banner.jpg?fit=1536%2C499&ssl=1",1536,499,true],"2048x2048":["https:\/\/i0.wp.com\/siawso.org\/wp-content\/uploads\/images\/site-images\/sia_tree_banner.jpg?fit=2048%2C666&ssl=1",2048,666,true],"trp-custom-language-flag":["https:\/\/i0.wp.com\/siawso.org\/wp-content\/uploads\/images\/site-images\/sia_tree_banner.jpg?fit=18%2C6&ssl=1",18,6,true],"newspack-article-block-landscape-large":["https:\/\/i0.wp.com\/siawso.org\/wp-content\/uploads\/images\/site-images\/sia_tree_banner.jpg?resize=1200%2C780&ssl=1",1200,780,true],"newspack-article-block-portrait-large":["https:\/\/i0.wp.com\/siawso.org\/wp-content\/uploads\/images\/site-images\/sia_tree_banner.jpg?resize=900%2C780&ssl=1",900,780,true],"newspack-article-block-square-large":["https:\/\/i0.wp.com\/siawso.org\/wp-content\/uploads\/images\/site-images\/sia_tree_banner.jpg?resize=1200%2C780&ssl=1",1200,780,true],"newspack-article-block-landscape-medium":["https:\/\/i0.wp.com\/siawso.org\/wp-content\/uploads\/images\/site-images\/sia_tree_banner.jpg?resize=800%2C600&ssl=1",800,600,true],"newspack-article-block-portrait-medium":["https:\/\/i0.wp.com\/siawso.org\/wp-content\/uploads\/images\/site-images\/sia_tree_banner.jpg?resize=600%2C780&ssl=1",600,780,true],"newspack-article-block-square-medium":["https:\/\/i0.wp.com\/siawso.org\/wp-content\/uploads\/images\/site-images\/sia_tree_banner.jpg?resize=800%2C780&ssl=1",800,780,true],"newspack-article-block-landscape-intermediate":["https:\/\/i0.wp.com\/siawso.org\/wp-content\/uploads\/images\/site-images\/sia_tree_banner.jpg?resize=600%2C450&ssl=1",600,450,true],"newspack-article-block-portrait-intermediate":["https:\/\/i0.wp.com\/siawso.org\/wp-content\/uploads\/images\/site-images\/sia_tree_banner.jpg?resize=450%2C600&ssl=1",450,600,true],"newspack-article-block-square-intermediate":["https:\/\/i0.wp.com\/siawso.org\/wp-content\/uploads\/images\/site-images\/sia_tree_banner.jpg?resize=600%2C600&ssl=1",600,600,true],"newspack-article-block-landscape-small":["https:\/\/i0.wp.com\/siawso.org\/wp-content\/uploads\/images\/site-images\/sia_tree_banner.jpg?resize=400%2C300&ssl=1",400,300,true],"newspack-article-block-portrait-small":["https:\/\/i0.wp.com\/siawso.org\/wp-content\/uploads\/images\/site-images\/sia_tree_banner.jpg?resize=300%2C400&ssl=1",300,400,true],"newspack-article-block-square-small":["https:\/\/i0.wp.com\/siawso.org\/wp-content\/uploads\/images\/site-images\/sia_tree_banner.jpg?resize=400%2C400&ssl=1",400,400,true],"newspack-article-block-landscape-tiny":["https:\/\/i0.wp.com\/siawso.org\/wp-content\/uploads\/images\/site-images\/sia_tree_banner.jpg?resize=200%2C150&ssl=1",200,150,true],"newspack-article-block-portrait-tiny":["https:\/\/i0.wp.com\/siawso.org\/wp-content\/uploads\/images\/site-images\/sia_tree_banner.jpg?resize=150%2C200&ssl=1",150,200,true],"newspack-article-block-square-tiny":["https:\/\/i0.wp.com\/siawso.org\/wp-content\/uploads\/images\/site-images\/sia_tree_banner.jpg?resize=200%2C200&ssl=1",200,200,true],"newspack-article-block-uncropped":["https:\/\/i0.wp.com\/siawso.org\/wp-content\/uploads\/images\/site-images\/sia_tree_banner.jpg?fit=1200%2C390&ssl=1",1200,390,true],"woocommerce_thumbnail":["https:\/\/i0.wp.com\/siawso.org\/wp-content\/uploads\/images\/site-images\/sia_tree_banner.jpg?resize=1%2C1&ssl=1",1,1,true],"woocommerce_single":["https:\/\/i0.wp.com\/siawso.org\/wp-content\/uploads\/images\/site-images\/sia_tree_banner.jpg?fit=1%2C1&ssl=1",1,1,true],"woocommerce_gallery_thumbnail":["https:\/\/i0.wp.com\/siawso.org\/wp-content\/uploads\/images\/site-images\/sia_tree_banner.jpg?resize=100%2C100&ssl=1",100,100,true]},"uagb_author_info":{"display_name":"melaniessiawsoorg","author_link":"https:\/\/siawso.org\/pt\/author\/melaniessiawsoorg\/"},"uagb_comment_info":0,"uagb_excerpt":"Every Penny CountsSurvivors of Incest Anonymous is fully self-supporting. Every gift, no matter the size,\u00a0 contributes to the functioning of [&hellip;]","jetpack_sharing_enabled":true,"jetpack_shortlink":"https:\/\/wp.me\/PeJ0hQ-3II","_links":{"self":[{"href":"https:\/\/siawso.org\/pt\/wp-json\/wp\/v2\/pages\/14304","targetHints":{"allow":["GET"]}}],"collection":[{"href":"https:\/\/siawso.org\/pt\/wp-json\/wp\/v2\/pages"}],"about":[{"href":"https:\/\/siawso.org\/pt\/wp-json\/wp\/v2\/types\/page"}],"author":[{"embeddable":true,"href":"https:\/\/siawso.org\/pt\/wp-json\/wp\/v2\/users\/233859920"}],"replies":[{"embeddable":true,"href":"https:\/\/siawso.org\/pt\/wp-json\/wp\/v2\/comments?post=14304"}],"version-history":[{"count":33,"href":"https:\/\/siawso.org\/pt\/wp-json\/wp\/v2\/pages\/14304\/revisions"}],"predecessor-version":[{"id":27011,"href":"https:\/\/siawso.org\/pt\/wp-json\/wp\/v2\/pages\/14304\/revisions\/27011"}],"wp:featuredmedia":[{"embeddable":true,"href":"https:\/\/siawso.org\/pt\/wp-json\/wp\/v2\/media\/25123"}],"wp:attachment":[{"href":"https:\/\/siawso.org\/pt\/wp-json\/wp\/v2\/media?parent=14304"}],"curies":[{"name":"wp","href":"https:\/\/api.w.org\/{rel}","templated":true}]}}