

{"id":14295,"date":"2023-06-18T15:49:27","date_gmt":"2023-06-18T19:49:27","guid":{"rendered":"https:\/\/siawso.org\/?page_id=14295"},"modified":"2026-02-04T11:02:01","modified_gmt":"2026-02-04T16:02:01","slug":"service","status":"publish","type":"page","link":"https:\/\/siawso.org\/pt\/service\/","title":{"rendered":"Servi\u00e7o"},"content":{"rendered":"<p class=\"wp-block-paragraph\">A ades\u00e3o constitui a base da estrutura da SIA. A unidade b\u00e1sica de filia\u00e7\u00e3o \u00e9 o grupo de reuni\u00f5es da SIA, representado pelo seu Representante de Servi\u00e7o do Grupo.<\/p>\n\n\n\n<div class=\"wp-block-columns is-layout-flex wp-container-core-columns-is-layout-7387b849 wp-block-columns-is-layout-flex\">\n<div class=\"wp-block-column is-layout-flow wp-block-column-is-layout-flow\" style=\"flex-basis:33.33%\">\n<p class=\"wp-block-paragraph\">Sua energia \u00e9 necess\u00e1ria e bem-vinda. Voc\u00ea acha que o SIA o ajudou? Deseja retribuir parte do que recebeu? Chegou \u00e0quele ponto de gratid\u00e3o em sua recupera\u00e7\u00e3o que o chama para servir \u00e0 sua irmandade? Ao trabalhar os passos, muitos de n\u00f3s do SIA entendemos que \"para mant\u00ea-lo, temos de do\u00e1-lo\". Esse princ\u00edpio \u00e9 o que mant\u00e9m nossa irmandade vibrante. Continuamos a crescer e a nos recuperar por meio do servi\u00e7o.&nbsp;<br><br>O SIA \u00e9 uma irmandade de 12 passos; crescemos retribuindo por meio do servi\u00e7o. Nas irmandades de 12 Passos, n\u00e3o pensamos nisso como voluntariado no sentido tradicional, mas sim como \"levar a mensagem\" trabalhando no Passo 12: \"Tendo tido um despertar espiritual como resultado desses Passos, tentamos levar essa mensagem a outros sobreviventes e praticar esses princ\u00edpios em todos os nossos empreendimentos.\"<br><br>Existem muitas oportunidades de presta\u00e7\u00e3o de servi\u00e7os dentro do grupo, como: coordenar uma reuni\u00e3o, atuar como tesoureiro, secret\u00e1rio, representante de servi\u00e7os no \u00e2mbito do grupo, do intergrupo local, ou na Confer\u00eancia Mundial de Servi\u00e7os. Os membros tamb\u00e9m podem usar suas habilidades especiais para servir no Escrit\u00f3rio Mundial de Servi\u00e7o ou participar de uma Comiss\u00e3o da Confer\u00eancia Mundial de Servi\u00e7o. <\/p>\n<\/div>\n\n\n\n<div class=\"wp-block-column is-layout-flow wp-block-column-is-layout-flow\" style=\"flex-basis:66.66%\">\n<figure class=\"wp-block-image aligncenter size-large is-resized\"><a href=\"https:\/\/i0.wp.com\/siawso.org\/wp-content\/uploads\/images\/site-images\/SIA-Service-Structure-Graphic-Site-Background.jpg?ssl=1\"><img data-recalc-dims=\"1\" loading=\"lazy\" decoding=\"async\" width=\"1024\" height=\"929\" data-attachment-id=\"26620\" data-permalink=\"https:\/\/siawso.org\/pt\/service\/sia-service-structure-graphic-site-background\/\" data-orig-file=\"https:\/\/i0.wp.com\/siawso.org\/wp-content\/uploads\/images\/site-images\/SIA-Service-Structure-Graphic-Site-Background.jpg?fit=1186%2C1076&amp;ssl=1\" data-orig-size=\"1186,1076\" data-comments-opened=\"1\" data-image-meta=\"{&quot;aperture&quot;:&quot;0&quot;,&quot;credit&quot;:&quot;&quot;,&quot;camera&quot;:&quot;&quot;,&quot;caption&quot;:&quot;&quot;,&quot;created_timestamp&quot;:&quot;0&quot;,&quot;copyright&quot;:&quot;&quot;,&quot;focal_length&quot;:&quot;0&quot;,&quot;iso&quot;:&quot;0&quot;,&quot;shutter_speed&quot;:&quot;0&quot;,&quot;title&quot;:&quot;&quot;,&quot;orientation&quot;:&quot;0&quot;}\" data-image-title=\"SIA Service Structure Graphic Site Background\" data-image-description=\"\" data-image-caption=\"\" data-large-file=\"https:\/\/i0.wp.com\/siawso.org\/wp-content\/uploads\/images\/site-images\/SIA-Service-Structure-Graphic-Site-Background.jpg?fit=1024%2C929&amp;ssl=1\" src=\"https:\/\/i0.wp.com\/siawso.org\/wp-content\/uploads\/images\/site-images\/SIA-Service-Structure-Graphic-Site-Background.jpg?resize=1024%2C929&#038;ssl=1\" alt=\"\" class=\"wp-image-26620\" style=\"box-shadow:none;width:600px\" srcset=\"https:\/\/i0.wp.com\/siawso.org\/wp-content\/uploads\/images\/site-images\/SIA-Service-Structure-Graphic-Site-Background.jpg?resize=1024%2C929&amp;ssl=1 1024w, https:\/\/i0.wp.com\/siawso.org\/wp-content\/uploads\/images\/site-images\/SIA-Service-Structure-Graphic-Site-Background.jpg?resize=300%2C272&amp;ssl=1 300w, https:\/\/i0.wp.com\/siawso.org\/wp-content\/uploads\/images\/site-images\/SIA-Service-Structure-Graphic-Site-Background.jpg?resize=768%2C697&amp;ssl=1 768w, https:\/\/i0.wp.com\/siawso.org\/wp-content\/uploads\/images\/site-images\/SIA-Service-Structure-Graphic-Site-Background.jpg?resize=13%2C12&amp;ssl=1 13w, https:\/\/i0.wp.com\/siawso.org\/wp-content\/uploads\/images\/site-images\/SIA-Service-Structure-Graphic-Site-Background.jpg?resize=1%2C1&amp;ssl=1 1w, https:\/\/i0.wp.com\/siawso.org\/wp-content\/uploads\/images\/site-images\/SIA-Service-Structure-Graphic-Site-Background.jpg?w=1186&amp;ssl=1 1186w\" sizes=\"auto, (max-width: 1000px) 100vw, 1000px\" \/><\/a><\/figure>\n<\/div>\n<\/div>\n\n\n\n<p class=\"wp-block-paragraph translation-block\"><br><strong>1. Iniciar um grupo ou prestar servi\u00e7o em uma reuni\u00e3o<\/strong><br>\n\nUma reuni\u00e3o da SIA \u00e9 uma ferramenta \u00fanica para usar durante a recupera\u00e7\u00e3o. O apoio e apre\u00e7o de outros sobreviventes fazem com que nossos encontros sejam o que s\u00e3o: um lugar seguro para nos reunirmos e compartilharmos experi\u00eancias. Muitas de nossas reuni\u00f5es foram iniciadas por sobreviventes que nunca haviam participado de uma reuni\u00e3o da SIA. N\u00e3o existe uma \u00fanica maneira \"correta\" de conduzir uma reuni\u00e3o, e os formatos variam de um grupo para outro. Voc\u00ea pode encontrar exemplos em nossa loja online. Se voc\u00ea est\u00e1 pensando em iniciar uma reuni\u00e3o, disponibilizamos estes recursos especialmente para voc\u00ea.<br>\n\na) Iniciar uma reuni\u00e3o;<br>\nb) Alternar entre as fun\u00e7\u00f5es de presidente, facilitador ou anfitri\u00e3o;<br>\nc) Ser um representante de servi\u00e7o geral (GSR), secret\u00e1rio ou tesoureiro da sua reuni\u00e3o.<br>\n<br>\n<strong>2. Mantenha-se informado<\/strong><br>\n\nDeseja receber todas as \u00faltimas not\u00edcias e atualiza\u00e7\u00f5es da SIA? Se inscrever na Newsletter da SIA World Service Office (Escrit\u00f3rio de Servi\u00e7o Mundial da SIA).<br><br>\n\n<strong>3. Participar de um Comit\u00ea da WSC ou de um Comit\u00ea Intergrupal<\/strong><br>\na) Juntar-se a um comit\u00ea, participar das reuni\u00f5es agendadas e fazer coisas que promovam o companheirismo;<br>\nb) Participar de um comit\u00ea para organizar um evento da SIA em sua regi\u00e3o;<br>\nc) Coordenar um workshop em um evento da SIA;<br>\nd) Organizar um evento virtual no Zoom;<br>\ne) Participar de um comit\u00ea da WSC;<br>\nf) Auxiliar no planejamento do Encontro da WSC.<br><br>\n\n<strong>4. Escreva e edite \u2014 participe do Comit\u00ea de Literatura.<\/strong><br>\na) Contar sua hist\u00f3ria de sobreviv\u00eancia;<br>\nb) Escrever ou editar literatura;<br>\nc) Auxiliar na elabora\u00e7\u00e3o da newsletter, da revista ou do blog de eventos.<br><br>\n\n<strong>5. Preste servi\u00e7o na WSO<\/strong><br>\na) Responder aos e-mails referentes ao seu estado;<br>\nb) Em recupera\u00e7\u00e3o por um per\u00edodo prolongado, tendo cumprido as etapas necess\u00e1rias e desejando assumir um compromisso de servi\u00e7o a longo prazo com a SIA? Informe-se sobre como se tornar membro do Conselho de Curadores da SIA WSO.<br><br>\n\n<strong>6. Leve a mensagem<\/strong><br>\na) Transmitir a mensagem para aqueles que estiverem interessados em nosso site, seja para seu pr\u00f3prio apoio ou para o de um ente querido. Lembre-se da tradi\u00e7\u00e3o de \"atra\u00e7\u00e3o, em vez de promo\u00e7\u00e3o\u201d;<br>\nb) Participar do Comit\u00ea de Divulga\u00e7\u00e3o da WSC.<br>\nc) Tornar-se um correspondente por correspond\u00eancia para sobreviventes que n\u00e3o podem participar de reuni\u00f5es por telefone ou internet.<br><\/p>\n\n\n\n<p class=\"wp-block-paragraph\"><\/p>\n\n\n\n<p class=\"wp-block-paragraph\"><\/p>\n\n\n\n<p class=\"wp-block-paragraph\"><\/p>\n\n\n\n<p class=\"wp-block-paragraph\"><\/p>\n\n\n\n<p class=\"wp-block-paragraph\"><\/p>\n\n\n\n<p class=\"wp-block-paragraph\"><\/p>\n\n\n\n<p class=\"wp-block-paragraph\"><\/p>","protected":false},"excerpt":{"rendered":"<p>The membership is the foundation of the SIA structure. The basic unit of membership is the SIA group, represented by [&hellip;]<\/p>\n","protected":false},"author":233859920,"featured_media":1161,"parent":0,"menu_order":0,"comment_status":"closed","ping_status":"closed","template":"","meta":{"_crdt_document":"","_uag_custom_page_level_css":"","site-sidebar-layout":"default","site-content-layout":"","ast-site-content-layout":"default","site-content-style":"default","site-sidebar-style":"default","ast-global-header-display":"","ast-banner-title-visibility":"","ast-main-header-display":"","ast-hfb-above-header-display":"","ast-hfb-below-header-display":"","ast-hfb-mobile-header-display":"","site-post-title":"","ast-breadcrumbs-content":"","ast-featured-img":"disabled","footer-sml-layout":"","ast-disable-related-posts":"","theme-transparent-header-meta":"","adv-header-id-meta":"","stick-header-meta":"","header-above-stick-meta":"","header-main-stick-meta":"","header-below-stick-meta":"","astra-migrate-meta-layouts":"set","ast-page-background-enabled":"default","ast-page-background-meta":{"desktop":{"background-color":"var(--ast-global-color-4)","background-image":"","background-repeat":"repeat","background-position":"center center","background-size":"auto","background-attachment":"scroll","background-type":"","background-media":"","overlay-type":"","overlay-color":"","overlay-opacity":"","overlay-gradient":""},"tablet":{"background-color":"","background-image":"","background-repeat":"repeat","background-position":"center center","background-size":"auto","background-attachment":"scroll","background-type":"","background-media":"","overlay-type":"","overlay-color":"","overlay-opacity":"","overlay-gradient":""},"mobile":{"background-color":"","background-image":"","background-repeat":"repeat","background-position":"center center","background-size":"auto","background-attachment":"scroll","background-type":"","background-media":"","overlay-type":"","overlay-color":"","overlay-opacity":"","overlay-gradient":""}},"ast-content-background-meta":{"desktop":{"background-color":"var(--ast-global-color-5)","background-image":"","background-repeat":"repeat","background-position":"center center","background-size":"auto","background-attachment":"scroll","background-type":"","background-media":"","overlay-type":"","overlay-color":"","overlay-opacity":"","overlay-gradient":""},"tablet":{"background-color":"var(--ast-global-color-5)","background-image":"","background-repeat":"repeat","background-position":"center center","background-size":"auto","background-attachment":"scroll","background-type":"","background-media":"","overlay-type":"","overlay-color":"","overlay-opacity":"","overlay-gradient":""},"mobile":{"background-color":"var(--ast-global-color-5)","background-image":"","background-repeat":"repeat","background-position":"center center","background-size":"auto","background-attachment":"scroll","background-type":"","background-media":"","overlay-type":"","overlay-color":"","overlay-opacity":"","overlay-gradient":""}},"advanced_seo_description":"","jetpack_seo_html_title":"","jetpack_seo_noindex":false,"footnotes":""},"class_list":["post-14295","page","type-page","status-publish","has-post-thumbnail","hentry"],"uagb_featured_image_src":{"full":["https:\/\/i0.wp.com\/siawso.org\/wp-content\/uploads\/images\/site-images\/7f7d9-home.jpg?fit=2400%2C1350&ssl=1",2400,1350,false],"thumbnail":["https:\/\/i0.wp.com\/siawso.org\/wp-content\/uploads\/images\/site-images\/7f7d9-home.jpg?resize=150%2C150&ssl=1",150,150,true],"medium":["https:\/\/i0.wp.com\/siawso.org\/wp-content\/uploads\/images\/site-images\/7f7d9-home.jpg?fit=300%2C169&ssl=1",300,169,true],"medium_large":["https:\/\/i0.wp.com\/siawso.org\/wp-content\/uploads\/images\/site-images\/7f7d9-home.jpg?fit=768%2C432&ssl=1",768,432,true],"large":["https:\/\/i0.wp.com\/siawso.org\/wp-content\/uploads\/images\/site-images\/7f7d9-home.jpg?fit=1024%2C576&ssl=1",1024,576,true],"1536x1536":["https:\/\/i0.wp.com\/siawso.org\/wp-content\/uploads\/images\/site-images\/7f7d9-home.jpg?fit=1536%2C864&ssl=1",1536,864,true],"2048x2048":["https:\/\/i0.wp.com\/siawso.org\/wp-content\/uploads\/images\/site-images\/7f7d9-home.jpg?fit=2048%2C1152&ssl=1",2048,1152,true],"trp-custom-language-flag":["https:\/\/i0.wp.com\/siawso.org\/wp-content\/uploads\/images\/site-images\/7f7d9-home.jpg?fit=18%2C10&ssl=1",18,10,true],"newspack-article-block-landscape-large":["https:\/\/i0.wp.com\/siawso.org\/wp-content\/uploads\/images\/site-images\/7f7d9-home.jpg?resize=1200%2C900&ssl=1",1200,900,true],"newspack-article-block-portrait-large":["https:\/\/i0.wp.com\/siawso.org\/wp-content\/uploads\/images\/site-images\/7f7d9-home.jpg?resize=900%2C1200&ssl=1",900,1200,true],"newspack-article-block-square-large":["https:\/\/i0.wp.com\/siawso.org\/wp-content\/uploads\/images\/site-images\/7f7d9-home.jpg?resize=1200%2C1200&ssl=1",1200,1200,true],"newspack-article-block-landscape-medium":["https:\/\/i0.wp.com\/siawso.org\/wp-content\/uploads\/images\/site-images\/7f7d9-home.jpg?resize=800%2C600&ssl=1",800,600,true],"newspack-article-block-portrait-medium":["https:\/\/i0.wp.com\/siawso.org\/wp-content\/uploads\/images\/site-images\/7f7d9-home.jpg?resize=600%2C800&ssl=1",600,800,true],"newspack-article-block-square-medium":["https:\/\/i0.wp.com\/siawso.org\/wp-content\/uploads\/images\/site-images\/7f7d9-home.jpg?resize=800%2C800&ssl=1",800,800,true],"newspack-article-block-landscape-intermediate":["https:\/\/i0.wp.com\/siawso.org\/wp-content\/uploads\/images\/site-images\/7f7d9-home.jpg?resize=600%2C450&ssl=1",600,450,true],"newspack-article-block-portrait-intermediate":["https:\/\/i0.wp.com\/siawso.org\/wp-content\/uploads\/images\/site-images\/7f7d9-home.jpg?resize=450%2C600&ssl=1",450,600,true],"newspack-article-block-square-intermediate":["https:\/\/i0.wp.com\/siawso.org\/wp-content\/uploads\/images\/site-images\/7f7d9-home.jpg?resize=600%2C600&ssl=1",600,600,true],"newspack-article-block-landscape-small":["https:\/\/i0.wp.com\/siawso.org\/wp-content\/uploads\/images\/site-images\/7f7d9-home.jpg?resize=400%2C300&ssl=1",400,300,true],"newspack-article-block-portrait-small":["https:\/\/i0.wp.com\/siawso.org\/wp-content\/uploads\/images\/site-images\/7f7d9-home.jpg?resize=300%2C400&ssl=1",300,400,true],"newspack-article-block-square-small":["https:\/\/i0.wp.com\/siawso.org\/wp-content\/uploads\/images\/site-images\/7f7d9-home.jpg?resize=400%2C400&ssl=1",400,400,true],"newspack-article-block-landscape-tiny":["https:\/\/i0.wp.com\/siawso.org\/wp-content\/uploads\/images\/site-images\/7f7d9-home.jpg?resize=200%2C150&ssl=1",200,150,true],"newspack-article-block-portrait-tiny":["https:\/\/i0.wp.com\/siawso.org\/wp-content\/uploads\/images\/site-images\/7f7d9-home.jpg?resize=150%2C200&ssl=1",150,200,true],"newspack-article-block-square-tiny":["https:\/\/i0.wp.com\/siawso.org\/wp-content\/uploads\/images\/site-images\/7f7d9-home.jpg?resize=200%2C200&ssl=1",200,200,true],"newspack-article-block-uncropped":["https:\/\/i0.wp.com\/siawso.org\/wp-content\/uploads\/images\/site-images\/7f7d9-home.jpg?fit=1200%2C675&ssl=1",1200,675,true],"woocommerce_thumbnail":["https:\/\/i0.wp.com\/siawso.org\/wp-content\/uploads\/images\/site-images\/7f7d9-home.jpg?resize=1%2C1&ssl=1",1,1,true],"woocommerce_single":["https:\/\/i0.wp.com\/siawso.org\/wp-content\/uploads\/images\/site-images\/7f7d9-home.jpg?fit=1%2C1&ssl=1",1,1,true],"woocommerce_gallery_thumbnail":["https:\/\/i0.wp.com\/siawso.org\/wp-content\/uploads\/images\/site-images\/7f7d9-home.jpg?resize=100%2C100&ssl=1",100,100,true]},"uagb_author_info":{"display_name":"melaniessiawsoorg","author_link":"https:\/\/siawso.org\/pt\/author\/melaniessiawsoorg\/"},"uagb_comment_info":0,"uagb_excerpt":"The membership is the foundation of the SIA structure. The basic unit of membership is the SIA group, represented by [&hellip;]","jetpack_sharing_enabled":true,"jetpack_shortlink":"https:\/\/wp.me\/PeJ0hQ-3Iz","_links":{"self":[{"href":"https:\/\/siawso.org\/pt\/wp-json\/wp\/v2\/pages\/14295","targetHints":{"allow":["GET"]}}],"collection":[{"href":"https:\/\/siawso.org\/pt\/wp-json\/wp\/v2\/pages"}],"about":[{"href":"https:\/\/siawso.org\/pt\/wp-json\/wp\/v2\/types\/page"}],"author":[{"embeddable":true,"href":"https:\/\/siawso.org\/pt\/wp-json\/wp\/v2\/users\/233859920"}],"replies":[{"embeddable":true,"href":"https:\/\/siawso.org\/pt\/wp-json\/wp\/v2\/comments?post=14295"}],"version-history":[{"count":17,"href":"https:\/\/siawso.org\/pt\/wp-json\/wp\/v2\/pages\/14295\/revisions"}],"predecessor-version":[{"id":26874,"href":"https:\/\/siawso.org\/pt\/wp-json\/wp\/v2\/pages\/14295\/revisions\/26874"}],"wp:featuredmedia":[{"embeddable":true,"href":"https:\/\/siawso.org\/pt\/wp-json\/wp\/v2\/media\/1161"}],"wp:attachment":[{"href":"https:\/\/siawso.org\/pt\/wp-json\/wp\/v2\/media?parent=14295"}],"curies":[{"name":"wp","href":"https:\/\/api.w.org\/{rel}","templated":true}]}}