

{"id":14084,"date":"2023-06-06T19:24:14","date_gmt":"2023-06-06T23:24:14","guid":{"rendered":"https:\/\/siawso.org\/?page_id=14084"},"modified":"2026-01-28T13:07:18","modified_gmt":"2026-01-28T18:07:18","slug":"bot","status":"publish","type":"page","link":"https:\/\/siawso.org\/pt\/bot\/","title":{"rendered":"Conselho de Curadores"},"content":{"rendered":"<p class=\"wp-block-paragraph translation-block\">A Survivors of Incest Anonymous, Inc. (Sobreviventes de Incesto An\u00f4nimos) \u00e9 uma organiza\u00e7\u00e3o sem fins lucrativos estabelecida como uma institui\u00e7\u00e3o de caridade 501(c)(3), o que significa que as contribui\u00e7\u00f5es s\u00e3o dedut\u00edveis nos impostos. O Conselho de Curadores estabelece suas pol\u00edticas e procedimentos e supervisiona as opera\u00e7\u00f5es di\u00e1rias do Escrit\u00f3rio Mundial de Servi\u00e7o.\n\n\n\n<br><br><strong>Para cumprir os prop\u00f3sitos do SIA, o Conselho de Curadores tem as seguintes responsabilidades:<\/strong>\n\n\n <br>1. Coordenar a pol\u00edtica entre a Irmandade do SIA em coopera\u00e7\u00e3o com a Confer\u00eancia Mundial de Servi\u00e7o (WSC), seguindo as 12 Tradi\u00e7\u00f5es do SIA e os 12 Conceitos de Servi\u00e7o do SIA.\n <br>2. Fornecer um diret\u00f3rio de grupos do SIA e orientar os grupos na condu\u00e7\u00e3o de suas atividades em coopera\u00e7\u00e3o com a WSC.\n <br>3. Fornecer aos membros informa\u00e7\u00f5es sobre os princ\u00edpios orientadores do SIA nos moldes das 12 Tradi\u00e7\u00f5es do SIA.\n <br>4. Publicar literatura escrita por e para membros da irmandade do SIA, em coopera\u00e7\u00e3o com a WSC.\n <br>5. Assegurar que toda a literatura esteja de acordo com os 12 Passos e as 12 Tradi\u00e7\u00f5es do SIA e livre de quaisquer quest\u00f5es legais.\n <br>6. Levar o companheirismo restaurador do SIA ao conhecimento do p\u00fablico, em coopera\u00e7\u00e3o com a WSC.\n <br>7. Fornecer literatura, informa\u00e7\u00f5es e outras formas de assist\u00eancia a pessoas para as quais a participa\u00e7\u00e3o regular nas reuni\u00f5es do SIA \u00e9 dif\u00edcil ou impratic\u00e1vel.\n <br>8. Estabelecer e manter rela\u00e7\u00f5es p\u00fablicas nacionais e internacionais.\n <br>9. Estabelecer e manter pol\u00edticas para o trabalho do Escrit\u00f3rio Mundial de Servi\u00e7o.\n <br>10. Assegurar o registro e a apresenta\u00e7\u00e3o de relat\u00f3rios exatos e pontuais, bem como o uso prudente dos recursos financeiros do SIA.\n <br>11. Supervisionar a pol\u00edtica, o planejamento e a apresenta\u00e7\u00e3o de relat\u00f3rios sobre os aspectos financeiros e legais da institui\u00e7\u00e3o.\n\n\n\n\n<br><br><strong>\nEntre em contato com o Conselho de Curadores do SIA:\n<\/strong>\n\n\n<a href=\"mailto:bot@siawso.org\" target=\"_self\"><strong>bot@siawso.org<\/strong><\/a> \n\n<br><br><strong>\nAtas do Conselho de Curadores:\n<\/strong>\n<br>\n\n<a href=\"https:\/\/siawso.org\/wp-content\/uploads\/2020\/04\/Minutes-from-SIA-Board-of-Trustees-meeting-1-1.zip\" target=\"_self\">January 25, 2020<\/a><br><a href=\"https:\/\/siawso.org\/wp-content\/uploads\/2020\/04\/Minutes-from-SIA-Board-of-Trustees-meeting-3-9-2020.zip\" target=\"_self\">March 9, 2020<\/a><br><a href=\"https:\/\/siawso.org\/wp-content\/uploads\/2018\/05\/SIABoT-meeting-summary-for-3_30_2020.zip\" target=\"_self\">March 30, 2020<\/a><br><a href=\"https:\/\/siawso.org\/wp-content\/uploads\/2020\/08\/Summary-SIA-BoT5_18_2020.zip\" target=\"_self\">May 18, 2020<\/a><br><a href=\"https:\/\/siawso.org\/wp-content\/uploads\/2023\/04\/a74e5-minutes-from-8_9_2020-sia-board-of-trustees-meeting-8.docx\" target=\"_self\">August 3, 2020<\/a><br><a href=\"https:\/\/siawso.org\/wp-content\/uploads\/2023\/04\/7a80d-summary-of-minutes-9.docx\" target=\"_self\">September 21, 2020 Summary<\/a><br><a href=\"https:\/\/siawso.org\/wp-content\/uploads\/2023\/04\/1e3c0-summary-of-bot-111620.docx\" target=\"_self\">November 16, 2020 \u00a0Summary<\/a><br><br><a href=\"https:\/\/siawso.org\/wp-content\/uploads\/2023\/04\/f9d91-summary-of-siabot-minutes-jan-25.docx\" target=\"_self\">January 25, 2021 Summary<\/a><br><a href=\"https:\/\/siawso.org\/wp-content\/uploads\/2023\/04\/53ca0-summary-of-bot-minutes-from-32921.docx\" target=\"_self\">March 29, 2021 Summary<\/a><br><a href=\"https:\/\/siawso.org\/wp-content\/uploads\/2023\/04\/c24ac-summary-minutes-5-24-21.docx\" target=\"_self\">May 24, 2021 Summary<\/a><br><a href=\"https:\/\/siawso.org\/wp-content\/uploads\/2023\/04\/32c7e-summary-of-minutes-from-board-of-trustees-meeting-7.docx\" target=\"_self\">July 26, 2021 Summary<\/a><br><a href=\"https:\/\/siawso.org\/wp-content\/uploads\/2023\/04\/7a514-sia-bot-summary-9-13-21.docx\" target=\"_self\">September 13, 2021 Summary<\/a><br><a href=\"https:\/\/siawso.org\/wp-content\/uploads\/2023\/04\/7ea89-sia-bot-summary-11-17-21.docx\" target=\"_self\">November 17, 2021 Summary<\/a><br><br><a href=\"https:\/\/siawso.org\/wp-content\/uploads\/2023\/04\/869cc-summary-of-minutes-of-jan-2022-sia-bot-jan-19.docx\" target=\"_self\">January 19, 2022 Summary\u00a0<\/a><br><a href=\"https:\/\/siawso.org\/wp-content\/uploads\/2023\/04\/3c05f-summary-of-minutes-3_9_22.docx\" target=\"_self\">March 9, 2022 Summary<\/a><br><a href=\"https:\/\/siawso.org\/wp-content\/uploads\/2023\/04\/79d1e-summary-of-minutes-3_23_22.docx\" target=\"_self\">March 23, 2022 Summary<\/a><br><a href=\"https:\/\/siawso.org\/wp-content\/uploads\/2023\/04\/3c72b-sia-minutes-summary-may-2022.docx\" target=\"_self\">May 25, 2022 Summary<\/a><br><a href=\"https:\/\/siawso.org\/wp-content\/uploads\/2023\/04\/777be-summary-of-bot-meeting-july-27-2022.docx\" target=\"_self\">July 27, 2022 Summary<\/a><\/p>\n\n\n\n<p class=\"wp-block-paragraph\"><\/p>\n\n\n\n<p class=\"wp-block-paragraph\"><\/p>","protected":false},"excerpt":{"rendered":"<p>Survivors of Incest Anonymous, Inc. is a non-profit organization established as a 501(c)3 charity, meaning that contributions are tax deductible.SIA [&hellip;]<\/p>\n","protected":false},"author":233859920,"featured_media":1161,"parent":0,"menu_order":0,"comment_status":"closed","ping_status":"closed","template":"","meta":{"_crdt_document":"","_uag_custom_page_level_css":"","site-sidebar-layout":"default","site-content-layout":null,"ast-site-content-layout":"default","site-content-style":"default","site-sidebar-style":"default","ast-global-header-display":"","ast-banner-title-visibility":"","ast-main-header-display":"","ast-hfb-above-header-display":"","ast-hfb-below-header-display":null,"ast-hfb-mobile-header-display":"","site-post-title":"","ast-breadcrumbs-content":null,"ast-featured-img":"disabled","footer-sml-layout":"","ast-disable-related-posts":"","theme-transparent-header-meta":"","adv-header-id-meta":"","stick-header-meta":"","header-above-stick-meta":"","header-main-stick-meta":"","header-below-stick-meta":null,"astra-migrate-meta-layouts":"set","ast-page-background-enabled":"default","ast-page-background-meta":{"desktop":{"background-color":"var(--ast-global-color-4)","background-image":"","background-repeat":"repeat","background-position":"center center","background-size":"auto","background-attachment":"scroll","background-type":"","background-media":"","overlay-type":"","overlay-color":"","overlay-opacity":"","overlay-gradient":""},"tablet":{"background-color":"","background-image":"","background-repeat":"repeat","background-position":"center center","background-size":"auto","background-attachment":"scroll","background-type":"","background-media":"","overlay-type":"","overlay-color":"","overlay-opacity":"","overlay-gradient":""},"mobile":{"background-color":"","background-image":"","background-repeat":"repeat","background-position":"center center","background-size":"auto","background-attachment":"scroll","background-type":"","background-media":"","overlay-type":"","overlay-color":"","overlay-opacity":"","overlay-gradient":""}},"ast-content-background-meta":{"desktop":{"background-color":"var(--ast-global-color-5)","background-image":"","background-repeat":"repeat","background-position":"center center","background-size":"auto","background-attachment":"scroll","background-type":"","background-media":"","overlay-type":"","overlay-color":"","overlay-opacity":"","overlay-gradient":""},"tablet":{"background-color":"var(--ast-global-color-5)","background-image":"","background-repeat":"repeat","background-position":"center center","background-size":"auto","background-attachment":"scroll","background-type":"","background-media":"","overlay-type":"","overlay-color":"","overlay-opacity":"","overlay-gradient":""},"mobile":{"background-color":"var(--ast-global-color-5)","background-image":"","background-repeat":"repeat","background-position":"center center","background-size":"auto","background-attachment":"scroll","background-type":"","background-media":"","overlay-type":"","overlay-color":"","overlay-opacity":"","overlay-gradient":""}},"advanced_seo_description":"","jetpack_seo_html_title":"","jetpack_seo_noindex":false,"footnotes":""},"class_list":["post-14084","page","type-page","status-publish","has-post-thumbnail","hentry"],"uagb_featured_image_src":{"full":["https:\/\/i0.wp.com\/siawso.org\/wp-content\/uploads\/images\/site-images\/7f7d9-home.jpg?fit=2400%2C1350&ssl=1",2400,1350,false],"thumbnail":["https:\/\/i0.wp.com\/siawso.org\/wp-content\/uploads\/images\/site-images\/7f7d9-home.jpg?resize=150%2C150&ssl=1",150,150,true],"medium":["https:\/\/i0.wp.com\/siawso.org\/wp-content\/uploads\/images\/site-images\/7f7d9-home.jpg?fit=300%2C169&ssl=1",300,169,true],"medium_large":["https:\/\/i0.wp.com\/siawso.org\/wp-content\/uploads\/images\/site-images\/7f7d9-home.jpg?fit=768%2C432&ssl=1",768,432,true],"large":["https:\/\/i0.wp.com\/siawso.org\/wp-content\/uploads\/images\/site-images\/7f7d9-home.jpg?fit=1024%2C576&ssl=1",1024,576,true],"1536x1536":["https:\/\/i0.wp.com\/siawso.org\/wp-content\/uploads\/images\/site-images\/7f7d9-home.jpg?fit=1536%2C864&ssl=1",1536,864,true],"2048x2048":["https:\/\/i0.wp.com\/siawso.org\/wp-content\/uploads\/images\/site-images\/7f7d9-home.jpg?fit=2048%2C1152&ssl=1",2048,1152,true],"trp-custom-language-flag":["https:\/\/i0.wp.com\/siawso.org\/wp-content\/uploads\/images\/site-images\/7f7d9-home.jpg?fit=18%2C10&ssl=1",18,10,true],"newspack-article-block-landscape-large":["https:\/\/i0.wp.com\/siawso.org\/wp-content\/uploads\/images\/site-images\/7f7d9-home.jpg?resize=1200%2C900&ssl=1",1200,900,true],"newspack-article-block-portrait-large":["https:\/\/i0.wp.com\/siawso.org\/wp-content\/uploads\/images\/site-images\/7f7d9-home.jpg?resize=900%2C1200&ssl=1",900,1200,true],"newspack-article-block-square-large":["https:\/\/i0.wp.com\/siawso.org\/wp-content\/uploads\/images\/site-images\/7f7d9-home.jpg?resize=1200%2C1200&ssl=1",1200,1200,true],"newspack-article-block-landscape-medium":["https:\/\/i0.wp.com\/siawso.org\/wp-content\/uploads\/images\/site-images\/7f7d9-home.jpg?resize=800%2C600&ssl=1",800,600,true],"newspack-article-block-portrait-medium":["https:\/\/i0.wp.com\/siawso.org\/wp-content\/uploads\/images\/site-images\/7f7d9-home.jpg?resize=600%2C800&ssl=1",600,800,true],"newspack-article-block-square-medium":["https:\/\/i0.wp.com\/siawso.org\/wp-content\/uploads\/images\/site-images\/7f7d9-home.jpg?resize=800%2C800&ssl=1",800,800,true],"newspack-article-block-landscape-intermediate":["https:\/\/i0.wp.com\/siawso.org\/wp-content\/uploads\/images\/site-images\/7f7d9-home.jpg?resize=600%2C450&ssl=1",600,450,true],"newspack-article-block-portrait-intermediate":["https:\/\/i0.wp.com\/siawso.org\/wp-content\/uploads\/images\/site-images\/7f7d9-home.jpg?resize=450%2C600&ssl=1",450,600,true],"newspack-article-block-square-intermediate":["https:\/\/i0.wp.com\/siawso.org\/wp-content\/uploads\/images\/site-images\/7f7d9-home.jpg?resize=600%2C600&ssl=1",600,600,true],"newspack-article-block-landscape-small":["https:\/\/i0.wp.com\/siawso.org\/wp-content\/uploads\/images\/site-images\/7f7d9-home.jpg?resize=400%2C300&ssl=1",400,300,true],"newspack-article-block-portrait-small":["https:\/\/i0.wp.com\/siawso.org\/wp-content\/uploads\/images\/site-images\/7f7d9-home.jpg?resize=300%2C400&ssl=1",300,400,true],"newspack-article-block-square-small":["https:\/\/i0.wp.com\/siawso.org\/wp-content\/uploads\/images\/site-images\/7f7d9-home.jpg?resize=400%2C400&ssl=1",400,400,true],"newspack-article-block-landscape-tiny":["https:\/\/i0.wp.com\/siawso.org\/wp-content\/uploads\/images\/site-images\/7f7d9-home.jpg?resize=200%2C150&ssl=1",200,150,true],"newspack-article-block-portrait-tiny":["https:\/\/i0.wp.com\/siawso.org\/wp-content\/uploads\/images\/site-images\/7f7d9-home.jpg?resize=150%2C200&ssl=1",150,200,true],"newspack-article-block-square-tiny":["https:\/\/i0.wp.com\/siawso.org\/wp-content\/uploads\/images\/site-images\/7f7d9-home.jpg?resize=200%2C200&ssl=1",200,200,true],"newspack-article-block-uncropped":["https:\/\/i0.wp.com\/siawso.org\/wp-content\/uploads\/images\/site-images\/7f7d9-home.jpg?fit=1200%2C675&ssl=1",1200,675,true],"woocommerce_thumbnail":["https:\/\/i0.wp.com\/siawso.org\/wp-content\/uploads\/images\/site-images\/7f7d9-home.jpg?resize=1%2C1&ssl=1",1,1,true],"woocommerce_single":["https:\/\/i0.wp.com\/siawso.org\/wp-content\/uploads\/images\/site-images\/7f7d9-home.jpg?fit=1%2C1&ssl=1",1,1,true],"woocommerce_gallery_thumbnail":["https:\/\/i0.wp.com\/siawso.org\/wp-content\/uploads\/images\/site-images\/7f7d9-home.jpg?resize=100%2C100&ssl=1",100,100,true]},"uagb_author_info":{"display_name":"melaniessiawsoorg","author_link":"https:\/\/siawso.org\/pt\/author\/melaniessiawsoorg\/"},"uagb_comment_info":0,"uagb_excerpt":"Survivors of Incest Anonymous, Inc. is a non-profit organization established as a 501(c)3 charity, meaning that contributions are tax deductible.SIA [&hellip;]","jetpack_sharing_enabled":true,"jetpack_shortlink":"https:\/\/wp.me\/PeJ0hQ-3Fa","_links":{"self":[{"href":"https:\/\/siawso.org\/pt\/wp-json\/wp\/v2\/pages\/14084","targetHints":{"allow":["GET"]}}],"collection":[{"href":"https:\/\/siawso.org\/pt\/wp-json\/wp\/v2\/pages"}],"about":[{"href":"https:\/\/siawso.org\/pt\/wp-json\/wp\/v2\/types\/page"}],"author":[{"embeddable":true,"href":"https:\/\/siawso.org\/pt\/wp-json\/wp\/v2\/users\/233859920"}],"replies":[{"embeddable":true,"href":"https:\/\/siawso.org\/pt\/wp-json\/wp\/v2\/comments?post=14084"}],"version-history":[{"count":14,"href":"https:\/\/siawso.org\/pt\/wp-json\/wp\/v2\/pages\/14084\/revisions"}],"predecessor-version":[{"id":17149,"href":"https:\/\/siawso.org\/pt\/wp-json\/wp\/v2\/pages\/14084\/revisions\/17149"}],"wp:featuredmedia":[{"embeddable":true,"href":"https:\/\/siawso.org\/pt\/wp-json\/wp\/v2\/media\/1161"}],"wp:attachment":[{"href":"https:\/\/siawso.org\/pt\/wp-json\/wp\/v2\/media?parent=14084"}],"curies":[{"name":"wp","href":"https:\/\/api.w.org\/{rel}","templated":true}]}}