

{"id":14080,"date":"2023-06-06T19:23:22","date_gmt":"2023-06-06T23:23:22","guid":{"rendered":"https:\/\/siawso.org\/?page_id=14080"},"modified":"2025-10-05T21:28:45","modified_gmt":"2025-10-06T01:28:45","slug":"history","status":"publish","type":"page","link":"https:\/\/siawso.org\/pt\/history\/","title":{"rendered":"Hist\u00f3ria do SIA"},"content":{"rendered":"<p class=\"wp-block-paragraph\"><\/p>\n\n\n\n<div class=\"wp-block-media-text is-stacked-on-mobile\" style=\"grid-template-columns:30% auto\"><figure class=\"wp-block-media-text__media\"><img data-recalc-dims=\"1\" loading=\"lazy\" decoding=\"async\" width=\"2400\" height=\"780\" data-attachment-id=\"25123\" data-permalink=\"https:\/\/siawso.org\/pt\/sia_tree_banner\/\" data-orig-file=\"https:\/\/i0.wp.com\/siawso.org\/wp-content\/uploads\/images\/site-images\/sia_tree_banner.jpg?fit=2400%2C780&amp;ssl=1\" data-orig-size=\"2400,780\" data-comments-opened=\"1\" data-image-meta=\"{&quot;aperture&quot;:&quot;0&quot;,&quot;credit&quot;:&quot;&quot;,&quot;camera&quot;:&quot;&quot;,&quot;caption&quot;:&quot;&quot;,&quot;created_timestamp&quot;:&quot;0&quot;,&quot;copyright&quot;:&quot;&quot;,&quot;focal_length&quot;:&quot;0&quot;,&quot;iso&quot;:&quot;0&quot;,&quot;shutter_speed&quot;:&quot;0&quot;,&quot;title&quot;:&quot;&quot;,&quot;orientation&quot;:&quot;0&quot;}\" data-image-title=\"sia_tree_banner\" data-image-description=\"\" data-image-caption=\"\" data-large-file=\"https:\/\/i0.wp.com\/siawso.org\/wp-content\/uploads\/images\/site-images\/sia_tree_banner.jpg?fit=1024%2C333&amp;ssl=1\" src=\"https:\/\/i0.wp.com\/siawso.org\/wp-content\/uploads\/images\/site-images\/sia_tree_banner.jpg?resize=2400%2C780&#038;ssl=1\" alt=\"\" class=\"wp-image-25123 size-full\" srcset=\"https:\/\/i0.wp.com\/siawso.org\/wp-content\/uploads\/images\/site-images\/sia_tree_banner.jpg?w=2400&amp;ssl=1 2400w, https:\/\/i0.wp.com\/siawso.org\/wp-content\/uploads\/images\/site-images\/sia_tree_banner.jpg?resize=300%2C98&amp;ssl=1 300w, https:\/\/i0.wp.com\/siawso.org\/wp-content\/uploads\/images\/site-images\/sia_tree_banner.jpg?resize=1024%2C333&amp;ssl=1 1024w, https:\/\/i0.wp.com\/siawso.org\/wp-content\/uploads\/images\/site-images\/sia_tree_banner.jpg?resize=768%2C250&amp;ssl=1 768w, https:\/\/i0.wp.com\/siawso.org\/wp-content\/uploads\/images\/site-images\/sia_tree_banner.jpg?resize=1536%2C499&amp;ssl=1 1536w, https:\/\/i0.wp.com\/siawso.org\/wp-content\/uploads\/images\/site-images\/sia_tree_banner.jpg?resize=2048%2C666&amp;ssl=1 2048w, https:\/\/i0.wp.com\/siawso.org\/wp-content\/uploads\/images\/site-images\/sia_tree_banner.jpg?resize=18%2C6&amp;ssl=1 18w, https:\/\/i0.wp.com\/siawso.org\/wp-content\/uploads\/images\/site-images\/sia_tree_banner.jpg?resize=1320%2C429&amp;ssl=1 1320w, https:\/\/i0.wp.com\/siawso.org\/wp-content\/uploads\/images\/site-images\/sia_tree_banner.jpg?resize=2%2C2&amp;ssl=1 2w, https:\/\/i0.wp.com\/siawso.org\/wp-content\/uploads\/images\/site-images\/sia_tree_banner.jpg?resize=10%2C3&amp;ssl=1 10w\" sizes=\"auto, (max-width: 1000px) 100vw, 1000px\" \/><\/figure><div class=\"wp-block-media-text__content\"><h1 class=\"has-link-color h1 { font-size=2em } wp-elements-b6b6b5e622ebd34dac4dcbd050f42eef wp-block-post-title has-text-color has-ast-global-color-0-color has-large-font-size\">Hist\u00f3ria do SIA<\/h1><\/div><\/div>\n\n\n\n<div class=\"wp-block-uagb-container uagb-block-dada6da1 alignfull uagb-is-root-container\"><div class=\"uagb-container-inner-blocks-wrap\"><\/div><\/div>\n\n\n\n<p class=\"wp-block-paragraph translation-block\">Em uma noite de janeiro de 1982, em torno de uma mesa de cozinha em Baltimore, tr\u00eas mulheres se reuniram e conversaram sobre o assombroso abuso sexual infantil que sofreram de membros de suas fam\u00edlias (pai, m\u00e3e, cunhado) d\u00e9cadas antes. Utilizando o modelo de recupera\u00e7\u00e3o dos 12 Passos do Alco\u00f3licos An\u00f4nimos, elas reconheceram sua impot\u00eancia em rela\u00e7\u00e3o \u00e0s suas hist\u00f3rias, pediram ajuda a um Poder Superior amoroso para fazer as pazes com o passado e come\u00e7aram a se recuperar e prosperar no presente. Elas come\u00e7aram a se libertar da vergonha e da autoculpabiliza\u00e7\u00e3o, e a viverem suas vidas sem o peso do abuso nas costas. Naquela noite nasceu um novo programa de ajuda m\u00fatua de 12 Passos: os Sobreviventes de Incesto An\u00f4nimos.\n<br><br>\nAtualmente, milhares de pessoas em v\u00e1rios pa\u00edses v\u00eam se conectando na busca por recupera\u00e7\u00e3o, por interm\u00e9dio de reuni\u00f5es presenciais, on-line ou por telefone, abrangendo uma ampla faixa et\u00e1ria, dos 18 aos 118 anos. Elas se re\u00fanem para falar sobre o que antes era inexprim\u00edvel: a realidade de terem sido sexualmente abusadas na inf\u00e2ncia por aqueles que deveriam cuidar delas e proteg\u00ea-las. Guiados pelos 12 Passos e 12 Tradi\u00e7\u00f5es do SIA, esses sobreviventes em recupera\u00e7\u00e3o servem seus pr\u00f3prios grupos fornecendo apoio m\u00fatuo. O SIA n\u00e3o tem a pretens\u00e3o de substituir terapia ou qualquer outro servi\u00e7o profissional necess\u00e1rio. A mensagem do SIA \u00e9 clara: o sobrevivente n\u00e3o \u00e9 o culpado pelo abuso, n\u00e3o est\u00e1 sozinho e h\u00e1 ajuda \u00e0 sua disposi\u00e7\u00e3o. Juntos, eles podem se recuperar. \n<br><br>\nN\u00e3o existe um perfil padr\u00e3o de membro do SIA; s\u00e3o pessoas de diversas ra\u00e7as, etnias, religi\u00f5es, posicionamentos pol\u00edticos, estados civis, orienta\u00e7\u00f5es sexuais e graus de instru\u00e7\u00e3o ou defici\u00eancia. Seus abusadores podem ter sido qualquer membro da fam\u00edlia, amigo da fam\u00edlia, l\u00edder religioso, professor, mentor, outra crian\u00e7a ou adolescente, ou qualquer um que traiu a inoc\u00eancia e a confian\u00e7a da v\u00edtima. O SIA define o incesto de maneira ampla. Os companheiros nas reuni\u00f5es compartilham dificuldades relacionadas \u00e0 intensa raiva, depress\u00e3o, v\u00edcios e compuls\u00f5es, perfeccionismo, isolamento, pensamentos suicidas e relacionamentos problem\u00e1ticos com a fam\u00edlia, c\u00f4njuges ou parceiros e figuras de autoridade. As ferramentas de recupera\u00e7\u00e3o do SIA constroem uma ponte, conduzindo o sobrevivente para uma nova vida, alicer\u00e7ada na esperan\u00e7a, autoconfian\u00e7a e autoestima; ensinando-o a, finalmente, ser gentil consigo e a desenvolver o autoamor.\n<br><br>\nA cada novo ano, quando a Irmandade se re\u00fane na Confer\u00eancia Mundial de Servi\u00e7o, o SIA celebra seu anivers\u00e1rio e reflete sobre sua emocionante hist\u00f3ria. Um marco importante foi uma carta publicada em 1984 na coluna \u201cDear Abby\u201d, que trouxe a aten\u00e7\u00e3o nacional ao SIA. Membros do SIA tamb\u00e9m fizeram apari\u00e7\u00f5es an\u00f4nimas em programas de talk show de grande audi\u00eancia nas d\u00e9cadas de 1980 e 1990, incluindo \u201cDonahue\u201d, \u201cGeraldo\u201d, \u201cSallie Jessie Raphael\u201d e \u201cPeople Are Talking\u201d, entre outros. Essas apari\u00e7\u00f5es coincidiram com um \u201cdespertar cultural\u201d, que fez do tabu de falar sobre abuso sexual infantil algo do passado. Para isso, todos os membros do SIA trabalham juntos para apoiar a irmandade e moldar o futuro promissor do SIA, atendendo \u00e0s necessidades dos membros ao redor do mundo.\n<br><br>\nPara mais informa\u00e7\u00f5es sobre a hist\u00f3ria do SIA, ou\u00e7a a cofundadora <a href=\"https:\/\/www.youtube.com\/@survivorsofincestanonymous\"> Linda D. no YouTube em https:\/\/www.youtube.com\/@survivorsofincestanonymous<\/a>.\n<br><br>\n<strong>Explica\u00e7\u00e3o do Logo (contada pelo designer gr\u00e1fico respons\u00e1vel)<\/strong>\n<br><br>\nA imagem que desenhei traz harmonia aos conceitos b\u00e1sicos do programa SIA. Ela fala aos sobreviventes sobre a continuidade da vida. A escada, a escada de Jac\u00f3, representa os Doze Passos rumo \u00e0 revela\u00e7\u00e3o e \u00e0 esperan\u00e7a. A \u00e1rvore \u00e9 um s\u00edmbolo universal da passagem do tempo, e de for\u00e7a e crescimento. O cora\u00e7\u00e3o representa nossas emo\u00e7\u00f5es \u2014 desgastadas, mas ainda intactas. Embora \u00e0s vezes ing\u00eanuo, nosso cora\u00e7\u00e3o agora tem asas.<br>\nConceitualmente, o logo reflete a ideia de mudar a perspectiva de si mesmo: do eu, formado nos dias de incesto (refletido nas ra\u00edzes da \u00e1rvore), at\u00e9 o eu de hoje, em recupera\u00e7\u00e3o (o cora\u00e7\u00e3o com asas). N\u00e3o \u00e9 algo cir\u00fargico, austero ou restritivo. Ele convida voc\u00ea, como sobrevivente, a redescobrir a esperan\u00e7a, a transformar seus padr\u00f5es de intera\u00e7\u00e3o com seu c\u00edrculo \u00edntimo \u2014 fam\u00edlia, amigos e, principalmente, consigo mesmo \u2014 e a se abrir para um novo c\u00edrculo global: seus companheiros sobreviventes.<br>\nEle sutilmente sussurra ao p\u00e9 do ouvido do mundo: <strong><em>\u2018Ei, estamos aqui. Ou\u00e7a! Ajudamos a n\u00f3s mesmos por meio da transforma\u00e7\u00e3o e estamos prontos para ajudar os outros tamb\u00e9m!\u2019<\/em><\/strong><\/p>\n\n\n\n<figure class=\"wp-block-image aligncenter size-large is-resized\"><a href=\"https:\/\/i0.wp.com\/siawso.org\/wp-content\/uploads\/images\/site-images\/SIA-Logo-2023-Black.png?ssl=1\"><img data-recalc-dims=\"1\" loading=\"lazy\" decoding=\"async\" width=\"1024\" height=\"977\" data-attachment-id=\"16834\" data-permalink=\"https:\/\/siawso.org\/pt\/sia-logo-2023-black\/\" data-orig-file=\"https:\/\/i0.wp.com\/siawso.org\/wp-content\/uploads\/images\/site-images\/SIA-Logo-2023-Black.png?fit=1687%2C1610&amp;ssl=1\" data-orig-size=\"1687,1610\" data-comments-opened=\"1\" data-image-meta=\"{&quot;aperture&quot;:&quot;0&quot;,&quot;credit&quot;:&quot;&quot;,&quot;camera&quot;:&quot;&quot;,&quot;caption&quot;:&quot;&quot;,&quot;created_timestamp&quot;:&quot;0&quot;,&quot;copyright&quot;:&quot;&quot;,&quot;focal_length&quot;:&quot;0&quot;,&quot;iso&quot;:&quot;0&quot;,&quot;shutter_speed&quot;:&quot;0&quot;,&quot;title&quot;:&quot;&quot;,&quot;orientation&quot;:&quot;0&quot;}\" data-image-title=\"SIA Logo 2023 Black\" data-image-description=\"\" data-image-caption=\"\" data-large-file=\"https:\/\/i0.wp.com\/siawso.org\/wp-content\/uploads\/images\/site-images\/SIA-Logo-2023-Black.png?fit=1024%2C977&amp;ssl=1\" src=\"https:\/\/i0.wp.com\/siawso.org\/wp-content\/uploads\/images\/site-images\/SIA-Logo-2023-Black.png?resize=1024%2C977&#038;ssl=1\" alt=\"\" class=\"wp-image-16834\" style=\"width:300px\" srcset=\"https:\/\/i0.wp.com\/siawso.org\/wp-content\/uploads\/images\/site-images\/SIA-Logo-2023-Black.png?resize=1024%2C977&amp;ssl=1 1024w, https:\/\/i0.wp.com\/siawso.org\/wp-content\/uploads\/images\/site-images\/SIA-Logo-2023-Black.png?resize=300%2C286&amp;ssl=1 300w, https:\/\/i0.wp.com\/siawso.org\/wp-content\/uploads\/images\/site-images\/SIA-Logo-2023-Black.png?resize=768%2C733&amp;ssl=1 768w, https:\/\/i0.wp.com\/siawso.org\/wp-content\/uploads\/images\/site-images\/SIA-Logo-2023-Black.png?resize=1536%2C1466&amp;ssl=1 1536w, https:\/\/i0.wp.com\/siawso.org\/wp-content\/uploads\/images\/site-images\/SIA-Logo-2023-Black.png?resize=13%2C12&amp;ssl=1 13w, https:\/\/i0.wp.com\/siawso.org\/wp-content\/uploads\/images\/site-images\/SIA-Logo-2023-Black.png?resize=1320%2C1260&amp;ssl=1 1320w, https:\/\/i0.wp.com\/siawso.org\/wp-content\/uploads\/images\/site-images\/SIA-Logo-2023-Black.png?resize=2%2C2&amp;ssl=1 2w, https:\/\/i0.wp.com\/siawso.org\/wp-content\/uploads\/images\/site-images\/SIA-Logo-2023-Black.png?resize=10%2C10&amp;ssl=1 10w, https:\/\/i0.wp.com\/siawso.org\/wp-content\/uploads\/images\/site-images\/SIA-Logo-2023-Black.png?w=1687&amp;ssl=1 1687w\" sizes=\"auto, (max-width: 1000px) 100vw, 1000px\" \/><\/a><\/figure>\n\n\n\n<p class=\"wp-block-paragraph\"><\/p>","protected":false},"excerpt":{"rendered":"<p>One January evening in 1982, at a kitchen table in Baltimore, three women sat together and spoke about the unspeakable [&hellip;]<\/p>\n","protected":false},"author":233859920,"featured_media":1161,"parent":0,"menu_order":0,"comment_status":"closed","ping_status":"closed","template":"","meta":{"_crdt_document":"","_uag_custom_page_level_css":"","site-sidebar-layout":"default","site-content-layout":"","ast-site-content-layout":"default","site-content-style":"default","site-sidebar-style":"default","ast-global-header-display":"","ast-banner-title-visibility":"","ast-main-header-display":"","ast-hfb-above-header-display":"","ast-hfb-below-header-display":"","ast-hfb-mobile-header-display":"","site-post-title":"disabled","ast-breadcrumbs-content":"","ast-featured-img":"disabled","footer-sml-layout":"","ast-disable-related-posts":"","theme-transparent-header-meta":"","adv-header-id-meta":"","stick-header-meta":"","header-above-stick-meta":"","header-main-stick-meta":"","header-below-stick-meta":"","astra-migrate-meta-layouts":"set","ast-page-background-enabled":"default","ast-page-background-meta":{"desktop":{"background-color":"var(--ast-global-color-4)","background-image":"","background-repeat":"repeat","background-position":"center center","background-size":"auto","background-attachment":"scroll","background-type":"","background-media":"","overlay-type":"","overlay-color":"","overlay-opacity":"","overlay-gradient":""},"tablet":{"background-color":"","background-image":"","background-repeat":"repeat","background-position":"center center","background-size":"auto","background-attachment":"scroll","background-type":"","background-media":"","overlay-type":"","overlay-color":"","overlay-opacity":"","overlay-gradient":""},"mobile":{"background-color":"","background-image":"","background-repeat":"repeat","background-position":"center center","background-size":"auto","background-attachment":"scroll","background-type":"","background-media":"","overlay-type":"","overlay-color":"","overlay-opacity":"","overlay-gradient":""}},"ast-content-background-meta":{"desktop":{"background-color":"var(--ast-global-color-5)","background-image":"","background-repeat":"repeat","background-position":"center center","background-size":"auto","background-attachment":"scroll","background-type":"","background-media":"","overlay-type":"","overlay-color":"","overlay-opacity":"","overlay-gradient":""},"tablet":{"background-color":"var(--ast-global-color-5)","background-image":"","background-repeat":"repeat","background-position":"center center","background-size":"auto","background-attachment":"scroll","background-type":"","background-media":"","overlay-type":"","overlay-color":"","overlay-opacity":"","overlay-gradient":""},"mobile":{"background-color":"var(--ast-global-color-5)","background-image":"","background-repeat":"repeat","background-position":"center center","background-size":"auto","background-attachment":"scroll","background-type":"","background-media":"","overlay-type":"","overlay-color":"","overlay-opacity":"","overlay-gradient":""}},"advanced_seo_description":"","jetpack_seo_html_title":"","jetpack_seo_noindex":false,"footnotes":""},"class_list":["post-14080","page","type-page","status-publish","has-post-thumbnail","hentry"],"uagb_featured_image_src":{"full":["https:\/\/i0.wp.com\/siawso.org\/wp-content\/uploads\/images\/site-images\/7f7d9-home.jpg?fit=2400%2C1350&ssl=1",2400,1350,false],"thumbnail":["https:\/\/i0.wp.com\/siawso.org\/wp-content\/uploads\/images\/site-images\/7f7d9-home.jpg?resize=150%2C150&ssl=1",150,150,true],"medium":["https:\/\/i0.wp.com\/siawso.org\/wp-content\/uploads\/images\/site-images\/7f7d9-home.jpg?fit=300%2C169&ssl=1",300,169,true],"medium_large":["https:\/\/i0.wp.com\/siawso.org\/wp-content\/uploads\/images\/site-images\/7f7d9-home.jpg?fit=768%2C432&ssl=1",768,432,true],"large":["https:\/\/i0.wp.com\/siawso.org\/wp-content\/uploads\/images\/site-images\/7f7d9-home.jpg?fit=1024%2C576&ssl=1",1024,576,true],"1536x1536":["https:\/\/i0.wp.com\/siawso.org\/wp-content\/uploads\/images\/site-images\/7f7d9-home.jpg?fit=1536%2C864&ssl=1",1536,864,true],"2048x2048":["https:\/\/i0.wp.com\/siawso.org\/wp-content\/uploads\/images\/site-images\/7f7d9-home.jpg?fit=2048%2C1152&ssl=1",2048,1152,true],"trp-custom-language-flag":["https:\/\/i0.wp.com\/siawso.org\/wp-content\/uploads\/images\/site-images\/7f7d9-home.jpg?fit=18%2C10&ssl=1",18,10,true],"newspack-article-block-landscape-large":["https:\/\/i0.wp.com\/siawso.org\/wp-content\/uploads\/images\/site-images\/7f7d9-home.jpg?resize=1200%2C900&ssl=1",1200,900,true],"newspack-article-block-portrait-large":["https:\/\/i0.wp.com\/siawso.org\/wp-content\/uploads\/images\/site-images\/7f7d9-home.jpg?resize=900%2C1200&ssl=1",900,1200,true],"newspack-article-block-square-large":["https:\/\/i0.wp.com\/siawso.org\/wp-content\/uploads\/images\/site-images\/7f7d9-home.jpg?resize=1200%2C1200&ssl=1",1200,1200,true],"newspack-article-block-landscape-medium":["https:\/\/i0.wp.com\/siawso.org\/wp-content\/uploads\/images\/site-images\/7f7d9-home.jpg?resize=800%2C600&ssl=1",800,600,true],"newspack-article-block-portrait-medium":["https:\/\/i0.wp.com\/siawso.org\/wp-content\/uploads\/images\/site-images\/7f7d9-home.jpg?resize=600%2C800&ssl=1",600,800,true],"newspack-article-block-square-medium":["https:\/\/i0.wp.com\/siawso.org\/wp-content\/uploads\/images\/site-images\/7f7d9-home.jpg?resize=800%2C800&ssl=1",800,800,true],"newspack-article-block-landscape-intermediate":["https:\/\/i0.wp.com\/siawso.org\/wp-content\/uploads\/images\/site-images\/7f7d9-home.jpg?resize=600%2C450&ssl=1",600,450,true],"newspack-article-block-portrait-intermediate":["https:\/\/i0.wp.com\/siawso.org\/wp-content\/uploads\/images\/site-images\/7f7d9-home.jpg?resize=450%2C600&ssl=1",450,600,true],"newspack-article-block-square-intermediate":["https:\/\/i0.wp.com\/siawso.org\/wp-content\/uploads\/images\/site-images\/7f7d9-home.jpg?resize=600%2C600&ssl=1",600,600,true],"newspack-article-block-landscape-small":["https:\/\/i0.wp.com\/siawso.org\/wp-content\/uploads\/images\/site-images\/7f7d9-home.jpg?resize=400%2C300&ssl=1",400,300,true],"newspack-article-block-portrait-small":["https:\/\/i0.wp.com\/siawso.org\/wp-content\/uploads\/images\/site-images\/7f7d9-home.jpg?resize=300%2C400&ssl=1",300,400,true],"newspack-article-block-square-small":["https:\/\/i0.wp.com\/siawso.org\/wp-content\/uploads\/images\/site-images\/7f7d9-home.jpg?resize=400%2C400&ssl=1",400,400,true],"newspack-article-block-landscape-tiny":["https:\/\/i0.wp.com\/siawso.org\/wp-content\/uploads\/images\/site-images\/7f7d9-home.jpg?resize=200%2C150&ssl=1",200,150,true],"newspack-article-block-portrait-tiny":["https:\/\/i0.wp.com\/siawso.org\/wp-content\/uploads\/images\/site-images\/7f7d9-home.jpg?resize=150%2C200&ssl=1",150,200,true],"newspack-article-block-square-tiny":["https:\/\/i0.wp.com\/siawso.org\/wp-content\/uploads\/images\/site-images\/7f7d9-home.jpg?resize=200%2C200&ssl=1",200,200,true],"newspack-article-block-uncropped":["https:\/\/i0.wp.com\/siawso.org\/wp-content\/uploads\/images\/site-images\/7f7d9-home.jpg?fit=1200%2C675&ssl=1",1200,675,true],"woocommerce_thumbnail":["https:\/\/i0.wp.com\/siawso.org\/wp-content\/uploads\/images\/site-images\/7f7d9-home.jpg?resize=1%2C1&ssl=1",1,1,true],"woocommerce_single":["https:\/\/i0.wp.com\/siawso.org\/wp-content\/uploads\/images\/site-images\/7f7d9-home.jpg?fit=1%2C1&ssl=1",1,1,true],"woocommerce_gallery_thumbnail":["https:\/\/i0.wp.com\/siawso.org\/wp-content\/uploads\/images\/site-images\/7f7d9-home.jpg?resize=100%2C100&ssl=1",100,100,true]},"uagb_author_info":{"display_name":"melaniessiawsoorg","author_link":"https:\/\/siawso.org\/pt\/author\/melaniessiawsoorg\/"},"uagb_comment_info":0,"uagb_excerpt":"One January evening in 1982, at a kitchen table in Baltimore, three women sat together and spoke about the unspeakable [&hellip;]","jetpack_sharing_enabled":true,"jetpack_shortlink":"https:\/\/wp.me\/PeJ0hQ-3F6","_links":{"self":[{"href":"https:\/\/siawso.org\/pt\/wp-json\/wp\/v2\/pages\/14080","targetHints":{"allow":["GET"]}}],"collection":[{"href":"https:\/\/siawso.org\/pt\/wp-json\/wp\/v2\/pages"}],"about":[{"href":"https:\/\/siawso.org\/pt\/wp-json\/wp\/v2\/types\/page"}],"author":[{"embeddable":true,"href":"https:\/\/siawso.org\/pt\/wp-json\/wp\/v2\/users\/233859920"}],"replies":[{"embeddable":true,"href":"https:\/\/siawso.org\/pt\/wp-json\/wp\/v2\/comments?post=14080"}],"version-history":[{"count":12,"href":"https:\/\/siawso.org\/pt\/wp-json\/wp\/v2\/pages\/14080\/revisions"}],"predecessor-version":[{"id":25179,"href":"https:\/\/siawso.org\/pt\/wp-json\/wp\/v2\/pages\/14080\/revisions\/25179"}],"wp:featuredmedia":[{"embeddable":true,"href":"https:\/\/siawso.org\/pt\/wp-json\/wp\/v2\/media\/1161"}],"wp:attachment":[{"href":"https:\/\/siawso.org\/pt\/wp-json\/wp\/v2\/media?parent=14080"}],"curies":[{"name":"wp","href":"https:\/\/api.w.org\/{rel}","templated":true}]}}