


{"id":19336,"date":"2024-10-28T19:22:58","date_gmt":"2024-10-28T23:22:58","guid":{"rendered":"https:\/\/siawso.org\/?page_id=19336"},"modified":"2025-01-04T09:28:33","modified_gmt":"2025-01-04T14:28:33","slug":"site-map","status":"publish","type":"page","link":"https:\/\/siawso.org\/fr\/site-map\/","title":{"rendered":"Plan du site"},"content":{"rendered":"<ul class=\"jetpack-sitemap-shortcode\"><li class=\"pagenav\"><b><a href=\"\/\">SIA<\/a><\/b><ul><li class=\"page_item page-item-20097 current_page_parent menu-item current-menu-parent\"><a href=\"https:\/\/siawso.org\/fr\/announcements\/\" class=\"menu-link\">Annonces<\/a><\/li>\n<li class=\"page_item page-item-14084 page_item_has_children menu-item menu-item-has-children\"><a href=\"https:\/\/siawso.org\/fr\/bot\/\" class=\"menu-link\">Conseil d'Administration<\/a>\n<ul class='children'>\n\t<li class=\"page_item page-item-14082 menu-item\"><a href=\"https:\/\/siawso.org\/fr\/bot\/financial-statements\/\" class=\"menu-link\">\u00c9tats Financiers<\/a><\/li>\n<\/ul>\n<\/li>\n<li class=\"page_item page-item-27164 menu-item\"><a href=\"https:\/\/siawso.org\/fr\/cart\/\" class=\"menu-link\">Chariot<\/a><\/li>\n<li class=\"page_item page-item-27165 menu-item\"><a href=\"https:\/\/siawso.org\/fr\/checkout\/\" class=\"menu-link\">Checkout<\/a><\/li>\n<li class=\"page_item page-item-14304 menu-item\"><a href=\"https:\/\/siawso.org\/fr\/contribute\/\" class=\"menu-link\">Contribution<\/a><\/li>\n<li class=\"page_item page-item-19983 page_item_has_children menu-item menu-item-has-children\"><a href=\"https:\/\/siawso.org\/fr\/find-a-meeting\/\" class=\"menu-link\">Trouver une r\u00e9union<\/a>\n<ul class='children'>\n\t<li class=\"page_item page-item-18127 menu-item\"><a href=\"https:\/\/siawso.org\/fr\/find-a-meeting\/sia-meeting-calendar\/\" class=\"menu-link\">Calendrier des r\u00e9unions du SIA<\/a><\/li>\n<\/ul>\n<\/li>\n<li class=\"page_item page-item-7053 menu-item\"><a href=\"https:\/\/siawso.org\/fr\/groups-and-meetings\/\" class=\"menu-link\">Groupes et R\u00e9unions<\/a><\/li>\n<li class=\"page_item page-item-19632 menu-item\"><a href=\"https:\/\/siawso.org\/fr\/groups-meetings\/\" class=\"menu-link\">Liste des groupes<\/a><\/li>\n<li class=\"page_item page-item-14080 menu-item\"><a href=\"https:\/\/siawso.org\/fr\/history\/\" class=\"menu-link\">L'Histoire de SIA<\/a><\/li>\n<li class=\"page_item page-item-14295 menu-item\"><a href=\"https:\/\/siawso.org\/fr\/service\/\" class=\"menu-link\">Service<\/a><\/li>\n<li class=\"page_item page-item-14043 menu-item\"><a href=\"https:\/\/siawso.org\/fr\/service-structure\/\" class=\"menu-link\">Structure du Service<\/a><\/li>\n<li class=\"page_item page-item-16510 menu-item\"><a href=\"https:\/\/siawso.org\/fr\/share-your-story\/\" class=\"menu-link\">Partager votre histoire<\/a><\/li>\n<li class=\"page_item page-item-13943 page_item_has_children menu-item menu-item-has-children\"><a href=\"https:\/\/siawso.org\/fr\/shop\/\" class=\"menu-link\">Boutique<\/a>\n<ul class='children'>\n\t<li class=\"page_item page-item-13046 menu-item\"><a href=\"https:\/\/siawso.org\/fr\/shop\/account\/\" class=\"menu-link\">Compte<\/a><\/li>\n\t<li class=\"page_item page-item-1600 menu-item\"><a href=\"https:\/\/siawso.org\/fr\/shop\/privacy-policy\/\" class=\"menu-link\">Politique de confidentialit\u00e9<\/a><\/li>\n\t<li class=\"page_item page-item-1766 menu-item\"><a href=\"https:\/\/siawso.org\/fr\/shop\/terms-conditions\/\" class=\"menu-link\">Conditions g\u00e9n\u00e9rales d'utilisation<\/a><\/li>\n<\/ul>\n<\/li>\n<li class=\"page_item page-item-14280 page_item_has_children menu-item menu-item-has-children\"><a href=\"https:\/\/siawso.org\/fr\/sia-12s\/\" class=\"menu-link\">Les 12S de SIA &amp; la Pri\u00e8re de la S\u00e9r\u00e9nit\u00e9<\/a>\n<ul class='children'>\n\t<li class=\"page_item page-item-14353 menu-item\"><a href=\"https:\/\/siawso.org\/fr\/sia-12s\/12-concepts-of-service\/\" class=\"menu-link\">Les Douze Concepts dees Services dans SIA<\/a><\/li>\n\t<li class=\"page_item page-item-14351 menu-item\"><a href=\"https:\/\/siawso.org\/fr\/sia-12s\/12-promises\/\" class=\"menu-link\">12 promesses de SIA<\/a><\/li>\n\t<li class=\"page_item page-item-14341 menu-item\"><a href=\"https:\/\/siawso.org\/fr\/sia-12s\/12-steps\/\" class=\"menu-link\">Les 12 \u00e9tapes de SIA<\/a><\/li>\n\t<li class=\"page_item page-item-14348 menu-item\"><a href=\"https:\/\/siawso.org\/fr\/sia-12s\/12-traditions-of-survivors-of-incest-anonymous\/\" class=\"menu-link\">Les 12 traditions de SIA<\/a><\/li>\n<\/ul>\n<\/li>\n<li class=\"page_item page-item-26857 menu-item\"><a href=\"https:\/\/siawso.org\/fr\/\" class=\"menu-link\">SIA Home<\/a><\/li>\n<li class=\"page_item page-item-19336 menu-item\"><a href=\"https:\/\/siawso.org\/fr\/site-map\/\" class=\"menu-link\">Plan du site<\/a><\/li>\n<li class=\"page_item page-item-25348 menu-item\"><a href=\"https:\/\/siawso.org\/fr\/newsletters\/\" class=\"menu-link\">S'abonner<\/a><\/li>\n<li class=\"page_item page-item-14127 menu-item\"><a href=\"https:\/\/siawso.org\/fr\/update-or-verify-your-meeting\/\" class=\"menu-link\">Mise \u00e0 jour ou v\u00e9rification de votre r\u00e9union<\/a><\/li>\n<li class=\"page_item page-item-19039 page_item_has_children menu-item menu-item-has-children\"><a href=\"https:\/\/siawso.org\/fr\/virtual-meetings\/\" class=\"menu-link\">Virtual Meetings &#8211; Groups<\/a>\n<ul class='children'>\n\t<li class=\"page_item page-item-19046 menu-item\"><a href=\"https:\/\/siawso.org\/fr\/virtual-meetings\/ivm\/\" class=\"menu-link\">R\u00e9unions virtuelles ind\u00e9pendantes dans SIA<\/a><\/li>\n\t<li class=\"page_item page-item-19040 page_item_has_children menu-item menu-item-has-children\"><a href=\"https:\/\/siawso.org\/fr\/virtual-meetings\/wwvm\/\" class=\"menu-link\">R\u00e9unions virtuelles \u00e0 l'\u00e9chelle mondiale<\/a>\n\t<ul class='children'>\n\t\t<li class=\"page_item page-item-26200 menu-item\"><a href=\"https:\/\/siawso.org\/fr\/virtual-meetings\/wwvm\/wwvm-gfsc-short\/\" class=\"menu-link\">WWVM Abbreviated Guidelines<\/a><\/li>\n\t\t<li class=\"page_item page-item-25790 menu-item\"><a href=\"https:\/\/siawso.org\/fr\/virtual-meetings\/wwvm\/wwvm-about\/\" class=\"menu-link\">WWVM About<\/a><\/li>\n\t\t<li class=\"page_item page-item-25903 menu-item\"><a href=\"https:\/\/siawso.org\/fr\/virtual-meetings\/wwvm\/wwvm-business\/\" class=\"menu-link\">WWVM Business Meeting Script<\/a><\/li>\n\t\t<li class=\"page_item page-item-25995 menu-item\"><a href=\"https:\/\/siawso.org\/fr\/virtual-meetings\/wwvm\/wwvm-definition\/\" class=\"menu-link\">WWVM Definition<\/a><\/li>\n\t\t<li class=\"page_item page-item-25901 menu-item\"><a href=\"https:\/\/siawso.org\/fr\/virtual-meetings\/wwvm\/wwvm-gcsc\/\" class=\"menu-link\">WWVM Group Conscience Safety Check<\/a><\/li>\n\t\t<li class=\"page_item page-item-26078 menu-item\"><a href=\"https:\/\/siawso.org\/fr\/virtual-meetings\/wwvm\/wwvm-gfss-reference\/\" class=\"menu-link\">WWVM Guidelines Reference<\/a><\/li>\n\t\t<li class=\"page_item page-item-25991 menu-item\"><a href=\"https:\/\/siawso.org\/fr\/virtual-meetings\/wwvm\/wwvm-legacy\/\" class=\"menu-link\">WWVM Legacy<\/a><\/li>\n\t\t<li class=\"page_item page-item-25899 menu-item\"><a href=\"https:\/\/siawso.org\/fr\/virtual-meetings\/wwvm\/wwvm-requirements\/\" class=\"menu-link\">WWVM Meeting Requirements<\/a><\/li>\n\t\t<li class=\"page_item page-item-25914 menu-item\"><a href=\"https:\/\/siawso.org\/fr\/virtual-meetings\/wwvm\/wwvm-application\/\" class=\"menu-link\">WWVM New Meeting Application<\/a><\/li>\n\t\t<li class=\"page_item page-item-25753 menu-item\"><a href=\"https:\/\/siawso.org\/fr\/virtual-meetings\/wwvm\/wwvm-newcomers\/\" class=\"menu-link\">WWVM Newcomers<\/a><\/li>\n\t\t<li class=\"page_item page-item-25767 menu-item\"><a href=\"https:\/\/siawso.org\/fr\/virtual-meetings\/wwvm\/wwvm-orientation\/\" class=\"menu-link\">WWVM Orientation<\/a><\/li>\n\t\t<li class=\"page_item page-item-25885 menu-item\"><a href=\"https:\/\/siawso.org\/fr\/virtual-meetings\/wwvm\/wwvm-safety-guidelines\/\" class=\"menu-link\">WWVM Safety Guidelines<\/a><\/li>\n\t\t<li class=\"page_item page-item-25897 menu-item\"><a href=\"https:\/\/siawso.org\/fr\/virtual-meetings\/wwvm\/wwvm-safety\/\" class=\"menu-link\">WWVM Safety Manual<\/a><\/li>\n\t\t<li class=\"page_item page-item-25910 menu-item\"><a href=\"https:\/\/siawso.org\/fr\/virtual-meetings\/wwvm\/wwvm-script\/\" class=\"menu-link\">WWVM Script Requirements<\/a><\/li>\n\t\t<li class=\"page_item page-item-25757 menu-item\"><a href=\"https:\/\/siawso.org\/fr\/virtual-meetings\/wwvm\/wwvm-service\/\" class=\"menu-link\">WWVM Service<\/a><\/li>\n\t\t<li class=\"page_item page-item-25996 menu-item\"><a href=\"https:\/\/siawso.org\/fr\/virtual-meetings\/wwvm\/wwvm-solution\/\" class=\"menu-link\">WWVM Solution<\/a><\/li>\n\t\t<li class=\"page_item page-item-25855 menu-item\"><a href=\"https:\/\/siawso.org\/fr\/virtual-meetings\/wwvm\/wwvm-subscribe\/\" class=\"menu-link\">WWVM Subscribe<\/a><\/li>\n\t\t<li class=\"page_item page-item-25773 menu-item\"><a href=\"https:\/\/siawso.org\/fr\/virtual-meetings\/wwvm\/wwvm-orientation-2\/\" class=\"menu-link\">WWVM Zoom<\/a><\/li>\n\t<\/ul>\n<\/li>\n<\/ul>\n<\/li>\n<li class=\"page_item page-item-14220 page_item_has_children menu-item menu-item-has-children\"><a href=\"https:\/\/siawso.org\/fr\/welcome\/\" class=\"menu-link\">Bienvenue<\/a>\n<ul class='children'>\n\t<li class=\"page_item page-item-16514 menu-item\"><a href=\"https:\/\/siawso.org\/fr\/welcome\/faq\/\" class=\"menu-link\">Questions fr\u00e9quemment pos\u00e9es<\/a><\/li>\n\t<li class=\"page_item page-item-9 menu-item\"><a href=\"https:\/\/siawso.org\/fr\/welcome\/contact\/\" class=\"menu-link\">Contact Us<\/a><\/li>\n<\/ul>\n<\/li>\n<li class=\"page_item page-item-19296 menu-item\"><a href=\"https:\/\/siawso.org\/fr\/you-are-not-alone\/\" class=\"menu-link\">Bienvenue \u00e0 SIA<\/a><\/li>\n<li class=\"page_item page-item-14053 page_item_has_children menu-item menu-item-has-children\"><a href=\"https:\/\/siawso.org\/fr\/wsc\/\" class=\"menu-link\">Conf\u00e9rence sur les services mondiaux<\/a>\n<ul class='children'>\n\t<li class=\"page_item page-item-14412 menu-item\"><a href=\"https:\/\/siawso.org\/fr\/wsc\/group-service-representative\/\" class=\"menu-link\">Repr\u00e9sentant des Services Collectifs (GSR)<\/a><\/li>\n\t<li class=\"page_item page-item-14387 menu-item\"><a href=\"https:\/\/siawso.org\/fr\/wsc\/wsc-annual-gathering\/\" class=\"menu-link\">Rassemblement Annuel de la Conf\u00e9rence des Services Mondiaux (CSM)<\/a><\/li>\n\t<li class=\"page_item page-item-14051 menu-item\"><a href=\"https:\/\/siawso.org\/fr\/wsc\/wsc-committees\/\" class=\"menu-link\">Comit\u00e9s de la Conf\u00e9rence des Services Mondiaux<\/a><\/li>\n<\/ul>\n<\/li>\n<li class=\"page_item page-item-14090 menu-item\"><a href=\"https:\/\/siawso.org\/fr\/wso\/\" class=\"menu-link\">Bureau des Services Mondiaux de SIA<\/a><\/li>\n<\/ul><\/li><\/ul>","protected":false},"excerpt":{"rendered":"","protected":false},"author":233859920,"featured_media":1161,"parent":0,"menu_order":0,"comment_status":"closed","ping_status":"closed","template":"","meta":{"_crdt_document":"","_uag_custom_page_level_css":"","site-sidebar-layout":"default","site-content-layout":"","ast-site-content-layout":"default","site-content-style":"default","site-sidebar-style":"default","ast-global-header-display":"","ast-banner-title-visibility":"","ast-main-header-display":"","ast-hfb-above-header-display":"","ast-hfb-below-header-display":"","ast-hfb-mobile-header-display":"","site-post-title":"","ast-breadcrumbs-content":"","ast-featured-img":"disabled","footer-sml-layout":"","ast-disable-related-posts":"","theme-transparent-header-meta":"","adv-header-id-meta":"","stick-header-meta":"","header-above-stick-meta":"","header-main-stick-meta":"","header-below-stick-meta":"","astra-migrate-meta-layouts":"set","ast-page-background-enabled":"default","ast-page-background-meta":{"desktop":{"background-color":"var(--ast-global-color-4)","background-image":"","background-repeat":"repeat","background-position":"center center","background-size":"auto","background-attachment":"scroll","background-type":"","background-media":"","overlay-type":"","overlay-color":"","overlay-opacity":"","overlay-gradient":""},"tablet":{"background-color":"","background-image":"","background-repeat":"repeat","background-position":"center center","background-size":"auto","background-attachment":"scroll","background-type":"","background-media":"","overlay-type":"","overlay-color":"","overlay-opacity":"","overlay-gradient":""},"mobile":{"background-color":"","background-image":"","background-repeat":"repeat","background-position":"center center","background-size":"auto","background-attachment":"scroll","background-type":"","background-media":"","overlay-type":"","overlay-color":"","overlay-opacity":"","overlay-gradient":""}},"ast-content-background-meta":{"desktop":{"background-color":"var(--ast-global-color-5)","background-image":"","background-repeat":"repeat","background-position":"center center","background-size":"auto","background-attachment":"scroll","background-type":"","background-media":"","overlay-type":"","overlay-color":"","overlay-opacity":"","overlay-gradient":""},"tablet":{"background-color":"var(--ast-global-color-5)","background-image":"","background-repeat":"repeat","background-position":"center center","background-size":"auto","background-attachment":"scroll","background-type":"","background-media":"","overlay-type":"","overlay-color":"","overlay-opacity":"","overlay-gradient":""},"mobile":{"background-color":"var(--ast-global-color-5)","background-image":"","background-repeat":"repeat","background-position":"center center","background-size":"auto","background-attachment":"scroll","background-type":"","background-media":"","overlay-type":"","overlay-color":"","overlay-opacity":"","overlay-gradient":""}},"advanced_seo_description":"","jetpack_seo_html_title":"","jetpack_seo_noindex":false,"footnotes":""},"class_list":["post-19336","page","type-page","status-publish","has-post-thumbnail","hentry"],"uagb_featured_image_src":{"full":["https:\/\/i0.wp.com\/siawso.org\/wp-content\/uploads\/images\/site-images\/7f7d9-home.jpg?fit=2400%2C1350&ssl=1",2400,1350,false],"thumbnail":["https:\/\/i0.wp.com\/siawso.org\/wp-content\/uploads\/images\/site-images\/7f7d9-home.jpg?resize=150%2C150&ssl=1",150,150,true],"medium":["https:\/\/i0.wp.com\/siawso.org\/wp-content\/uploads\/images\/site-images\/7f7d9-home.jpg?fit=300%2C169&ssl=1",300,169,true],"medium_large":["https:\/\/i0.wp.com\/siawso.org\/wp-content\/uploads\/images\/site-images\/7f7d9-home.jpg?fit=768%2C432&ssl=1",768,432,true],"large":["https:\/\/i0.wp.com\/siawso.org\/wp-content\/uploads\/images\/site-images\/7f7d9-home.jpg?fit=1024%2C576&ssl=1",1024,576,true],"1536x1536":["https:\/\/i0.wp.com\/siawso.org\/wp-content\/uploads\/images\/site-images\/7f7d9-home.jpg?fit=1536%2C864&ssl=1",1536,864,true],"2048x2048":["https:\/\/i0.wp.com\/siawso.org\/wp-content\/uploads\/images\/site-images\/7f7d9-home.jpg?fit=2048%2C1152&ssl=1",2048,1152,true],"trp-custom-language-flag":["https:\/\/i0.wp.com\/siawso.org\/wp-content\/uploads\/images\/site-images\/7f7d9-home.jpg?fit=18%2C10&ssl=1",18,10,true],"newspack-article-block-landscape-large":["https:\/\/i0.wp.com\/siawso.org\/wp-content\/uploads\/images\/site-images\/7f7d9-home.jpg?resize=1200%2C900&ssl=1",1200,900,true],"newspack-article-block-portrait-large":["https:\/\/i0.wp.com\/siawso.org\/wp-content\/uploads\/images\/site-images\/7f7d9-home.jpg?resize=900%2C1200&ssl=1",900,1200,true],"newspack-article-block-square-large":["https:\/\/i0.wp.com\/siawso.org\/wp-content\/uploads\/images\/site-images\/7f7d9-home.jpg?resize=1200%2C1200&ssl=1",1200,1200,true],"newspack-article-block-landscape-medium":["https:\/\/i0.wp.com\/siawso.org\/wp-content\/uploads\/images\/site-images\/7f7d9-home.jpg?resize=800%2C600&ssl=1",800,600,true],"newspack-article-block-portrait-medium":["https:\/\/i0.wp.com\/siawso.org\/wp-content\/uploads\/images\/site-images\/7f7d9-home.jpg?resize=600%2C800&ssl=1",600,800,true],"newspack-article-block-square-medium":["https:\/\/i0.wp.com\/siawso.org\/wp-content\/uploads\/images\/site-images\/7f7d9-home.jpg?resize=800%2C800&ssl=1",800,800,true],"newspack-article-block-landscape-intermediate":["https:\/\/i0.wp.com\/siawso.org\/wp-content\/uploads\/images\/site-images\/7f7d9-home.jpg?resize=600%2C450&ssl=1",600,450,true],"newspack-article-block-portrait-intermediate":["https:\/\/i0.wp.com\/siawso.org\/wp-content\/uploads\/images\/site-images\/7f7d9-home.jpg?resize=450%2C600&ssl=1",450,600,true],"newspack-article-block-square-intermediate":["https:\/\/i0.wp.com\/siawso.org\/wp-content\/uploads\/images\/site-images\/7f7d9-home.jpg?resize=600%2C600&ssl=1",600,600,true],"newspack-article-block-landscape-small":["https:\/\/i0.wp.com\/siawso.org\/wp-content\/uploads\/images\/site-images\/7f7d9-home.jpg?resize=400%2C300&ssl=1",400,300,true],"newspack-article-block-portrait-small":["https:\/\/i0.wp.com\/siawso.org\/wp-content\/uploads\/images\/site-images\/7f7d9-home.jpg?resize=300%2C400&ssl=1",300,400,true],"newspack-article-block-square-small":["https:\/\/i0.wp.com\/siawso.org\/wp-content\/uploads\/images\/site-images\/7f7d9-home.jpg?resize=400%2C400&ssl=1",400,400,true],"newspack-article-block-landscape-tiny":["https:\/\/i0.wp.com\/siawso.org\/wp-content\/uploads\/images\/site-images\/7f7d9-home.jpg?resize=200%2C150&ssl=1",200,150,true],"newspack-article-block-portrait-tiny":["https:\/\/i0.wp.com\/siawso.org\/wp-content\/uploads\/images\/site-images\/7f7d9-home.jpg?resize=150%2C200&ssl=1",150,200,true],"newspack-article-block-square-tiny":["https:\/\/i0.wp.com\/siawso.org\/wp-content\/uploads\/images\/site-images\/7f7d9-home.jpg?resize=200%2C200&ssl=1",200,200,true],"newspack-article-block-uncropped":["https:\/\/i0.wp.com\/siawso.org\/wp-content\/uploads\/images\/site-images\/7f7d9-home.jpg?fit=1200%2C675&ssl=1",1200,675,true],"woocommerce_thumbnail":["https:\/\/i0.wp.com\/siawso.org\/wp-content\/uploads\/images\/site-images\/7f7d9-home.jpg?resize=1%2C1&ssl=1",1,1,true],"woocommerce_single":["https:\/\/i0.wp.com\/siawso.org\/wp-content\/uploads\/images\/site-images\/7f7d9-home.jpg?fit=1%2C1&ssl=1",1,1,true],"woocommerce_gallery_thumbnail":["https:\/\/i0.wp.com\/siawso.org\/wp-content\/uploads\/images\/site-images\/7f7d9-home.jpg?resize=100%2C100&ssl=1",100,100,true]},"uagb_author_info":{"display_name":"melaniessiawsoorg","author_link":"https:\/\/siawso.org\/fr\/author\/melaniessiawsoorg\/"},"uagb_comment_info":0,"uagb_excerpt":null,"jetpack_sharing_enabled":true,"jetpack_shortlink":"https:\/\/wp.me\/PeJ0hQ-51S","_links":{"self":[{"href":"https:\/\/siawso.org\/fr\/wp-json\/wp\/v2\/pages\/19336","targetHints":{"allow":["GET"]}}],"collection":[{"href":"https:\/\/siawso.org\/fr\/wp-json\/wp\/v2\/pages"}],"about":[{"href":"https:\/\/siawso.org\/fr\/wp-json\/wp\/v2\/types\/page"}],"author":[{"embeddable":true,"href":"https:\/\/siawso.org\/fr\/wp-json\/wp\/v2\/users\/233859920"}],"replies":[{"embeddable":true,"href":"https:\/\/siawso.org\/fr\/wp-json\/wp\/v2\/comments?post=19336"}],"version-history":[{"count":2,"href":"https:\/\/siawso.org\/fr\/wp-json\/wp\/v2\/pages\/19336\/revisions"}],"predecessor-version":[{"id":19338,"href":"https:\/\/siawso.org\/fr\/wp-json\/wp\/v2\/pages\/19336\/revisions\/19338"}],"wp:featuredmedia":[{"embeddable":true,"href":"https:\/\/siawso.org\/fr\/wp-json\/wp\/v2\/media\/1161"}],"wp:attachment":[{"href":"https:\/\/siawso.org\/fr\/wp-json\/wp\/v2\/media?parent=19336"}],"curies":[{"name":"wp","href":"https:\/\/api.w.org\/{rel}","templated":true}]}}