

{"id":19296,"date":"2024-10-27T17:00:06","date_gmt":"2024-10-27T21:00:06","guid":{"rendered":"https:\/\/siawso.org\/?page_id=19296"},"modified":"2026-01-28T13:05:32","modified_gmt":"2026-01-28T18:05:32","slug":"you-are-not-alone","status":"publish","type":"page","link":"https:\/\/siawso.org\/fr\/you-are-not-alone\/","title":{"rendered":"Bienvenue \u00e0 SIA"},"content":{"rendered":"<h1 class=\"wp-block-heading has-text-align-center\">Vous n'\u00eates pas seul(e)<\/h1>\n\n\n\n<p class=\"wp-block-paragraph\"><br><strong>Bienvenue<\/strong><br>Nous vous souhaitons la bienvenue sur le site Internet du Bureau des Services Mondiaux des Survivants de l'Inceste Anonymes. Ce site est une ressource pour les survivants d'abus sexuels dans l'enfance qui cherchent \u00e0 gu\u00e9rir et \u00e0 se r\u00e9tablir. Comme nous le disons dans nos r\u00e9unions, nous esp\u00e9rons que vous trouverez l'espoir, la camaraderie et le r\u00e9tablissement que nous avons eu le privil\u00e8ge de conna\u00eetre. Nous voulons que vous sachiez que vous n'\u00eates pas \u00e0 bl\u00e2mer et, surtout, que vous n'\u00eates pas seul. Nous connaissons votre douleur. Pourtant, nous avons pris conscience que notre douleur est temporaire et que si l'un d'entre nous peut se r\u00e9tablir, nous pouvons tous le faire !<br><br><strong>Vous n'\u00eates pas seul(e)<\/strong><br>Notre exp\u00e9rience nous a appris que la gu\u00e9rison du traumatisme caus\u00e9 par les abus sexuels subis par les enfants commence par l'\u00e9coute et la discussion avec d'autres personnes qui ont \u00e9t\u00e9 confront\u00e9es \u00e0 des exp\u00e9riences similaires. Notre confiance en soi s'acquiert en interagissant avec d'autres personnes et en observant comment chacune d'entre elles r\u00e9agit au d\u00e9fi qui lui est pos\u00e9. Plus ces personnes et ces d\u00e9fis sont similaires aux n\u00f4tres et \u00e0 ceux auxquels nous sommes confront\u00e9s, plus la gu\u00e9rison est importante. \u00c0 SIA, beaucoup d'entre nous ont d\u00e9couvert, pour la premi\u00e8re fois, qu'ils n'\u00e9taient pas seuls \u00e0 se battre. Pour ces raisons et bien d'autres encore, les Survivants de l'Inceste Anonymes mettent l'accent sur l'importance de la fraternit\u00e9 dans le processus de r\u00e9tablissement. Nous proposons diff\u00e9rents moyens de vous connecter et de vous engager avec la communaut\u00e9 des personnes en convalescence dans le cadre de SIA. Nous vous encourageons \u00e0 les explorer tous et esp\u00e9rons que vous trouverez ce qui vous convient le mieux dans votre parcours. Que vous souhaitiez partager votre exp\u00e9rience avec d'autres survivants lors de r\u00e9unions de groupe hebdomadaires, vous connecter \u00e0 un intergroupe r\u00e9gional ou participer \u00e0 l'une de nos retraites ou conf\u00e9rences, nous souhaitons que vous d\u00e9couvriez un environnement s\u00fbr, accueillant et encourageant. Chacun d'entre nous, en tant que membre SIA, s'efforce de maintenir notre fraternit\u00e9 en bonne sant\u00e9 en comprenant les limites de SIA et de nos 12 Traditions.<br><br><strong>\u00c0 propos de SIA<\/strong><br>Nous proposons un programme spirituel d'entraide \u00e0 des femmes et des hommes \u00e2g\u00e9s de 18 ans ou plus, guid\u00e9s par un ensemble de 12 \u00e9tapes sugg\u00e9r\u00e9es et de 12 traditions, ainsi que par nos slogans et la pri\u00e8re de la s\u00e9r\u00e9nit\u00e9.\nCr\u00e9\u00e9 en 1982, SIA est un programme de r\u00e9tablissement en 12 \u00e9tapes, bas\u00e9 sur l'entraide et inspir\u00e9 des Alcooliques Anonymes.\nAucune cotisation ni aucun frais ne sont exig\u00e9s pour nos r\u00e9unions.<br><br><em>Nous esp\u00e9rons que vous trouverez dans SIA un soutien dans votre parcours de gu\u00e9rison du traumatisme d'avoir \u00e9t\u00e9 abus\u00e9 sexuellement par une personne de confiance lorsque vous \u00e9tiez enfant.  Le r\u00e9tablissement est difficile, mais nous savons maintenant que nous ne sommes pas \u00e0 bl\u00e2mer et que nous ne sommes pas seuls.<\/em><br><br><strong>Voici quelques avantages que nous avons tir\u00e9s de la camaraderie et du soutien par les pairs :<\/strong><br>D\u00e9velopper de nouvelles amiti\u00e9s avec des personnes s\u00fbres qui partagent notre exp\u00e9rience<br>Aider les autres comme on s'aide soi-m\u00eame<br>Prendre confiance en soi<br>Se sentir plus ma\u00eetre de sa vie<br>Moins d'anxi\u00e9t\u00e9 et de peur<br>Partager des exp\u00e9riences avec d'autres<br>Sentiment de ne plus \u00eatre seul<br>Apprendre de nouvelles comp\u00e9tences pour faire face et am\u00e9liorer notre vie<br>Obtenir du soutien et de l'espoir de la part d'autres personnes confront\u00e9es \u00e0 des exp\u00e9riences similaires<br><br><strong>D\u00e9claration de mission<\/strong><br>Nous donnons des moyens \u00e0 ceux qui ont surv\u00e9cu \u00e0 des abus sexuels dans l'enfance (qui n'abusent d'aucun enfant) et qui veulent devenir des survivants et des prosp\u00e8res. <br><br><strong>SIA Objectifs<\/strong><br>Encourager, aider et servir les survivants d'abus sexuels sur enfants et d'inceste \u00e0 faire face aux cons\u00e9quences de ces abus ;<br>Diffuser des informations \u00e0 ce sujet ; et<br>Conduire et participer \u00e0 des services qui aident les survivants \u00e0 faire face aux probl\u00e8mes qui leur sont li\u00e9s.<br><\/p>","protected":false},"excerpt":{"rendered":"<p>You Are Not Alone WelcomeWe welcome you to the internet presence of the Survivors of Incest Anonymous World Service Office. [&hellip;]<\/p>\n","protected":false},"author":233859920,"featured_media":25123,"parent":0,"menu_order":0,"comment_status":"closed","ping_status":"closed","template":"","meta":{"_crdt_document":"","_uag_custom_page_level_css":"","site-sidebar-layout":"no-sidebar","site-content-layout":null,"ast-site-content-layout":"normal-width-container","site-content-style":"unboxed","site-sidebar-style":"default","ast-global-header-display":"","ast-banner-title-visibility":"","ast-main-header-display":"","ast-hfb-above-header-display":"","ast-hfb-below-header-display":null,"ast-hfb-mobile-header-display":"","site-post-title":"","ast-breadcrumbs-content":null,"ast-featured-img":"","footer-sml-layout":"","ast-disable-related-posts":"","theme-transparent-header-meta":"","adv-header-id-meta":"","stick-header-meta":"","header-above-stick-meta":"","header-main-stick-meta":"","header-below-stick-meta":null,"astra-migrate-meta-layouts":"set","ast-page-background-enabled":"enabled","ast-page-background-meta":{"desktop":{"background-color":"","background-image":"","background-repeat":"repeat","background-position":"center center","background-size":"auto","background-attachment":"scroll","background-type":"color","background-media":"","overlay-type":"","overlay-color":"","overlay-opacity":"","overlay-gradient":""},"tablet":{"background-color":"","background-image":"","background-repeat":"repeat","background-position":"center center","background-size":"auto","background-attachment":"scroll","background-type":"","background-media":"","overlay-type":"","overlay-color":"","overlay-opacity":"","overlay-gradient":""},"mobile":{"background-color":"","background-image":"","background-repeat":"repeat","background-position":"center center","background-size":"auto","background-attachment":"scroll","background-type":"","background-media":"","overlay-type":"","overlay-color":"","overlay-opacity":"","overlay-gradient":""}},"ast-content-background-meta":{"desktop":{"background-color":"var(--ast-global-color-5)","background-image":"","background-repeat":"repeat","background-position":"center center","background-size":"auto","background-attachment":"scroll","background-type":"color","background-media":"","overlay-type":"","overlay-color":"","overlay-opacity":"","overlay-gradient":""},"tablet":{"background-color":"var(--ast-global-color-5)","background-image":"","background-repeat":"repeat","background-position":"center center","background-size":"auto","background-attachment":"scroll","background-type":"color","background-media":"","overlay-type":"","overlay-color":"","overlay-opacity":"","overlay-gradient":""},"mobile":{"background-color":"var(--ast-global-color-5)","background-image":"","background-repeat":"repeat","background-position":"center center","background-size":"auto","background-attachment":"scroll","background-type":"color","background-media":"","overlay-type":"","overlay-color":"","overlay-opacity":"","overlay-gradient":""}},"advanced_seo_description":"","jetpack_seo_html_title":"","jetpack_seo_noindex":false,"footnotes":""},"class_list":["post-19296","page","type-page","status-publish","has-post-thumbnail","hentry"],"uagb_featured_image_src":{"full":["https:\/\/i0.wp.com\/siawso.org\/wp-content\/uploads\/images\/site-images\/sia_tree_banner.jpg?fit=2400%2C780&ssl=1",2400,780,false],"thumbnail":["https:\/\/i0.wp.com\/siawso.org\/wp-content\/uploads\/images\/site-images\/sia_tree_banner.jpg?resize=150%2C150&ssl=1",150,150,true],"medium":["https:\/\/i0.wp.com\/siawso.org\/wp-content\/uploads\/images\/site-images\/sia_tree_banner.jpg?fit=300%2C98&ssl=1",300,98,true],"medium_large":["https:\/\/i0.wp.com\/siawso.org\/wp-content\/uploads\/images\/site-images\/sia_tree_banner.jpg?fit=768%2C250&ssl=1",768,250,true],"large":["https:\/\/i0.wp.com\/siawso.org\/wp-content\/uploads\/images\/site-images\/sia_tree_banner.jpg?fit=1024%2C333&ssl=1",1024,333,true],"1536x1536":["https:\/\/i0.wp.com\/siawso.org\/wp-content\/uploads\/images\/site-images\/sia_tree_banner.jpg?fit=1536%2C499&ssl=1",1536,499,true],"2048x2048":["https:\/\/i0.wp.com\/siawso.org\/wp-content\/uploads\/images\/site-images\/sia_tree_banner.jpg?fit=2048%2C666&ssl=1",2048,666,true],"trp-custom-language-flag":["https:\/\/i0.wp.com\/siawso.org\/wp-content\/uploads\/images\/site-images\/sia_tree_banner.jpg?fit=18%2C6&ssl=1",18,6,true],"newspack-article-block-landscape-large":["https:\/\/i0.wp.com\/siawso.org\/wp-content\/uploads\/images\/site-images\/sia_tree_banner.jpg?resize=1200%2C780&ssl=1",1200,780,true],"newspack-article-block-portrait-large":["https:\/\/i0.wp.com\/siawso.org\/wp-content\/uploads\/images\/site-images\/sia_tree_banner.jpg?resize=900%2C780&ssl=1",900,780,true],"newspack-article-block-square-large":["https:\/\/i0.wp.com\/siawso.org\/wp-content\/uploads\/images\/site-images\/sia_tree_banner.jpg?resize=1200%2C780&ssl=1",1200,780,true],"newspack-article-block-landscape-medium":["https:\/\/i0.wp.com\/siawso.org\/wp-content\/uploads\/images\/site-images\/sia_tree_banner.jpg?resize=800%2C600&ssl=1",800,600,true],"newspack-article-block-portrait-medium":["https:\/\/i0.wp.com\/siawso.org\/wp-content\/uploads\/images\/site-images\/sia_tree_banner.jpg?resize=600%2C780&ssl=1",600,780,true],"newspack-article-block-square-medium":["https:\/\/i0.wp.com\/siawso.org\/wp-content\/uploads\/images\/site-images\/sia_tree_banner.jpg?resize=800%2C780&ssl=1",800,780,true],"newspack-article-block-landscape-intermediate":["https:\/\/i0.wp.com\/siawso.org\/wp-content\/uploads\/images\/site-images\/sia_tree_banner.jpg?resize=600%2C450&ssl=1",600,450,true],"newspack-article-block-portrait-intermediate":["https:\/\/i0.wp.com\/siawso.org\/wp-content\/uploads\/images\/site-images\/sia_tree_banner.jpg?resize=450%2C600&ssl=1",450,600,true],"newspack-article-block-square-intermediate":["https:\/\/i0.wp.com\/siawso.org\/wp-content\/uploads\/images\/site-images\/sia_tree_banner.jpg?resize=600%2C600&ssl=1",600,600,true],"newspack-article-block-landscape-small":["https:\/\/i0.wp.com\/siawso.org\/wp-content\/uploads\/images\/site-images\/sia_tree_banner.jpg?resize=400%2C300&ssl=1",400,300,true],"newspack-article-block-portrait-small":["https:\/\/i0.wp.com\/siawso.org\/wp-content\/uploads\/images\/site-images\/sia_tree_banner.jpg?resize=300%2C400&ssl=1",300,400,true],"newspack-article-block-square-small":["https:\/\/i0.wp.com\/siawso.org\/wp-content\/uploads\/images\/site-images\/sia_tree_banner.jpg?resize=400%2C400&ssl=1",400,400,true],"newspack-article-block-landscape-tiny":["https:\/\/i0.wp.com\/siawso.org\/wp-content\/uploads\/images\/site-images\/sia_tree_banner.jpg?resize=200%2C150&ssl=1",200,150,true],"newspack-article-block-portrait-tiny":["https:\/\/i0.wp.com\/siawso.org\/wp-content\/uploads\/images\/site-images\/sia_tree_banner.jpg?resize=150%2C200&ssl=1",150,200,true],"newspack-article-block-square-tiny":["https:\/\/i0.wp.com\/siawso.org\/wp-content\/uploads\/images\/site-images\/sia_tree_banner.jpg?resize=200%2C200&ssl=1",200,200,true],"newspack-article-block-uncropped":["https:\/\/i0.wp.com\/siawso.org\/wp-content\/uploads\/images\/site-images\/sia_tree_banner.jpg?fit=1200%2C390&ssl=1",1200,390,true],"woocommerce_thumbnail":["https:\/\/i0.wp.com\/siawso.org\/wp-content\/uploads\/images\/site-images\/sia_tree_banner.jpg?resize=1%2C1&ssl=1",1,1,true],"woocommerce_single":["https:\/\/i0.wp.com\/siawso.org\/wp-content\/uploads\/images\/site-images\/sia_tree_banner.jpg?fit=1%2C1&ssl=1",1,1,true],"woocommerce_gallery_thumbnail":["https:\/\/i0.wp.com\/siawso.org\/wp-content\/uploads\/images\/site-images\/sia_tree_banner.jpg?resize=100%2C100&ssl=1",100,100,true]},"uagb_author_info":{"display_name":"melaniessiawsoorg","author_link":"https:\/\/siawso.org\/fr\/author\/melaniessiawsoorg\/"},"uagb_comment_info":0,"uagb_excerpt":"You Are Not Alone WelcomeWe welcome you to the internet presence of the Survivors of Incest Anonymous World Service Office. [&hellip;]","jetpack_sharing_enabled":true,"jetpack_shortlink":"https:\/\/wp.me\/PeJ0hQ-51e","_links":{"self":[{"href":"https:\/\/siawso.org\/fr\/wp-json\/wp\/v2\/pages\/19296","targetHints":{"allow":["GET"]}}],"collection":[{"href":"https:\/\/siawso.org\/fr\/wp-json\/wp\/v2\/pages"}],"about":[{"href":"https:\/\/siawso.org\/fr\/wp-json\/wp\/v2\/types\/page"}],"author":[{"embeddable":true,"href":"https:\/\/siawso.org\/fr\/wp-json\/wp\/v2\/users\/233859920"}],"replies":[{"embeddable":true,"href":"https:\/\/siawso.org\/fr\/wp-json\/wp\/v2\/comments?post=19296"}],"version-history":[{"count":12,"href":"https:\/\/siawso.org\/fr\/wp-json\/wp\/v2\/pages\/19296\/revisions"}],"predecessor-version":[{"id":26389,"href":"https:\/\/siawso.org\/fr\/wp-json\/wp\/v2\/pages\/19296\/revisions\/26389"}],"wp:featuredmedia":[{"embeddable":true,"href":"https:\/\/siawso.org\/fr\/wp-json\/wp\/v2\/media\/25123"}],"wp:attachment":[{"href":"https:\/\/siawso.org\/fr\/wp-json\/wp\/v2\/media?parent=19296"}],"curies":[{"name":"wp","href":"https:\/\/api.w.org\/{rel}","templated":true}]}}