

{"id":1766,"date":"2018-01-03T22:19:18","date_gmt":"2018-01-04T03:19:18","guid":{"rendered":"http:\/\/localhost\/wordpress-siawso\/?page_id=1766"},"modified":"2026-02-20T15:47:56","modified_gmt":"2026-02-20T20:47:56","slug":"terms-conditions","status":"publish","type":"page","link":"https:\/\/siawso.org\/fr\/shop\/terms-conditions\/","title":{"rendered":"Conditions g\u00e9n\u00e9rales d'utilisation"},"content":{"rendered":"<h1>SIA\u00a0Terms &amp; Conditions<\/h1>\n<p style=\"margin-bottom: 20px; color: #5c6668; font-size: 16px; font-style: normal; font-weight: 400;\">Conform\u00e9ment aux Traditions Dix, Onze et Douze, le Bureau Mondial des Services des Survivants de l'Inceste Anonymes (SIA) respecte l'anonymat de tous ses membres. Les Survivants de l'Inceste Anonymes ne prennent pas position sur les questions ext\u00e9rieures\u00a0; par cons\u00e9quent, leur nom ne doit jamais \u00eatre m\u00eal\u00e9 \u00e0 des controverses publiques. Notre politique de relations publiques privil\u00e9gie l'attraction \u00e0 la promotion\u00a0; nous devons donc pr\u00e9server l'anonymat de chacun dans la presse, \u00e0 la radio, \u00e0 la t\u00e9l\u00e9vision, au cin\u00e9ma et sur Internet.<\/p>\n<ul style=\"color: #5c6668; font-size: 16px; font-style: normal; font-weight: 400;\">\n<li>L'anonymat est le fondement spirituel de toutes nos Traditions, nous rappelant toujours de placer les principes avant les personnalit\u00e9s.<\/li>\n<li>Le texte ne peut \u00eatre reproduit, stock\u00e9 dans, introduit dans un syst\u00e8me de r\u00e9cup\u00e9ration, ni transmis sous quelque forme que ce soit et par quelque moyen que ce soit \u2014 \u00e9lectronique, m\u00e9canique, photocopie, enregistrement ou autre \u2014 sans l'autorisation \u00e9crite expresse pr\u00e9alable de SIAWSO, Inc.<\/li>\n<li>Les liens vers des fournisseurs tiers de documentation SIA sont fournis \u00e0 titre informatif uniquement et ne constituent pas une approbation des fournisseurs de m\u00e9dias \u00e9lectroniques, des lecteurs ou d'autres produits vendus par les fournisseurs de m\u00e9dias \u00e9lectroniques.<\/li>\n<li>Personne ne peut se pr\u00e9senter lui-m\u00eame ou son groupe comme SIA WSO sans autorisation \u00e9crite pr\u00e9alable de SIAWSO, Inc.<\/li>\n<\/ul>","protected":false},"excerpt":{"rendered":"<p>SIA\u00a0Terms &amp; Conditions In keeping with Traditions Ten, Eleven and Twelve, Survivors of Incest Anonymous World Service Office respects the [&hellip;]<\/p>\n","protected":false},"author":233859920,"featured_media":0,"parent":13943,"menu_order":0,"comment_status":"closed","ping_status":"closed","template":"","meta":{"_crdt_document":"","_uag_custom_page_level_css":"","site-sidebar-layout":"no-sidebar","site-content-layout":"","ast-site-content-layout":"normal-width-container","site-content-style":"unboxed","site-sidebar-style":"default","ast-global-header-display":"","ast-banner-title-visibility":"","ast-main-header-display":"","ast-hfb-above-header-display":"","ast-hfb-below-header-display":"","ast-hfb-mobile-header-display":"","site-post-title":"","ast-breadcrumbs-content":"","ast-featured-img":"","footer-sml-layout":"","ast-disable-related-posts":"","theme-transparent-header-meta":"","adv-header-id-meta":"","stick-header-meta":"","header-above-stick-meta":"","header-main-stick-meta":"","header-below-stick-meta":"","astra-migrate-meta-layouts":"set","ast-page-background-enabled":"default","ast-page-background-meta":{"desktop":{"background-color":"var(--ast-global-color-4)","background-image":"","background-repeat":"repeat","background-position":"center center","background-size":"auto","background-attachment":"scroll","background-type":"","background-media":"","overlay-type":"","overlay-color":"","overlay-opacity":"","overlay-gradient":""},"tablet":{"background-color":"","background-image":"","background-repeat":"repeat","background-position":"center center","background-size":"auto","background-attachment":"scroll","background-type":"","background-media":"","overlay-type":"","overlay-color":"","overlay-opacity":"","overlay-gradient":""},"mobile":{"background-color":"","background-image":"","background-repeat":"repeat","background-position":"center center","background-size":"auto","background-attachment":"scroll","background-type":"","background-media":"","overlay-type":"","overlay-color":"","overlay-opacity":"","overlay-gradient":""}},"ast-content-background-meta":{"desktop":{"background-color":"var(--ast-global-color-5)","background-image":"","background-repeat":"repeat","background-position":"center center","background-size":"auto","background-attachment":"scroll","background-type":"","background-media":"","overlay-type":"","overlay-color":"","overlay-opacity":"","overlay-gradient":""},"tablet":{"background-color":"var(--ast-global-color-5)","background-image":"","background-repeat":"repeat","background-position":"center center","background-size":"auto","background-attachment":"scroll","background-type":"","background-media":"","overlay-type":"","overlay-color":"","overlay-opacity":"","overlay-gradient":""},"mobile":{"background-color":"var(--ast-global-color-5)","background-image":"","background-repeat":"repeat","background-position":"center center","background-size":"auto","background-attachment":"scroll","background-type":"","background-media":"","overlay-type":"","overlay-color":"","overlay-opacity":"","overlay-gradient":""}},"advanced_seo_description":"","jetpack_seo_html_title":"","jetpack_seo_noindex":false,"footnotes":""},"class_list":["post-1766","page","type-page","status-publish","hentry"],"uagb_featured_image_src":{"full":false,"thumbnail":false,"medium":false,"medium_large":false,"large":false,"1536x1536":false,"2048x2048":false,"trp-custom-language-flag":false,"newspack-article-block-landscape-large":false,"newspack-article-block-portrait-large":false,"newspack-article-block-square-large":false,"newspack-article-block-landscape-medium":false,"newspack-article-block-portrait-medium":false,"newspack-article-block-square-medium":false,"newspack-article-block-landscape-intermediate":false,"newspack-article-block-portrait-intermediate":false,"newspack-article-block-square-intermediate":false,"newspack-article-block-landscape-small":false,"newspack-article-block-portrait-small":false,"newspack-article-block-square-small":false,"newspack-article-block-landscape-tiny":false,"newspack-article-block-portrait-tiny":false,"newspack-article-block-square-tiny":false,"newspack-article-block-uncropped":false,"woocommerce_thumbnail":false,"woocommerce_single":false,"woocommerce_gallery_thumbnail":false},"uagb_author_info":{"display_name":"melaniessiawsoorg","author_link":"https:\/\/siawso.org\/fr\/author\/melaniessiawsoorg\/"},"uagb_comment_info":0,"uagb_excerpt":"SIA\u00a0Terms &amp; Conditions In keeping with Traditions Ten, Eleven and Twelve, Survivors of Incest Anonymous World Service Office respects the [&hellip;]","jetpack_sharing_enabled":true,"jetpack_shortlink":"https:\/\/wp.me\/PeJ0hQ-su","_links":{"self":[{"href":"https:\/\/siawso.org\/fr\/wp-json\/wp\/v2\/pages\/1766","targetHints":{"allow":["GET"]}}],"collection":[{"href":"https:\/\/siawso.org\/fr\/wp-json\/wp\/v2\/pages"}],"about":[{"href":"https:\/\/siawso.org\/fr\/wp-json\/wp\/v2\/types\/page"}],"author":[{"embeddable":true,"href":"https:\/\/siawso.org\/fr\/wp-json\/wp\/v2\/users\/233859920"}],"replies":[{"embeddable":true,"href":"https:\/\/siawso.org\/fr\/wp-json\/wp\/v2\/comments?post=1766"}],"version-history":[{"count":7,"href":"https:\/\/siawso.org\/fr\/wp-json\/wp\/v2\/pages\/1766\/revisions"}],"predecessor-version":[{"id":27283,"href":"https:\/\/siawso.org\/fr\/wp-json\/wp\/v2\/pages\/1766\/revisions\/27283"}],"up":[{"embeddable":true,"href":"https:\/\/siawso.org\/fr\/wp-json\/wp\/v2\/pages\/13943"}],"wp:attachment":[{"href":"https:\/\/siawso.org\/fr\/wp-json\/wp\/v2\/media?parent=1766"}],"curies":[{"name":"wp","href":"https:\/\/api.w.org\/{rel}","templated":true}]}}