

{"id":1600,"date":"2018-01-03T17:55:42","date_gmt":"2018-01-03T22:55:42","guid":{"rendered":"http:\/\/localhost\/wordpress-siawso\/?page_id=1600"},"modified":"2025-10-05T23:19:43","modified_gmt":"2025-10-06T03:19:43","slug":"privacy-policy","status":"publish","type":"page","link":"https:\/\/siawso.org\/fr\/shop\/privacy-policy\/","title":{"rendered":"Politique de confidentialit\u00e9"},"content":{"rendered":"<h1 class=\"wp-block-heading\">&nbsp;<\/h1>\n\n\n\n<h2 class=\"wp-block-heading\">SIA Politique de confidentialit\u00e9<\/h2>\n\n\n\n<p class=\"wp-block-paragraph\"><strong>Survivants de l'inceste anonymes (SIAWSO) respecte votre vie priv\u00e9e<\/strong><br>SIAWSO fournit cette d\u00e9claration de confidentialit\u00e9 pour vous informer de sa politique et de ses pratiques en mati\u00e8re de confidentialit\u00e9, ainsi que de la mani\u00e8re dont vos informations sont collect\u00e9es en ligne et utilis\u00e9es. Nous avons structur\u00e9 nos sites web de mani\u00e8re \u00e0 ce que vous puissiez visiter SIAWSO sur le web sans avoir \u00e0 vous identifier ou \u00e0 r\u00e9v\u00e9ler des informations personnelles. Cet avis est facilement accessible sur notre site public, nos filiales et notre panier d'achat. Notre politique s'applique \u00e0 tous les domaines appartenant \u00e0 SIAWSO et au panier d'achat. Cette politique s'applique \u00e9galement \u00e0 toutes les filiales (\u201csous-domaines de SIAWSO\u201d).<br><br><strong>Pr\u00e9server la s\u00e9curit\u00e9 de vos informations<\/strong><br>SIAWSO s'engage \u00e0 prot\u00e9ger les informations que vous lui fournissez. Afin d'emp\u00eacher tout acc\u00e8s ou toute divulgation non autoris\u00e9s, de pr\u00e9server l'exactitude des donn\u00e9es et de garantir l'utilisation appropri\u00e9e des informations, SIAWSO a mis en place des proc\u00e9dures physiques et administratives appropri\u00e9es pour prot\u00e9ger les informations qu'elle recueille.<br><br><a href=\"https:\/\/www.paypal.com\/us\/legalhub\/privacy-full\">PayPal<\/a>, <a href=\"https:\/\/woocommerce.com\/document\/woopayments\/our-policies\/\">WooCommerce<\/a>, et <a href=\"https:\/\/stripe.com\/privacy\">Rayure<\/a> sont utilis\u00e9s pour traiter les transactions par carte de cr\u00e9dit, carte de d\u00e9bit et autres paiements. Chacun d'entre eux poss\u00e8de sa propre d\u00e9claration de confidentialit\u00e9. Les informations personnelles sont collect\u00e9es dans le panier d'achat pour l'acc\u00e8s aux t\u00e9l\u00e9chargements et la facturation, et rien d'autre. SIAWSO ne partage aucune information personnelle avec des tiers.<br><br><strong>Modifications de la pr\u00e9sente d\u00e9claration<\/strong><br>Nous pouvons occasionnellement apporter des modifications ou des mises \u00e0 jour \u00e0 la pr\u00e9sente d\u00e9claration de confidentialit\u00e9. Nous vous encourageons \u00e0 consulter r\u00e9guli\u00e8rement la pr\u00e9sente d\u00e9claration de confidentialit\u00e9 afin de rester inform\u00e9 de la mani\u00e8re dont nous contribuons \u00e0 prot\u00e9ger vos informations personnelles.<\/p>\n\n\n\n<h4 class=\"wp-block-heading\"><\/h4>\n\n\n\n<p class=\"wp-block-paragraph\"><\/p>","protected":false},"excerpt":{"rendered":"<p>&nbsp; SIA Privacy Policy Survivors of Incest Anonymous (SIAWSO) respects your privacySIAWSO provides this Privacy Statement to inform you of [&hellip;]<\/p>\n","protected":false},"author":233859920,"featured_media":0,"parent":13943,"menu_order":0,"comment_status":"closed","ping_status":"closed","template":"","meta":{"_crdt_document":"","_uag_custom_page_level_css":"","site-sidebar-layout":"no-sidebar","site-content-layout":"","ast-site-content-layout":"normal-width-container","site-content-style":"unboxed","site-sidebar-style":"unboxed","ast-global-header-display":"","ast-banner-title-visibility":"","ast-main-header-display":"","ast-hfb-above-header-display":"","ast-hfb-below-header-display":"","ast-hfb-mobile-header-display":"","site-post-title":"","ast-breadcrumbs-content":"","ast-featured-img":"","footer-sml-layout":"","ast-disable-related-posts":"","theme-transparent-header-meta":"default","adv-header-id-meta":"","stick-header-meta":"default","header-above-stick-meta":"","header-main-stick-meta":"","header-below-stick-meta":"","astra-migrate-meta-layouts":"set","ast-page-background-enabled":"default","ast-page-background-meta":{"desktop":{"background-color":"var(--ast-global-color-4)","background-image":"","background-repeat":"repeat","background-position":"center center","background-size":"auto","background-attachment":"scroll","background-type":"","background-media":"","overlay-type":"","overlay-color":"","overlay-opacity":"","overlay-gradient":""},"tablet":{"background-color":"","background-image":"","background-repeat":"repeat","background-position":"center center","background-size":"auto","background-attachment":"scroll","background-type":"","background-media":"","overlay-type":"","overlay-color":"","overlay-opacity":"","overlay-gradient":""},"mobile":{"background-color":"","background-image":"","background-repeat":"repeat","background-position":"center center","background-size":"auto","background-attachment":"scroll","background-type":"","background-media":"","overlay-type":"","overlay-color":"","overlay-opacity":"","overlay-gradient":""}},"ast-content-background-meta":{"desktop":{"background-color":"var(--ast-global-color-5)","background-image":"","background-repeat":"repeat","background-position":"center center","background-size":"auto","background-attachment":"scroll","background-type":"","background-media":"","overlay-type":"","overlay-color":"","overlay-opacity":"","overlay-gradient":""},"tablet":{"background-color":"var(--ast-global-color-5)","background-image":"","background-repeat":"repeat","background-position":"center center","background-size":"auto","background-attachment":"scroll","background-type":"","background-media":"","overlay-type":"","overlay-color":"","overlay-opacity":"","overlay-gradient":""},"mobile":{"background-color":"var(--ast-global-color-5)","background-image":"","background-repeat":"repeat","background-position":"center center","background-size":"auto","background-attachment":"scroll","background-type":"","background-media":"","overlay-type":"","overlay-color":"","overlay-opacity":"","overlay-gradient":""}},"advanced_seo_description":"","jetpack_seo_html_title":"","jetpack_seo_noindex":false,"footnotes":""},"class_list":["post-1600","page","type-page","status-publish","hentry"],"uagb_featured_image_src":{"full":false,"thumbnail":false,"medium":false,"medium_large":false,"large":false,"1536x1536":false,"2048x2048":false,"trp-custom-language-flag":false,"newspack-article-block-landscape-large":false,"newspack-article-block-portrait-large":false,"newspack-article-block-square-large":false,"newspack-article-block-landscape-medium":false,"newspack-article-block-portrait-medium":false,"newspack-article-block-square-medium":false,"newspack-article-block-landscape-intermediate":false,"newspack-article-block-portrait-intermediate":false,"newspack-article-block-square-intermediate":false,"newspack-article-block-landscape-small":false,"newspack-article-block-portrait-small":false,"newspack-article-block-square-small":false,"newspack-article-block-landscape-tiny":false,"newspack-article-block-portrait-tiny":false,"newspack-article-block-square-tiny":false,"newspack-article-block-uncropped":false,"woocommerce_thumbnail":false,"woocommerce_single":false,"woocommerce_gallery_thumbnail":false},"uagb_author_info":{"display_name":"melaniessiawsoorg","author_link":"https:\/\/siawso.org\/fr\/author\/melaniessiawsoorg\/"},"uagb_comment_info":0,"uagb_excerpt":"&nbsp; SIA Privacy Policy Survivors of Incest Anonymous (SIAWSO) respects your privacySIAWSO provides this Privacy Statement to inform you of [&hellip;]","jetpack_sharing_enabled":true,"jetpack_shortlink":"https:\/\/wp.me\/PeJ0hQ-pO","_links":{"self":[{"href":"https:\/\/siawso.org\/fr\/wp-json\/wp\/v2\/pages\/1600","targetHints":{"allow":["GET"]}}],"collection":[{"href":"https:\/\/siawso.org\/fr\/wp-json\/wp\/v2\/pages"}],"about":[{"href":"https:\/\/siawso.org\/fr\/wp-json\/wp\/v2\/types\/page"}],"author":[{"embeddable":true,"href":"https:\/\/siawso.org\/fr\/wp-json\/wp\/v2\/users\/233859920"}],"replies":[{"embeddable":true,"href":"https:\/\/siawso.org\/fr\/wp-json\/wp\/v2\/comments?post=1600"}],"version-history":[{"count":7,"href":"https:\/\/siawso.org\/fr\/wp-json\/wp\/v2\/pages\/1600\/revisions"}],"predecessor-version":[{"id":25201,"href":"https:\/\/siawso.org\/fr\/wp-json\/wp\/v2\/pages\/1600\/revisions\/25201"}],"up":[{"embeddable":true,"href":"https:\/\/siawso.org\/fr\/wp-json\/wp\/v2\/pages\/13943"}],"wp:attachment":[{"href":"https:\/\/siawso.org\/fr\/wp-json\/wp\/v2\/media?parent=1600"}],"curies":[{"name":"wp","href":"https:\/\/api.w.org\/{rel}","templated":true}]}}