


{"id":14412,"date":"2023-06-18T19:35:20","date_gmt":"2023-06-18T23:35:20","guid":{"rendered":"https:\/\/siawso.org\/?page_id=14412"},"modified":"2025-01-11T14:31:21","modified_gmt":"2025-01-11T19:31:21","slug":"group-service-representative","status":"publish","type":"page","link":"https:\/\/siawso.org\/fr\/wsc\/group-service-representative\/","title":{"rendered":"Repr\u00e9sentant des Services Collectifs (GSR)"},"content":{"rendered":"<p class=\"wp-block-paragraph translation-block\"><em>(Extrait de la Version de Travail du Manuel de Service de SIA, une t\u00e2che du Comit\u00e9 de Structure de la CSM)<\/em><br><br>\n\n<strong>Deuxi\u00e8me Tradition :<\/strong>  Pour le but de notre groupe, il n'y a qu'une seule autorit\u00e9 : une Puissance sup\u00e9rieure aimante, telle qu'elle peut s'exprimer dans la conscience de notre groupe. Nos animateurs ne sont que des serviteurs de confiance ; ils ne gouvernent pas.<br><br>\n\nChaque groupe figurant dans l'annuaire des r\u00e9unions SIA devrait choisir un repr\u00e9sentant et soutenir sa participation aux r\u00e9unions du Comit\u00e9 du CMS de SIA et au Rassemblement Annuel de la CSM.<br><br>\n\nLe Repr\u00e9sentant des Services Collectifs repr\u00e9sente la r\u00e9union aupr\u00e8s de l'Intergroupe local (s'il en fait partie) et de la Conf\u00e9rence des Services Mondiaux. Il informe le groupe des \u00e9v\u00e9nements qui se d\u00e9roulent dans les Intergroupes SIA et dans le monde entier. Les RSG se voient confier le \u00ab droit de d\u00e9cision \u00bb de voter au nom des groupes selon leur conscience et dans l'int\u00e9r\u00eat de l'ensemble de SIA. (Voir les \u00ab 12 Concepts du Service \u00bb). Les RSG doivent avoir une bonne connaissance de SIA, consid\u00e9rer la r\u00e9union qu'ils repr\u00e9sentent comme un groupe d'appartenance, \u00eatre enracin\u00e9s dans les 12 \u00c9tapes et comprendre les 12 Traditions.\n<br><br>\n\n<strong>Responsabilit\u00e9s d'un Repr\u00e9sentant des Services Collectifs (RSG)<\/strong><br><br>\nResponsabilit\u00e9s envers leur groupe\/intergroupe <br>\n1.\tRapporter les informations re\u00e7ues de l'intergroupe, de la CSM et du BSM lors des r\u00e9unions mensuelles\/trimestrielles de la conscience de groupe (affaires).<br>\n2.\tCommuniquer les pr\u00e9occupations, les id\u00e9es et les suggestions du groupe de la CSM.<br>\n3.\tDur\u00e9e du mandat : au minimum un an est recommand\u00e9.<br><br>\nResponsabilit\u00e9s \u00e0 l'\u00e9gard de la CSM<br>\n1.\tAssister aux sessions pl\u00e9ni\u00e8res d'ouverture et de cl\u00f4ture en grand groupe.<br>\n2.\tServir dans au moins un comit\u00e9 de la CSM et avoir une voix dans l'\u00e9laboration de la politique et des motions relatives aux besoins de ce comit\u00e9 (voir les descriptions des comit\u00e9s).<br>\n3.\tVoter sur les motions lors du Rassemblement de la CSM (si plusieurs participants d'un groupe r\u00e9pertori\u00e9 sont pr\u00e9sents, seul le participant d\u00e9sign\u00e9 comme RSG par le groupe aura le droit de vote pour ce groupe).<\/p>\n\n\n\n<ol class=\"wp-block-list\"><\/ol>","protected":false},"excerpt":{"rendered":"<p>(Excerpt from Working Draft of the SIA Service Manual, a task of the WSC Structure Committee) Tradition Two: For our [&hellip;]<\/p>\n","protected":false},"author":233859920,"featured_media":1161,"parent":14053,"menu_order":0,"comment_status":"closed","ping_status":"closed","template":"","meta":{"_crdt_document":"","_uag_custom_page_level_css":"","site-sidebar-layout":"default","site-content-layout":"","ast-site-content-layout":"default","site-content-style":"default","site-sidebar-style":"default","ast-global-header-display":"","ast-banner-title-visibility":"","ast-main-header-display":"","ast-hfb-above-header-display":"","ast-hfb-below-header-display":"","ast-hfb-mobile-header-display":"","site-post-title":"","ast-breadcrumbs-content":"","ast-featured-img":"disabled","footer-sml-layout":"","ast-disable-related-posts":"","theme-transparent-header-meta":"","adv-header-id-meta":"","stick-header-meta":"","header-above-stick-meta":"","header-main-stick-meta":"","header-below-stick-meta":"","astra-migrate-meta-layouts":"set","ast-page-background-enabled":"default","ast-page-background-meta":{"desktop":{"background-color":"var(--ast-global-color-4)","background-image":"","background-repeat":"repeat","background-position":"center center","background-size":"auto","background-attachment":"scroll","background-type":"","background-media":"","overlay-type":"","overlay-color":"","overlay-opacity":"","overlay-gradient":""},"tablet":{"background-color":"","background-image":"","background-repeat":"repeat","background-position":"center center","background-size":"auto","background-attachment":"scroll","background-type":"","background-media":"","overlay-type":"","overlay-color":"","overlay-opacity":"","overlay-gradient":""},"mobile":{"background-color":"","background-image":"","background-repeat":"repeat","background-position":"center center","background-size":"auto","background-attachment":"scroll","background-type":"","background-media":"","overlay-type":"","overlay-color":"","overlay-opacity":"","overlay-gradient":""}},"ast-content-background-meta":{"desktop":{"background-color":"var(--ast-global-color-5)","background-image":"","background-repeat":"repeat","background-position":"center center","background-size":"auto","background-attachment":"scroll","background-type":"","background-media":"","overlay-type":"","overlay-color":"","overlay-opacity":"","overlay-gradient":""},"tablet":{"background-color":"var(--ast-global-color-5)","background-image":"","background-repeat":"repeat","background-position":"center center","background-size":"auto","background-attachment":"scroll","background-type":"","background-media":"","overlay-type":"","overlay-color":"","overlay-opacity":"","overlay-gradient":""},"mobile":{"background-color":"var(--ast-global-color-5)","background-image":"","background-repeat":"repeat","background-position":"center center","background-size":"auto","background-attachment":"scroll","background-type":"","background-media":"","overlay-type":"","overlay-color":"","overlay-opacity":"","overlay-gradient":""}},"advanced_seo_description":"","jetpack_seo_html_title":"","jetpack_seo_noindex":false,"footnotes":""},"class_list":["post-14412","page","type-page","status-publish","has-post-thumbnail","hentry"],"uagb_featured_image_src":{"full":["https:\/\/i0.wp.com\/siawso.org\/wp-content\/uploads\/images\/site-images\/7f7d9-home.jpg?fit=2400%2C1350&ssl=1",2400,1350,false],"thumbnail":["https:\/\/i0.wp.com\/siawso.org\/wp-content\/uploads\/images\/site-images\/7f7d9-home.jpg?resize=150%2C150&ssl=1",150,150,true],"medium":["https:\/\/i0.wp.com\/siawso.org\/wp-content\/uploads\/images\/site-images\/7f7d9-home.jpg?fit=300%2C169&ssl=1",300,169,true],"medium_large":["https:\/\/i0.wp.com\/siawso.org\/wp-content\/uploads\/images\/site-images\/7f7d9-home.jpg?fit=768%2C432&ssl=1",768,432,true],"large":["https:\/\/i0.wp.com\/siawso.org\/wp-content\/uploads\/images\/site-images\/7f7d9-home.jpg?fit=1024%2C576&ssl=1",1024,576,true],"1536x1536":["https:\/\/i0.wp.com\/siawso.org\/wp-content\/uploads\/images\/site-images\/7f7d9-home.jpg?fit=1536%2C864&ssl=1",1536,864,true],"2048x2048":["https:\/\/i0.wp.com\/siawso.org\/wp-content\/uploads\/images\/site-images\/7f7d9-home.jpg?fit=2048%2C1152&ssl=1",2048,1152,true],"trp-custom-language-flag":["https:\/\/i0.wp.com\/siawso.org\/wp-content\/uploads\/images\/site-images\/7f7d9-home.jpg?fit=18%2C10&ssl=1",18,10,true],"newspack-article-block-landscape-large":["https:\/\/i0.wp.com\/siawso.org\/wp-content\/uploads\/images\/site-images\/7f7d9-home.jpg?resize=1200%2C900&ssl=1",1200,900,true],"newspack-article-block-portrait-large":["https:\/\/i0.wp.com\/siawso.org\/wp-content\/uploads\/images\/site-images\/7f7d9-home.jpg?resize=900%2C1200&ssl=1",900,1200,true],"newspack-article-block-square-large":["https:\/\/i0.wp.com\/siawso.org\/wp-content\/uploads\/images\/site-images\/7f7d9-home.jpg?resize=1200%2C1200&ssl=1",1200,1200,true],"newspack-article-block-landscape-medium":["https:\/\/i0.wp.com\/siawso.org\/wp-content\/uploads\/images\/site-images\/7f7d9-home.jpg?resize=800%2C600&ssl=1",800,600,true],"newspack-article-block-portrait-medium":["https:\/\/i0.wp.com\/siawso.org\/wp-content\/uploads\/images\/site-images\/7f7d9-home.jpg?resize=600%2C800&ssl=1",600,800,true],"newspack-article-block-square-medium":["https:\/\/i0.wp.com\/siawso.org\/wp-content\/uploads\/images\/site-images\/7f7d9-home.jpg?resize=800%2C800&ssl=1",800,800,true],"newspack-article-block-landscape-intermediate":["https:\/\/i0.wp.com\/siawso.org\/wp-content\/uploads\/images\/site-images\/7f7d9-home.jpg?resize=600%2C450&ssl=1",600,450,true],"newspack-article-block-portrait-intermediate":["https:\/\/i0.wp.com\/siawso.org\/wp-content\/uploads\/images\/site-images\/7f7d9-home.jpg?resize=450%2C600&ssl=1",450,600,true],"newspack-article-block-square-intermediate":["https:\/\/i0.wp.com\/siawso.org\/wp-content\/uploads\/images\/site-images\/7f7d9-home.jpg?resize=600%2C600&ssl=1",600,600,true],"newspack-article-block-landscape-small":["https:\/\/i0.wp.com\/siawso.org\/wp-content\/uploads\/images\/site-images\/7f7d9-home.jpg?resize=400%2C300&ssl=1",400,300,true],"newspack-article-block-portrait-small":["https:\/\/i0.wp.com\/siawso.org\/wp-content\/uploads\/images\/site-images\/7f7d9-home.jpg?resize=300%2C400&ssl=1",300,400,true],"newspack-article-block-square-small":["https:\/\/i0.wp.com\/siawso.org\/wp-content\/uploads\/images\/site-images\/7f7d9-home.jpg?resize=400%2C400&ssl=1",400,400,true],"newspack-article-block-landscape-tiny":["https:\/\/i0.wp.com\/siawso.org\/wp-content\/uploads\/images\/site-images\/7f7d9-home.jpg?resize=200%2C150&ssl=1",200,150,true],"newspack-article-block-portrait-tiny":["https:\/\/i0.wp.com\/siawso.org\/wp-content\/uploads\/images\/site-images\/7f7d9-home.jpg?resize=150%2C200&ssl=1",150,200,true],"newspack-article-block-square-tiny":["https:\/\/i0.wp.com\/siawso.org\/wp-content\/uploads\/images\/site-images\/7f7d9-home.jpg?resize=200%2C200&ssl=1",200,200,true],"newspack-article-block-uncropped":["https:\/\/i0.wp.com\/siawso.org\/wp-content\/uploads\/images\/site-images\/7f7d9-home.jpg?fit=1200%2C675&ssl=1",1200,675,true],"woocommerce_thumbnail":["https:\/\/i0.wp.com\/siawso.org\/wp-content\/uploads\/images\/site-images\/7f7d9-home.jpg?resize=1%2C1&ssl=1",1,1,true],"woocommerce_single":["https:\/\/i0.wp.com\/siawso.org\/wp-content\/uploads\/images\/site-images\/7f7d9-home.jpg?fit=1%2C1&ssl=1",1,1,true],"woocommerce_gallery_thumbnail":["https:\/\/i0.wp.com\/siawso.org\/wp-content\/uploads\/images\/site-images\/7f7d9-home.jpg?resize=100%2C100&ssl=1",100,100,true]},"uagb_author_info":{"display_name":"melaniessiawsoorg","author_link":"https:\/\/siawso.org\/fr\/author\/melaniessiawsoorg\/"},"uagb_comment_info":0,"uagb_excerpt":"(Excerpt from Working Draft of the SIA Service Manual, a task of the WSC Structure Committee) Tradition Two: For our [&hellip;]","jetpack_sharing_enabled":true,"jetpack_shortlink":"https:\/\/wp.me\/PeJ0hQ-3Ks","_links":{"self":[{"href":"https:\/\/siawso.org\/fr\/wp-json\/wp\/v2\/pages\/14412","targetHints":{"allow":["GET"]}}],"collection":[{"href":"https:\/\/siawso.org\/fr\/wp-json\/wp\/v2\/pages"}],"about":[{"href":"https:\/\/siawso.org\/fr\/wp-json\/wp\/v2\/types\/page"}],"author":[{"embeddable":true,"href":"https:\/\/siawso.org\/fr\/wp-json\/wp\/v2\/users\/233859920"}],"replies":[{"embeddable":true,"href":"https:\/\/siawso.org\/fr\/wp-json\/wp\/v2\/comments?post=14412"}],"version-history":[{"count":19,"href":"https:\/\/siawso.org\/fr\/wp-json\/wp\/v2\/pages\/14412\/revisions"}],"predecessor-version":[{"id":19829,"href":"https:\/\/siawso.org\/fr\/wp-json\/wp\/v2\/pages\/14412\/revisions\/19829"}],"up":[{"embeddable":true,"href":"https:\/\/siawso.org\/fr\/wp-json\/wp\/v2\/pages\/14053"}],"wp:featuredmedia":[{"embeddable":true,"href":"https:\/\/siawso.org\/fr\/wp-json\/wp\/v2\/media\/1161"}],"wp:attachment":[{"href":"https:\/\/siawso.org\/fr\/wp-json\/wp\/v2\/media?parent=14412"}],"curies":[{"name":"wp","href":"https:\/\/api.w.org\/{rel}","templated":true}]}}