

{"id":14351,"date":"2023-06-18T18:48:12","date_gmt":"2023-06-18T22:48:12","guid":{"rendered":"https:\/\/siawso.org\/?page_id=14351"},"modified":"2026-02-17T16:47:04","modified_gmt":"2026-02-17T21:47:04","slug":"12-promises","status":"publish","type":"page","link":"https:\/\/siawso.org\/fr\/sia-12s\/12-promises\/","title":{"rendered":"12 promesses de SIA"},"content":{"rendered":"<p class=\"has-medium-font-size wp-block-paragraph translation-block\" style=\"line-height:1.6\">1. Nous conna\u00eetrons enfin la libert\u00e9, le bonheur et la s\u00e9r\u00e9nit\u00e9.<\/br>\n2. Nous nous souviendrons enfin du pass\u00e9 et nous nous en \u00e9loignerons librement avec notre enfant intact.<\/br>\n3. Nous comprendrons la signification du mot \u00ab s\u00e9curit\u00e9 \u00bb.<\/br>\n4. Nous conna\u00eetrons le sommeil sans peur.<\/br>\n5. Aussi terrible que soit l'inceste, aussi d\u00e9vastateurs que soient ses effets, nous nous r\u00e9tablirons et redeviendrons int\u00e8gres.<\/br>\n6. Ce sentiment de d\u00e9sespoir et d'auto-condamnation dispara\u00eetra.<\/br>\n7. Nous perdrons ce sentiment de honte toxique et gagnerons en respect de nous-m\u00eames.<\/br>\n8. Le sentiment de d\u00e9go\u00fbt dispara\u00eetra.<\/br>\n9. Nos bourreaux n'auront plus aucune emprise sur nous.<\/br>\n10. La peur de l'amour et de la sexualit\u00e9 nous quittera.<\/br>\n11. Nous saurons intuitivement comment g\u00e9rer l'intimit\u00e9.<\/br>\n12. Nous r\u00e9aliserons soudainement que nous sommes vivants, adorables, entiers, sains d'esprit et en s\u00e9curit\u00e9.<\/br><\/p>","protected":false},"excerpt":{"rendered":"<p>1. We will finally know freedom, happiness and serenity. 2. We will remember the past at last and walk freely [&hellip;]<\/p>\n","protected":false},"author":233859920,"featured_media":1161,"parent":14280,"menu_order":0,"comment_status":"closed","ping_status":"closed","template":"","meta":{"_crdt_document":"","_uag_custom_page_level_css":"","site-sidebar-layout":"default","site-content-layout":"","ast-site-content-layout":"narrow-width-container","site-content-style":"boxed","site-sidebar-style":"default","ast-global-header-display":"","ast-banner-title-visibility":"","ast-main-header-display":"","ast-hfb-above-header-display":"","ast-hfb-below-header-display":"","ast-hfb-mobile-header-display":"","site-post-title":"","ast-breadcrumbs-content":"","ast-featured-img":"disabled","footer-sml-layout":"","ast-disable-related-posts":"","theme-transparent-header-meta":"","adv-header-id-meta":"","stick-header-meta":"","header-above-stick-meta":"","header-main-stick-meta":"","header-below-stick-meta":"","astra-migrate-meta-layouts":"set","ast-page-background-enabled":"default","ast-page-background-meta":{"desktop":{"background-color":"var(--ast-global-color-4)","background-image":"","background-repeat":"repeat","background-position":"center center","background-size":"auto","background-attachment":"scroll","background-type":"","background-media":"","overlay-type":"","overlay-color":"","overlay-opacity":"","overlay-gradient":""},"tablet":{"background-color":"","background-image":"","background-repeat":"repeat","background-position":"center center","background-size":"auto","background-attachment":"scroll","background-type":"","background-media":"","overlay-type":"","overlay-color":"","overlay-opacity":"","overlay-gradient":""},"mobile":{"background-color":"","background-image":"","background-repeat":"repeat","background-position":"center center","background-size":"auto","background-attachment":"scroll","background-type":"","background-media":"","overlay-type":"","overlay-color":"","overlay-opacity":"","overlay-gradient":""}},"ast-content-background-meta":{"desktop":{"background-color":"var(--ast-global-color-5)","background-image":"","background-repeat":"repeat","background-position":"center center","background-size":"auto","background-attachment":"scroll","background-type":"","background-media":"","overlay-type":"","overlay-color":"","overlay-opacity":"","overlay-gradient":""},"tablet":{"background-color":"var(--ast-global-color-5)","background-image":"","background-repeat":"repeat","background-position":"center center","background-size":"auto","background-attachment":"scroll","background-type":"","background-media":"","overlay-type":"","overlay-color":"","overlay-opacity":"","overlay-gradient":""},"mobile":{"background-color":"var(--ast-global-color-5)","background-image":"","background-repeat":"repeat","background-position":"center center","background-size":"auto","background-attachment":"scroll","background-type":"","background-media":"","overlay-type":"","overlay-color":"","overlay-opacity":"","overlay-gradient":""}},"advanced_seo_description":"","jetpack_seo_html_title":"","jetpack_seo_noindex":false,"footnotes":""},"class_list":["post-14351","page","type-page","status-publish","has-post-thumbnail","hentry"],"uagb_featured_image_src":{"full":["https:\/\/i0.wp.com\/siawso.org\/wp-content\/uploads\/images\/site-images\/7f7d9-home.jpg?fit=2400%2C1350&ssl=1",2400,1350,false],"thumbnail":["https:\/\/i0.wp.com\/siawso.org\/wp-content\/uploads\/images\/site-images\/7f7d9-home.jpg?resize=150%2C150&ssl=1",150,150,true],"medium":["https:\/\/i0.wp.com\/siawso.org\/wp-content\/uploads\/images\/site-images\/7f7d9-home.jpg?fit=300%2C169&ssl=1",300,169,true],"medium_large":["https:\/\/i0.wp.com\/siawso.org\/wp-content\/uploads\/images\/site-images\/7f7d9-home.jpg?fit=768%2C432&ssl=1",768,432,true],"large":["https:\/\/i0.wp.com\/siawso.org\/wp-content\/uploads\/images\/site-images\/7f7d9-home.jpg?fit=1024%2C576&ssl=1",1024,576,true],"1536x1536":["https:\/\/i0.wp.com\/siawso.org\/wp-content\/uploads\/images\/site-images\/7f7d9-home.jpg?fit=1536%2C864&ssl=1",1536,864,true],"2048x2048":["https:\/\/i0.wp.com\/siawso.org\/wp-content\/uploads\/images\/site-images\/7f7d9-home.jpg?fit=2048%2C1152&ssl=1",2048,1152,true],"trp-custom-language-flag":["https:\/\/i0.wp.com\/siawso.org\/wp-content\/uploads\/images\/site-images\/7f7d9-home.jpg?fit=18%2C10&ssl=1",18,10,true],"newspack-article-block-landscape-large":["https:\/\/i0.wp.com\/siawso.org\/wp-content\/uploads\/images\/site-images\/7f7d9-home.jpg?resize=1200%2C900&ssl=1",1200,900,true],"newspack-article-block-portrait-large":["https:\/\/i0.wp.com\/siawso.org\/wp-content\/uploads\/images\/site-images\/7f7d9-home.jpg?resize=900%2C1200&ssl=1",900,1200,true],"newspack-article-block-square-large":["https:\/\/i0.wp.com\/siawso.org\/wp-content\/uploads\/images\/site-images\/7f7d9-home.jpg?resize=1200%2C1200&ssl=1",1200,1200,true],"newspack-article-block-landscape-medium":["https:\/\/i0.wp.com\/siawso.org\/wp-content\/uploads\/images\/site-images\/7f7d9-home.jpg?resize=800%2C600&ssl=1",800,600,true],"newspack-article-block-portrait-medium":["https:\/\/i0.wp.com\/siawso.org\/wp-content\/uploads\/images\/site-images\/7f7d9-home.jpg?resize=600%2C800&ssl=1",600,800,true],"newspack-article-block-square-medium":["https:\/\/i0.wp.com\/siawso.org\/wp-content\/uploads\/images\/site-images\/7f7d9-home.jpg?resize=800%2C800&ssl=1",800,800,true],"newspack-article-block-landscape-intermediate":["https:\/\/i0.wp.com\/siawso.org\/wp-content\/uploads\/images\/site-images\/7f7d9-home.jpg?resize=600%2C450&ssl=1",600,450,true],"newspack-article-block-portrait-intermediate":["https:\/\/i0.wp.com\/siawso.org\/wp-content\/uploads\/images\/site-images\/7f7d9-home.jpg?resize=450%2C600&ssl=1",450,600,true],"newspack-article-block-square-intermediate":["https:\/\/i0.wp.com\/siawso.org\/wp-content\/uploads\/images\/site-images\/7f7d9-home.jpg?resize=600%2C600&ssl=1",600,600,true],"newspack-article-block-landscape-small":["https:\/\/i0.wp.com\/siawso.org\/wp-content\/uploads\/images\/site-images\/7f7d9-home.jpg?resize=400%2C300&ssl=1",400,300,true],"newspack-article-block-portrait-small":["https:\/\/i0.wp.com\/siawso.org\/wp-content\/uploads\/images\/site-images\/7f7d9-home.jpg?resize=300%2C400&ssl=1",300,400,true],"newspack-article-block-square-small":["https:\/\/i0.wp.com\/siawso.org\/wp-content\/uploads\/images\/site-images\/7f7d9-home.jpg?resize=400%2C400&ssl=1",400,400,true],"newspack-article-block-landscape-tiny":["https:\/\/i0.wp.com\/siawso.org\/wp-content\/uploads\/images\/site-images\/7f7d9-home.jpg?resize=200%2C150&ssl=1",200,150,true],"newspack-article-block-portrait-tiny":["https:\/\/i0.wp.com\/siawso.org\/wp-content\/uploads\/images\/site-images\/7f7d9-home.jpg?resize=150%2C200&ssl=1",150,200,true],"newspack-article-block-square-tiny":["https:\/\/i0.wp.com\/siawso.org\/wp-content\/uploads\/images\/site-images\/7f7d9-home.jpg?resize=200%2C200&ssl=1",200,200,true],"newspack-article-block-uncropped":["https:\/\/i0.wp.com\/siawso.org\/wp-content\/uploads\/images\/site-images\/7f7d9-home.jpg?fit=1200%2C675&ssl=1",1200,675,true],"woocommerce_thumbnail":["https:\/\/i0.wp.com\/siawso.org\/wp-content\/uploads\/images\/site-images\/7f7d9-home.jpg?resize=1%2C1&ssl=1",1,1,true],"woocommerce_single":["https:\/\/i0.wp.com\/siawso.org\/wp-content\/uploads\/images\/site-images\/7f7d9-home.jpg?fit=1%2C1&ssl=1",1,1,true],"woocommerce_gallery_thumbnail":["https:\/\/i0.wp.com\/siawso.org\/wp-content\/uploads\/images\/site-images\/7f7d9-home.jpg?resize=100%2C100&ssl=1",100,100,true]},"uagb_author_info":{"display_name":"melaniessiawsoorg","author_link":"https:\/\/siawso.org\/fr\/author\/melaniessiawsoorg\/"},"uagb_comment_info":0,"uagb_excerpt":"1. We will finally know freedom, happiness and serenity. 2. We will remember the past at last and walk freely [&hellip;]","jetpack_sharing_enabled":true,"jetpack_shortlink":"https:\/\/wp.me\/PeJ0hQ-3Jt","_links":{"self":[{"href":"https:\/\/siawso.org\/fr\/wp-json\/wp\/v2\/pages\/14351","targetHints":{"allow":["GET"]}}],"collection":[{"href":"https:\/\/siawso.org\/fr\/wp-json\/wp\/v2\/pages"}],"about":[{"href":"https:\/\/siawso.org\/fr\/wp-json\/wp\/v2\/types\/page"}],"author":[{"embeddable":true,"href":"https:\/\/siawso.org\/fr\/wp-json\/wp\/v2\/users\/233859920"}],"replies":[{"embeddable":true,"href":"https:\/\/siawso.org\/fr\/wp-json\/wp\/v2\/comments?post=14351"}],"version-history":[{"count":14,"href":"https:\/\/siawso.org\/fr\/wp-json\/wp\/v2\/pages\/14351\/revisions"}],"predecessor-version":[{"id":27193,"href":"https:\/\/siawso.org\/fr\/wp-json\/wp\/v2\/pages\/14351\/revisions\/27193"}],"up":[{"embeddable":true,"href":"https:\/\/siawso.org\/fr\/wp-json\/wp\/v2\/pages\/14280"}],"wp:featuredmedia":[{"embeddable":true,"href":"https:\/\/siawso.org\/fr\/wp-json\/wp\/v2\/media\/1161"}],"wp:attachment":[{"href":"https:\/\/siawso.org\/fr\/wp-json\/wp\/v2\/media?parent=14351"}],"curies":[{"name":"wp","href":"https:\/\/api.w.org\/{rel}","templated":true}]}}