

{"id":14341,"date":"2023-06-18T18:40:39","date_gmt":"2023-06-18T22:40:39","guid":{"rendered":"https:\/\/siawso.org\/?page_id=14341"},"modified":"2026-02-17T16:44:49","modified_gmt":"2026-02-17T21:44:49","slug":"12-steps","status":"publish","type":"page","link":"https:\/\/siawso.org\/fr\/sia-12s\/12-steps\/","title":{"rendered":"Les 12 \u00e9tapes de SIA"},"content":{"rendered":"<p class=\"has-medium-font-size wp-block-paragraph translation-block\" style=\"line-height:1.6\">1.\tNous avons admis que nous \u00e9tions impuissants devant l\u2019abus et les cons\u00e9quences de l\u2019abus et que nos vies \u00e9taient devenues incontr\u00f4lables.<br><br>\n2.\tNous en sommes venus \u00e0 croire qu\u2019une Puissance d\u2019Amour, sup\u00e9rieure \u00e0 nous-m\u00eames, pouvait nous rendre l\u2019espoir, le mieux-\u00eatre et la raison.<br><br>\n3.\tNous avons d\u00e9cid\u00e9 de confier notre volont\u00e9 et notre vie aux soins d\u2019une Puissance Sup\u00e9rieure Aimante, tel que nous la concevons.<br><br>\n4.\tNous avons fait un inventaire moral, sans peur de nous-m\u00eames, de l\u2019abus et de ses effets sur nos vies. Nous n\u2019avons plus de secrets.<br><br>\n5.\tNous avons avou\u00e9 \u00e0 une Puissance Sup\u00e9rieure Aimante, \u00e0 nous-m\u00eames et \u00e0 un autre \u00eatre humain la nature exacte de nos forces et de nos faiblesses.<br><br>\n6.\tNous sommes devenus pr\u00eats \u00e0 ce qu\u2019une Puissance Sup\u00e9rieure Aimante nous aide \u00e0 enlever toutes les cons\u00e9quences n\u00e9fastes de l\u2019abus. Nous avons acquis la volont\u00e9 de nous traiter nous-m\u00eames avec respect, compassion et acceptation.<br><br>\n7.\tNous avons humblement demand\u00e9 \u00e0 une Puissance Sup\u00e9rieure Aimante d\u2019enlever les cons\u00e9quences n\u00e9fastes pour la sant\u00e9 et d\u2019auto-d\u00e9pr\u00e9ciation issues de l\u2019abus.<br><br>\n8.\tNous avons fait une liste de toutes les personnes auxquelles nous avons nuit (de notre propre volont\u00e9), particuli\u00e8rement nous-m\u00eame et notre enfant int\u00e9rieur, et nous avons r\u00e9solu de toutes leur faire amende honorable.<br><br>\n9.\tNous avons fait amende honorable \u00e0 ces personnes sauf lorsque en ce faisant, il pouvait en r\u00e9sulter des dommages physiques, mentaux, \u00e9motionnels ou spirituels pour nous m\u00eame ou pour les autres.<br><br>\n10.\tNous avons continu\u00e9 \u00e0 prendre la responsabilit\u00e9 de notre propre r\u00e9tablissement. Lorsque nous avons trouv\u00e9 en nous-m\u00eame, des comportements encore dict\u00e9s par l\u2019abus, nous l\u2019avons promptement admis. Lorsque nous avons r\u00e9ussi, nous nous en sommes promptement r\u00e9jouis.<br><br>\n11.\tNous avons cherch\u00e9 par la pri\u00e8re et la m\u00e9ditation \u00e0 am\u00e9liorer notre contact conscient avec nous-m\u00eames et une Puissance Sup\u00e9rieure Aimante telle que nous la concevions. Lui demandant seulement de nous faire conna\u00eetre sa volont\u00e9 \u00e0 notre \u00e9gard et de nous donner le pouvoir et le courage de la r\u00e9aliser.<br><br>\n12.\tAyant connu un r\u00e9veil spirituel comme r\u00e9sultat de ces \u00e9tapes, nous avons essay\u00e9 de transmettre ce message \u00e0 d\u2019autres survivants et de pratiquer ces principes dans tous les domaines de notre vie.<\/p>","protected":false},"excerpt":{"rendered":"<p>We&#8230;1. Admitted we were powerless over the abuse, and the effects of the abuse, and that our lives had become [&hellip;]<\/p>\n","protected":false},"author":233859920,"featured_media":1161,"parent":14280,"menu_order":0,"comment_status":"closed","ping_status":"closed","template":"","meta":{"_crdt_document":"","_uag_custom_page_level_css":"","site-sidebar-layout":"default","site-content-layout":"","ast-site-content-layout":"narrow-width-container","site-content-style":"boxed","site-sidebar-style":"default","ast-global-header-display":"","ast-banner-title-visibility":"","ast-main-header-display":"","ast-hfb-above-header-display":"","ast-hfb-below-header-display":"","ast-hfb-mobile-header-display":"","site-post-title":"","ast-breadcrumbs-content":"","ast-featured-img":"disabled","footer-sml-layout":"","ast-disable-related-posts":"","theme-transparent-header-meta":"","adv-header-id-meta":"","stick-header-meta":"","header-above-stick-meta":"","header-main-stick-meta":"","header-below-stick-meta":"","astra-migrate-meta-layouts":"set","ast-page-background-enabled":"default","ast-page-background-meta":{"desktop":{"background-color":"var(--ast-global-color-4)","background-image":"","background-repeat":"repeat","background-position":"center center","background-size":"auto","background-attachment":"scroll","background-type":"","background-media":"","overlay-type":"","overlay-color":"","overlay-opacity":"","overlay-gradient":""},"tablet":{"background-color":"","background-image":"","background-repeat":"repeat","background-position":"center center","background-size":"auto","background-attachment":"scroll","background-type":"","background-media":"","overlay-type":"","overlay-color":"","overlay-opacity":"","overlay-gradient":""},"mobile":{"background-color":"","background-image":"","background-repeat":"repeat","background-position":"center center","background-size":"auto","background-attachment":"scroll","background-type":"","background-media":"","overlay-type":"","overlay-color":"","overlay-opacity":"","overlay-gradient":""}},"ast-content-background-meta":{"desktop":{"background-color":"var(--ast-global-color-5)","background-image":"","background-repeat":"repeat","background-position":"center center","background-size":"auto","background-attachment":"scroll","background-type":"","background-media":"","overlay-type":"","overlay-color":"","overlay-opacity":"","overlay-gradient":""},"tablet":{"background-color":"var(--ast-global-color-5)","background-image":"","background-repeat":"repeat","background-position":"center center","background-size":"auto","background-attachment":"scroll","background-type":"","background-media":"","overlay-type":"","overlay-color":"","overlay-opacity":"","overlay-gradient":""},"mobile":{"background-color":"var(--ast-global-color-5)","background-image":"","background-repeat":"repeat","background-position":"center center","background-size":"auto","background-attachment":"scroll","background-type":"","background-media":"","overlay-type":"","overlay-color":"","overlay-opacity":"","overlay-gradient":""}},"advanced_seo_description":"","jetpack_seo_html_title":"","jetpack_seo_noindex":false,"footnotes":""},"class_list":["post-14341","page","type-page","status-publish","has-post-thumbnail","hentry"],"uagb_featured_image_src":{"full":["https:\/\/i0.wp.com\/siawso.org\/wp-content\/uploads\/images\/site-images\/7f7d9-home.jpg?fit=2400%2C1350&ssl=1",2400,1350,false],"thumbnail":["https:\/\/i0.wp.com\/siawso.org\/wp-content\/uploads\/images\/site-images\/7f7d9-home.jpg?resize=150%2C150&ssl=1",150,150,true],"medium":["https:\/\/i0.wp.com\/siawso.org\/wp-content\/uploads\/images\/site-images\/7f7d9-home.jpg?fit=300%2C169&ssl=1",300,169,true],"medium_large":["https:\/\/i0.wp.com\/siawso.org\/wp-content\/uploads\/images\/site-images\/7f7d9-home.jpg?fit=768%2C432&ssl=1",768,432,true],"large":["https:\/\/i0.wp.com\/siawso.org\/wp-content\/uploads\/images\/site-images\/7f7d9-home.jpg?fit=1024%2C576&ssl=1",1024,576,true],"1536x1536":["https:\/\/i0.wp.com\/siawso.org\/wp-content\/uploads\/images\/site-images\/7f7d9-home.jpg?fit=1536%2C864&ssl=1",1536,864,true],"2048x2048":["https:\/\/i0.wp.com\/siawso.org\/wp-content\/uploads\/images\/site-images\/7f7d9-home.jpg?fit=2048%2C1152&ssl=1",2048,1152,true],"trp-custom-language-flag":["https:\/\/i0.wp.com\/siawso.org\/wp-content\/uploads\/images\/site-images\/7f7d9-home.jpg?fit=18%2C10&ssl=1",18,10,true],"newspack-article-block-landscape-large":["https:\/\/i0.wp.com\/siawso.org\/wp-content\/uploads\/images\/site-images\/7f7d9-home.jpg?resize=1200%2C900&ssl=1",1200,900,true],"newspack-article-block-portrait-large":["https:\/\/i0.wp.com\/siawso.org\/wp-content\/uploads\/images\/site-images\/7f7d9-home.jpg?resize=900%2C1200&ssl=1",900,1200,true],"newspack-article-block-square-large":["https:\/\/i0.wp.com\/siawso.org\/wp-content\/uploads\/images\/site-images\/7f7d9-home.jpg?resize=1200%2C1200&ssl=1",1200,1200,true],"newspack-article-block-landscape-medium":["https:\/\/i0.wp.com\/siawso.org\/wp-content\/uploads\/images\/site-images\/7f7d9-home.jpg?resize=800%2C600&ssl=1",800,600,true],"newspack-article-block-portrait-medium":["https:\/\/i0.wp.com\/siawso.org\/wp-content\/uploads\/images\/site-images\/7f7d9-home.jpg?resize=600%2C800&ssl=1",600,800,true],"newspack-article-block-square-medium":["https:\/\/i0.wp.com\/siawso.org\/wp-content\/uploads\/images\/site-images\/7f7d9-home.jpg?resize=800%2C800&ssl=1",800,800,true],"newspack-article-block-landscape-intermediate":["https:\/\/i0.wp.com\/siawso.org\/wp-content\/uploads\/images\/site-images\/7f7d9-home.jpg?resize=600%2C450&ssl=1",600,450,true],"newspack-article-block-portrait-intermediate":["https:\/\/i0.wp.com\/siawso.org\/wp-content\/uploads\/images\/site-images\/7f7d9-home.jpg?resize=450%2C600&ssl=1",450,600,true],"newspack-article-block-square-intermediate":["https:\/\/i0.wp.com\/siawso.org\/wp-content\/uploads\/images\/site-images\/7f7d9-home.jpg?resize=600%2C600&ssl=1",600,600,true],"newspack-article-block-landscape-small":["https:\/\/i0.wp.com\/siawso.org\/wp-content\/uploads\/images\/site-images\/7f7d9-home.jpg?resize=400%2C300&ssl=1",400,300,true],"newspack-article-block-portrait-small":["https:\/\/i0.wp.com\/siawso.org\/wp-content\/uploads\/images\/site-images\/7f7d9-home.jpg?resize=300%2C400&ssl=1",300,400,true],"newspack-article-block-square-small":["https:\/\/i0.wp.com\/siawso.org\/wp-content\/uploads\/images\/site-images\/7f7d9-home.jpg?resize=400%2C400&ssl=1",400,400,true],"newspack-article-block-landscape-tiny":["https:\/\/i0.wp.com\/siawso.org\/wp-content\/uploads\/images\/site-images\/7f7d9-home.jpg?resize=200%2C150&ssl=1",200,150,true],"newspack-article-block-portrait-tiny":["https:\/\/i0.wp.com\/siawso.org\/wp-content\/uploads\/images\/site-images\/7f7d9-home.jpg?resize=150%2C200&ssl=1",150,200,true],"newspack-article-block-square-tiny":["https:\/\/i0.wp.com\/siawso.org\/wp-content\/uploads\/images\/site-images\/7f7d9-home.jpg?resize=200%2C200&ssl=1",200,200,true],"newspack-article-block-uncropped":["https:\/\/i0.wp.com\/siawso.org\/wp-content\/uploads\/images\/site-images\/7f7d9-home.jpg?fit=1200%2C675&ssl=1",1200,675,true],"woocommerce_thumbnail":["https:\/\/i0.wp.com\/siawso.org\/wp-content\/uploads\/images\/site-images\/7f7d9-home.jpg?resize=1%2C1&ssl=1",1,1,true],"woocommerce_single":["https:\/\/i0.wp.com\/siawso.org\/wp-content\/uploads\/images\/site-images\/7f7d9-home.jpg?fit=1%2C1&ssl=1",1,1,true],"woocommerce_gallery_thumbnail":["https:\/\/i0.wp.com\/siawso.org\/wp-content\/uploads\/images\/site-images\/7f7d9-home.jpg?resize=100%2C100&ssl=1",100,100,true]},"uagb_author_info":{"display_name":"melaniessiawsoorg","author_link":"https:\/\/siawso.org\/fr\/author\/melaniessiawsoorg\/"},"uagb_comment_info":0,"uagb_excerpt":"We&#8230;1. Admitted we were powerless over the abuse, and the effects of the abuse, and that our lives had become [&hellip;]","jetpack_sharing_enabled":true,"jetpack_shortlink":"https:\/\/wp.me\/PeJ0hQ-3Jj","_links":{"self":[{"href":"https:\/\/siawso.org\/fr\/wp-json\/wp\/v2\/pages\/14341","targetHints":{"allow":["GET"]}}],"collection":[{"href":"https:\/\/siawso.org\/fr\/wp-json\/wp\/v2\/pages"}],"about":[{"href":"https:\/\/siawso.org\/fr\/wp-json\/wp\/v2\/types\/page"}],"author":[{"embeddable":true,"href":"https:\/\/siawso.org\/fr\/wp-json\/wp\/v2\/users\/233859920"}],"replies":[{"embeddable":true,"href":"https:\/\/siawso.org\/fr\/wp-json\/wp\/v2\/comments?post=14341"}],"version-history":[{"count":12,"href":"https:\/\/siawso.org\/fr\/wp-json\/wp\/v2\/pages\/14341\/revisions"}],"predecessor-version":[{"id":27191,"href":"https:\/\/siawso.org\/fr\/wp-json\/wp\/v2\/pages\/14341\/revisions\/27191"}],"up":[{"embeddable":true,"href":"https:\/\/siawso.org\/fr\/wp-json\/wp\/v2\/pages\/14280"}],"wp:featuredmedia":[{"embeddable":true,"href":"https:\/\/siawso.org\/fr\/wp-json\/wp\/v2\/media\/1161"}],"wp:attachment":[{"href":"https:\/\/siawso.org\/fr\/wp-json\/wp\/v2\/media?parent=14341"}],"curies":[{"name":"wp","href":"https:\/\/api.w.org\/{rel}","templated":true}]}}