


{"id":14304,"date":"2023-06-18T16:01:41","date_gmt":"2023-06-18T20:01:41","guid":{"rendered":"https:\/\/siawso.org\/?page_id=14304"},"modified":"2026-02-08T16:09:04","modified_gmt":"2026-02-08T21:09:04","slug":"contribute","status":"publish","type":"page","link":"https:\/\/siawso.org\/fr\/contribute\/","title":{"rendered":"Contribution"},"content":{"rendered":"<p class=\"wp-block-paragraph translation-block\"><strong>Chaque Centime Compte<\/strong><br>\nLes Survivants de l'Inceste Anonymes est une association enti\u00e8rement autonome.\nChaque contribution, quelle qu'en soit la hauteur, permet au Bureau des Services\nMondiaux de SIA de remplir sa mission d'aide aux survivants dans le monde entier.\nToutes les contributions sont enti\u00e8rement d\u00e9ductibles des imp\u00f4ts. Chaque centime\npermet aux survivants de se connecter les uns aux autres et \u00e0 notre documentation -\nmerci de soutenir votre association.\n<br><br>\n\n<strong><a href=\"\/shop\/\" target=\"_self\">Acheter de la Litt\u00e9rature<\/a><\/strong><br>\nNous mettons constamment \u00e0 jour notre litt\u00e9rature. Consultez r\u00e9guli\u00e8rement notre\nboutique et soyez \u00e0 l'aff\u00fbt des annonces dans notre bulletin d'information.\n\n<br><br>\n<strong>\n<a href=\"\/shop\/?product_tag_1=contribution\" target=\"_self\">\nContributions \u00e0 la Boutique de Litt\u00e9rature SIA\n<\/a><\/strong>\n\nRendez-vous sur <a href=\"\/shop\/\" target=\"_self\">notre boutique<\/a>\n et faites un don unique.<br><br>\n\n<strong>\n<a href=\"https:\/\/www.paypal.com\/donate\/?hosted_button_id=UQ3WUFMVM3G2L\" target=\"_self\">\nCr\u00e9er une contribution PayPal r\u00e9currents\n<\/a>\n\n\n<\/strong><br>\nEn versant chaque mois une contribution automatique d\u00e9ductible des imp\u00f4ts, vous\ncontribuez aux efforts de SIA tout au long de l'ann\u00e9e. Votre contribution sera non\nseulement dirig\u00e9e imm\u00e9diatement vers le secteur qui en a le plus besoin, mais elle\nsimplifiera \u00e9galement le soutien continu du travail de SIA. Les dons mensuels constituent une source de revenus essentielle et stable qui permet \u00e0\nSIA de fonctionner tout au long de l'ann\u00e9e. Les dons r\u00e9currents vous permettent de\nr\u00e9partir votre contribution sur de plus petits dons mensuels tout en permettant \u00e0 SIA de\ndisposer de ressources fiables. Choisissez le montant mensuel que vous souhaitez\ncontribuer, remplissez le reste du formulaire et n'oubliez pas de cocher l'option \u00ab Oui,\nr\u00e9p\u00e9ter automatiquement ce don chaque mois \u00bb.\n<br>\n\u25cf Pratique : Choisissez simplement le montant qui vous convient, et votre\ncontribution peut \u00eatre automatiquement factur\u00e9e sur votre carte de cr\u00e9dit ou\nd\u00e9bit\u00e9e de votre compte PayPal \u00e0 la date de votre choix. Nous assurons le suivi\nde toutes les contributions et envoyons un r\u00e9capitulatif de fin d'ann\u00e9e \u00e0 votre\nadresse.\n<br>\n\u25cf Gagnez en temps et en efforts : Vous n'aurez plus jamais \u00e0 chercher un autre\ntimbre, \u00e0 faire un autre ch\u00e8que ou \u00e0 envoyer un autre don \u00e0 SIA par la poste !\nBien s\u00fbr, vous pouvez toujours modifier votre montant mensuel, suspendre ou\ninterrompre vos dons, ou modifier votre mode de paiement pr\u00e9f\u00e9r\u00e9 \u00e0 tout\nmoment sur PayPal.\n<br>\n\u25cf Adapt\u00e9 \u00e0 votre budget : Les contributions automatiques vous permettent\nde les int\u00e9grer dans votre budget mensuel.\n<br>\n\u25cf Votre contribution permet d'aller plus loin : Les co\u00fbts de gestion de ce\nprogramme \u00e9tant beaucoup moins \u00e9lev\u00e9s, nous pouvons consacrer encore\nplus de ressources \u00e0 nos efforts sur le terrain.\n<br><br>\n\n\n\n<strong>Faites comme les autres et envoyez un ch\u00e8que<\/strong><br>\nVous pouvez \u00e9galement envoyer votre contribution d\u00e9ductible des imp\u00f4ts \u00e0\nl'adresse ci-dessous.<br><br>\nSIAWSO<br>\nPost Office Box 7078<br>\nPittsburgh, PA 15212 USA<br><br>\n\n\n<strong>Contribution<\/strong><br>\nLa SIA consid\u00e8re que toute contribution initi\u00e9e par ou en m\u00e9moire ou en soutien d'un\nmembre survivant individuel, telle que celle d'un ami ou d'un parent, d'un lieu de travail,\ndes recettes d'une publication ou d'une autre entit\u00e9 ou en soutien \u00e0 SIA dans son\nensemble, fait partie de la partie autofinanc\u00e9e de la Septi\u00e8me Tradition de SIA. SIA\nconsid\u00e8re que les contributions faites \u00e0 la suite de l'implication d'un survivant dans SIA\nsont directement li\u00e9es \u00e0 ce survivant ; elles sont par cons\u00e9quent consid\u00e9r\u00e9es comme\nrelevant de la tradition d'autosuffisance de SIA.<br>\nLe Conseil d'Administration rappelle que toutes les contributions, y compris celles des\nsurvivants eux-m\u00eames, ne peuvent interf\u00e9rer avec la mission, le programme ou\nl'ind\u00e9pendance de SIA. Le Conseil d'Administration est charg\u00e9 de veiller au respect de\ncette septi\u00e8me tradition et refusera toute contribution qui ne r\u00e9pondrait pas \u00e0 cette\nnorme.<br><br><\/p>","protected":false},"excerpt":{"rendered":"<p>Every Penny CountsSurvivors of Incest Anonymous is fully self-supporting. Every gift, no matter the size,\u00a0 contributes to the functioning of [&hellip;]<\/p>\n","protected":false},"author":233859920,"featured_media":25123,"parent":0,"menu_order":0,"comment_status":"closed","ping_status":"closed","template":"","meta":{"_crdt_document":"","_uag_custom_page_level_css":"","site-sidebar-layout":"no-sidebar","site-content-layout":null,"ast-site-content-layout":"normal-width-container","site-content-style":"unboxed","site-sidebar-style":"default","ast-global-header-display":"","ast-banner-title-visibility":"","ast-main-header-display":"","ast-hfb-above-header-display":"","ast-hfb-below-header-display":null,"ast-hfb-mobile-header-display":"","site-post-title":"","ast-breadcrumbs-content":null,"ast-featured-img":"disabled","footer-sml-layout":"","ast-disable-related-posts":"","theme-transparent-header-meta":"","adv-header-id-meta":"","stick-header-meta":"","header-above-stick-meta":"","header-main-stick-meta":"","header-below-stick-meta":null,"astra-migrate-meta-layouts":"set","ast-page-background-enabled":"default","ast-page-background-meta":{"desktop":{"background-color":"var(--ast-global-color-4)","background-image":"","background-repeat":"repeat","background-position":"center center","background-size":"auto","background-attachment":"scroll","background-type":"","background-media":"","overlay-type":"","overlay-color":"","overlay-opacity":"","overlay-gradient":""},"tablet":{"background-color":"","background-image":"","background-repeat":"repeat","background-position":"center center","background-size":"auto","background-attachment":"scroll","background-type":"","background-media":"","overlay-type":"","overlay-color":"","overlay-opacity":"","overlay-gradient":""},"mobile":{"background-color":"","background-image":"","background-repeat":"repeat","background-position":"center center","background-size":"auto","background-attachment":"scroll","background-type":"","background-media":"","overlay-type":"","overlay-color":"","overlay-opacity":"","overlay-gradient":""}},"ast-content-background-meta":{"desktop":{"background-color":"var(--ast-global-color-5)","background-image":"","background-repeat":"repeat","background-position":"center center","background-size":"auto","background-attachment":"scroll","background-type":"","background-media":"","overlay-type":"","overlay-color":"","overlay-opacity":"","overlay-gradient":""},"tablet":{"background-color":"var(--ast-global-color-5)","background-image":"","background-repeat":"repeat","background-position":"center center","background-size":"auto","background-attachment":"scroll","background-type":"","background-media":"","overlay-type":"","overlay-color":"","overlay-opacity":"","overlay-gradient":""},"mobile":{"background-color":"var(--ast-global-color-5)","background-image":"","background-repeat":"repeat","background-position":"center center","background-size":"auto","background-attachment":"scroll","background-type":"","background-media":"","overlay-type":"","overlay-color":"","overlay-opacity":"","overlay-gradient":""}},"advanced_seo_description":"","jetpack_seo_html_title":"","jetpack_seo_noindex":false,"footnotes":""},"class_list":["post-14304","page","type-page","status-publish","has-post-thumbnail","hentry"],"uagb_featured_image_src":{"full":["https:\/\/i0.wp.com\/siawso.org\/wp-content\/uploads\/images\/site-images\/sia_tree_banner.jpg?fit=2400%2C780&ssl=1",2400,780,false],"thumbnail":["https:\/\/i0.wp.com\/siawso.org\/wp-content\/uploads\/images\/site-images\/sia_tree_banner.jpg?resize=150%2C150&ssl=1",150,150,true],"medium":["https:\/\/i0.wp.com\/siawso.org\/wp-content\/uploads\/images\/site-images\/sia_tree_banner.jpg?fit=300%2C98&ssl=1",300,98,true],"medium_large":["https:\/\/i0.wp.com\/siawso.org\/wp-content\/uploads\/images\/site-images\/sia_tree_banner.jpg?fit=768%2C250&ssl=1",768,250,true],"large":["https:\/\/i0.wp.com\/siawso.org\/wp-content\/uploads\/images\/site-images\/sia_tree_banner.jpg?fit=1024%2C333&ssl=1",1024,333,true],"1536x1536":["https:\/\/i0.wp.com\/siawso.org\/wp-content\/uploads\/images\/site-images\/sia_tree_banner.jpg?fit=1536%2C499&ssl=1",1536,499,true],"2048x2048":["https:\/\/i0.wp.com\/siawso.org\/wp-content\/uploads\/images\/site-images\/sia_tree_banner.jpg?fit=2048%2C666&ssl=1",2048,666,true],"trp-custom-language-flag":["https:\/\/i0.wp.com\/siawso.org\/wp-content\/uploads\/images\/site-images\/sia_tree_banner.jpg?fit=18%2C6&ssl=1",18,6,true],"newspack-article-block-landscape-large":["https:\/\/i0.wp.com\/siawso.org\/wp-content\/uploads\/images\/site-images\/sia_tree_banner.jpg?resize=1200%2C780&ssl=1",1200,780,true],"newspack-article-block-portrait-large":["https:\/\/i0.wp.com\/siawso.org\/wp-content\/uploads\/images\/site-images\/sia_tree_banner.jpg?resize=900%2C780&ssl=1",900,780,true],"newspack-article-block-square-large":["https:\/\/i0.wp.com\/siawso.org\/wp-content\/uploads\/images\/site-images\/sia_tree_banner.jpg?resize=1200%2C780&ssl=1",1200,780,true],"newspack-article-block-landscape-medium":["https:\/\/i0.wp.com\/siawso.org\/wp-content\/uploads\/images\/site-images\/sia_tree_banner.jpg?resize=800%2C600&ssl=1",800,600,true],"newspack-article-block-portrait-medium":["https:\/\/i0.wp.com\/siawso.org\/wp-content\/uploads\/images\/site-images\/sia_tree_banner.jpg?resize=600%2C780&ssl=1",600,780,true],"newspack-article-block-square-medium":["https:\/\/i0.wp.com\/siawso.org\/wp-content\/uploads\/images\/site-images\/sia_tree_banner.jpg?resize=800%2C780&ssl=1",800,780,true],"newspack-article-block-landscape-intermediate":["https:\/\/i0.wp.com\/siawso.org\/wp-content\/uploads\/images\/site-images\/sia_tree_banner.jpg?resize=600%2C450&ssl=1",600,450,true],"newspack-article-block-portrait-intermediate":["https:\/\/i0.wp.com\/siawso.org\/wp-content\/uploads\/images\/site-images\/sia_tree_banner.jpg?resize=450%2C600&ssl=1",450,600,true],"newspack-article-block-square-intermediate":["https:\/\/i0.wp.com\/siawso.org\/wp-content\/uploads\/images\/site-images\/sia_tree_banner.jpg?resize=600%2C600&ssl=1",600,600,true],"newspack-article-block-landscape-small":["https:\/\/i0.wp.com\/siawso.org\/wp-content\/uploads\/images\/site-images\/sia_tree_banner.jpg?resize=400%2C300&ssl=1",400,300,true],"newspack-article-block-portrait-small":["https:\/\/i0.wp.com\/siawso.org\/wp-content\/uploads\/images\/site-images\/sia_tree_banner.jpg?resize=300%2C400&ssl=1",300,400,true],"newspack-article-block-square-small":["https:\/\/i0.wp.com\/siawso.org\/wp-content\/uploads\/images\/site-images\/sia_tree_banner.jpg?resize=400%2C400&ssl=1",400,400,true],"newspack-article-block-landscape-tiny":["https:\/\/i0.wp.com\/siawso.org\/wp-content\/uploads\/images\/site-images\/sia_tree_banner.jpg?resize=200%2C150&ssl=1",200,150,true],"newspack-article-block-portrait-tiny":["https:\/\/i0.wp.com\/siawso.org\/wp-content\/uploads\/images\/site-images\/sia_tree_banner.jpg?resize=150%2C200&ssl=1",150,200,true],"newspack-article-block-square-tiny":["https:\/\/i0.wp.com\/siawso.org\/wp-content\/uploads\/images\/site-images\/sia_tree_banner.jpg?resize=200%2C200&ssl=1",200,200,true],"newspack-article-block-uncropped":["https:\/\/i0.wp.com\/siawso.org\/wp-content\/uploads\/images\/site-images\/sia_tree_banner.jpg?fit=1200%2C390&ssl=1",1200,390,true],"woocommerce_thumbnail":["https:\/\/i0.wp.com\/siawso.org\/wp-content\/uploads\/images\/site-images\/sia_tree_banner.jpg?resize=1%2C1&ssl=1",1,1,true],"woocommerce_single":["https:\/\/i0.wp.com\/siawso.org\/wp-content\/uploads\/images\/site-images\/sia_tree_banner.jpg?fit=1%2C1&ssl=1",1,1,true],"woocommerce_gallery_thumbnail":["https:\/\/i0.wp.com\/siawso.org\/wp-content\/uploads\/images\/site-images\/sia_tree_banner.jpg?resize=100%2C100&ssl=1",100,100,true]},"uagb_author_info":{"display_name":"melaniessiawsoorg","author_link":"https:\/\/siawso.org\/fr\/author\/melaniessiawsoorg\/"},"uagb_comment_info":0,"uagb_excerpt":"Every Penny CountsSurvivors of Incest Anonymous is fully self-supporting. Every gift, no matter the size,\u00a0 contributes to the functioning of [&hellip;]","jetpack_sharing_enabled":true,"jetpack_shortlink":"https:\/\/wp.me\/PeJ0hQ-3II","_links":{"self":[{"href":"https:\/\/siawso.org\/fr\/wp-json\/wp\/v2\/pages\/14304","targetHints":{"allow":["GET"]}}],"collection":[{"href":"https:\/\/siawso.org\/fr\/wp-json\/wp\/v2\/pages"}],"about":[{"href":"https:\/\/siawso.org\/fr\/wp-json\/wp\/v2\/types\/page"}],"author":[{"embeddable":true,"href":"https:\/\/siawso.org\/fr\/wp-json\/wp\/v2\/users\/233859920"}],"replies":[{"embeddable":true,"href":"https:\/\/siawso.org\/fr\/wp-json\/wp\/v2\/comments?post=14304"}],"version-history":[{"count":33,"href":"https:\/\/siawso.org\/fr\/wp-json\/wp\/v2\/pages\/14304\/revisions"}],"predecessor-version":[{"id":27011,"href":"https:\/\/siawso.org\/fr\/wp-json\/wp\/v2\/pages\/14304\/revisions\/27011"}],"wp:featuredmedia":[{"embeddable":true,"href":"https:\/\/siawso.org\/fr\/wp-json\/wp\/v2\/media\/25123"}],"wp:attachment":[{"href":"https:\/\/siawso.org\/fr\/wp-json\/wp\/v2\/media?parent=14304"}],"curies":[{"name":"wp","href":"https:\/\/api.w.org\/{rel}","templated":true}]}}