

{"id":14295,"date":"2023-06-18T15:49:27","date_gmt":"2023-06-18T19:49:27","guid":{"rendered":"https:\/\/siawso.org\/?page_id=14295"},"modified":"2026-02-04T11:02:01","modified_gmt":"2026-02-04T16:02:01","slug":"service","status":"publish","type":"page","link":"https:\/\/siawso.org\/fr\/service\/","title":{"rendered":"Service"},"content":{"rendered":"<p class=\"wp-block-paragraph\">L'adh\u00e9sion constitue le fondement de la structure de la SIA. L'unit\u00e9 de base de l'adh\u00e9sion est le groupe de r\u00e9union de la SIA, repr\u00e9sent\u00e9 par son repr\u00e9sentant de service de groupe.<\/p>\n\n\n\n<div class=\"wp-block-columns is-layout-flex wp-container-core-columns-is-layout-7387b849 wp-block-columns-is-layout-flex\">\n<div class=\"wp-block-column is-layout-flow wp-block-column-is-layout-flow\" style=\"flex-basis:33.33%\">\n<p class=\"wp-block-paragraph\">Votre \u00e9nergie est n\u00e9cessaire et bienvenue. Pensez-vous que SIA vous a aid\u00e9 ? Voulez-vous rendre un peu de ce que vous avez re\u00e7u ? Avez-vous atteint ce stade de reconnaissance dans votre r\u00e9tablissement qui vous appelle \u00e0 servir votre fraternit\u00e9 ? En franchissant les \u00e9tapes, beaucoup d'entre nous, dans SIA, ont compris que \"pour le garder, il faut le donner\". C'est ce principe qui maintient la vitalit\u00e9 de notre fraternit\u00e9. Nous continuons \u00e0 grandir et \u00e0 gu\u00e9rir gr\u00e2ce au service.&nbsp;<br><br>SIA est une association en 12 \u00e9tapes. Nous grandissons en rendant service. Dans les associations en 12 \u00e9tapes, nous ne consid\u00e9rons pas qu'il s'agit de b\u00e9n\u00e9volat au sens traditionnel du terme, mais plut\u00f4t de \"transmettre le message\" en travaillant \u00e0 l'\u00e9tape 12 : \"Ayant eu un \u00e9veil spirituel \u00e0 la suite de ces \u00e9tapes, nous avons essay\u00e9 de transmettre ce message \u00e0 d'autres survivants et de mettre en pratique ces principes dans toutes nos activit\u00e9s\".<br><br>En effet, il existe de nombreuses possibilit\u00e9s de servir le groupe : distribuer de la documentation, pr\u00e9parer le caf\u00e9 ou animer une r\u00e9union. Au fil du temps, un membre peut devenir tr\u00e9sorier de son groupe ou repr\u00e9sentant des services de groupe pour son intergroupe local ou \u00e0 la Conf\u00e9rence des Services Mondiaux. Certains membres peuvent mettre leurs comp\u00e9tences au service de SIA pour la Conf\u00e9rence des Services Mondiaux. Il est \u00e9galement possible pour les membres d'utiliser leurs comp\u00e9tences particuli\u00e8res au service de SIA au Bureau des Services Mondiaux ou de rejoindre une page de la Conf\u00e9rence des Services Mondiaux. <\/p>\n<\/div>\n\n\n\n<div class=\"wp-block-column is-layout-flow wp-block-column-is-layout-flow\" style=\"flex-basis:66.66%\">\n<figure class=\"wp-block-image aligncenter size-large is-resized\"><a href=\"https:\/\/i0.wp.com\/siawso.org\/wp-content\/uploads\/images\/site-images\/SIA-Service-Structure-Graphic-Site-Background.jpg?ssl=1\"><img data-recalc-dims=\"1\" loading=\"lazy\" decoding=\"async\" width=\"1024\" height=\"929\" data-attachment-id=\"26620\" data-permalink=\"https:\/\/siawso.org\/fr\/service\/sia-service-structure-graphic-site-background\/\" data-orig-file=\"https:\/\/i0.wp.com\/siawso.org\/wp-content\/uploads\/images\/site-images\/SIA-Service-Structure-Graphic-Site-Background.jpg?fit=1186%2C1076&amp;ssl=1\" data-orig-size=\"1186,1076\" data-comments-opened=\"1\" data-image-meta=\"{&quot;aperture&quot;:&quot;0&quot;,&quot;credit&quot;:&quot;&quot;,&quot;camera&quot;:&quot;&quot;,&quot;caption&quot;:&quot;&quot;,&quot;created_timestamp&quot;:&quot;0&quot;,&quot;copyright&quot;:&quot;&quot;,&quot;focal_length&quot;:&quot;0&quot;,&quot;iso&quot;:&quot;0&quot;,&quot;shutter_speed&quot;:&quot;0&quot;,&quot;title&quot;:&quot;&quot;,&quot;orientation&quot;:&quot;0&quot;}\" data-image-title=\"SIA Service Structure Graphic Site Background\" data-image-description=\"\" data-image-caption=\"\" data-large-file=\"https:\/\/i0.wp.com\/siawso.org\/wp-content\/uploads\/images\/site-images\/SIA-Service-Structure-Graphic-Site-Background.jpg?fit=1024%2C929&amp;ssl=1\" src=\"https:\/\/i0.wp.com\/siawso.org\/wp-content\/uploads\/images\/site-images\/SIA-Service-Structure-Graphic-Site-Background.jpg?resize=1024%2C929&#038;ssl=1\" alt=\"\" class=\"wp-image-26620\" style=\"box-shadow:none;width:600px\" srcset=\"https:\/\/i0.wp.com\/siawso.org\/wp-content\/uploads\/images\/site-images\/SIA-Service-Structure-Graphic-Site-Background.jpg?resize=1024%2C929&amp;ssl=1 1024w, https:\/\/i0.wp.com\/siawso.org\/wp-content\/uploads\/images\/site-images\/SIA-Service-Structure-Graphic-Site-Background.jpg?resize=300%2C272&amp;ssl=1 300w, https:\/\/i0.wp.com\/siawso.org\/wp-content\/uploads\/images\/site-images\/SIA-Service-Structure-Graphic-Site-Background.jpg?resize=768%2C697&amp;ssl=1 768w, https:\/\/i0.wp.com\/siawso.org\/wp-content\/uploads\/images\/site-images\/SIA-Service-Structure-Graphic-Site-Background.jpg?resize=13%2C12&amp;ssl=1 13w, https:\/\/i0.wp.com\/siawso.org\/wp-content\/uploads\/images\/site-images\/SIA-Service-Structure-Graphic-Site-Background.jpg?resize=1%2C1&amp;ssl=1 1w, https:\/\/i0.wp.com\/siawso.org\/wp-content\/uploads\/images\/site-images\/SIA-Service-Structure-Graphic-Site-Background.jpg?w=1186&amp;ssl=1 1186w\" sizes=\"auto, (max-width: 1000px) 100vw, 1000px\" \/><\/a><\/figure>\n<\/div>\n<\/div>\n\n\n\n<p class=\"wp-block-paragraph translation-block\"><strong>1. Cr\u00e9er une r\u00e9union ou faire du service au sein d\u2019une r\u00e9union <\/strong><br>\nUne r\u00e9union SIA est un outil unique dans le processus de r\u00e9tablissement. Le soutien bienveillant des autres survivants est ce qui fait de nos r\u00e9unions ce qu\u2019elles sont : un espace s\u00fbr pour se retrouver et partager. Beaucoup de nos r\u00e9unions ont \u00e9t\u00e9 cr\u00e9\u00e9es par des survivants qui n\u2019avaient jamais particip\u00e9 auparavant \u00e0 une r\u00e9union SIA. Il n\u2019existe pas de \u00ab bonne \u00bb ou de \u00ab mauvaise \u00bb fa\u00e7on d\u2019animer une r\u00e9union, et les formats varient d\u2019un groupe \u00e0 l\u2019autre. Vous pouvez trouver des exemples dans notre boutique en ligne. Si vous envisagez de cr\u00e9er une r\u00e9union, ces ressources ont \u00e9t\u00e9 sp\u00e9cialement mises \u00e0 votre disposition.<br>\na) Cr\u00e9er une r\u00e9union <br>\nb) Assurer un service en rotation comme pr\u00e9sident\u00b7e de s\u00e9ance, facilitateur\u00b7rice ou h\u00f4te.<br>\nc) \u00catre repr\u00e9sentant\u00b7e de groupe (GSR), secr\u00e9taire ou tr\u00e9sorier\u00b7\u00e8re de votre r\u00e9union.<br><br>\n\n<strong>2. Rester inform\u00e9<\/strong><br>\nSouhaitez-vous recevoir les derni\u00e8res nouvelles et mises \u00e0 jour de SIA ? Pour \u00eatre ajout\u00e9\u00b7e \u00e0 la liste de diffusion des bulletins d\u2019information du Bureau des services mondiaux de SIA, veuillez-vous inscrire au bas de cette page.<br><br>\n\n<strong>3. Servir au sein d\u2019un comit\u00e9 de la WSC ou d\u2019un intergroupe.<\/strong><br>\na) Rejoindre un comit\u00e9, participer aux r\u00e9unions pr\u00e9vues et mener des actions qui font progresser la fraternit\u00e9.<br>\nb) Servir au sein d\u2019un comit\u00e9 pour organiser un \u00e9v\u00e9nement SIA dans votre r\u00e9gion.<br>\nc) Animer un atelier lors d\u2019un \u00e9v\u00e9nement SIA.<br>\nd) Organiser ou animer un \u00e9v\u00e9nement virtuel sur Zoom.<br>\ne) Servir au sein d\u2019un comit\u00e9 de la WSC <br>\nf) Aider \u00e0 la pr\u00e9paration et \u00e0 l\u2019organisation du rassemblement de la WSC.<br><br>\n\n<strong>4. \u00c9crire et r\u00e9viser \u2014 rejoindre le comit\u00e9 Litt\u00e9rature <\/strong><br>\na) Partager votre t\u00e9moignage de survivant\u00b7e <br>\nb) \u00c9crire ou relire des textes et publications.<br>\nc) Contribuer au bulletin d\u2019information, au journal ou au blog des \u00e9v\u00e9nements.<br><br>\n\n<strong>5. Faire du service au WSO<\/strong><br>\na) R\u00e9pondre aux courriels pour votre \u00c9tat, province ou r\u00e9gion.<br>\nb) Si vous \u00eates engag\u00e9\u00b7e dans le r\u00e9tablissement depuis plusieurs ann\u00e9es, que vous avez travaill\u00e9 les \u00c9tapes et que vous souhaitez vous investir durablement au service de SIA, vous pouvez vous renseigner sur l\u2019int\u00e9gration au Conseil d\u2019administration du WSO de SIA.<br><br>\n\n<strong>6. Transmettre le message  <\/strong><br>\na) Transmettant le message aux personnes int\u00e9ress\u00e9es par notre site, pour leur propre soutien ou celui d\u2019un proche, tout en respectant la Tradition de \u00ab l\u2019attraction plut\u00f4t que la promotion \u00bb.<br>\nb) Servant au sein du comit\u00e9 Sensibilisation de la WSC.<br>\nc) Devenant correspondant\u00b7e pour des survivants qui ne peuvent pas participer aux r\u00e9unions par t\u00e9l\u00e9phone ou par internet.<br><\/p>\n\n\n\n<p class=\"wp-block-paragraph\"><\/p>\n\n\n\n<p class=\"wp-block-paragraph\"><\/p>\n\n\n\n<p class=\"wp-block-paragraph\"><\/p>\n\n\n\n<p class=\"wp-block-paragraph\"><\/p>\n\n\n\n<p class=\"wp-block-paragraph\"><\/p>\n\n\n\n<p class=\"wp-block-paragraph\"><\/p>\n\n\n\n<p class=\"wp-block-paragraph\"><\/p>","protected":false},"excerpt":{"rendered":"<p>The membership is the foundation of the SIA structure. The basic unit of membership is the SIA group, represented by [&hellip;]<\/p>\n","protected":false},"author":233859920,"featured_media":1161,"parent":0,"menu_order":0,"comment_status":"closed","ping_status":"closed","template":"","meta":{"_crdt_document":"","_uag_custom_page_level_css":"","site-sidebar-layout":"default","site-content-layout":"","ast-site-content-layout":"default","site-content-style":"default","site-sidebar-style":"default","ast-global-header-display":"","ast-banner-title-visibility":"","ast-main-header-display":"","ast-hfb-above-header-display":"","ast-hfb-below-header-display":"","ast-hfb-mobile-header-display":"","site-post-title":"","ast-breadcrumbs-content":"","ast-featured-img":"disabled","footer-sml-layout":"","ast-disable-related-posts":"","theme-transparent-header-meta":"","adv-header-id-meta":"","stick-header-meta":"","header-above-stick-meta":"","header-main-stick-meta":"","header-below-stick-meta":"","astra-migrate-meta-layouts":"set","ast-page-background-enabled":"default","ast-page-background-meta":{"desktop":{"background-color":"var(--ast-global-color-4)","background-image":"","background-repeat":"repeat","background-position":"center center","background-size":"auto","background-attachment":"scroll","background-type":"","background-media":"","overlay-type":"","overlay-color":"","overlay-opacity":"","overlay-gradient":""},"tablet":{"background-color":"","background-image":"","background-repeat":"repeat","background-position":"center center","background-size":"auto","background-attachment":"scroll","background-type":"","background-media":"","overlay-type":"","overlay-color":"","overlay-opacity":"","overlay-gradient":""},"mobile":{"background-color":"","background-image":"","background-repeat":"repeat","background-position":"center center","background-size":"auto","background-attachment":"scroll","background-type":"","background-media":"","overlay-type":"","overlay-color":"","overlay-opacity":"","overlay-gradient":""}},"ast-content-background-meta":{"desktop":{"background-color":"var(--ast-global-color-5)","background-image":"","background-repeat":"repeat","background-position":"center center","background-size":"auto","background-attachment":"scroll","background-type":"","background-media":"","overlay-type":"","overlay-color":"","overlay-opacity":"","overlay-gradient":""},"tablet":{"background-color":"var(--ast-global-color-5)","background-image":"","background-repeat":"repeat","background-position":"center center","background-size":"auto","background-attachment":"scroll","background-type":"","background-media":"","overlay-type":"","overlay-color":"","overlay-opacity":"","overlay-gradient":""},"mobile":{"background-color":"var(--ast-global-color-5)","background-image":"","background-repeat":"repeat","background-position":"center center","background-size":"auto","background-attachment":"scroll","background-type":"","background-media":"","overlay-type":"","overlay-color":"","overlay-opacity":"","overlay-gradient":""}},"advanced_seo_description":"","jetpack_seo_html_title":"","jetpack_seo_noindex":false,"footnotes":""},"class_list":["post-14295","page","type-page","status-publish","has-post-thumbnail","hentry"],"uagb_featured_image_src":{"full":["https:\/\/i0.wp.com\/siawso.org\/wp-content\/uploads\/images\/site-images\/7f7d9-home.jpg?fit=2400%2C1350&ssl=1",2400,1350,false],"thumbnail":["https:\/\/i0.wp.com\/siawso.org\/wp-content\/uploads\/images\/site-images\/7f7d9-home.jpg?resize=150%2C150&ssl=1",150,150,true],"medium":["https:\/\/i0.wp.com\/siawso.org\/wp-content\/uploads\/images\/site-images\/7f7d9-home.jpg?fit=300%2C169&ssl=1",300,169,true],"medium_large":["https:\/\/i0.wp.com\/siawso.org\/wp-content\/uploads\/images\/site-images\/7f7d9-home.jpg?fit=768%2C432&ssl=1",768,432,true],"large":["https:\/\/i0.wp.com\/siawso.org\/wp-content\/uploads\/images\/site-images\/7f7d9-home.jpg?fit=1024%2C576&ssl=1",1024,576,true],"1536x1536":["https:\/\/i0.wp.com\/siawso.org\/wp-content\/uploads\/images\/site-images\/7f7d9-home.jpg?fit=1536%2C864&ssl=1",1536,864,true],"2048x2048":["https:\/\/i0.wp.com\/siawso.org\/wp-content\/uploads\/images\/site-images\/7f7d9-home.jpg?fit=2048%2C1152&ssl=1",2048,1152,true],"trp-custom-language-flag":["https:\/\/i0.wp.com\/siawso.org\/wp-content\/uploads\/images\/site-images\/7f7d9-home.jpg?fit=18%2C10&ssl=1",18,10,true],"newspack-article-block-landscape-large":["https:\/\/i0.wp.com\/siawso.org\/wp-content\/uploads\/images\/site-images\/7f7d9-home.jpg?resize=1200%2C900&ssl=1",1200,900,true],"newspack-article-block-portrait-large":["https:\/\/i0.wp.com\/siawso.org\/wp-content\/uploads\/images\/site-images\/7f7d9-home.jpg?resize=900%2C1200&ssl=1",900,1200,true],"newspack-article-block-square-large":["https:\/\/i0.wp.com\/siawso.org\/wp-content\/uploads\/images\/site-images\/7f7d9-home.jpg?resize=1200%2C1200&ssl=1",1200,1200,true],"newspack-article-block-landscape-medium":["https:\/\/i0.wp.com\/siawso.org\/wp-content\/uploads\/images\/site-images\/7f7d9-home.jpg?resize=800%2C600&ssl=1",800,600,true],"newspack-article-block-portrait-medium":["https:\/\/i0.wp.com\/siawso.org\/wp-content\/uploads\/images\/site-images\/7f7d9-home.jpg?resize=600%2C800&ssl=1",600,800,true],"newspack-article-block-square-medium":["https:\/\/i0.wp.com\/siawso.org\/wp-content\/uploads\/images\/site-images\/7f7d9-home.jpg?resize=800%2C800&ssl=1",800,800,true],"newspack-article-block-landscape-intermediate":["https:\/\/i0.wp.com\/siawso.org\/wp-content\/uploads\/images\/site-images\/7f7d9-home.jpg?resize=600%2C450&ssl=1",600,450,true],"newspack-article-block-portrait-intermediate":["https:\/\/i0.wp.com\/siawso.org\/wp-content\/uploads\/images\/site-images\/7f7d9-home.jpg?resize=450%2C600&ssl=1",450,600,true],"newspack-article-block-square-intermediate":["https:\/\/i0.wp.com\/siawso.org\/wp-content\/uploads\/images\/site-images\/7f7d9-home.jpg?resize=600%2C600&ssl=1",600,600,true],"newspack-article-block-landscape-small":["https:\/\/i0.wp.com\/siawso.org\/wp-content\/uploads\/images\/site-images\/7f7d9-home.jpg?resize=400%2C300&ssl=1",400,300,true],"newspack-article-block-portrait-small":["https:\/\/i0.wp.com\/siawso.org\/wp-content\/uploads\/images\/site-images\/7f7d9-home.jpg?resize=300%2C400&ssl=1",300,400,true],"newspack-article-block-square-small":["https:\/\/i0.wp.com\/siawso.org\/wp-content\/uploads\/images\/site-images\/7f7d9-home.jpg?resize=400%2C400&ssl=1",400,400,true],"newspack-article-block-landscape-tiny":["https:\/\/i0.wp.com\/siawso.org\/wp-content\/uploads\/images\/site-images\/7f7d9-home.jpg?resize=200%2C150&ssl=1",200,150,true],"newspack-article-block-portrait-tiny":["https:\/\/i0.wp.com\/siawso.org\/wp-content\/uploads\/images\/site-images\/7f7d9-home.jpg?resize=150%2C200&ssl=1",150,200,true],"newspack-article-block-square-tiny":["https:\/\/i0.wp.com\/siawso.org\/wp-content\/uploads\/images\/site-images\/7f7d9-home.jpg?resize=200%2C200&ssl=1",200,200,true],"newspack-article-block-uncropped":["https:\/\/i0.wp.com\/siawso.org\/wp-content\/uploads\/images\/site-images\/7f7d9-home.jpg?fit=1200%2C675&ssl=1",1200,675,true],"woocommerce_thumbnail":["https:\/\/i0.wp.com\/siawso.org\/wp-content\/uploads\/images\/site-images\/7f7d9-home.jpg?resize=1%2C1&ssl=1",1,1,true],"woocommerce_single":["https:\/\/i0.wp.com\/siawso.org\/wp-content\/uploads\/images\/site-images\/7f7d9-home.jpg?fit=1%2C1&ssl=1",1,1,true],"woocommerce_gallery_thumbnail":["https:\/\/i0.wp.com\/siawso.org\/wp-content\/uploads\/images\/site-images\/7f7d9-home.jpg?resize=100%2C100&ssl=1",100,100,true]},"uagb_author_info":{"display_name":"melaniessiawsoorg","author_link":"https:\/\/siawso.org\/fr\/author\/melaniessiawsoorg\/"},"uagb_comment_info":0,"uagb_excerpt":"The membership is the foundation of the SIA structure. The basic unit of membership is the SIA group, represented by [&hellip;]","jetpack_sharing_enabled":true,"jetpack_shortlink":"https:\/\/wp.me\/PeJ0hQ-3Iz","_links":{"self":[{"href":"https:\/\/siawso.org\/fr\/wp-json\/wp\/v2\/pages\/14295","targetHints":{"allow":["GET"]}}],"collection":[{"href":"https:\/\/siawso.org\/fr\/wp-json\/wp\/v2\/pages"}],"about":[{"href":"https:\/\/siawso.org\/fr\/wp-json\/wp\/v2\/types\/page"}],"author":[{"embeddable":true,"href":"https:\/\/siawso.org\/fr\/wp-json\/wp\/v2\/users\/233859920"}],"replies":[{"embeddable":true,"href":"https:\/\/siawso.org\/fr\/wp-json\/wp\/v2\/comments?post=14295"}],"version-history":[{"count":17,"href":"https:\/\/siawso.org\/fr\/wp-json\/wp\/v2\/pages\/14295\/revisions"}],"predecessor-version":[{"id":26874,"href":"https:\/\/siawso.org\/fr\/wp-json\/wp\/v2\/pages\/14295\/revisions\/26874"}],"wp:featuredmedia":[{"embeddable":true,"href":"https:\/\/siawso.org\/fr\/wp-json\/wp\/v2\/media\/1161"}],"wp:attachment":[{"href":"https:\/\/siawso.org\/fr\/wp-json\/wp\/v2\/media?parent=14295"}],"curies":[{"name":"wp","href":"https:\/\/api.w.org\/{rel}","templated":true}]}}