


{"id":14280,"date":"2023-06-18T18:39:00","date_gmt":"2023-06-18T22:39:00","guid":{"rendered":"https:\/\/siawso.org\/?page_id=14280"},"modified":"2025-10-23T10:45:11","modified_gmt":"2025-10-23T14:45:11","slug":"sia-12s","status":"publish","type":"page","link":"https:\/\/siawso.org\/fr\/sia-12s\/","title":{"rendered":"Les 12S de SIA &amp; la Pri\u00e8re de la S\u00e9r\u00e9nit\u00e9"},"content":{"rendered":"<p class=\"wp-block-paragraph\"><\/p>\n\n\n\n<div class=\"wp-block-media-text is-stacked-on-mobile\" style=\"grid-template-columns:30% auto\"><figure class=\"wp-block-media-text__media\"><img data-recalc-dims=\"1\" loading=\"lazy\" decoding=\"async\" width=\"2400\" height=\"780\" data-attachment-id=\"25123\" data-permalink=\"https:\/\/siawso.org\/fr\/sia_tree_banner\/\" data-orig-file=\"https:\/\/i0.wp.com\/siawso.org\/wp-content\/uploads\/images\/site-images\/sia_tree_banner.jpg?fit=2400%2C780&amp;ssl=1\" data-orig-size=\"2400,780\" data-comments-opened=\"1\" data-image-meta=\"{&quot;aperture&quot;:&quot;0&quot;,&quot;credit&quot;:&quot;&quot;,&quot;camera&quot;:&quot;&quot;,&quot;caption&quot;:&quot;&quot;,&quot;created_timestamp&quot;:&quot;0&quot;,&quot;copyright&quot;:&quot;&quot;,&quot;focal_length&quot;:&quot;0&quot;,&quot;iso&quot;:&quot;0&quot;,&quot;shutter_speed&quot;:&quot;0&quot;,&quot;title&quot;:&quot;&quot;,&quot;orientation&quot;:&quot;0&quot;}\" data-image-title=\"sia_tree_banner\" data-image-description=\"\" data-image-caption=\"\" data-large-file=\"https:\/\/i0.wp.com\/siawso.org\/wp-content\/uploads\/images\/site-images\/sia_tree_banner.jpg?fit=1024%2C333&amp;ssl=1\" src=\"https:\/\/i0.wp.com\/siawso.org\/wp-content\/uploads\/images\/site-images\/sia_tree_banner.jpg?resize=2400%2C780&#038;ssl=1\" alt=\"\" class=\"wp-image-25123 size-full\" srcset=\"https:\/\/i0.wp.com\/siawso.org\/wp-content\/uploads\/images\/site-images\/sia_tree_banner.jpg?w=2400&amp;ssl=1 2400w, https:\/\/i0.wp.com\/siawso.org\/wp-content\/uploads\/images\/site-images\/sia_tree_banner.jpg?resize=300%2C98&amp;ssl=1 300w, https:\/\/i0.wp.com\/siawso.org\/wp-content\/uploads\/images\/site-images\/sia_tree_banner.jpg?resize=1024%2C333&amp;ssl=1 1024w, https:\/\/i0.wp.com\/siawso.org\/wp-content\/uploads\/images\/site-images\/sia_tree_banner.jpg?resize=768%2C250&amp;ssl=1 768w, https:\/\/i0.wp.com\/siawso.org\/wp-content\/uploads\/images\/site-images\/sia_tree_banner.jpg?resize=1536%2C499&amp;ssl=1 1536w, https:\/\/i0.wp.com\/siawso.org\/wp-content\/uploads\/images\/site-images\/sia_tree_banner.jpg?resize=2048%2C666&amp;ssl=1 2048w, https:\/\/i0.wp.com\/siawso.org\/wp-content\/uploads\/images\/site-images\/sia_tree_banner.jpg?resize=18%2C6&amp;ssl=1 18w, https:\/\/i0.wp.com\/siawso.org\/wp-content\/uploads\/images\/site-images\/sia_tree_banner.jpg?resize=1320%2C429&amp;ssl=1 1320w, https:\/\/i0.wp.com\/siawso.org\/wp-content\/uploads\/images\/site-images\/sia_tree_banner.jpg?resize=2%2C2&amp;ssl=1 2w, https:\/\/i0.wp.com\/siawso.org\/wp-content\/uploads\/images\/site-images\/sia_tree_banner.jpg?resize=10%2C3&amp;ssl=1 10w\" sizes=\"auto, (max-width: 1000px) 100vw, 1000px\" \/><\/figure><div class=\"wp-block-media-text__content\"><h1 class=\"has-link-color h1 { font-size=2em } wp-elements-b6b6b5e622ebd34dac4dcbd050f42eef wp-block-post-title has-text-color has-ast-global-color-0-color has-large-font-size\">Les 12S de SIA &amp; la Pri\u00e8re de la S\u00e9r\u00e9nit\u00e9<\/h1><\/div><\/div>\n\n\n\n<div class=\"wp-block-uagb-container uagb-block-dada6da1 alignfull uagb-is-root-container\"><div class=\"uagb-container-inner-blocks-wrap\"><\/div><\/div>\n\n\n\n<p class=\"has-ast-global-color-1-color has-text-color has-link-color wp-elements-558a91d591a372d7f06601691460cbd1 wp-block-paragraph translation-block\"><strong>\nLes 12S de SIA  \n<\/strong><br>\n\n<br>\u25cf <a href=\"https:\/\/siawso.org\/12-steps\/\" data-type=\"page\" data-id=\"14341\" target=\"_self\">\nLes 12 \u00c9tapes des Survivants de l'Inceste Anonymes\n<\/a>\n\n<br>\u25cf <a href=\"https:\/\/siawso.org\/12-traditions-of-survivors-of-incest-anonymous\/\" data-type=\"page\" data-id=\"14348\" target=\"_self\">\nLes 12 Traditions des Survivants de l'Inceste Anonymes \n<\/a>\n\n<br>\u25cf <a href=\"https:\/\/siawso.org\/welcome\/sia-12s\/12-promises\/\" data-type=\"page\" data-id=\"14351\" target=\"_self\">\nLes 12 Promesses des Survivants de l'Inceste Anonymes\n<\/a> \n\n<br>\u25cf <a href=\"https:\/\/siawso.org\/welcome\/sia-12s\/12-concepts-of-service\/\" data-type=\"page\" data-id=\"14353\" target=\"_self\">\nLes 12 Concepts de Service des Survivants de l'Inceste Anonymes\n<\/a>\n\n<br><br>\n<strong>\nLa \u00a8Pri\u00e8re de la S\u00e9r\u00e9nit\u00e9\nPuissance sup\u00e9rieure aimante, donnez-nous la s\u00e9r\u00e9nit\u00e9\nD\u2019accepter ce que nous ne pouvons pas changer\nLe courage de changer ce que nous pouvons\nEt la sagesse d\u2019en conna\u00eetre la diff\u00e9rence<\/p>\n\n\n\n<p class=\"wp-block-paragraph\"><\/p>","protected":false},"excerpt":{"rendered":"<p>SIA 12s 12 Steps of Survivors of Incest Anonymous12 Traditions of Survivors of Incest Anonymous12 Promises of Survivors of Incest [&hellip;]<\/p>\n","protected":false},"author":233859920,"featured_media":1161,"parent":0,"menu_order":0,"comment_status":"closed","ping_status":"closed","template":"","meta":{"_crdt_document":"","_uag_custom_page_level_css":"","site-sidebar-layout":"default","site-content-layout":"","ast-site-content-layout":"default","site-content-style":"default","site-sidebar-style":"default","ast-global-header-display":"","ast-banner-title-visibility":"","ast-main-header-display":"","ast-hfb-above-header-display":"","ast-hfb-below-header-display":"","ast-hfb-mobile-header-display":"","site-post-title":"disabled","ast-breadcrumbs-content":"","ast-featured-img":"disabled","footer-sml-layout":"","ast-disable-related-posts":"","theme-transparent-header-meta":"","adv-header-id-meta":"","stick-header-meta":"","header-above-stick-meta":"","header-main-stick-meta":"","header-below-stick-meta":"","astra-migrate-meta-layouts":"set","ast-page-background-enabled":"default","ast-page-background-meta":{"desktop":{"background-color":"var(--ast-global-color-4)","background-image":"","background-repeat":"repeat","background-position":"center center","background-size":"auto","background-attachment":"scroll","background-type":"","background-media":"","overlay-type":"","overlay-color":"","overlay-opacity":"","overlay-gradient":""},"tablet":{"background-color":"","background-image":"","background-repeat":"repeat","background-position":"center center","background-size":"auto","background-attachment":"scroll","background-type":"","background-media":"","overlay-type":"","overlay-color":"","overlay-opacity":"","overlay-gradient":""},"mobile":{"background-color":"","background-image":"","background-repeat":"repeat","background-position":"center center","background-size":"auto","background-attachment":"scroll","background-type":"","background-media":"","overlay-type":"","overlay-color":"","overlay-opacity":"","overlay-gradient":""}},"ast-content-background-meta":{"desktop":{"background-color":"var(--ast-global-color-5)","background-image":"","background-repeat":"repeat","background-position":"center center","background-size":"auto","background-attachment":"scroll","background-type":"","background-media":"","overlay-type":"","overlay-color":"","overlay-opacity":"","overlay-gradient":""},"tablet":{"background-color":"var(--ast-global-color-5)","background-image":"","background-repeat":"repeat","background-position":"center center","background-size":"auto","background-attachment":"scroll","background-type":"","background-media":"","overlay-type":"","overlay-color":"","overlay-opacity":"","overlay-gradient":""},"mobile":{"background-color":"var(--ast-global-color-5)","background-image":"","background-repeat":"repeat","background-position":"center center","background-size":"auto","background-attachment":"scroll","background-type":"","background-media":"","overlay-type":"","overlay-color":"","overlay-opacity":"","overlay-gradient":""}},"advanced_seo_description":"","jetpack_seo_html_title":"","jetpack_seo_noindex":false,"footnotes":""},"class_list":["post-14280","page","type-page","status-publish","has-post-thumbnail","hentry"],"uagb_featured_image_src":{"full":["https:\/\/i0.wp.com\/siawso.org\/wp-content\/uploads\/images\/site-images\/7f7d9-home.jpg?fit=2400%2C1350&ssl=1",2400,1350,false],"thumbnail":["https:\/\/i0.wp.com\/siawso.org\/wp-content\/uploads\/images\/site-images\/7f7d9-home.jpg?resize=150%2C150&ssl=1",150,150,true],"medium":["https:\/\/i0.wp.com\/siawso.org\/wp-content\/uploads\/images\/site-images\/7f7d9-home.jpg?fit=300%2C169&ssl=1",300,169,true],"medium_large":["https:\/\/i0.wp.com\/siawso.org\/wp-content\/uploads\/images\/site-images\/7f7d9-home.jpg?fit=768%2C432&ssl=1",768,432,true],"large":["https:\/\/i0.wp.com\/siawso.org\/wp-content\/uploads\/images\/site-images\/7f7d9-home.jpg?fit=1024%2C576&ssl=1",1024,576,true],"1536x1536":["https:\/\/i0.wp.com\/siawso.org\/wp-content\/uploads\/images\/site-images\/7f7d9-home.jpg?fit=1536%2C864&ssl=1",1536,864,true],"2048x2048":["https:\/\/i0.wp.com\/siawso.org\/wp-content\/uploads\/images\/site-images\/7f7d9-home.jpg?fit=2048%2C1152&ssl=1",2048,1152,true],"trp-custom-language-flag":["https:\/\/i0.wp.com\/siawso.org\/wp-content\/uploads\/images\/site-images\/7f7d9-home.jpg?fit=18%2C10&ssl=1",18,10,true],"newspack-article-block-landscape-large":["https:\/\/i0.wp.com\/siawso.org\/wp-content\/uploads\/images\/site-images\/7f7d9-home.jpg?resize=1200%2C900&ssl=1",1200,900,true],"newspack-article-block-portrait-large":["https:\/\/i0.wp.com\/siawso.org\/wp-content\/uploads\/images\/site-images\/7f7d9-home.jpg?resize=900%2C1200&ssl=1",900,1200,true],"newspack-article-block-square-large":["https:\/\/i0.wp.com\/siawso.org\/wp-content\/uploads\/images\/site-images\/7f7d9-home.jpg?resize=1200%2C1200&ssl=1",1200,1200,true],"newspack-article-block-landscape-medium":["https:\/\/i0.wp.com\/siawso.org\/wp-content\/uploads\/images\/site-images\/7f7d9-home.jpg?resize=800%2C600&ssl=1",800,600,true],"newspack-article-block-portrait-medium":["https:\/\/i0.wp.com\/siawso.org\/wp-content\/uploads\/images\/site-images\/7f7d9-home.jpg?resize=600%2C800&ssl=1",600,800,true],"newspack-article-block-square-medium":["https:\/\/i0.wp.com\/siawso.org\/wp-content\/uploads\/images\/site-images\/7f7d9-home.jpg?resize=800%2C800&ssl=1",800,800,true],"newspack-article-block-landscape-intermediate":["https:\/\/i0.wp.com\/siawso.org\/wp-content\/uploads\/images\/site-images\/7f7d9-home.jpg?resize=600%2C450&ssl=1",600,450,true],"newspack-article-block-portrait-intermediate":["https:\/\/i0.wp.com\/siawso.org\/wp-content\/uploads\/images\/site-images\/7f7d9-home.jpg?resize=450%2C600&ssl=1",450,600,true],"newspack-article-block-square-intermediate":["https:\/\/i0.wp.com\/siawso.org\/wp-content\/uploads\/images\/site-images\/7f7d9-home.jpg?resize=600%2C600&ssl=1",600,600,true],"newspack-article-block-landscape-small":["https:\/\/i0.wp.com\/siawso.org\/wp-content\/uploads\/images\/site-images\/7f7d9-home.jpg?resize=400%2C300&ssl=1",400,300,true],"newspack-article-block-portrait-small":["https:\/\/i0.wp.com\/siawso.org\/wp-content\/uploads\/images\/site-images\/7f7d9-home.jpg?resize=300%2C400&ssl=1",300,400,true],"newspack-article-block-square-small":["https:\/\/i0.wp.com\/siawso.org\/wp-content\/uploads\/images\/site-images\/7f7d9-home.jpg?resize=400%2C400&ssl=1",400,400,true],"newspack-article-block-landscape-tiny":["https:\/\/i0.wp.com\/siawso.org\/wp-content\/uploads\/images\/site-images\/7f7d9-home.jpg?resize=200%2C150&ssl=1",200,150,true],"newspack-article-block-portrait-tiny":["https:\/\/i0.wp.com\/siawso.org\/wp-content\/uploads\/images\/site-images\/7f7d9-home.jpg?resize=150%2C200&ssl=1",150,200,true],"newspack-article-block-square-tiny":["https:\/\/i0.wp.com\/siawso.org\/wp-content\/uploads\/images\/site-images\/7f7d9-home.jpg?resize=200%2C200&ssl=1",200,200,true],"newspack-article-block-uncropped":["https:\/\/i0.wp.com\/siawso.org\/wp-content\/uploads\/images\/site-images\/7f7d9-home.jpg?fit=1200%2C675&ssl=1",1200,675,true],"woocommerce_thumbnail":["https:\/\/i0.wp.com\/siawso.org\/wp-content\/uploads\/images\/site-images\/7f7d9-home.jpg?resize=1%2C1&ssl=1",1,1,true],"woocommerce_single":["https:\/\/i0.wp.com\/siawso.org\/wp-content\/uploads\/images\/site-images\/7f7d9-home.jpg?fit=1%2C1&ssl=1",1,1,true],"woocommerce_gallery_thumbnail":["https:\/\/i0.wp.com\/siawso.org\/wp-content\/uploads\/images\/site-images\/7f7d9-home.jpg?resize=100%2C100&ssl=1",100,100,true]},"uagb_author_info":{"display_name":"melaniessiawsoorg","author_link":"https:\/\/siawso.org\/fr\/author\/melaniessiawsoorg\/"},"uagb_comment_info":0,"uagb_excerpt":"SIA 12s 12 Steps of Survivors of Incest Anonymous12 Traditions of Survivors of Incest Anonymous12 Promises of Survivors of Incest [&hellip;]","jetpack_sharing_enabled":true,"jetpack_shortlink":"https:\/\/wp.me\/PeJ0hQ-3Ik","_links":{"self":[{"href":"https:\/\/siawso.org\/fr\/wp-json\/wp\/v2\/pages\/14280","targetHints":{"allow":["GET"]}}],"collection":[{"href":"https:\/\/siawso.org\/fr\/wp-json\/wp\/v2\/pages"}],"about":[{"href":"https:\/\/siawso.org\/fr\/wp-json\/wp\/v2\/types\/page"}],"author":[{"embeddable":true,"href":"https:\/\/siawso.org\/fr\/wp-json\/wp\/v2\/users\/233859920"}],"replies":[{"embeddable":true,"href":"https:\/\/siawso.org\/fr\/wp-json\/wp\/v2\/comments?post=14280"}],"version-history":[{"count":15,"href":"https:\/\/siawso.org\/fr\/wp-json\/wp\/v2\/pages\/14280\/revisions"}],"predecessor-version":[{"id":26387,"href":"https:\/\/siawso.org\/fr\/wp-json\/wp\/v2\/pages\/14280\/revisions\/26387"}],"wp:featuredmedia":[{"embeddable":true,"href":"https:\/\/siawso.org\/fr\/wp-json\/wp\/v2\/media\/1161"}],"wp:attachment":[{"href":"https:\/\/siawso.org\/fr\/wp-json\/wp\/v2\/media?parent=14280"}],"curies":[{"name":"wp","href":"https:\/\/api.w.org\/{rel}","templated":true}]}}