

{"id":14090,"date":"2023-06-06T19:31:22","date_gmt":"2023-06-06T23:31:22","guid":{"rendered":"https:\/\/siawso.org\/?page_id=14090"},"modified":"2026-01-28T13:07:18","modified_gmt":"2026-01-28T18:07:18","slug":"wso","status":"publish","type":"page","link":"https:\/\/siawso.org\/fr\/wso\/","title":{"rendered":"Bureau des Services Mondiaux de SIA"},"content":{"rendered":"<p class=\"wp-block-paragraph translation-block\">Le Bureau des Services Mondiaux (BSM) facilite les contacts entre les survivants et porte un message de r\u00e9tablissement \u00e0 ceux qui souffrent encore.  Il est au service des nombreux groupes de soutien ind\u00e9pendants de SIA dans le monde entier et des personnes qui nous contactent pour obtenir des informations. \n\n<br><br><strong>\nLes Services\n<\/strong><br>\nLe BSM g\u00e8re une ligne d'information t\u00e9l\u00e9phonique et par courrier \u00e9lectronique dont le personnel est exclusivement compos\u00e9 de survivants. Il aide les survivants \u00e0 entrer en contact avec des groupes locaux de SIA, fournit de la documentation, publie un bulletin d'information trimestriel et g\u00e8re une biblioth\u00e8que contenant d'autres documents utiles \u00e9labor\u00e9s par des survivants pour des survivants. Il aide les personnes \u00e0 cr\u00e9er de nouveaux groupes, tient \u00e0 jour l'annuaire des r\u00e9unions et la liste des groupes membres, et g\u00e8re un bureau de conf\u00e9renciers pour la sensibilisation et l'\u00e9ducation. Le BSM ne compte pas d'employ\u00e9s \u00e0 temps plein, mais a engag\u00e9 des travailleurs sp\u00e9ciaux \u00e0 temps partiel pour l'aider dans ses activit\u00e9s quotidiennes.\n<br><br><strong>\nFinancement\n<\/strong><br>\nLes activit\u00e9s du Bureau des Services Mondiaux de SIA sont autofinanc\u00e9es par la vente de la litt\u00e9rature de SIA (litt\u00e9rature t\u00e9l\u00e9chargeable, livres Kindle, litt\u00e9rature imprim\u00e9e via Amazon) et par vos contributions. Nous d\u00e9pendons principalement des contributions des groupes SIA et des individus. Le besoin de soutien financier est permanent et particuli\u00e8rement aigu \u00e0 l'heure o\u00f9 SIA \u00e9largit son offre en plusieurs langues. Tout don est pr\u00e9cieux. \n <br><br><strong>\nLe Si\u00e8ge Social\n<\/strong><br>\nLe si\u00e8ge social de SIA, le Bureau des Services Mondiaux, est un bureau virtuel. Il op\u00e8re en tant qu'organisation \u00e0 but non lucratif 501(c)3. Les op\u00e9rations quotidiennes du BSM sont supervis\u00e9es par le Conseil d'administration. Les \u00e9tats financiers annuels sont fournis par le Conseil et publi\u00e9s sur le site web.\n<br><\/p>\n\n\n\n<p class=\"wp-block-paragraph\"><\/p>","protected":false},"excerpt":{"rendered":"<p>The World Service Office (WSO) helps survivors connect and carries a message of recovery to those who still suffer.\u00a0 It [&hellip;]<\/p>\n","protected":false},"author":233859920,"featured_media":1161,"parent":0,"menu_order":0,"comment_status":"closed","ping_status":"closed","template":"","meta":{"_crdt_document":"","_uag_custom_page_level_css":"","site-sidebar-layout":"default","site-content-layout":null,"ast-site-content-layout":"default","site-content-style":"default","site-sidebar-style":"default","ast-global-header-display":"","ast-banner-title-visibility":"","ast-main-header-display":"","ast-hfb-above-header-display":"","ast-hfb-below-header-display":null,"ast-hfb-mobile-header-display":"","site-post-title":"","ast-breadcrumbs-content":null,"ast-featured-img":"disabled","footer-sml-layout":"","ast-disable-related-posts":"","theme-transparent-header-meta":"","adv-header-id-meta":"","stick-header-meta":"","header-above-stick-meta":"","header-main-stick-meta":"","header-below-stick-meta":null,"astra-migrate-meta-layouts":"set","ast-page-background-enabled":"default","ast-page-background-meta":{"desktop":{"background-color":"var(--ast-global-color-4)","background-image":"","background-repeat":"repeat","background-position":"center center","background-size":"auto","background-attachment":"scroll","background-type":"","background-media":"","overlay-type":"","overlay-color":"","overlay-opacity":"","overlay-gradient":""},"tablet":{"background-color":"","background-image":"","background-repeat":"repeat","background-position":"center center","background-size":"auto","background-attachment":"scroll","background-type":"","background-media":"","overlay-type":"","overlay-color":"","overlay-opacity":"","overlay-gradient":""},"mobile":{"background-color":"","background-image":"","background-repeat":"repeat","background-position":"center center","background-size":"auto","background-attachment":"scroll","background-type":"","background-media":"","overlay-type":"","overlay-color":"","overlay-opacity":"","overlay-gradient":""}},"ast-content-background-meta":{"desktop":{"background-color":"var(--ast-global-color-5)","background-image":"","background-repeat":"repeat","background-position":"center center","background-size":"auto","background-attachment":"scroll","background-type":"","background-media":"","overlay-type":"","overlay-color":"","overlay-opacity":"","overlay-gradient":""},"tablet":{"background-color":"var(--ast-global-color-5)","background-image":"","background-repeat":"repeat","background-position":"center center","background-size":"auto","background-attachment":"scroll","background-type":"","background-media":"","overlay-type":"","overlay-color":"","overlay-opacity":"","overlay-gradient":""},"mobile":{"background-color":"var(--ast-global-color-5)","background-image":"","background-repeat":"repeat","background-position":"center center","background-size":"auto","background-attachment":"scroll","background-type":"","background-media":"","overlay-type":"","overlay-color":"","overlay-opacity":"","overlay-gradient":""}},"advanced_seo_description":"","jetpack_seo_html_title":"","jetpack_seo_noindex":false,"footnotes":""},"class_list":["post-14090","page","type-page","status-publish","has-post-thumbnail","hentry"],"uagb_featured_image_src":{"full":["https:\/\/i0.wp.com\/siawso.org\/wp-content\/uploads\/images\/site-images\/7f7d9-home.jpg?fit=2400%2C1350&ssl=1",2400,1350,false],"thumbnail":["https:\/\/i0.wp.com\/siawso.org\/wp-content\/uploads\/images\/site-images\/7f7d9-home.jpg?resize=150%2C150&ssl=1",150,150,true],"medium":["https:\/\/i0.wp.com\/siawso.org\/wp-content\/uploads\/images\/site-images\/7f7d9-home.jpg?fit=300%2C169&ssl=1",300,169,true],"medium_large":["https:\/\/i0.wp.com\/siawso.org\/wp-content\/uploads\/images\/site-images\/7f7d9-home.jpg?fit=768%2C432&ssl=1",768,432,true],"large":["https:\/\/i0.wp.com\/siawso.org\/wp-content\/uploads\/images\/site-images\/7f7d9-home.jpg?fit=1024%2C576&ssl=1",1024,576,true],"1536x1536":["https:\/\/i0.wp.com\/siawso.org\/wp-content\/uploads\/images\/site-images\/7f7d9-home.jpg?fit=1536%2C864&ssl=1",1536,864,true],"2048x2048":["https:\/\/i0.wp.com\/siawso.org\/wp-content\/uploads\/images\/site-images\/7f7d9-home.jpg?fit=2048%2C1152&ssl=1",2048,1152,true],"trp-custom-language-flag":["https:\/\/i0.wp.com\/siawso.org\/wp-content\/uploads\/images\/site-images\/7f7d9-home.jpg?fit=18%2C10&ssl=1",18,10,true],"newspack-article-block-landscape-large":["https:\/\/i0.wp.com\/siawso.org\/wp-content\/uploads\/images\/site-images\/7f7d9-home.jpg?resize=1200%2C900&ssl=1",1200,900,true],"newspack-article-block-portrait-large":["https:\/\/i0.wp.com\/siawso.org\/wp-content\/uploads\/images\/site-images\/7f7d9-home.jpg?resize=900%2C1200&ssl=1",900,1200,true],"newspack-article-block-square-large":["https:\/\/i0.wp.com\/siawso.org\/wp-content\/uploads\/images\/site-images\/7f7d9-home.jpg?resize=1200%2C1200&ssl=1",1200,1200,true],"newspack-article-block-landscape-medium":["https:\/\/i0.wp.com\/siawso.org\/wp-content\/uploads\/images\/site-images\/7f7d9-home.jpg?resize=800%2C600&ssl=1",800,600,true],"newspack-article-block-portrait-medium":["https:\/\/i0.wp.com\/siawso.org\/wp-content\/uploads\/images\/site-images\/7f7d9-home.jpg?resize=600%2C800&ssl=1",600,800,true],"newspack-article-block-square-medium":["https:\/\/i0.wp.com\/siawso.org\/wp-content\/uploads\/images\/site-images\/7f7d9-home.jpg?resize=800%2C800&ssl=1",800,800,true],"newspack-article-block-landscape-intermediate":["https:\/\/i0.wp.com\/siawso.org\/wp-content\/uploads\/images\/site-images\/7f7d9-home.jpg?resize=600%2C450&ssl=1",600,450,true],"newspack-article-block-portrait-intermediate":["https:\/\/i0.wp.com\/siawso.org\/wp-content\/uploads\/images\/site-images\/7f7d9-home.jpg?resize=450%2C600&ssl=1",450,600,true],"newspack-article-block-square-intermediate":["https:\/\/i0.wp.com\/siawso.org\/wp-content\/uploads\/images\/site-images\/7f7d9-home.jpg?resize=600%2C600&ssl=1",600,600,true],"newspack-article-block-landscape-small":["https:\/\/i0.wp.com\/siawso.org\/wp-content\/uploads\/images\/site-images\/7f7d9-home.jpg?resize=400%2C300&ssl=1",400,300,true],"newspack-article-block-portrait-small":["https:\/\/i0.wp.com\/siawso.org\/wp-content\/uploads\/images\/site-images\/7f7d9-home.jpg?resize=300%2C400&ssl=1",300,400,true],"newspack-article-block-square-small":["https:\/\/i0.wp.com\/siawso.org\/wp-content\/uploads\/images\/site-images\/7f7d9-home.jpg?resize=400%2C400&ssl=1",400,400,true],"newspack-article-block-landscape-tiny":["https:\/\/i0.wp.com\/siawso.org\/wp-content\/uploads\/images\/site-images\/7f7d9-home.jpg?resize=200%2C150&ssl=1",200,150,true],"newspack-article-block-portrait-tiny":["https:\/\/i0.wp.com\/siawso.org\/wp-content\/uploads\/images\/site-images\/7f7d9-home.jpg?resize=150%2C200&ssl=1",150,200,true],"newspack-article-block-square-tiny":["https:\/\/i0.wp.com\/siawso.org\/wp-content\/uploads\/images\/site-images\/7f7d9-home.jpg?resize=200%2C200&ssl=1",200,200,true],"newspack-article-block-uncropped":["https:\/\/i0.wp.com\/siawso.org\/wp-content\/uploads\/images\/site-images\/7f7d9-home.jpg?fit=1200%2C675&ssl=1",1200,675,true],"woocommerce_thumbnail":["https:\/\/i0.wp.com\/siawso.org\/wp-content\/uploads\/images\/site-images\/7f7d9-home.jpg?resize=1%2C1&ssl=1",1,1,true],"woocommerce_single":["https:\/\/i0.wp.com\/siawso.org\/wp-content\/uploads\/images\/site-images\/7f7d9-home.jpg?fit=1%2C1&ssl=1",1,1,true],"woocommerce_gallery_thumbnail":["https:\/\/i0.wp.com\/siawso.org\/wp-content\/uploads\/images\/site-images\/7f7d9-home.jpg?resize=100%2C100&ssl=1",100,100,true]},"uagb_author_info":{"display_name":"melaniessiawsoorg","author_link":"https:\/\/siawso.org\/fr\/author\/melaniessiawsoorg\/"},"uagb_comment_info":0,"uagb_excerpt":"The World Service Office (WSO) helps survivors connect and carries a message of recovery to those who still suffer.\u00a0 It [&hellip;]","jetpack_sharing_enabled":true,"jetpack_shortlink":"https:\/\/wp.me\/PeJ0hQ-3Fg","_links":{"self":[{"href":"https:\/\/siawso.org\/fr\/wp-json\/wp\/v2\/pages\/14090","targetHints":{"allow":["GET"]}}],"collection":[{"href":"https:\/\/siawso.org\/fr\/wp-json\/wp\/v2\/pages"}],"about":[{"href":"https:\/\/siawso.org\/fr\/wp-json\/wp\/v2\/types\/page"}],"author":[{"embeddable":true,"href":"https:\/\/siawso.org\/fr\/wp-json\/wp\/v2\/users\/233859920"}],"replies":[{"embeddable":true,"href":"https:\/\/siawso.org\/fr\/wp-json\/wp\/v2\/comments?post=14090"}],"version-history":[{"count":9,"href":"https:\/\/siawso.org\/fr\/wp-json\/wp\/v2\/pages\/14090\/revisions"}],"predecessor-version":[{"id":25196,"href":"https:\/\/siawso.org\/fr\/wp-json\/wp\/v2\/pages\/14090\/revisions\/25196"}],"wp:featuredmedia":[{"embeddable":true,"href":"https:\/\/siawso.org\/fr\/wp-json\/wp\/v2\/media\/1161"}],"wp:attachment":[{"href":"https:\/\/siawso.org\/fr\/wp-json\/wp\/v2\/media?parent=14090"}],"curies":[{"name":"wp","href":"https:\/\/api.w.org\/{rel}","templated":true}]}}