


{"id":7053,"date":"2020-12-21T09:43:30","date_gmt":"2020-12-21T14:43:30","guid":{"rendered":"https:\/\/siawso.org\/?page_id=7053"},"modified":"2026-01-28T13:04:20","modified_gmt":"2026-01-28T18:04:20","slug":"groups-and-meetings","status":"publish","type":"page","link":"https:\/\/siawso.org\/es\/groups-and-meetings\/","title":{"rendered":"Grupos e reuni\u00f5es"},"content":{"rendered":"<ol style=\"margin-top:0;margin-bottom:0\" class=\"wp-block-list\">\n<li style=\"margin-top:0;margin-bottom:0;padding-top:var(--wp--preset--spacing--20);padding-bottom:var(--wp--preset--spacing--20)\" class=\" translation-block\"><strong>El  grupo de SIA<\/strong><br>La unidad b\u00e1sica de membres\u00eda es el grupo de SIA, que puede estar compuesto por dos o m\u00e1s individuos que se re\u00fanen para ayudarse mutuamente. Una reuni\u00f3n de SIA es un grupo de sobrevivientes que sigue las 12 tradiciones, utiliza un conjunto de pautas de seguridad, da la bienvenida a los nuevos y se re\u00fane regularmente. Las reuniones, ya sean en un formato local o virtual, pueden organizarse como grupos informales o como Intergrupos formales.<\/li>\n\n\n\n<li style=\"padding-top:var(--wp--preset--spacing--20);padding-bottom:var(--wp--preset--spacing--20)\" class=\" translation-block\"><strong>\u00bfCu\u00e1les son los requisitos m\u00ednimos para iniciar una reuni\u00f3n?<\/strong><br>Siempre que un grupo siga las 12 Tradiciones de SIA, cuente con un conjunto de pautas de seguridad y permanezca abierto a los reci\u00e9n llegados, puede llamarse a s\u00ed mismo una Reuni\u00f3n de SIA.  Los miembros de SIA han decidido (y las leyes actuales lo han hecho necesario aclarar) que los perpetradores de abuso sexual infantil no est\u00e1n permitidos en ninguna reuni\u00f3n de SIA. Existen otros programas y v\u00edas disponibles para la ayuda a personas que han cometido abuso.<\/li>\n\n\n\n<li style=\"padding-top:var(--wp--preset--spacing--20);padding-bottom:var(--wp--preset--spacing--20)\" class=\" translation-block\"><strong>Iniciar una reuni\u00f3n<\/strong><br>\nLa WSO (Oficina de Servicios Mundiales de SIA) registra reuniones en l\u00ednea y por tel\u00e9fono, siempre y cuando los grupos establezcan normas claras de seguridad y sigan las 12 Tradiciones de SIA y sus principios generales de funcionamiento. \n<br>Muchas reuniones de SIA fueron iniciadas por sobrevivientes que nunca antes hab\u00edan asistido a una. Todas las reuniones de SIA son aut\u00f3nomas, lo que significa que los grupos deciden democr\u00e1ticamente el formato que prefieren utilizar, las normas de seguridad, si se establecer\u00e1n tiempos para compartir, entre otros aspectos. No hay una \u00fanica forma \"correcta\" de llevar a cabo una reuni\u00f3n. Los formatos var\u00edan de un grupo a otro, y los miembros pueden solicitar reuniones de Conciencia de Grupo para expresar ideas y tomar decisiones en conjunto. En estas reuniones, todas las voces son escuchadas y respetadas, asegurando que las decisiones se tomen por mayor\u00eda, sin ignorar las opiniones minoritarias.\n<br>Si est\u00e1s considerando iniciar una reuni\u00f3n, consulta la secci\u00f3n de recursos gratuitos en la tienda de SIA. La duraci\u00f3n de las reuniones var\u00eda seg\u00fan el grupo. Si has asistido a reuniones de otros programas de 12 pasos y te han resultado \u00fatiles, puedes tomar esos modelos como referencia para estructurar una reuni\u00f3n de SIA. El apoyo solidario de otros sobrevivientes es lo que hace que nuestras reuniones sean espacios seguros donde compartir y crecer. Como siempre, qu\u00e9date con lo que te sirva y deja el resto.<\/li>\n\n\n\n<li style=\"padding-top:var(--wp--preset--spacing--20);padding-bottom:var(--wp--preset--spacing--20)\" class=\" translation-block\"><strong>Pautas De Seguridad<\/strong><br>\nExisten muchas buenas maneras de mantener una reuni\u00f3n segura. Cada grupo decide qu\u00e9 medidas adoptar. En la secci\u00f3n de Recursos Gratuitos de la tienda de SIA puedes encontrar ejemplos de pautas de seguridad. \u00dasalas como referencia, ad\u00e1ptalas seg\u00fan tus necesidades y av\u00edsanos si deseas compartir alguna mejora con la comunidad.<\/li>\n\n\n\n<li style=\"padding-top:var(--wp--preset--spacing--20);padding-bottom:var(--wp--preset--spacing--20)\" class=\" translation-block\"><strong>\u00bfC\u00f3mo resolver un conflicto en mi grupo SIA?<\/strong><br>Los conflictos dentro de los grupos de SIA ocurren con frecuencia. Para manejarlos, lo m\u00e1s \u00fatil es recurrir a las 12 Tradiciones. Estas establecen l\u00edmites y principios que contienen la sabidur\u00eda necesaria para resolver la mayor\u00eda de las situaciones. Si bien cada grupo tiene autonom\u00eda para definir el formato de sus reuniones, no puede modificar las 12 Tradiciones de SIA. Si un grupo decide cambiarlas, ya no estar\u00eda funcionando como un grupo de SIA. Cualquier miembro del grupo tiene derecho a solicitar una reuni\u00f3n de Conciencia de Grupo (a veces llamada reuni\u00f3n de negocios) si considera que hay un problema preocupante o desea proponer un cambio en el formato del grupo. Estas reuniones deben llevarse a cabo de manera segura, teniendo en cuenta las 12 Tradiciones y los 12 Conceptos de Servicio. Si t\u00fa o tu grupo tienen dudas, pueden contactar al Comit\u00e9 de Preocupaciones de los Grupos de la Conferencia de Servicio Mundial para recibir orientaci\u00f3n.<\/li>\n\n\n\n<li style=\"padding-top:var(--wp--preset--spacing--20);padding-bottom:var(--wp--preset--spacing--20)\"><strong><strong>Registro de Reuniones en el Sitio Web<\/strong><br><\/strong>Todas las reuniones, ya sean independientes o pertenezcan a un grupo colectivo suelto o Intergrupo oficial, deben registrarse en el sitio web y mantener la lista actualizada. Las listas precisas ayudan a los nuevos a encontrar el apoyo que necesitan.&nbsp;<\/li>\n\n\n\n<li style=\"padding-top:var(--wp--preset--spacing--20);padding-bottom:var(--wp--preset--spacing--20)\"><strong>\u00bfQu\u00e9 son los puestos de servicio?<\/strong><br>Las operaciones del grupo son responsabilidad de los servidores de confianza del grupo, quienes son elegidos por los miembros. Las posiciones de servicio (por ejemplo, anfitri\u00f3n de la reuni\u00f3n, facilitador o presidente, representante de servicio del grupo (GSR), persona de literatura, tesorero, etc.) rotan, lo que permite que todos tengan una oportunidad de servicio. Todos los servidores de confianza son l\u00edderes que desempe\u00f1an sus funciones de acuerdo con las 12 Tradiciones y los 12 Conceptos de Servicio de SIA. No tienen autoridad sobre el grupo, sino que sirven al grupo y a SIA.<\/li>\n\n\n\n<li style=\"padding-top:var(--wp--preset--spacing--20);padding-bottom:var(--wp--preset--spacing--20)\" class=\" translation-block\"><strong>Que es un(a) Representante de Servicio de Grupo (GSR) ?<\/strong><br>\nCada reuni\u00f3n registrada en el directorio de SIA tiene derecho a participar en el consenso grupal de la Conferencia Mundial de Servicio (WSC). Esto se realiza a trav\u00e9s de su Representante de Servicio de Grupo (GSR), quien act\u00faa en nombre del grupo en la Conferencia Mundial de Servicio de SIA.<\/li>\n\n\n\n<li style=\"padding-top:var(--wp--preset--spacing--20);padding-bottom:var(--wp--preset--spacing--20)\"><strong>\u00bfSe permite la asistencia de menores de edad (menores de 18 a\u00f1os) a las reuniones?<\/strong><br>SIA es una hermandad para adultos. La Oficina de Servicio Mundial de SIA advierte que los grupos que admiten menores deben conocer las leyes de su estado o pa\u00eds. Muchas jurisdicciones tienen leyes que obligan a informar sobre sospechas de abuso (pasado o presente) de un menor. Por lo tanto, la confidencialidad del menor es limitada. Los adultos que no denuncian las revelaciones de los menores pueden infringir las leyes de su estado o pa\u00eds. Los adolescentes y los adultos deben ser conscientes de ello antes de entrar en la sala.<\/li>\n\n\n\n<li style=\"padding-top:var(--wp--preset--spacing--20);padding-bottom:var(--wp--preset--spacing--20)\"><strong>\u00bfSon las reuniones aut\u00f3nomas?<\/strong><br>Todos los SIA reuniones de car\u00e1cter aut\u00f3nomo, excepto en asuntos que afecten a otros grupos o a la organizaci\u00f3n como un todo. Los sobrevivientes de Incesto An\u00f3nimo OSM no est\u00e1 involucrado ni responsable de cualquier reuni\u00f3n o un grupo de decisiones. El SIA Oficina de Servicio Mundial no est\u00e1 asociado con, y no asume ninguna responsabilidad por cualquier sitios web externos (incluyendo Intergrupos) que han vinculado a este sitio o de otra manera dirigida usted aqu\u00ed, ni es responsable del contenido de sus declaraciones. La Oficina de Servicio Mundial hace sugerencias, pero no de la polic\u00eda de grupos y no es responsable de nada de lo que ocurre en las reuniones de grupo. Los grupos son organizaciones independientes y tener un control total sobre sus propias actividades.<\/li>\n\n\n\n<li style=\"padding-top:var(--wp--preset--spacing--20);padding-bottom:var(--wp--preset--spacing--20)\" class=\" translation-block\"><strong>\u00bfC\u00f3mo se comunican las reuniones entre s\u00ed y con el WSC?<\/strong><br>\nExisten dos l\u00edneas principales de comunicaci\u00f3n entre los grupos y SIA en su conjunto: la Conferencia Mundial de Servicios de SIA (con sus comit\u00e9s, que se considera la Conciencia Grupal de toda la hermandad) y la Oficina Mundial de Servicios de SIA (WSO), que act\u00faa como el centro de servicio para grupos en todo el mundo.<\/li>\n<\/ol>\n\n\n\n<p class=\"wp-block-paragraph\"><\/p>","protected":false},"excerpt":{"rendered":"","protected":false},"author":233859920,"featured_media":1161,"parent":0,"menu_order":0,"comment_status":"closed","ping_status":"closed","template":"","meta":{"_crdt_document":"","_uag_custom_page_level_css":"","site-sidebar-layout":"no-sidebar","site-content-layout":null,"ast-site-content-layout":"full-width-container","site-content-style":"unboxed","site-sidebar-style":"unboxed","ast-global-header-display":"","ast-banner-title-visibility":"","ast-main-header-display":"","ast-hfb-above-header-display":"","ast-hfb-below-header-display":null,"ast-hfb-mobile-header-display":"","site-post-title":"","ast-breadcrumbs-content":null,"ast-featured-img":"disabled","footer-sml-layout":"","ast-disable-related-posts":"","theme-transparent-header-meta":"default","adv-header-id-meta":"","stick-header-meta":"default","header-above-stick-meta":"","header-main-stick-meta":"","header-below-stick-meta":null,"astra-migrate-meta-layouts":"set","ast-page-background-enabled":"default","ast-page-background-meta":{"desktop":{"background-color":"var(--ast-global-color-4)","background-image":"","background-repeat":"repeat","background-position":"center center","background-size":"auto","background-attachment":"scroll","background-type":"","background-media":"","overlay-type":"","overlay-color":"","overlay-opacity":"","overlay-gradient":""},"tablet":{"background-color":"","background-image":"","background-repeat":"repeat","background-position":"center center","background-size":"auto","background-attachment":"scroll","background-type":"","background-media":"","overlay-type":"","overlay-color":"","overlay-opacity":"","overlay-gradient":""},"mobile":{"background-color":"","background-image":"","background-repeat":"repeat","background-position":"center center","background-size":"auto","background-attachment":"scroll","background-type":"","background-media":"","overlay-type":"","overlay-color":"","overlay-opacity":"","overlay-gradient":""}},"ast-content-background-meta":{"desktop":{"background-color":"var(--ast-global-color-5)","background-image":"","background-repeat":"repeat","background-position":"center center","background-size":"auto","background-attachment":"scroll","background-type":"","background-media":"","overlay-type":"","overlay-color":"","overlay-opacity":"","overlay-gradient":""},"tablet":{"background-color":"var(--ast-global-color-5)","background-image":"","background-repeat":"repeat","background-position":"center center","background-size":"auto","background-attachment":"scroll","background-type":"","background-media":"","overlay-type":"","overlay-color":"","overlay-opacity":"","overlay-gradient":""},"mobile":{"background-color":"var(--ast-global-color-5)","background-image":"","background-repeat":"repeat","background-position":"center center","background-size":"auto","background-attachment":"scroll","background-type":"","background-media":"","overlay-type":"","overlay-color":"","overlay-opacity":"","overlay-gradient":""}},"advanced_seo_description":"","jetpack_seo_html_title":"","jetpack_seo_noindex":false,"footnotes":""},"class_list":["post-7053","page","type-page","status-publish","has-post-thumbnail","hentry"],"uagb_featured_image_src":{"full":["https:\/\/i0.wp.com\/siawso.org\/wp-content\/uploads\/images\/site-images\/7f7d9-home.jpg?fit=2400%2C1350&ssl=1",2400,1350,false],"thumbnail":["https:\/\/i0.wp.com\/siawso.org\/wp-content\/uploads\/images\/site-images\/7f7d9-home.jpg?resize=150%2C150&ssl=1",150,150,true],"medium":["https:\/\/i0.wp.com\/siawso.org\/wp-content\/uploads\/images\/site-images\/7f7d9-home.jpg?fit=300%2C169&ssl=1",300,169,true],"medium_large":["https:\/\/i0.wp.com\/siawso.org\/wp-content\/uploads\/images\/site-images\/7f7d9-home.jpg?fit=768%2C432&ssl=1",768,432,true],"large":["https:\/\/i0.wp.com\/siawso.org\/wp-content\/uploads\/images\/site-images\/7f7d9-home.jpg?fit=1024%2C576&ssl=1",1024,576,true],"1536x1536":["https:\/\/i0.wp.com\/siawso.org\/wp-content\/uploads\/images\/site-images\/7f7d9-home.jpg?fit=1536%2C864&ssl=1",1536,864,true],"2048x2048":["https:\/\/i0.wp.com\/siawso.org\/wp-content\/uploads\/images\/site-images\/7f7d9-home.jpg?fit=2048%2C1152&ssl=1",2048,1152,true],"trp-custom-language-flag":["https:\/\/i0.wp.com\/siawso.org\/wp-content\/uploads\/images\/site-images\/7f7d9-home.jpg?fit=18%2C10&ssl=1",18,10,true],"newspack-article-block-landscape-large":["https:\/\/i0.wp.com\/siawso.org\/wp-content\/uploads\/images\/site-images\/7f7d9-home.jpg?resize=1200%2C900&ssl=1",1200,900,true],"newspack-article-block-portrait-large":["https:\/\/i0.wp.com\/siawso.org\/wp-content\/uploads\/images\/site-images\/7f7d9-home.jpg?resize=900%2C1200&ssl=1",900,1200,true],"newspack-article-block-square-large":["https:\/\/i0.wp.com\/siawso.org\/wp-content\/uploads\/images\/site-images\/7f7d9-home.jpg?resize=1200%2C1200&ssl=1",1200,1200,true],"newspack-article-block-landscape-medium":["https:\/\/i0.wp.com\/siawso.org\/wp-content\/uploads\/images\/site-images\/7f7d9-home.jpg?resize=800%2C600&ssl=1",800,600,true],"newspack-article-block-portrait-medium":["https:\/\/i0.wp.com\/siawso.org\/wp-content\/uploads\/images\/site-images\/7f7d9-home.jpg?resize=600%2C800&ssl=1",600,800,true],"newspack-article-block-square-medium":["https:\/\/i0.wp.com\/siawso.org\/wp-content\/uploads\/images\/site-images\/7f7d9-home.jpg?resize=800%2C800&ssl=1",800,800,true],"newspack-article-block-landscape-intermediate":["https:\/\/i0.wp.com\/siawso.org\/wp-content\/uploads\/images\/site-images\/7f7d9-home.jpg?resize=600%2C450&ssl=1",600,450,true],"newspack-article-block-portrait-intermediate":["https:\/\/i0.wp.com\/siawso.org\/wp-content\/uploads\/images\/site-images\/7f7d9-home.jpg?resize=450%2C600&ssl=1",450,600,true],"newspack-article-block-square-intermediate":["https:\/\/i0.wp.com\/siawso.org\/wp-content\/uploads\/images\/site-images\/7f7d9-home.jpg?resize=600%2C600&ssl=1",600,600,true],"newspack-article-block-landscape-small":["https:\/\/i0.wp.com\/siawso.org\/wp-content\/uploads\/images\/site-images\/7f7d9-home.jpg?resize=400%2C300&ssl=1",400,300,true],"newspack-article-block-portrait-small":["https:\/\/i0.wp.com\/siawso.org\/wp-content\/uploads\/images\/site-images\/7f7d9-home.jpg?resize=300%2C400&ssl=1",300,400,true],"newspack-article-block-square-small":["https:\/\/i0.wp.com\/siawso.org\/wp-content\/uploads\/images\/site-images\/7f7d9-home.jpg?resize=400%2C400&ssl=1",400,400,true],"newspack-article-block-landscape-tiny":["https:\/\/i0.wp.com\/siawso.org\/wp-content\/uploads\/images\/site-images\/7f7d9-home.jpg?resize=200%2C150&ssl=1",200,150,true],"newspack-article-block-portrait-tiny":["https:\/\/i0.wp.com\/siawso.org\/wp-content\/uploads\/images\/site-images\/7f7d9-home.jpg?resize=150%2C200&ssl=1",150,200,true],"newspack-article-block-square-tiny":["https:\/\/i0.wp.com\/siawso.org\/wp-content\/uploads\/images\/site-images\/7f7d9-home.jpg?resize=200%2C200&ssl=1",200,200,true],"newspack-article-block-uncropped":["https:\/\/i0.wp.com\/siawso.org\/wp-content\/uploads\/images\/site-images\/7f7d9-home.jpg?fit=1200%2C675&ssl=1",1200,675,true],"woocommerce_thumbnail":["https:\/\/i0.wp.com\/siawso.org\/wp-content\/uploads\/images\/site-images\/7f7d9-home.jpg?resize=1%2C1&ssl=1",1,1,true],"woocommerce_single":["https:\/\/i0.wp.com\/siawso.org\/wp-content\/uploads\/images\/site-images\/7f7d9-home.jpg?fit=1%2C1&ssl=1",1,1,true],"woocommerce_gallery_thumbnail":["https:\/\/i0.wp.com\/siawso.org\/wp-content\/uploads\/images\/site-images\/7f7d9-home.jpg?resize=100%2C100&ssl=1",100,100,true]},"uagb_author_info":{"display_name":"melaniessiawsoorg","author_link":"https:\/\/siawso.org\/es\/author\/melaniessiawsoorg\/"},"uagb_comment_info":0,"uagb_excerpt":null,"jetpack_sharing_enabled":true,"jetpack_shortlink":"https:\/\/wp.me\/PeJ0hQ-1PL","_links":{"self":[{"href":"https:\/\/siawso.org\/es\/wp-json\/wp\/v2\/pages\/7053","targetHints":{"allow":["GET"]}}],"collection":[{"href":"https:\/\/siawso.org\/es\/wp-json\/wp\/v2\/pages"}],"about":[{"href":"https:\/\/siawso.org\/es\/wp-json\/wp\/v2\/types\/page"}],"author":[{"embeddable":true,"href":"https:\/\/siawso.org\/es\/wp-json\/wp\/v2\/users\/233859920"}],"replies":[{"embeddable":true,"href":"https:\/\/siawso.org\/es\/wp-json\/wp\/v2\/comments?post=7053"}],"version-history":[{"count":43,"href":"https:\/\/siawso.org\/es\/wp-json\/wp\/v2\/pages\/7053\/revisions"}],"predecessor-version":[{"id":26606,"href":"https:\/\/siawso.org\/es\/wp-json\/wp\/v2\/pages\/7053\/revisions\/26606"}],"wp:featuredmedia":[{"embeddable":true,"href":"https:\/\/siawso.org\/es\/wp-json\/wp\/v2\/media\/1161"}],"wp:attachment":[{"href":"https:\/\/siawso.org\/es\/wp-json\/wp\/v2\/media?parent=7053"}],"curies":[{"name":"wp","href":"https:\/\/api.w.org\/{rel}","templated":true}]}}