

{"id":19632,"date":"2024-11-26T13:14:52","date_gmt":"2024-11-26T18:14:52","guid":{"rendered":"https:\/\/siawso.org\/?page_id=19632"},"modified":"2026-01-22T15:35:34","modified_gmt":"2026-01-22T20:35:34","slug":"groups-meetings","status":"publish","type":"page","link":"https:\/\/siawso.org\/es\/groups-meetings\/","title":{"rendered":"Lista de grupos"},"content":{"rendered":"<p class=\"wp-block-paragraph\"><strong>Los intergrupos y Listados de Grupo<br><\/strong>Se anima a los grupos a registrar sus reuniones en el sitio web de SIA. Tambi\u00e9n pueden tener sus propios sitios web con informaci\u00f3n adicional sobre las reuniones. Las reuniones de SIA organizadas dentro de un grupo o intergrupo conocido por nosotros se listan en esta p\u00e1gina. Cada grupo de SIA es aut\u00f3nomo y no representa a la organizaci\u00f3n en su conjunto. <a href=\"https:\/\/siawso.org\/service\/update-or-verify-your-meeting\/\" data-type=\"page\" data-id=\"14127\">A\u00f1ade o actualiza tu reuni\u00f3n.<\/a> . <br><br><strong>Norteam\u00e9rica<\/strong><br><a href=\"https:\/\/siaphiladelphia.org\/\" target=\"_blank\" rel=\"noopener\">Intergrupo del Atl\u00e1ntico Medio (Pensilvania, Delaware y Nueva Jersey)<\/a><br><a href=\"https:\/\/www.facebook.com\/thestepswork123\/\">SIA Montreal<\/a><br><a href=\"http:\/\/www.sianewyork.org\/\" target=\"_blank\" rel=\"noopener\">SIA Nueva York<\/a><br><a href=\"https:\/\/www.siasocal.org\/\" target=\"_blank\" rel=\"noopener\">SIA Sur de California<\/a><br><br><strong>Europa<\/strong><br><a href=\"http:\/\/www.sia12.dk\/\">SIA Dinamarca<\/a><br><a href=\"https:\/\/www.sia-france.org\/\" target=\"_blank\" rel=\"noopener\">SIA Francia<\/a><br><a href=\"http:\/\/www.sia-dr.org\/\" target=\"_blank\" rel=\"noopener\">SIA Alemania<\/a><br><a href=\"http:\/\/www.sia-nederland.nl\/\" target=\"_blank\" rel=\"noopener\">SIA Pa\u00edses Bajos<\/a><br><br><strong>Asia Oriental<\/strong><br><a href=\"mailto:sia.tokyo.japan@gmail.com\">SIA Tokio Jap\u00f3n<\/a><br><br><strong>Am\u00e9rica del Sur<\/strong><br><a href=\"https:\/\/sia-br.org\/\">SIA Brasil<\/a><br><br><strong>Grupos Virtuales<\/strong><br><a href=\"https:\/\/siacominghomephoneline.org\/meetingschedule.html\" target=\"_blank\" rel=\"noopener\">SIA L\u00ednea telef\u00f3nica de regreso a casa (CHPL)<\/a><br><a href=\"\/wwvm\" data-type=\"page\" data-id=\"19040\" target=\"_blank\" rel=\"noreferrer noopener\">Reuniones virtuales mundiales en SIA (WWVM)<\/a><br><\/p>\n\n\n\n<p class=\"wp-block-paragraph\"><\/p>","protected":false},"excerpt":{"rendered":"<p>Intergroups and Group ListingsGroups and meetings are encouraged to list their meetings on the SIA website. They may have their [&hellip;]<\/p>\n","protected":false},"author":233859920,"featured_media":1161,"parent":0,"menu_order":0,"comment_status":"closed","ping_status":"closed","template":"","meta":{"_crdt_document":"","_uag_custom_page_level_css":"","site-sidebar-layout":"no-sidebar","site-content-layout":"","ast-site-content-layout":"normal-width-container","site-content-style":"unboxed","site-sidebar-style":"unboxed","ast-global-header-display":"","ast-banner-title-visibility":"","ast-main-header-display":"","ast-hfb-above-header-display":"","ast-hfb-below-header-display":"","ast-hfb-mobile-header-display":"","site-post-title":"","ast-breadcrumbs-content":"","ast-featured-img":"disabled","footer-sml-layout":"","ast-disable-related-posts":"","theme-transparent-header-meta":"default","adv-header-id-meta":"","stick-header-meta":"default","header-above-stick-meta":"","header-main-stick-meta":"","header-below-stick-meta":"","astra-migrate-meta-layouts":"set","ast-page-background-enabled":"default","ast-page-background-meta":{"desktop":{"background-color":"var(--ast-global-color-4)","background-image":"","background-repeat":"repeat","background-position":"center center","background-size":"auto","background-attachment":"scroll","background-type":"","background-media":"","overlay-type":"","overlay-color":"","overlay-opacity":"","overlay-gradient":""},"tablet":{"background-color":"","background-image":"","background-repeat":"repeat","background-position":"center center","background-size":"auto","background-attachment":"scroll","background-type":"","background-media":"","overlay-type":"","overlay-color":"","overlay-opacity":"","overlay-gradient":""},"mobile":{"background-color":"","background-image":"","background-repeat":"repeat","background-position":"center center","background-size":"auto","background-attachment":"scroll","background-type":"","background-media":"","overlay-type":"","overlay-color":"","overlay-opacity":"","overlay-gradient":""}},"ast-content-background-meta":{"desktop":{"background-color":"var(--ast-global-color-5)","background-image":"","background-repeat":"repeat","background-position":"center center","background-size":"auto","background-attachment":"scroll","background-type":"","background-media":"","overlay-type":"","overlay-color":"","overlay-opacity":"","overlay-gradient":""},"tablet":{"background-color":"var(--ast-global-color-5)","background-image":"","background-repeat":"repeat","background-position":"center center","background-size":"auto","background-attachment":"scroll","background-type":"","background-media":"","overlay-type":"","overlay-color":"","overlay-opacity":"","overlay-gradient":""},"mobile":{"background-color":"var(--ast-global-color-5)","background-image":"","background-repeat":"repeat","background-position":"center center","background-size":"auto","background-attachment":"scroll","background-type":"","background-media":"","overlay-type":"","overlay-color":"","overlay-opacity":"","overlay-gradient":""}},"advanced_seo_description":"","jetpack_seo_html_title":"","jetpack_seo_noindex":false,"footnotes":""},"class_list":["post-19632","page","type-page","status-publish","has-post-thumbnail","hentry"],"uagb_featured_image_src":{"full":["https:\/\/i0.wp.com\/siawso.org\/wp-content\/uploads\/images\/site-images\/7f7d9-home.jpg?fit=2400%2C1350&ssl=1",2400,1350,false],"thumbnail":["https:\/\/i0.wp.com\/siawso.org\/wp-content\/uploads\/images\/site-images\/7f7d9-home.jpg?resize=150%2C150&ssl=1",150,150,true],"medium":["https:\/\/i0.wp.com\/siawso.org\/wp-content\/uploads\/images\/site-images\/7f7d9-home.jpg?fit=300%2C169&ssl=1",300,169,true],"medium_large":["https:\/\/i0.wp.com\/siawso.org\/wp-content\/uploads\/images\/site-images\/7f7d9-home.jpg?fit=768%2C432&ssl=1",768,432,true],"large":["https:\/\/i0.wp.com\/siawso.org\/wp-content\/uploads\/images\/site-images\/7f7d9-home.jpg?fit=1024%2C576&ssl=1",1024,576,true],"1536x1536":["https:\/\/i0.wp.com\/siawso.org\/wp-content\/uploads\/images\/site-images\/7f7d9-home.jpg?fit=1536%2C864&ssl=1",1536,864,true],"2048x2048":["https:\/\/i0.wp.com\/siawso.org\/wp-content\/uploads\/images\/site-images\/7f7d9-home.jpg?fit=2048%2C1152&ssl=1",2048,1152,true],"trp-custom-language-flag":["https:\/\/i0.wp.com\/siawso.org\/wp-content\/uploads\/images\/site-images\/7f7d9-home.jpg?fit=18%2C10&ssl=1",18,10,true],"newspack-article-block-landscape-large":["https:\/\/i0.wp.com\/siawso.org\/wp-content\/uploads\/images\/site-images\/7f7d9-home.jpg?resize=1200%2C900&ssl=1",1200,900,true],"newspack-article-block-portrait-large":["https:\/\/i0.wp.com\/siawso.org\/wp-content\/uploads\/images\/site-images\/7f7d9-home.jpg?resize=900%2C1200&ssl=1",900,1200,true],"newspack-article-block-square-large":["https:\/\/i0.wp.com\/siawso.org\/wp-content\/uploads\/images\/site-images\/7f7d9-home.jpg?resize=1200%2C1200&ssl=1",1200,1200,true],"newspack-article-block-landscape-medium":["https:\/\/i0.wp.com\/siawso.org\/wp-content\/uploads\/images\/site-images\/7f7d9-home.jpg?resize=800%2C600&ssl=1",800,600,true],"newspack-article-block-portrait-medium":["https:\/\/i0.wp.com\/siawso.org\/wp-content\/uploads\/images\/site-images\/7f7d9-home.jpg?resize=600%2C800&ssl=1",600,800,true],"newspack-article-block-square-medium":["https:\/\/i0.wp.com\/siawso.org\/wp-content\/uploads\/images\/site-images\/7f7d9-home.jpg?resize=800%2C800&ssl=1",800,800,true],"newspack-article-block-landscape-intermediate":["https:\/\/i0.wp.com\/siawso.org\/wp-content\/uploads\/images\/site-images\/7f7d9-home.jpg?resize=600%2C450&ssl=1",600,450,true],"newspack-article-block-portrait-intermediate":["https:\/\/i0.wp.com\/siawso.org\/wp-content\/uploads\/images\/site-images\/7f7d9-home.jpg?resize=450%2C600&ssl=1",450,600,true],"newspack-article-block-square-intermediate":["https:\/\/i0.wp.com\/siawso.org\/wp-content\/uploads\/images\/site-images\/7f7d9-home.jpg?resize=600%2C600&ssl=1",600,600,true],"newspack-article-block-landscape-small":["https:\/\/i0.wp.com\/siawso.org\/wp-content\/uploads\/images\/site-images\/7f7d9-home.jpg?resize=400%2C300&ssl=1",400,300,true],"newspack-article-block-portrait-small":["https:\/\/i0.wp.com\/siawso.org\/wp-content\/uploads\/images\/site-images\/7f7d9-home.jpg?resize=300%2C400&ssl=1",300,400,true],"newspack-article-block-square-small":["https:\/\/i0.wp.com\/siawso.org\/wp-content\/uploads\/images\/site-images\/7f7d9-home.jpg?resize=400%2C400&ssl=1",400,400,true],"newspack-article-block-landscape-tiny":["https:\/\/i0.wp.com\/siawso.org\/wp-content\/uploads\/images\/site-images\/7f7d9-home.jpg?resize=200%2C150&ssl=1",200,150,true],"newspack-article-block-portrait-tiny":["https:\/\/i0.wp.com\/siawso.org\/wp-content\/uploads\/images\/site-images\/7f7d9-home.jpg?resize=150%2C200&ssl=1",150,200,true],"newspack-article-block-square-tiny":["https:\/\/i0.wp.com\/siawso.org\/wp-content\/uploads\/images\/site-images\/7f7d9-home.jpg?resize=200%2C200&ssl=1",200,200,true],"newspack-article-block-uncropped":["https:\/\/i0.wp.com\/siawso.org\/wp-content\/uploads\/images\/site-images\/7f7d9-home.jpg?fit=1200%2C675&ssl=1",1200,675,true],"woocommerce_thumbnail":["https:\/\/i0.wp.com\/siawso.org\/wp-content\/uploads\/images\/site-images\/7f7d9-home.jpg?resize=1%2C1&ssl=1",1,1,true],"woocommerce_single":["https:\/\/i0.wp.com\/siawso.org\/wp-content\/uploads\/images\/site-images\/7f7d9-home.jpg?fit=1%2C1&ssl=1",1,1,true],"woocommerce_gallery_thumbnail":["https:\/\/i0.wp.com\/siawso.org\/wp-content\/uploads\/images\/site-images\/7f7d9-home.jpg?resize=100%2C100&ssl=1",100,100,true]},"uagb_author_info":{"display_name":"melaniessiawsoorg","author_link":"https:\/\/siawso.org\/es\/author\/melaniessiawsoorg\/"},"uagb_comment_info":0,"uagb_excerpt":"Intergroups and Group ListingsGroups and meetings are encouraged to list their meetings on the SIA website. They may have their [&hellip;]","jetpack_sharing_enabled":false,"jetpack_shortlink":"https:\/\/wp.me\/PeJ0hQ-56E","_links":{"self":[{"href":"https:\/\/siawso.org\/es\/wp-json\/wp\/v2\/pages\/19632","targetHints":{"allow":["GET"]}}],"collection":[{"href":"https:\/\/siawso.org\/es\/wp-json\/wp\/v2\/pages"}],"about":[{"href":"https:\/\/siawso.org\/es\/wp-json\/wp\/v2\/types\/page"}],"author":[{"embeddable":true,"href":"https:\/\/siawso.org\/es\/wp-json\/wp\/v2\/users\/233859920"}],"replies":[{"embeddable":true,"href":"https:\/\/siawso.org\/es\/wp-json\/wp\/v2\/comments?post=19632"}],"version-history":[{"count":11,"href":"https:\/\/siawso.org\/es\/wp-json\/wp\/v2\/pages\/19632\/revisions"}],"predecessor-version":[{"id":26605,"href":"https:\/\/siawso.org\/es\/wp-json\/wp\/v2\/pages\/19632\/revisions\/26605"}],"wp:featuredmedia":[{"embeddable":true,"href":"https:\/\/siawso.org\/es\/wp-json\/wp\/v2\/media\/1161"}],"wp:attachment":[{"href":"https:\/\/siawso.org\/es\/wp-json\/wp\/v2\/media?parent=19632"}],"curies":[{"name":"wp","href":"https:\/\/api.w.org\/{rel}","templated":true}]}}