

{"id":1766,"date":"2018-01-03T22:19:18","date_gmt":"2018-01-04T03:19:18","guid":{"rendered":"http:\/\/localhost\/wordpress-siawso\/?page_id=1766"},"modified":"2026-02-20T15:47:56","modified_gmt":"2026-02-20T20:47:56","slug":"terms-conditions","status":"publish","type":"page","link":"https:\/\/siawso.org\/es\/shop\/terms-conditions\/","title":{"rendered":"Condiciones generales"},"content":{"rendered":"<h1>SIA\u00a0Terms &amp; Conditions<\/h1>\n<p style=\"margin-bottom: 20px; color: #5c6668; font-size: 16px; font-style: normal; font-weight: 400;\">De acuerdo con las Tradiciones D\u00e9cima, Once y Doce, la Oficina de Servicio Mundial de Sobrevivientes de Incesto An\u00f3nimos respeta el anonimato de todos los miembros de SIA. Sobrevivientes de Incesto An\u00f3nimos no opina sobre asuntos ajenos a la organizaci\u00f3n, por lo que el nombre de SIA nunca debe verse involucrado en controversias p\u00fablicas. Nuestra pol\u00edtica de relaciones p\u00fablicas se basa en la atracci\u00f3n, no en la promoci\u00f3n; siempre debemos mantener el anonimato personal ante la prensa, la radio, la televisi\u00f3n, el cine e internet.<\/p>\n<ul style=\"color: #5c6668; font-size: 16px; font-style: normal; font-weight: 400;\">\n<li>El anonimato es la base espiritual de todas nuestras Tradiciones, y siempre nos recuerda anteponer los principios a las personalidades.<\/li>\n<li>El texto no puede reproducirse, almacenarse, introducirse en un sistema de recuperaci\u00f3n ni transmitirse en ninguna forma por ning\u00fan medio (ya sea electr\u00f3nico, mec\u00e1nico, fotocopia, grabaci\u00f3n o de otro tipo) sin el permiso previo y expreso por escrito de SIAWSO, Inc.<\/li>\n<li>Los enlaces a proveedores externos de literatura de SIA son solo informativos y no representan un respaldo de ning\u00fan proveedor de medios electr\u00f3nicos, lector u otros productos vendidos por proveedores de medios electr\u00f3nicos.<\/li>\n<li>Nadie puede representarse a s\u00ed mismo ni a su grupo como SIA WSO sin el permiso previo por escrito de SIAWSO, Inc.<\/li>\n<\/ul>","protected":false},"excerpt":{"rendered":"<p>SIA\u00a0Terms &amp; Conditions In keeping with Traditions Ten, Eleven and Twelve, Survivors of Incest Anonymous World Service Office respects the [&hellip;]<\/p>\n","protected":false},"author":233859920,"featured_media":0,"parent":13943,"menu_order":0,"comment_status":"closed","ping_status":"closed","template":"","meta":{"_crdt_document":"","_uag_custom_page_level_css":"","site-sidebar-layout":"no-sidebar","site-content-layout":"","ast-site-content-layout":"normal-width-container","site-content-style":"unboxed","site-sidebar-style":"default","ast-global-header-display":"","ast-banner-title-visibility":"","ast-main-header-display":"","ast-hfb-above-header-display":"","ast-hfb-below-header-display":"","ast-hfb-mobile-header-display":"","site-post-title":"","ast-breadcrumbs-content":"","ast-featured-img":"","footer-sml-layout":"","ast-disable-related-posts":"","theme-transparent-header-meta":"","adv-header-id-meta":"","stick-header-meta":"","header-above-stick-meta":"","header-main-stick-meta":"","header-below-stick-meta":"","astra-migrate-meta-layouts":"set","ast-page-background-enabled":"default","ast-page-background-meta":{"desktop":{"background-color":"var(--ast-global-color-4)","background-image":"","background-repeat":"repeat","background-position":"center center","background-size":"auto","background-attachment":"scroll","background-type":"","background-media":"","overlay-type":"","overlay-color":"","overlay-opacity":"","overlay-gradient":""},"tablet":{"background-color":"","background-image":"","background-repeat":"repeat","background-position":"center center","background-size":"auto","background-attachment":"scroll","background-type":"","background-media":"","overlay-type":"","overlay-color":"","overlay-opacity":"","overlay-gradient":""},"mobile":{"background-color":"","background-image":"","background-repeat":"repeat","background-position":"center center","background-size":"auto","background-attachment":"scroll","background-type":"","background-media":"","overlay-type":"","overlay-color":"","overlay-opacity":"","overlay-gradient":""}},"ast-content-background-meta":{"desktop":{"background-color":"var(--ast-global-color-5)","background-image":"","background-repeat":"repeat","background-position":"center center","background-size":"auto","background-attachment":"scroll","background-type":"","background-media":"","overlay-type":"","overlay-color":"","overlay-opacity":"","overlay-gradient":""},"tablet":{"background-color":"var(--ast-global-color-5)","background-image":"","background-repeat":"repeat","background-position":"center center","background-size":"auto","background-attachment":"scroll","background-type":"","background-media":"","overlay-type":"","overlay-color":"","overlay-opacity":"","overlay-gradient":""},"mobile":{"background-color":"var(--ast-global-color-5)","background-image":"","background-repeat":"repeat","background-position":"center center","background-size":"auto","background-attachment":"scroll","background-type":"","background-media":"","overlay-type":"","overlay-color":"","overlay-opacity":"","overlay-gradient":""}},"advanced_seo_description":"","jetpack_seo_html_title":"","jetpack_seo_noindex":false,"footnotes":""},"class_list":["post-1766","page","type-page","status-publish","hentry"],"uagb_featured_image_src":{"full":false,"thumbnail":false,"medium":false,"medium_large":false,"large":false,"1536x1536":false,"2048x2048":false,"trp-custom-language-flag":false,"newspack-article-block-landscape-large":false,"newspack-article-block-portrait-large":false,"newspack-article-block-square-large":false,"newspack-article-block-landscape-medium":false,"newspack-article-block-portrait-medium":false,"newspack-article-block-square-medium":false,"newspack-article-block-landscape-intermediate":false,"newspack-article-block-portrait-intermediate":false,"newspack-article-block-square-intermediate":false,"newspack-article-block-landscape-small":false,"newspack-article-block-portrait-small":false,"newspack-article-block-square-small":false,"newspack-article-block-landscape-tiny":false,"newspack-article-block-portrait-tiny":false,"newspack-article-block-square-tiny":false,"newspack-article-block-uncropped":false,"woocommerce_thumbnail":false,"woocommerce_single":false,"woocommerce_gallery_thumbnail":false},"uagb_author_info":{"display_name":"melaniessiawsoorg","author_link":"https:\/\/siawso.org\/es\/author\/melaniessiawsoorg\/"},"uagb_comment_info":0,"uagb_excerpt":"SIA\u00a0Terms &amp; Conditions In keeping with Traditions Ten, Eleven and Twelve, Survivors of Incest Anonymous World Service Office respects the [&hellip;]","jetpack_sharing_enabled":true,"jetpack_shortlink":"https:\/\/wp.me\/PeJ0hQ-su","_links":{"self":[{"href":"https:\/\/siawso.org\/es\/wp-json\/wp\/v2\/pages\/1766","targetHints":{"allow":["GET"]}}],"collection":[{"href":"https:\/\/siawso.org\/es\/wp-json\/wp\/v2\/pages"}],"about":[{"href":"https:\/\/siawso.org\/es\/wp-json\/wp\/v2\/types\/page"}],"author":[{"embeddable":true,"href":"https:\/\/siawso.org\/es\/wp-json\/wp\/v2\/users\/233859920"}],"replies":[{"embeddable":true,"href":"https:\/\/siawso.org\/es\/wp-json\/wp\/v2\/comments?post=1766"}],"version-history":[{"count":7,"href":"https:\/\/siawso.org\/es\/wp-json\/wp\/v2\/pages\/1766\/revisions"}],"predecessor-version":[{"id":27283,"href":"https:\/\/siawso.org\/es\/wp-json\/wp\/v2\/pages\/1766\/revisions\/27283"}],"up":[{"embeddable":true,"href":"https:\/\/siawso.org\/es\/wp-json\/wp\/v2\/pages\/13943"}],"wp:attachment":[{"href":"https:\/\/siawso.org\/es\/wp-json\/wp\/v2\/media?parent=1766"}],"curies":[{"name":"wp","href":"https:\/\/api.w.org\/{rel}","templated":true}]}}