


{"id":16514,"date":"2023-11-08T15:33:16","date_gmt":"2023-11-08T20:33:16","guid":{"rendered":"https:\/\/siawso.org\/?page_id=16514"},"modified":"2025-10-14T10:27:55","modified_gmt":"2025-10-14T14:27:55","slug":"faq","status":"publish","type":"page","link":"https:\/\/siawso.org\/es\/welcome\/faq\/","title":{"rendered":"Preguntas Frecuentes (FAQ)"},"content":{"rendered":"<ol start=\"1\" class=\"wp-block-list\">\n<li style=\"padding-top:var(--wp--preset--spacing--40);padding-bottom:var(--wp--preset--spacing--40);line-height:1.4\" class=\" translation-block\"><strong>\u00bfQu\u00e9 es SIA?<\/strong><br>SIA, que comenz\u00f3 en 1982, es un programa de recuperaci\u00f3n de 12 pasos y autoayuda modelado seg\u00fan los Doce Pasos de Alcoh\u00f3licos An\u00f3nimos. Somos un programa espiritual de autoayuda de mujeres y hombres mayores de 18 a\u00f1os, guiados por un conjunto de 12 Pasos Sugeridos y 12 Tradiciones, junto con nuestros Lemas y la Oraci\u00f3n de Serenidad.No hay cuotas ni tarifas.<\/li>\n\n\n\n<li style=\"padding-top:var(--wp--preset--spacing--40);padding-bottom:var(--wp--preset--spacing--40);line-height:1.4\" class=\" translation-block\"><strong>\u00bfQui\u00e9n puede participar?<\/strong><br>SIA est\u00e1 dirigido a personas mayores de 18 a\u00f1os que fueron abusadas sexualmente en su infancia. No ser\u00e1s rechazado porque pienses que tu abuso fue \u201cdemasiado horrible\u201d o porque creas que tu abuso no fue \u201csuficientemente malo\u201d. El \u00fanico requisito para la membres\u00eda es que hayas sido abusado sexualmente cuando eras ni\u00f1o y desees recuperarte. Sin embargo, los miembros de SIA han decidido (y las leyes actuales lo han hecho necesario aclarar) que los perpetradores de abuso sexual infantil no est\u00e1n permitidos en ninguna reuni\u00f3n de SIA. Existen otros programas y v\u00edas disponibles para la ayuda a personas que han cometido abuso. La confidencialidad y el anonimato son esenciales en nuestro programa. El \u00fanico requisito para ser miembro es haber sido v\u00edctima de abuso sexual infantil y querer recuperarse.<\/li>\n\n\n\n<li style=\"padding-top:var(--wp--preset--spacing--40);padding-bottom:var(--wp--preset--spacing--40);line-height:1.4\" class=\" translation-block\"><strong>\u00bfQui\u00e9n est\u00e1 a cargo?<\/strong><br>\n\nEn realidad, nadie est\u00e1 a cargo. El liderazgo en SIA es compartido por todos. La persona que facilita la reuni\u00f3n o la preside es un sobreviviente como t\u00fa, dispuesto a leer el formato y guiar el encuentro. Los facilitadores est\u00e1n familiarizados con las 12 Tradiciones de SIA y las pautas del grupo para la seguridad y el intercambio de experiencias. Su funci\u00f3n es brindar una orientaci\u00f3n amable durante la reuni\u00f3n. Un miembro puede asumir un rol de liderazgo por un per\u00edodo determinado, lo que se conoce como un servicio dentro del grupo. Estos roles de servicio rotan peri\u00f3dicamente para que todos tengan la oportunidad de contribuir. Algunas de estas funciones pueden incluir Representante de Servicio del Grupo, persona de contacto, Tesorero, Secretario, o encargados de organizar y limpiar el espacio, entre otros.<\/li>\n\n\n\n<li style=\"padding-top:var(--wp--preset--spacing--40);padding-bottom:var(--wp--preset--spacing--40);line-height:1.4\" class=\" translation-block\"><strong>Definici\u00f3n de Perpetrador<\/strong><br>\nTradicionalmente hemos definido a un perpetrador como, \"un miembro de la familia o individuo de confianza que viola esa posici\u00f3n al seducir o manipular de otra manera a un ni\u00f1o con un comportamiento sexual abierto o encubierto.\" SIA es el lugar para trabajar los problemas de los supervivientes. De ni\u00f1os, algunos supervivientes fueron obligados, f\u00edsica o emocionalmente, a abusar de otros ni\u00f1os. Como fueron obligados, los miembros de SIA no los consideran autores. Los adultos que escenificaron los abusos fueron 100% responsables.<\/li>\n\n\n\n<li style=\"padding-top:var(--wp--preset--spacing--40);padding-bottom:var(--wp--preset--spacing--40);line-height:1.4\" class=\" translation-block\">Definimos el incesto de manera muy amplia como un encuentro sexual iniciado por un miembro de la familia o un miembro extendido de la familia que da\u00f1\u00f3 al ni\u00f1o. Por \u201cfamilia extendida\u201d, nos referimos a una t\u00eda, un t\u00edo, un suegro, un padrastro, un primo, un amigo de la familia, un maestro, un entrenador, otro ni\u00f1o, clero o cualquier persona que traicion\u00f3 la confianza del ni\u00f1o.<\/li>\n\n\n\n<li style=\"padding-top:var(--wp--preset--spacing--40);padding-bottom:var(--wp--preset--spacing--40);line-height:1.4\" class=\" translation-block\"><strong>Definici\u00f3n de Abuso<\/strong><br>\nPor \u201cabuso\u201d nos referimos a cualquier comportamiento o contacto sexual con el ni\u00f1o. El contacto sexual puede incluir comportamientos verbales y\/o f\u00edsicos. No es necesario que haya penetraci\u00f3n para que la experiencia se defina como incesto o abuso sexual infantil. A veces, el abuso es encubierto, de manipulaci\u00f3n o acondicionamiento. Cualquier tipo de comportamiento sexual inapropiado por un adulto de confianza hacia un ni\u00f1o es muy traum\u00e1tico y da\u00f1ino.prejudicial.<\/li>\n\n\n\n<li style=\"padding-top:var(--wp--preset--spacing--40);padding-bottom:var(--wp--preset--spacing--40);line-height:1.4\" class=\" translation-block\"><strong>\n\u00bfQu\u00e9 pasa si no tengo pruebas o no recuerdo el abuso?\n<\/strong><br>\nNo necesitas m\u00e1s que tu palabra para que creamos en ti. La mayor\u00eda de nosotros \u00e9ramos ni\u00f1os cuando ocurri\u00f3 el abuso y, en muchos casos, no lo recordamos con claridad. Si crees que fuiste v\u00edctima o tienes razones para pensarlo, nosotros te creemos y te damos la bienvenida. Eso es suficiente para ser parte de nuestra comunidad. Sin embargo, SIA no es un tribunal para tratar el caso de tu agresor. Somos un grupo de apoyo espiritual donde nos reunimos con otros sobrevivientes para avanzar juntos hacia la salud, la sanaci\u00f3n y la felicidad. Aqu\u00ed eres bienvenido, incluso si no tienes recuerdos claros del abuso. Tampoco ser\u00e1s rechazado si lo que viviste parece \u201cleve\u201d o \u201cinsignificante\u201d. Si sientes que este es tu lugar, te creemos y te recibimos con los brazos abiertos.<\/li>\n\n\n\n<li style=\"padding-top:var(--wp--preset--spacing--40);padding-bottom:var(--wp--preset--spacing--40);line-height:1.4\" class=\" translation-block\"><strong>\u00bfQui\u00e9n puede asistir a una reuni\u00f3n?\n<\/strong>\n\nEl \u00fanico requisito para ser miembro es haber sufrido abuso sexual en la infancia y desear recuperarse de los efectos que esa experiencia tiene en tu vida hoy. (La membres\u00eda de SIA no permite la asistencia de perpetradores a las reuniones).<\/li>\n\n\n\n<li style=\"padding-top:var(--wp--preset--spacing--40);padding-bottom:var(--wp--preset--spacing--40);line-height:1.4\" class=\" translation-block\"><strong>\n\u00bfC\u00f3mo debo presentarme?<\/strong><br>\n\nEn este programa de anonimato, usamos solo nuestros primeros nombres (y, en ocasiones, la inicial del apellido). La forma en que te presentes es tu elecci\u00f3n. La mayor\u00eda de las personas comienzan diciendo: \u201cSoy (nombre) y soy un sobreviviente de incesto\u201d.\nEn SIA, compartir tu nombre ayuda a romper el silencio que has mantenido durante tanto tiempo. Si prefieres usar un seud\u00f3nimo, puedes hacerlo. Con el tiempo, a medida que avances en tu recuperaci\u00f3n y nos conozcas mejor, la confianza se ir\u00e1 desarrollando. Algunos tambi\u00e9n agregan: \u201cFui abusado sexualmente por mi padre, madre, t\u00edo, ni\u00f1era, etc., y fui descuidado por (persona responsable)\u201d. En ocasiones, tambi\u00e9n nos identificamos con otros aspectos de nuestra vida, por ejemplo: \u201cSoy un sobreviviente, un maestro y un amante de los animales\u201d.<\/li>\n\n\n\n<li style=\"padding-top:var(--wp--preset--spacing--40);padding-bottom:var(--wp--preset--spacing--40);line-height:1.4\" class=\" translation-block\"><strong>\n\u00bfCu\u00e1nto cuesta SIA?<\/strong><br>\nLas reuniones NO TIENEN COSTO. Sin embargo, cada grupo tiene ciertos gastos, que pueden variar de una reuni\u00f3n a otra. Nuestra S\u00e9ptima Tradici\u00f3n establece que debemos ser autosuficientes. Por ello, hacemos una colecta voluntaria para la S\u00e9ptima Tradici\u00f3n, pero nadie est\u00e1 obligado a contribuir. Gracias a estas donaciones, se cubren los gastos del grupo. Adem\u00e1s, se realizan aportes a los Intergrupos Regionales y a la Oficina de Servicio Mundial para mantener el sitio web y el directorio de reuniones, producir y distribuir literatura, financiar l\u00edneas telef\u00f3nicas de informaci\u00f3n y de reuniones, cuentas de Zoom y programas de oradores. Cada uno aporta lo que puede como muestra de gratitud.<\/li>\n\n\n\n<li style=\"padding-top:var(--wp--preset--spacing--40);padding-bottom:var(--wp--preset--spacing--40);line-height:1.4\" class=\" translation-block\"><strong>\u00bfTengo que hablar?<\/strong><br>\n\nNadie est\u00e1 obligado a hablar. Existen diferentes formatos de reuni\u00f3n: Reuniones con oradores, donde una persona habla la mayor parte del tiempo. Reuniones tem\u00e1ticas, donde se invita a todos a participar en una discusi\u00f3n enfocada en un tema espec\u00edfico. Reuniones de literatura, donde se lee y comenta material de SIA. En algunas reuniones, se llama a los participantes para que hablen, pero incluso en esos casos, cualquier persona puede optar por no hacerlo. En otros formatos, cualquier persona puede hablar libremente, sin que se le llame directamente. Cada grupo define su formato de reuni\u00f3n mediante una votaci\u00f3n de Conciencia de Grupo. Si no deseas hablar en una reuni\u00f3n donde se rota la palabra, simplemente puedes decir \u201cPaso\u201d para que la siguiente persona contin\u00fae. \n<br>\nAunque nadie est\u00e1 obligado a participar en reuniones de discusi\u00f3n, se alienta a todos a hacerlo. Como sobrevivientes, hemos guardado en secreto el abuso sexual que sufrimos. Para muchos, al principio puede resultar inc\u00f3modo hablar de ello, y est\u00e1 bien. Escucha, sigue asistiendo y date tiempo.\n<br>\nTal vez descubras que, aunque el abuso ocurri\u00f3 hace mucho, a\u00fan afecta tu vida hoy. Algunos llegamos a este programa con enojo hacia nuestros agresores y con mucho dolor. Sin embargo, romper el silencio, contar lo que ocurri\u00f3 y compartir c\u00f3mo nos ha afectado nos permite comenzar un proceso de recuperaci\u00f3n largo, pero liberador.\n<br>\nPor lo general, en las reuniones de discusi\u00f3n, cada persona tiene la oportunidad de hablar, siempre que el tiempo lo permita. Algunos grupos permiten breves comentarios positivos, mientras que otros prefieren evitar cualquier tipo de respuesta. En cualquier caso, no se da asesoramiento. Seamos respetuosos con el tiempo disponible para que todos los sobrevivientes puedan participar. En reuniones grandes, puede establecerse un l\u00edmite de tiempo para cada intervenci\u00f3n.\n<br>\nCuando compartimos, se recomienda centrarnos en nuestras propias experiencias, usando declaraciones en primera persona (\u201cyo\u201d) y evitando temas pol\u00edticos o ajenos al prop\u00f3sito del grupo. Para quienes asisten por primera vez o atraviesan una crisis y sienten la necesidad urgente de compartir algo, suele ser una buena idea hablar al comienzo de la reuni\u00f3n, de modo que haya tiempo para reflexionar sobre lo expresado. La mayor\u00eda de los grupos comienzan y terminan en horarios establecidos. Como sobrevivientes, a menudo tenemos dificultades con los l\u00edmites y trabajamos en ello. Si alguna pregunta no se responde durante la reuni\u00f3n, podemos acercarnos a alguien despu\u00e9s y pedir su contacto para hablar m\u00e1s adelante. Muchas cosas solo comienzan a tener sentido con el tiempo. Lo importante es seguir asistiendo.<\/li>\n\n\n\n<li style=\"padding-top:var(--wp--preset--spacing--40);padding-bottom:var(--wp--preset--spacing--40);line-height:1.4\" class=\" translation-block\"><strong>\u00bfC\u00f3mo es una reuni\u00f3n?<\/strong><br>Las reuniones de SIA son una herramienta valiosa en el proceso de recuperaci\u00f3n. Aunque SIA no sustituye la terapia cuando es necesaria, el sentimiento de camarader\u00eda y comprensi\u00f3n que experimentan los sobrevivientes de incesto al estar con otros que han pasado por situaciones similares es \u00fanico y dif\u00edcil de describir. Pasar tiempo con personas que realmente comprenden lo que hemos vivido puede ser un gran alivio e incluso inspirador. SIA enfatiza que no estamos solos, y nada deja esto m\u00e1s claro que asistir a una reuni\u00f3n. Cada uno de nosotros est\u00e1 en una etapa diferente de su recuperaci\u00f3n, pero todos necesitamos validar que lo que nos sucedi\u00f3 fue real, que no tenemos la culpa y que no estamos solos.\nSe recomienda a los reci\u00e9n llegados que prueben diferentes reuniones hasta encontrar la que mejor se adapte a su proceso de recuperaci\u00f3n.\nEl apoyo solidario de otros sobrevivientes es lo que hace que nuestras reuniones sean espacios seguros donde compartir y crecer.<\/li>\n\n\n\n<li style=\"padding-top:var(--wp--preset--spacing--40);padding-bottom:var(--wp--preset--spacing--40);line-height:1.4\"><strong>\u00bfQui\u00e9n escribi\u00f3 la literatura SIA?<\/strong><br>La literatura de SIA ha sido escrita por y para los miembros de SIA. Siempre se est\u00e1 creando y publicando nueva literatura. Cualquier miembro de SIA es bienvenido a participar en este proceso uni\u00e9ndose al Comit\u00e9 de Literatura de la Conferencia de Servicio Mundial (proporcionar enlace o correo electr\u00f3nico o ambos). Para evitar confusiones, debe hacerse una declaraci\u00f3n cuando se cite o comparta literatura que no sea de SIA en una reuni\u00f3n de SIA.<\/li>\n\n\n\n<li style=\"padding-top:var(--wp--preset--spacing--40);padding-bottom:var(--wp--preset--spacing--40);line-height:1.4\"><strong>\u00bfQu\u00e9 es un padrino y necesito uno?<\/strong><br>En una reuni\u00f3n, es posible que oiga hablar a los miembros de que tienen o buscan un padrino que les ayude en su recuperaci\u00f3n. Algunos preferimos los t\u00e9rminos copatrocinador o compa\u00f1ero de viaje. Sea cual sea el nombre que le demos, esta persona se convierte en un miembro de nuestro sistema de apoyo. Es alguien que est\u00e1 bien encaminado en su recuperaci\u00f3n y es capaz de mantener un espacio para nosotros a medida que avanzamos en nuestra curaci\u00f3n. Puede ser una llamada semanal o una videollamada, un mensaje de texto o un correo electr\u00f3nico, o un viaje formal a trav\u00e9s de los 12 pasos. Un padrino no es una figura de autoridad. Reconocemos que cuando fuimos victimizados, se nos dio el mensaje de no confiar en nosotros mismos. En SIA, empezamos a ver que podemos encontrar lo que es mejor para nosotros y ser responsables de nuestros propios viajes. PODEMOS confiar en nosotros mismos para encontrar a las personas adecuadas para nuestros sistemas de apoyo. Podemos confiar en nosotros mismos y en los dem\u00e1s para establecer l\u00edmites saludables entre nosotros.<\/li>\n\n\n\n<li style=\"padding-top:var(--wp--preset--spacing--40);padding-bottom:var(--wp--preset--spacing--40);line-height:1.4\"><strong>\u00bfQu\u00e9 es el servicio y c\u00f3mo puedo participar?<\/strong><br>El Paso 12 nos recuerda que para mantener la curaci\u00f3n y la recuperaci\u00f3n que hemos encontrado en SIA, tenemos que llevar el mensaje de SIA a los dem\u00e1s. Una forma de hacerlo es estar dispuestos a acoger a otros supervivientes, ayudar en nuestro grupo base como facilitadores o GSR, o formar parte de un Comit\u00e9 de Servicio Mundial. A medida que lo hacemos, nos encontramos m\u00e1s sanos y con los pies en la tierra.<\/li>\n<\/ol>\n\n\n\n<p class=\"wp-block-paragraph\"><\/p>","protected":false},"excerpt":{"rendered":"","protected":false},"author":233859920,"featured_media":1161,"parent":14220,"menu_order":0,"comment_status":"closed","ping_status":"closed","template":"","meta":{"_crdt_document":"","_uag_custom_page_level_css":"","site-sidebar-layout":"no-sidebar","site-content-layout":"","ast-site-content-layout":"normal-width-container","site-content-style":"unboxed","site-sidebar-style":"default","ast-global-header-display":"","ast-banner-title-visibility":"","ast-main-header-display":"","ast-hfb-above-header-display":"","ast-hfb-below-header-display":"","ast-hfb-mobile-header-display":"","site-post-title":"","ast-breadcrumbs-content":"","ast-featured-img":"disabled","footer-sml-layout":"","ast-disable-related-posts":"","theme-transparent-header-meta":"","adv-header-id-meta":"","stick-header-meta":"","header-above-stick-meta":"","header-main-stick-meta":"","header-below-stick-meta":"","astra-migrate-meta-layouts":"set","ast-page-background-enabled":"default","ast-page-background-meta":{"desktop":{"background-color":"var(--ast-global-color-4)","background-image":"","background-repeat":"repeat","background-position":"center center","background-size":"auto","background-attachment":"scroll","background-type":"","background-media":"","overlay-type":"","overlay-color":"","overlay-opacity":"","overlay-gradient":""},"tablet":{"background-color":"","background-image":"","background-repeat":"repeat","background-position":"center center","background-size":"auto","background-attachment":"scroll","background-type":"","background-media":"","overlay-type":"","overlay-color":"","overlay-opacity":"","overlay-gradient":""},"mobile":{"background-color":"","background-image":"","background-repeat":"repeat","background-position":"center center","background-size":"auto","background-attachment":"scroll","background-type":"","background-media":"","overlay-type":"","overlay-color":"","overlay-opacity":"","overlay-gradient":""}},"ast-content-background-meta":{"desktop":{"background-color":"var(--ast-global-color-5)","background-image":"","background-repeat":"repeat","background-position":"center center","background-size":"auto","background-attachment":"scroll","background-type":"","background-media":"","overlay-type":"","overlay-color":"","overlay-opacity":"","overlay-gradient":""},"tablet":{"background-color":"var(--ast-global-color-5)","background-image":"","background-repeat":"repeat","background-position":"center center","background-size":"auto","background-attachment":"scroll","background-type":"","background-media":"","overlay-type":"","overlay-color":"","overlay-opacity":"","overlay-gradient":""},"mobile":{"background-color":"var(--ast-global-color-5)","background-image":"","background-repeat":"repeat","background-position":"center center","background-size":"auto","background-attachment":"scroll","background-type":"","background-media":"","overlay-type":"","overlay-color":"","overlay-opacity":"","overlay-gradient":""}},"advanced_seo_description":"","jetpack_seo_html_title":"","jetpack_seo_noindex":false,"footnotes":""},"class_list":["post-16514","page","type-page","status-publish","has-post-thumbnail","hentry"],"uagb_featured_image_src":{"full":["https:\/\/i0.wp.com\/siawso.org\/wp-content\/uploads\/images\/site-images\/7f7d9-home.jpg?fit=2400%2C1350&ssl=1",2400,1350,false],"thumbnail":["https:\/\/i0.wp.com\/siawso.org\/wp-content\/uploads\/images\/site-images\/7f7d9-home.jpg?resize=150%2C150&ssl=1",150,150,true],"medium":["https:\/\/i0.wp.com\/siawso.org\/wp-content\/uploads\/images\/site-images\/7f7d9-home.jpg?fit=300%2C169&ssl=1",300,169,true],"medium_large":["https:\/\/i0.wp.com\/siawso.org\/wp-content\/uploads\/images\/site-images\/7f7d9-home.jpg?fit=768%2C432&ssl=1",768,432,true],"large":["https:\/\/i0.wp.com\/siawso.org\/wp-content\/uploads\/images\/site-images\/7f7d9-home.jpg?fit=1024%2C576&ssl=1",1024,576,true],"1536x1536":["https:\/\/i0.wp.com\/siawso.org\/wp-content\/uploads\/images\/site-images\/7f7d9-home.jpg?fit=1536%2C864&ssl=1",1536,864,true],"2048x2048":["https:\/\/i0.wp.com\/siawso.org\/wp-content\/uploads\/images\/site-images\/7f7d9-home.jpg?fit=2048%2C1152&ssl=1",2048,1152,true],"trp-custom-language-flag":["https:\/\/i0.wp.com\/siawso.org\/wp-content\/uploads\/images\/site-images\/7f7d9-home.jpg?fit=18%2C10&ssl=1",18,10,true],"newspack-article-block-landscape-large":["https:\/\/i0.wp.com\/siawso.org\/wp-content\/uploads\/images\/site-images\/7f7d9-home.jpg?resize=1200%2C900&ssl=1",1200,900,true],"newspack-article-block-portrait-large":["https:\/\/i0.wp.com\/siawso.org\/wp-content\/uploads\/images\/site-images\/7f7d9-home.jpg?resize=900%2C1200&ssl=1",900,1200,true],"newspack-article-block-square-large":["https:\/\/i0.wp.com\/siawso.org\/wp-content\/uploads\/images\/site-images\/7f7d9-home.jpg?resize=1200%2C1200&ssl=1",1200,1200,true],"newspack-article-block-landscape-medium":["https:\/\/i0.wp.com\/siawso.org\/wp-content\/uploads\/images\/site-images\/7f7d9-home.jpg?resize=800%2C600&ssl=1",800,600,true],"newspack-article-block-portrait-medium":["https:\/\/i0.wp.com\/siawso.org\/wp-content\/uploads\/images\/site-images\/7f7d9-home.jpg?resize=600%2C800&ssl=1",600,800,true],"newspack-article-block-square-medium":["https:\/\/i0.wp.com\/siawso.org\/wp-content\/uploads\/images\/site-images\/7f7d9-home.jpg?resize=800%2C800&ssl=1",800,800,true],"newspack-article-block-landscape-intermediate":["https:\/\/i0.wp.com\/siawso.org\/wp-content\/uploads\/images\/site-images\/7f7d9-home.jpg?resize=600%2C450&ssl=1",600,450,true],"newspack-article-block-portrait-intermediate":["https:\/\/i0.wp.com\/siawso.org\/wp-content\/uploads\/images\/site-images\/7f7d9-home.jpg?resize=450%2C600&ssl=1",450,600,true],"newspack-article-block-square-intermediate":["https:\/\/i0.wp.com\/siawso.org\/wp-content\/uploads\/images\/site-images\/7f7d9-home.jpg?resize=600%2C600&ssl=1",600,600,true],"newspack-article-block-landscape-small":["https:\/\/i0.wp.com\/siawso.org\/wp-content\/uploads\/images\/site-images\/7f7d9-home.jpg?resize=400%2C300&ssl=1",400,300,true],"newspack-article-block-portrait-small":["https:\/\/i0.wp.com\/siawso.org\/wp-content\/uploads\/images\/site-images\/7f7d9-home.jpg?resize=300%2C400&ssl=1",300,400,true],"newspack-article-block-square-small":["https:\/\/i0.wp.com\/siawso.org\/wp-content\/uploads\/images\/site-images\/7f7d9-home.jpg?resize=400%2C400&ssl=1",400,400,true],"newspack-article-block-landscape-tiny":["https:\/\/i0.wp.com\/siawso.org\/wp-content\/uploads\/images\/site-images\/7f7d9-home.jpg?resize=200%2C150&ssl=1",200,150,true],"newspack-article-block-portrait-tiny":["https:\/\/i0.wp.com\/siawso.org\/wp-content\/uploads\/images\/site-images\/7f7d9-home.jpg?resize=150%2C200&ssl=1",150,200,true],"newspack-article-block-square-tiny":["https:\/\/i0.wp.com\/siawso.org\/wp-content\/uploads\/images\/site-images\/7f7d9-home.jpg?resize=200%2C200&ssl=1",200,200,true],"newspack-article-block-uncropped":["https:\/\/i0.wp.com\/siawso.org\/wp-content\/uploads\/images\/site-images\/7f7d9-home.jpg?fit=1200%2C675&ssl=1",1200,675,true],"woocommerce_thumbnail":["https:\/\/i0.wp.com\/siawso.org\/wp-content\/uploads\/images\/site-images\/7f7d9-home.jpg?resize=1%2C1&ssl=1",1,1,true],"woocommerce_single":["https:\/\/i0.wp.com\/siawso.org\/wp-content\/uploads\/images\/site-images\/7f7d9-home.jpg?fit=1%2C1&ssl=1",1,1,true],"woocommerce_gallery_thumbnail":["https:\/\/i0.wp.com\/siawso.org\/wp-content\/uploads\/images\/site-images\/7f7d9-home.jpg?resize=100%2C100&ssl=1",100,100,true]},"uagb_author_info":{"display_name":"melaniessiawsoorg","author_link":"https:\/\/siawso.org\/es\/author\/melaniessiawsoorg\/"},"uagb_comment_info":0,"uagb_excerpt":null,"jetpack_sharing_enabled":true,"jetpack_shortlink":"https:\/\/wp.me\/PeJ0hQ-4im","_links":{"self":[{"href":"https:\/\/siawso.org\/es\/wp-json\/wp\/v2\/pages\/16514","targetHints":{"allow":["GET"]}}],"collection":[{"href":"https:\/\/siawso.org\/es\/wp-json\/wp\/v2\/pages"}],"about":[{"href":"https:\/\/siawso.org\/es\/wp-json\/wp\/v2\/types\/page"}],"author":[{"embeddable":true,"href":"https:\/\/siawso.org\/es\/wp-json\/wp\/v2\/users\/233859920"}],"replies":[{"embeddable":true,"href":"https:\/\/siawso.org\/es\/wp-json\/wp\/v2\/comments?post=16514"}],"version-history":[{"count":20,"href":"https:\/\/siawso.org\/es\/wp-json\/wp\/v2\/pages\/16514\/revisions"}],"predecessor-version":[{"id":25958,"href":"https:\/\/siawso.org\/es\/wp-json\/wp\/v2\/pages\/16514\/revisions\/25958"}],"up":[{"embeddable":true,"href":"https:\/\/siawso.org\/es\/wp-json\/wp\/v2\/pages\/14220"}],"wp:featuredmedia":[{"embeddable":true,"href":"https:\/\/siawso.org\/es\/wp-json\/wp\/v2\/media\/1161"}],"wp:attachment":[{"href":"https:\/\/siawso.org\/es\/wp-json\/wp\/v2\/media?parent=16514"}],"curies":[{"name":"wp","href":"https:\/\/api.w.org\/{rel}","templated":true}]}}