

{"id":14295,"date":"2023-06-18T15:49:27","date_gmt":"2023-06-18T19:49:27","guid":{"rendered":"https:\/\/siawso.org\/?page_id=14295"},"modified":"2026-02-04T11:02:01","modified_gmt":"2026-02-04T16:02:01","slug":"servicio","status":"publish","type":"page","link":"https:\/\/siawso.org\/es\/service\/","title":{"rendered":"Servicio"},"content":{"rendered":"<p class=\"wp-block-paragraph\">La membres\u00eda es la base de la estructura de SIA. La unidad b\u00e1sica de membres\u00eda es el grupo de reuni\u00f3n de SIA, representado por su Representante de Servicio de Grupo.<\/p>\n\n\n\n<div class=\"wp-block-columns is-layout-flex wp-container-core-columns-is-layout-7387b849 wp-block-columns-is-layout-flex\">\n<div class=\"wp-block-column is-layout-flow wp-block-column-is-layout-flow\" style=\"flex-basis:33.33%\">\n<p class=\"wp-block-paragraph\">Tu energ\u00eda es necesaria y bienvenida. \u00bfSientes que SIA te ha ayudado? \u00bfQuieres devolver parte de lo que has recibido? \u00bfHas llegado a ese lugar de gratitud en tu recuperaci\u00f3n que te llama a servir a tu comunidad? Al trabajar con nuestros pasos, muchos de nosotros en SIA hemos llegado a comprender que \u201cpara conservarlo, debemos compartirlo\u201d. Este principio es lo que mantiene a nuestra comunidad vibrante. Continuamos creciendo y sanando a trav\u00e9s del servicio.&nbsp;<br><br>SIA es una comunidad basada en los 12 pasos. Crecemos al devolver lo que hemos recibido a trav\u00e9s del servicio. En las comunidades de 12 pasos, no consideramos esto como voluntariado en el sentido tradicional, sino como una manera de \u201cllevar el mensaje\u201d, practicando el Paso 12: \u201cHabiendo experimentado un despertar espiritual como resultado de estos Pasos, tratamos de llevar este mensaje a otros sobrevivientes y de practicar estos principios en todas nuestras acciones.\u201d<br><br>Existen muchas oportunidades para servir a nivel de grupo, como organizar la literatura, preparar caf\u00e9 o facilitar una reuni\u00f3n. Con el tiempo, un miembro puede servir como tesorero del grupo o como Representante de Servicio del Grupo (GSR) para su intergrupo local o en la Conferencia de Servicio Mundial. Los miembros tambi\u00e9n pueden poner en pr\u00e1ctica sus habilidades especiales sirviendo a SIA en la Oficina de Servicio Mundial o uni\u00e9ndose a un Comit\u00e9 de la Conferencia de Servicio Mundial. <\/p>\n<\/div>\n\n\n\n<div class=\"wp-block-column is-layout-flow wp-block-column-is-layout-flow\" style=\"flex-basis:66.66%\">\n<figure class=\"wp-block-image aligncenter size-large is-resized\"><a href=\"https:\/\/i0.wp.com\/siawso.org\/wp-content\/uploads\/images\/site-images\/SIA-Service-Structure-Graphic-Site-Background.jpg?ssl=1\"><img data-recalc-dims=\"1\" loading=\"lazy\" decoding=\"async\" width=\"1024\" height=\"929\" data-attachment-id=\"26620\" data-permalink=\"https:\/\/siawso.org\/es\/service\/sia-service-structure-graphic-site-background\/\" data-orig-file=\"https:\/\/i0.wp.com\/siawso.org\/wp-content\/uploads\/images\/site-images\/SIA-Service-Structure-Graphic-Site-Background.jpg?fit=1186%2C1076&amp;ssl=1\" data-orig-size=\"1186,1076\" data-comments-opened=\"1\" data-image-meta=\"{&quot;aperture&quot;:&quot;0&quot;,&quot;credit&quot;:&quot;&quot;,&quot;camera&quot;:&quot;&quot;,&quot;caption&quot;:&quot;&quot;,&quot;created_timestamp&quot;:&quot;0&quot;,&quot;copyright&quot;:&quot;&quot;,&quot;focal_length&quot;:&quot;0&quot;,&quot;iso&quot;:&quot;0&quot;,&quot;shutter_speed&quot;:&quot;0&quot;,&quot;title&quot;:&quot;&quot;,&quot;orientation&quot;:&quot;0&quot;}\" data-image-title=\"SIA Service Structure Graphic Site Background\" data-image-description=\"\" data-image-caption=\"\" data-large-file=\"https:\/\/i0.wp.com\/siawso.org\/wp-content\/uploads\/images\/site-images\/SIA-Service-Structure-Graphic-Site-Background.jpg?fit=1024%2C929&amp;ssl=1\" src=\"https:\/\/i0.wp.com\/siawso.org\/wp-content\/uploads\/images\/site-images\/SIA-Service-Structure-Graphic-Site-Background.jpg?resize=1024%2C929&#038;ssl=1\" alt=\"\" class=\"wp-image-26620\" style=\"box-shadow:none;width:600px\" srcset=\"https:\/\/i0.wp.com\/siawso.org\/wp-content\/uploads\/images\/site-images\/SIA-Service-Structure-Graphic-Site-Background.jpg?resize=1024%2C929&amp;ssl=1 1024w, https:\/\/i0.wp.com\/siawso.org\/wp-content\/uploads\/images\/site-images\/SIA-Service-Structure-Graphic-Site-Background.jpg?resize=300%2C272&amp;ssl=1 300w, https:\/\/i0.wp.com\/siawso.org\/wp-content\/uploads\/images\/site-images\/SIA-Service-Structure-Graphic-Site-Background.jpg?resize=768%2C697&amp;ssl=1 768w, https:\/\/i0.wp.com\/siawso.org\/wp-content\/uploads\/images\/site-images\/SIA-Service-Structure-Graphic-Site-Background.jpg?resize=13%2C12&amp;ssl=1 13w, https:\/\/i0.wp.com\/siawso.org\/wp-content\/uploads\/images\/site-images\/SIA-Service-Structure-Graphic-Site-Background.jpg?resize=1%2C1&amp;ssl=1 1w, https:\/\/i0.wp.com\/siawso.org\/wp-content\/uploads\/images\/site-images\/SIA-Service-Structure-Graphic-Site-Background.jpg?w=1186&amp;ssl=1 1186w\" sizes=\"auto, (max-width: 1000px) 100vw, 1000px\" \/><\/a><\/figure>\n<\/div>\n<\/div>\n\n\n\n<p class=\"wp-block-paragraph translation-block\"><strong>1. Iniciar una reuni\u00f3n o servir dentro de una reuni\u00f3n<\/strong><br>\n\nUna reuni\u00f3n de SIA es una herramienta \u00fanica durante el proceso de recuperaci\u00f3n. El apoyo solidario de otros sobrevivientes es lo que hace que nuestras reuniones sean lo que son: un espacio seguro para reunirse y compartir. Muchas de nuestras reuniones fueron iniciadas por sobrevivientes que nunca antes hab\u00edan asistido a una reuni\u00f3n de SIA. No existe una \u00fanica forma \u201ccorrecta\u201d de dirigir una reuni\u00f3n, y los formatos var\u00edan de un grupo a otro. Puedes encontrar ejemplos en nuestro nuestra tienda web. Si est\u00e1s considerando iniciar una reuni\u00f3n, estos recursos fueron creados especialmente para ti.<br>\n\na) Iniciar una reuni\u00f3n.<br>\nb) Rotar en funciones de servicio como coordinador, facilitador o anfitri\u00f3n.<br>\nc) Ser Representante de Servicio de Grupo (GSR, por sus siglas en ingl\u00e9s), secretario o tesorero de tu reuni\u00f3n.<br><br>\n\n<strong>2. Mantenerse informado<\/strong><br>\n\u00bfQuieres recibir las noticias y actualizaciones m\u00e1s recientes de SIA? Para suscribirte a los boletines de la Oficina de Servicios Mundiales de SIA, reg\u00edstrese en la parte inferior de la p\u00e1gina.<br><br>\n\n<strong>3. Servir en un Comit\u00e9 de la WSC o en un Intergrupo<\/strong><br>\n\na) Unirte a un comit\u00e9, asistir a las reuniones programadas y realizar tareas que fortalezcan la confraternidad.<br>\nb) Servir en un comit\u00e9 para organizar un evento de SIA en tu \u00e1rea.<br>\nc) Coordinar un taller en un evento de SIA.<br>\nd) Ser anfitri\u00f3n de un evento virtual en Zoom.<br>\ne) Servir en un Comit\u00e9 de la WSC (agregar enlace).<br>\nf) Colaborar en la planificaci\u00f3n de la Reuni\u00f3n Anual de la WSC.<br><br>\n\n<strong>4. Escribir y editar: Unirse al Comit\u00e9 de Literatura<\/strong><br>\n\na) Compartir tu historia como sobreviviente.<br>\nb) Escribir o editar material literario.<br>\nc) Ayudar con el bolet\u00edn, la revista o el blog de eventos.<br><br>\n\n<strong>5. Prestar servicio en la WSO<\/strong><br>\n\na) Responder correos electr\u00f3nicos correspondientes a tu estado.<br>\nb) Si llevas un per\u00edodo prolongado en recuperaci\u00f3n, has trabajado los pasos y deseas asumir <br>un compromiso de servicio a largo plazo con SIA, consulta sobre la posibilidad de unirte a la Junta Directiva de la WSO de SIA.<br><br>\n\n<strong>6. Llevar el mensaje<\/strong><br>\n\na) Llevar el mensaje a quienes se interesen en nuestro sitio web, ya sea para su propio apoyo o el de un ser querido. Recuerda la Tradici\u00f3n de \u201catracci\u00f3n en lugar de promoci\u00f3n\u201d.<br>\nb) Servir en el Comit\u00e9 de Difusi\u00f3n de la WSC.<br>\nc) Convertirte en corresponsal (penpal) para sobrevivientes que no pueden asistir a reuniones telef\u00f3nicas o por internet.<br><\/p>\n\n\n\n<p class=\"wp-block-paragraph\"><\/p>\n\n\n\n<p class=\"wp-block-paragraph\"><\/p>\n\n\n\n<p class=\"wp-block-paragraph\"><\/p>\n\n\n\n<p class=\"wp-block-paragraph\"><\/p>\n\n\n\n<p class=\"wp-block-paragraph\"><\/p>\n\n\n\n<p class=\"wp-block-paragraph\"><\/p>\n\n\n\n<p class=\"wp-block-paragraph\"><\/p>","protected":false},"excerpt":{"rendered":"<p>The membership is the foundation of the SIA structure. The basic unit of membership is the SIA group, represented by [&hellip;]<\/p>\n","protected":false},"author":233859920,"featured_media":1161,"parent":0,"menu_order":0,"comment_status":"closed","ping_status":"closed","template":"","meta":{"_crdt_document":"","_uag_custom_page_level_css":"","site-sidebar-layout":"default","site-content-layout":"","ast-site-content-layout":"default","site-content-style":"default","site-sidebar-style":"default","ast-global-header-display":"","ast-banner-title-visibility":"","ast-main-header-display":"","ast-hfb-above-header-display":"","ast-hfb-below-header-display":"","ast-hfb-mobile-header-display":"","site-post-title":"","ast-breadcrumbs-content":"","ast-featured-img":"disabled","footer-sml-layout":"","ast-disable-related-posts":"","theme-transparent-header-meta":"","adv-header-id-meta":"","stick-header-meta":"","header-above-stick-meta":"","header-main-stick-meta":"","header-below-stick-meta":"","astra-migrate-meta-layouts":"set","ast-page-background-enabled":"default","ast-page-background-meta":{"desktop":{"background-color":"var(--ast-global-color-4)","background-image":"","background-repeat":"repeat","background-position":"center center","background-size":"auto","background-attachment":"scroll","background-type":"","background-media":"","overlay-type":"","overlay-color":"","overlay-opacity":"","overlay-gradient":""},"tablet":{"background-color":"","background-image":"","background-repeat":"repeat","background-position":"center center","background-size":"auto","background-attachment":"scroll","background-type":"","background-media":"","overlay-type":"","overlay-color":"","overlay-opacity":"","overlay-gradient":""},"mobile":{"background-color":"","background-image":"","background-repeat":"repeat","background-position":"center center","background-size":"auto","background-attachment":"scroll","background-type":"","background-media":"","overlay-type":"","overlay-color":"","overlay-opacity":"","overlay-gradient":""}},"ast-content-background-meta":{"desktop":{"background-color":"var(--ast-global-color-5)","background-image":"","background-repeat":"repeat","background-position":"center center","background-size":"auto","background-attachment":"scroll","background-type":"","background-media":"","overlay-type":"","overlay-color":"","overlay-opacity":"","overlay-gradient":""},"tablet":{"background-color":"var(--ast-global-color-5)","background-image":"","background-repeat":"repeat","background-position":"center center","background-size":"auto","background-attachment":"scroll","background-type":"","background-media":"","overlay-type":"","overlay-color":"","overlay-opacity":"","overlay-gradient":""},"mobile":{"background-color":"var(--ast-global-color-5)","background-image":"","background-repeat":"repeat","background-position":"center center","background-size":"auto","background-attachment":"scroll","background-type":"","background-media":"","overlay-type":"","overlay-color":"","overlay-opacity":"","overlay-gradient":""}},"advanced_seo_description":"","jetpack_seo_html_title":"","jetpack_seo_noindex":false,"footnotes":""},"class_list":["post-14295","page","type-page","status-publish","has-post-thumbnail","hentry"],"uagb_featured_image_src":{"full":["https:\/\/i0.wp.com\/siawso.org\/wp-content\/uploads\/images\/site-images\/7f7d9-home.jpg?fit=2400%2C1350&ssl=1",2400,1350,false],"thumbnail":["https:\/\/i0.wp.com\/siawso.org\/wp-content\/uploads\/images\/site-images\/7f7d9-home.jpg?resize=150%2C150&ssl=1",150,150,true],"medium":["https:\/\/i0.wp.com\/siawso.org\/wp-content\/uploads\/images\/site-images\/7f7d9-home.jpg?fit=300%2C169&ssl=1",300,169,true],"medium_large":["https:\/\/i0.wp.com\/siawso.org\/wp-content\/uploads\/images\/site-images\/7f7d9-home.jpg?fit=768%2C432&ssl=1",768,432,true],"large":["https:\/\/i0.wp.com\/siawso.org\/wp-content\/uploads\/images\/site-images\/7f7d9-home.jpg?fit=1024%2C576&ssl=1",1024,576,true],"1536x1536":["https:\/\/i0.wp.com\/siawso.org\/wp-content\/uploads\/images\/site-images\/7f7d9-home.jpg?fit=1536%2C864&ssl=1",1536,864,true],"2048x2048":["https:\/\/i0.wp.com\/siawso.org\/wp-content\/uploads\/images\/site-images\/7f7d9-home.jpg?fit=2048%2C1152&ssl=1",2048,1152,true],"trp-custom-language-flag":["https:\/\/i0.wp.com\/siawso.org\/wp-content\/uploads\/images\/site-images\/7f7d9-home.jpg?fit=18%2C10&ssl=1",18,10,true],"newspack-article-block-landscape-large":["https:\/\/i0.wp.com\/siawso.org\/wp-content\/uploads\/images\/site-images\/7f7d9-home.jpg?resize=1200%2C900&ssl=1",1200,900,true],"newspack-article-block-portrait-large":["https:\/\/i0.wp.com\/siawso.org\/wp-content\/uploads\/images\/site-images\/7f7d9-home.jpg?resize=900%2C1200&ssl=1",900,1200,true],"newspack-article-block-square-large":["https:\/\/i0.wp.com\/siawso.org\/wp-content\/uploads\/images\/site-images\/7f7d9-home.jpg?resize=1200%2C1200&ssl=1",1200,1200,true],"newspack-article-block-landscape-medium":["https:\/\/i0.wp.com\/siawso.org\/wp-content\/uploads\/images\/site-images\/7f7d9-home.jpg?resize=800%2C600&ssl=1",800,600,true],"newspack-article-block-portrait-medium":["https:\/\/i0.wp.com\/siawso.org\/wp-content\/uploads\/images\/site-images\/7f7d9-home.jpg?resize=600%2C800&ssl=1",600,800,true],"newspack-article-block-square-medium":["https:\/\/i0.wp.com\/siawso.org\/wp-content\/uploads\/images\/site-images\/7f7d9-home.jpg?resize=800%2C800&ssl=1",800,800,true],"newspack-article-block-landscape-intermediate":["https:\/\/i0.wp.com\/siawso.org\/wp-content\/uploads\/images\/site-images\/7f7d9-home.jpg?resize=600%2C450&ssl=1",600,450,true],"newspack-article-block-portrait-intermediate":["https:\/\/i0.wp.com\/siawso.org\/wp-content\/uploads\/images\/site-images\/7f7d9-home.jpg?resize=450%2C600&ssl=1",450,600,true],"newspack-article-block-square-intermediate":["https:\/\/i0.wp.com\/siawso.org\/wp-content\/uploads\/images\/site-images\/7f7d9-home.jpg?resize=600%2C600&ssl=1",600,600,true],"newspack-article-block-landscape-small":["https:\/\/i0.wp.com\/siawso.org\/wp-content\/uploads\/images\/site-images\/7f7d9-home.jpg?resize=400%2C300&ssl=1",400,300,true],"newspack-article-block-portrait-small":["https:\/\/i0.wp.com\/siawso.org\/wp-content\/uploads\/images\/site-images\/7f7d9-home.jpg?resize=300%2C400&ssl=1",300,400,true],"newspack-article-block-square-small":["https:\/\/i0.wp.com\/siawso.org\/wp-content\/uploads\/images\/site-images\/7f7d9-home.jpg?resize=400%2C400&ssl=1",400,400,true],"newspack-article-block-landscape-tiny":["https:\/\/i0.wp.com\/siawso.org\/wp-content\/uploads\/images\/site-images\/7f7d9-home.jpg?resize=200%2C150&ssl=1",200,150,true],"newspack-article-block-portrait-tiny":["https:\/\/i0.wp.com\/siawso.org\/wp-content\/uploads\/images\/site-images\/7f7d9-home.jpg?resize=150%2C200&ssl=1",150,200,true],"newspack-article-block-square-tiny":["https:\/\/i0.wp.com\/siawso.org\/wp-content\/uploads\/images\/site-images\/7f7d9-home.jpg?resize=200%2C200&ssl=1",200,200,true],"newspack-article-block-uncropped":["https:\/\/i0.wp.com\/siawso.org\/wp-content\/uploads\/images\/site-images\/7f7d9-home.jpg?fit=1200%2C675&ssl=1",1200,675,true],"woocommerce_thumbnail":["https:\/\/i0.wp.com\/siawso.org\/wp-content\/uploads\/images\/site-images\/7f7d9-home.jpg?resize=1%2C1&ssl=1",1,1,true],"woocommerce_single":["https:\/\/i0.wp.com\/siawso.org\/wp-content\/uploads\/images\/site-images\/7f7d9-home.jpg?fit=1%2C1&ssl=1",1,1,true],"woocommerce_gallery_thumbnail":["https:\/\/i0.wp.com\/siawso.org\/wp-content\/uploads\/images\/site-images\/7f7d9-home.jpg?resize=100%2C100&ssl=1",100,100,true]},"uagb_author_info":{"display_name":"melaniessiawsoorg","author_link":"https:\/\/siawso.org\/es\/author\/melaniessiawsoorg\/"},"uagb_comment_info":0,"uagb_excerpt":"The membership is the foundation of the SIA structure. The basic unit of membership is the SIA group, represented by [&hellip;]","jetpack_sharing_enabled":true,"jetpack_shortlink":"https:\/\/wp.me\/PeJ0hQ-3Iz","_links":{"self":[{"href":"https:\/\/siawso.org\/es\/wp-json\/wp\/v2\/pages\/14295","targetHints":{"allow":["GET"]}}],"collection":[{"href":"https:\/\/siawso.org\/es\/wp-json\/wp\/v2\/pages"}],"about":[{"href":"https:\/\/siawso.org\/es\/wp-json\/wp\/v2\/types\/page"}],"author":[{"embeddable":true,"href":"https:\/\/siawso.org\/es\/wp-json\/wp\/v2\/users\/233859920"}],"replies":[{"embeddable":true,"href":"https:\/\/siawso.org\/es\/wp-json\/wp\/v2\/comments?post=14295"}],"version-history":[{"count":17,"href":"https:\/\/siawso.org\/es\/wp-json\/wp\/v2\/pages\/14295\/revisions"}],"predecessor-version":[{"id":26874,"href":"https:\/\/siawso.org\/es\/wp-json\/wp\/v2\/pages\/14295\/revisions\/26874"}],"wp:featuredmedia":[{"embeddable":true,"href":"https:\/\/siawso.org\/es\/wp-json\/wp\/v2\/media\/1161"}],"wp:attachment":[{"href":"https:\/\/siawso.org\/es\/wp-json\/wp\/v2\/media?parent=14295"}],"curies":[{"name":"wp","href":"https:\/\/api.w.org\/{rel}","templated":true}]}}