

{"id":14051,"date":"2023-06-06T18:31:42","date_gmt":"2023-06-06T22:31:42","guid":{"rendered":"https:\/\/siawso.org\/?page_id=14051"},"modified":"2025-01-11T14:18:09","modified_gmt":"2025-01-11T19:18:09","slug":"wsc-committees","status":"publish","type":"page","link":"https:\/\/siawso.org\/es\/wsc\/wsc-committees\/","title":{"rendered":"Comit\u00e9s de la Conferencia de Servicio Mundial (WSC)"},"content":{"rendered":"<p class=\"wp-block-paragraph translation-block\">\u00bfSientes que SIA te ha ayudado? \u00bfQuieres devolver algo de lo que has recibido? \u00bfHas llegado a ese lugar agradecido en tu recuperaci\u00f3n que te llama al servicio hacia tu comunidad? Tu energ\u00eda es necesaria y bienvenida. Al trabajar nuestros pasos, muchos de nosotros en SIA hemos llegado a entender que \u201cpara mantenerlo, tenemos que darlo\u201d. Este principio es lo que mantiene viva nuestra comunidad. Continuamos creciendo y sanando a trav\u00e9s del servicio.\n<br><br><strong>\nComit\u00e9s<\/strong><br>\nPlanificaci\u00f3n de la Conferencia (Reuni\u00f3n Anual WSC)<br>\nEstructura de la Conferencia<br>\nApoyo Fiscal<br>\nPreocupaciones del Grupo<br>\nLiteratura<br>\nAlcance<br>\n\n\n<br><br><strong>\nComit\u00e9 de Planificaci\u00f3n de la Conferencia<\/strong><br>\nProp\u00f3sito y Tareas: <ol><li>\nLa persona encargada de la planificaci\u00f3n de la conferencia y el comit\u00e9 se encargar\u00e1n de planificar la Reuni\u00f3n Anual de la Conferencia de Servicio Mundial:<\/li><li>\nAsegurar un enlace para la conferencia.<\/li><li>\nCrear un anuncio y un formulario de inscripci\u00f3n para el WSC.<\/li><li>\nRecibir inscripciones y enviar confirmaciones.<\/li><li>\nPreparar folletos de informes de comit\u00e9s, propuestas, actas del a\u00f1o anterior y otros documentos relevantes.<\/li><li>\nAsegurarse de que los delegados de los grupos SIA reciban los documentos de manera oportuna.<\/li><li>\nCoordinar la Agenda de la Conferencia con el Presidente de la Conferencia.<\/li><\/ol>\nPara m\u00e1s informaci\u00f3n o para unirte a este comit\u00e9, env\u00eda un correo a wsc.cpc@siawso.org \n\n\n<br><br><strong>\nEstructura de la Conferencia<\/strong><br>\nProp\u00f3sito y Tareas:<ol><li>\nTrabajar con la Junta Directiva de SIA para asegurarse de que todas las acciones del WSC est\u00e9n de acuerdo con los Estatutos de SIA, las Tradiciones de SIA, las consideraciones legales de la Junta Directiva de SIA y los Conceptos de Servicio.<\/li><li>\nTrabajar con el Comit\u00e9 de Planificaci\u00f3n de la Conferencia y los Presidentes de la Conferencia para asegurarse de que los diversos Comit\u00e9s de la Conferencia est\u00e9n completamente formados y preparados para el WSC anual.<\/li><li>\nPreparar un Manual de Servicio de SIA que incluya las explicaciones y definiciones de los Conceptos de Servicio de SIA y la Estructura de Servicio de SIA. <\/li><\/ol>\nPara m\u00e1s informaci\u00f3n o para unirte a este comit\u00e9, env\u00eda un correo a wsc.csc@siawso.org \n\n\n<br><br><strong>\nApoyo Fiscal<\/strong><br>\nProp\u00f3sito y Tareas:<ol><li>\n\n\nPlanificar y ejecutar medidas de autosuficiencia para sostener financieramente a SIA a fin de continuar y expandir su apoyo a los sobrevivientes de abuso sexual infantil.<\/li><li>\nSiempre atentos a la Tradici\u00f3n 7 de SIA respecto a \u201clas contribuciones comprometidas\u201d y al Concepto 12 de SIA, que dice \u201ccuidando que nunca se convierta en asiento de peligrosa riqueza o poder; que suficientes fondos operativos y reservas sean el principio prudente de su financiamiento\u201d.<\/li><li>\nComunicar y cooperar con los otros brazos de servicio correspondientes.<\/li><li>\nEnviar informes trimestrales al Presidente de la Conferencia.<\/li><li>\nPreparar un informe para el WSC y contactar oportunamente al Presidente del WSC sobre las actividades del comit\u00e9. <\/li><\/ol>\nPara m\u00e1s informaci\u00f3n o para unirte a este comit\u00e9, env\u00eda un correo a wsc.fss@siawso.org \n\n\n<br><br><strong>\nPreocupaciones del Grupo<\/strong><br>\nProp\u00f3sito y Tareas:<ol><li>\nDeterminar las preocupaciones m\u00e1s prevalentes de los grupos que puedan afectar a SIA en su conjunto y que trasciendan el nivel del grupo para su resoluci\u00f3n mediante el consenso grupal.<\/li><li>\nDiscutir esas preocupaciones con los miembros del comit\u00e9 y desarrollar propuestas para presentar al WSC (por ejemplo, realizar una encuesta a los miembros sobre la preocupaci\u00f3n en cuesti\u00f3n).<\/li><li>\nPublicar las mejores pr\u00e1cticas de los grupos (como las \u201cDirectrices de Seguridad\u201d) en el sitio web de SIA.<\/li><li>\nEnviar informes trimestrales al Presidente de la Conferencia.<\/li><li>\nPreparar un informe para el WSC y contactar oportunamente al Presidente del WSC sobre las actividades del comit\u00e9. <\/li><\/ol>\nPara m\u00e1s informaci\u00f3n o para unirte a este comit\u00e9, env\u00eda un correo a wsc.gc@siawso.org \n\n\n\n\n<br><br><strong>\nLiteratura<\/strong><br>\nProp\u00f3sito y Tareas:<ol><li>\n\n\nEl Comit\u00e9 de Literatura es responsable de todos los aspectos de la Literatura Aprobada por la Conferencia de SIA (CAL). \n<ul><li>\nCrear<\/li><li>\nEditar<\/li><li>\nRevisar<\/li><li>\nActualizar<\/li><\/ul>\n<\/li><li>\nEste comit\u00e9 y sus subcomit\u00e9s son responsables de todas las funciones relacionadas con la Literatura de SIA (excepto por una revisi\u00f3n final con fines legales, que es realizada por la Junta de Fiduciarios de SIA).<\/li><li>\nA trav\u00e9s de un art\u00edculo regular en el Bolet\u00edn de SIA, se informa sobre las actividades del Comit\u00e9 de Literatura y se buscan miembros.<\/li><li>\nSe enviar\u00e1 un informe al Presidente de la Conferencia para el WSC. <\/li><\/ol>\nPara m\u00e1s informaci\u00f3n o para unirte a este comit\u00e9, env\u00eda un correo a wsc.lit@siawso.org \n\n\n<br><br><strong>\nAlcance<\/strong><br>\nProp\u00f3sito y Tareas:<ol><li>\nIdear enfoques y m\u00e9todos para alcanzar a la mayor cantidad posible de v\u00edctimas adultas de abuso sexual infantil (contactar con profesionales que puedan estar en contacto con v\u00edctimas, formas de contactar con los medios de comunicaci\u00f3n y una variedad de m\u00e9todos de comunicaci\u00f3n), siempre atentos a las Tradiciones de SIA respecto al anonimato.<\/li><li>\nCompartir estos m\u00e9todos de alcance con los miembros, para que puedan utilizarlos a nivel de grupo, a trav\u00e9s del Bolet\u00edn de SIA y plantillas en el sitio web de SIA.<\/li><li>\nEnviar informes trimestrales al Presidente de la Conferencia.<\/li><li>\nPreparar un informe para el WSC y contactar oportunamente al Presidente del WSC sobre las actividades del comit\u00e9.<\/li><li>\nAcceder a una carta general presentando a SIA. <\/li><\/ol>\nPara m\u00e1s informaci\u00f3n o para unirte a este comit\u00e9, env\u00eda un correo a wsc.outreach@siawso.org<\/p>","protected":false},"excerpt":{"rendered":"<p>Do you feel that SIA has helped you? Do you want to give back some of what you have received? [&hellip;]<\/p>\n","protected":false},"author":233859920,"featured_media":1161,"parent":14053,"menu_order":0,"comment_status":"closed","ping_status":"closed","template":"","meta":{"_crdt_document":"","_uag_custom_page_level_css":"","site-sidebar-layout":"default","site-content-layout":"","ast-site-content-layout":"default","site-content-style":"default","site-sidebar-style":"default","ast-global-header-display":"","ast-banner-title-visibility":"","ast-main-header-display":"","ast-hfb-above-header-display":"","ast-hfb-below-header-display":"","ast-hfb-mobile-header-display":"","site-post-title":"","ast-breadcrumbs-content":"","ast-featured-img":"disabled","footer-sml-layout":"","ast-disable-related-posts":"","theme-transparent-header-meta":"","adv-header-id-meta":"","stick-header-meta":"","header-above-stick-meta":"","header-main-stick-meta":"","header-below-stick-meta":"","astra-migrate-meta-layouts":"set","ast-page-background-enabled":"default","ast-page-background-meta":{"desktop":{"background-color":"var(--ast-global-color-4)","background-image":"","background-repeat":"repeat","background-position":"center center","background-size":"auto","background-attachment":"scroll","background-type":"","background-media":"","overlay-type":"","overlay-color":"","overlay-opacity":"","overlay-gradient":""},"tablet":{"background-color":"","background-image":"","background-repeat":"repeat","background-position":"center center","background-size":"auto","background-attachment":"scroll","background-type":"","background-media":"","overlay-type":"","overlay-color":"","overlay-opacity":"","overlay-gradient":""},"mobile":{"background-color":"","background-image":"","background-repeat":"repeat","background-position":"center center","background-size":"auto","background-attachment":"scroll","background-type":"","background-media":"","overlay-type":"","overlay-color":"","overlay-opacity":"","overlay-gradient":""}},"ast-content-background-meta":{"desktop":{"background-color":"var(--ast-global-color-5)","background-image":"","background-repeat":"repeat","background-position":"center center","background-size":"auto","background-attachment":"scroll","background-type":"","background-media":"","overlay-type":"","overlay-color":"","overlay-opacity":"","overlay-gradient":""},"tablet":{"background-color":"var(--ast-global-color-5)","background-image":"","background-repeat":"repeat","background-position":"center center","background-size":"auto","background-attachment":"scroll","background-type":"","background-media":"","overlay-type":"","overlay-color":"","overlay-opacity":"","overlay-gradient":""},"mobile":{"background-color":"var(--ast-global-color-5)","background-image":"","background-repeat":"repeat","background-position":"center center","background-size":"auto","background-attachment":"scroll","background-type":"","background-media":"","overlay-type":"","overlay-color":"","overlay-opacity":"","overlay-gradient":""}},"advanced_seo_description":"","jetpack_seo_html_title":"","jetpack_seo_noindex":false,"footnotes":""},"class_list":["post-14051","page","type-page","status-publish","has-post-thumbnail","hentry"],"uagb_featured_image_src":{"full":["https:\/\/i0.wp.com\/siawso.org\/wp-content\/uploads\/images\/site-images\/7f7d9-home.jpg?fit=2400%2C1350&ssl=1",2400,1350,false],"thumbnail":["https:\/\/i0.wp.com\/siawso.org\/wp-content\/uploads\/images\/site-images\/7f7d9-home.jpg?resize=150%2C150&ssl=1",150,150,true],"medium":["https:\/\/i0.wp.com\/siawso.org\/wp-content\/uploads\/images\/site-images\/7f7d9-home.jpg?fit=300%2C169&ssl=1",300,169,true],"medium_large":["https:\/\/i0.wp.com\/siawso.org\/wp-content\/uploads\/images\/site-images\/7f7d9-home.jpg?fit=768%2C432&ssl=1",768,432,true],"large":["https:\/\/i0.wp.com\/siawso.org\/wp-content\/uploads\/images\/site-images\/7f7d9-home.jpg?fit=1024%2C576&ssl=1",1024,576,true],"1536x1536":["https:\/\/i0.wp.com\/siawso.org\/wp-content\/uploads\/images\/site-images\/7f7d9-home.jpg?fit=1536%2C864&ssl=1",1536,864,true],"2048x2048":["https:\/\/i0.wp.com\/siawso.org\/wp-content\/uploads\/images\/site-images\/7f7d9-home.jpg?fit=2048%2C1152&ssl=1",2048,1152,true],"trp-custom-language-flag":["https:\/\/i0.wp.com\/siawso.org\/wp-content\/uploads\/images\/site-images\/7f7d9-home.jpg?fit=18%2C10&ssl=1",18,10,true],"newspack-article-block-landscape-large":["https:\/\/i0.wp.com\/siawso.org\/wp-content\/uploads\/images\/site-images\/7f7d9-home.jpg?resize=1200%2C900&ssl=1",1200,900,true],"newspack-article-block-portrait-large":["https:\/\/i0.wp.com\/siawso.org\/wp-content\/uploads\/images\/site-images\/7f7d9-home.jpg?resize=900%2C1200&ssl=1",900,1200,true],"newspack-article-block-square-large":["https:\/\/i0.wp.com\/siawso.org\/wp-content\/uploads\/images\/site-images\/7f7d9-home.jpg?resize=1200%2C1200&ssl=1",1200,1200,true],"newspack-article-block-landscape-medium":["https:\/\/i0.wp.com\/siawso.org\/wp-content\/uploads\/images\/site-images\/7f7d9-home.jpg?resize=800%2C600&ssl=1",800,600,true],"newspack-article-block-portrait-medium":["https:\/\/i0.wp.com\/siawso.org\/wp-content\/uploads\/images\/site-images\/7f7d9-home.jpg?resize=600%2C800&ssl=1",600,800,true],"newspack-article-block-square-medium":["https:\/\/i0.wp.com\/siawso.org\/wp-content\/uploads\/images\/site-images\/7f7d9-home.jpg?resize=800%2C800&ssl=1",800,800,true],"newspack-article-block-landscape-intermediate":["https:\/\/i0.wp.com\/siawso.org\/wp-content\/uploads\/images\/site-images\/7f7d9-home.jpg?resize=600%2C450&ssl=1",600,450,true],"newspack-article-block-portrait-intermediate":["https:\/\/i0.wp.com\/siawso.org\/wp-content\/uploads\/images\/site-images\/7f7d9-home.jpg?resize=450%2C600&ssl=1",450,600,true],"newspack-article-block-square-intermediate":["https:\/\/i0.wp.com\/siawso.org\/wp-content\/uploads\/images\/site-images\/7f7d9-home.jpg?resize=600%2C600&ssl=1",600,600,true],"newspack-article-block-landscape-small":["https:\/\/i0.wp.com\/siawso.org\/wp-content\/uploads\/images\/site-images\/7f7d9-home.jpg?resize=400%2C300&ssl=1",400,300,true],"newspack-article-block-portrait-small":["https:\/\/i0.wp.com\/siawso.org\/wp-content\/uploads\/images\/site-images\/7f7d9-home.jpg?resize=300%2C400&ssl=1",300,400,true],"newspack-article-block-square-small":["https:\/\/i0.wp.com\/siawso.org\/wp-content\/uploads\/images\/site-images\/7f7d9-home.jpg?resize=400%2C400&ssl=1",400,400,true],"newspack-article-block-landscape-tiny":["https:\/\/i0.wp.com\/siawso.org\/wp-content\/uploads\/images\/site-images\/7f7d9-home.jpg?resize=200%2C150&ssl=1",200,150,true],"newspack-article-block-portrait-tiny":["https:\/\/i0.wp.com\/siawso.org\/wp-content\/uploads\/images\/site-images\/7f7d9-home.jpg?resize=150%2C200&ssl=1",150,200,true],"newspack-article-block-square-tiny":["https:\/\/i0.wp.com\/siawso.org\/wp-content\/uploads\/images\/site-images\/7f7d9-home.jpg?resize=200%2C200&ssl=1",200,200,true],"newspack-article-block-uncropped":["https:\/\/i0.wp.com\/siawso.org\/wp-content\/uploads\/images\/site-images\/7f7d9-home.jpg?fit=1200%2C675&ssl=1",1200,675,true],"woocommerce_thumbnail":["https:\/\/i0.wp.com\/siawso.org\/wp-content\/uploads\/images\/site-images\/7f7d9-home.jpg?resize=1%2C1&ssl=1",1,1,true],"woocommerce_single":["https:\/\/i0.wp.com\/siawso.org\/wp-content\/uploads\/images\/site-images\/7f7d9-home.jpg?fit=1%2C1&ssl=1",1,1,true],"woocommerce_gallery_thumbnail":["https:\/\/i0.wp.com\/siawso.org\/wp-content\/uploads\/images\/site-images\/7f7d9-home.jpg?resize=100%2C100&ssl=1",100,100,true]},"uagb_author_info":{"display_name":"melaniessiawsoorg","author_link":"https:\/\/siawso.org\/es\/author\/melaniessiawsoorg\/"},"uagb_comment_info":0,"uagb_excerpt":"Do you feel that SIA has helped you? Do you want to give back some of what you have received? [&hellip;]","jetpack_sharing_enabled":true,"jetpack_shortlink":"https:\/\/wp.me\/PeJ0hQ-3ED","_links":{"self":[{"href":"https:\/\/siawso.org\/es\/wp-json\/wp\/v2\/pages\/14051","targetHints":{"allow":["GET"]}}],"collection":[{"href":"https:\/\/siawso.org\/es\/wp-json\/wp\/v2\/pages"}],"about":[{"href":"https:\/\/siawso.org\/es\/wp-json\/wp\/v2\/types\/page"}],"author":[{"embeddable":true,"href":"https:\/\/siawso.org\/es\/wp-json\/wp\/v2\/users\/233859920"}],"replies":[{"embeddable":true,"href":"https:\/\/siawso.org\/es\/wp-json\/wp\/v2\/comments?post=14051"}],"version-history":[{"count":21,"href":"https:\/\/siawso.org\/es\/wp-json\/wp\/v2\/pages\/14051\/revisions"}],"predecessor-version":[{"id":19821,"href":"https:\/\/siawso.org\/es\/wp-json\/wp\/v2\/pages\/14051\/revisions\/19821"}],"up":[{"embeddable":true,"href":"https:\/\/siawso.org\/es\/wp-json\/wp\/v2\/pages\/14053"}],"wp:featuredmedia":[{"embeddable":true,"href":"https:\/\/siawso.org\/es\/wp-json\/wp\/v2\/media\/1161"}],"wp:attachment":[{"href":"https:\/\/siawso.org\/es\/wp-json\/wp\/v2\/media?parent=14051"}],"curies":[{"name":"wp","href":"https:\/\/api.w.org\/{rel}","templated":true}]}}